{"id":248648,"date":"2020-11-23T09:48:31","date_gmt":"2020-11-23T08:48:31","guid":{"rendered":"https:\/\/radroller.hu\/termek\/rad-neuro-ball\/"},"modified":"2026-03-26T13:20:07","modified_gmt":"2026-03-26T12:20:07","slug":"rad-neuro-ball","status":"publish","type":"product","link":"https:\/\/radroller.hu\/pl\/termek\/rad-neuro-ball\/","title":{"rendered":"RAD Neuro Ball"},"content":{"rendered":"<p>Ma\u0142y krok dla Twoich st\u00f3p, ale du\u017cy skok dla Twoich mi\u0119\u015bni. Nowa Neuro Ball, wykorzystuj\u0105c specjaln\u0105 technologi\u0119 aktywacji sensorycznej, stymuluje tysi\u0105ce nerw\u00f3w znajduj\u0105cych si\u0119 na stopach i d\u0142oniach, o\u017cywiaj\u0105c w ten spos\u00f3b g\u0142\u0119bokie mi\u0119\u015bnie. Dzi\u0119ki unikalnemu designowi i niezwyk\u0142ej wszechstronno\u015bci jest idealnym towarzyszem w aktywacji Twoich mi\u0119\u015bni. RAD Neuro Ball pomaga rozpozna\u0107, ile napi\u0119cia kryje si\u0119 w Twoich stopach i d\u0142oniach, a stymuluj\u0105c te obszary, pomaga osi\u0105gn\u0105\u0107 maksymalne rozlu\u017anienie.   <\/p>\n<div class=\"product-short-description\">\n<p>Ta pi\u0142ka do masa\u017cu, wykonana w 100% z silikonu medycznego, mo\u017ce by\u0107 rozdzielona, dzi\u0119ki czemu mo\u017cesz jej u\u017cywa\u0107:<\/p>\n<ul>\n<li>W ca\u0142o\u015bci, jako pe\u0142na pi\u0142ka do masa\u017cu<\/li>\n<li>Jako dwie oddzielne p\u00f3\u0142kule<\/li>\n<li>Jako narz\u0119dzie do precyzyjnego masa\u017cu punkt\u00f3w spustowych, u\u017cywaj\u0105c ma\u0142ej pi\u0142ki znajduj\u0105cej si\u0119 w \u015brodku.<\/li>\n<\/ul>\n<p>Neuro Ball to nie tylko zwyk\u0142a kolczasta pi\u0142ka do masa\u017cu: jej wyj\u0105tkowo\u015b\u0107 tkwi w naukowo opracowanej teksturze.<\/p>\n<p>Ta specjalna powierzchnia jednocze\u015bnie:<br \/>\n\u2713 Zapewnia g\u0142\u0119boki masa\u017c mi\u0119\u015bniowo-powi\u0119ziowy<br \/>\n\u2713 Aktywuje receptory nerwowe<br \/>\n\u2713 Stymuluje zmys\u0142y<\/p>\n<p><strong>Bonus:<\/strong> wewn\u0105trz Neuro Ball znajduje si\u0119 twardsza <a href=\"https:\/\/radroller.hu\/pl\/termek\/rad-micro-rounds\/\">Micro Round<\/a> do punktowego rozlu\u017aniania mi\u0119\u015bni oraz do docierania do ma\u0142ych mi\u0119\u015bni st\u00f3p i d\u0142oni.<\/p>\n<\/div>\n","protected":false},"excerpt":{"rendered":"<p>Ma\u0142y krok dla Twoich st\u00f3p, ale du\u017cy skok dla Twoich mi\u0119\u015bni. Nowa Neuro Ball, wykorzystuj\u0105c innowacyjn\u0105 technologi\u0119 aktywacji sensorycznej Naboso\u00ae, stymuluje tysi\u0105ce nerw\u00f3w znajduj\u0105cych si\u0119 na stopach i d\u0142oniach, o\u017cywiaj\u0105c w ten spos\u00f3b g\u0142\u0119bokie mi\u0119\u015bnie. Dzi\u0119ki unikalnemu designowi i niezwyk\u0142ej wszechstronno\u015bci jest idealnym towarzyszem w aktywacji Twoich mi\u0119\u015bni. Neuro Ball pomaga rozpozna\u0107, ile napi\u0119cia kryje si\u0119 w Twoich stopach i d\u0142oniach, a stymuluj\u0105c te obszary, pomaga osi\u0105gn\u0105\u0107 maksymalne rozlu\u017anienie.   <\/p>\n","protected":false},"featured_media":247350,"comment_status":"open","ping_status":"closed","template":"","meta":[],"product_brand":[],"product_cat":[320],"product_tag":[313,316,311,310],"class_list":{"0":"post-248648","1":"product","2":"type-product","3":"status-publish","4":"has-post-thumbnail","6":"product_cat-pilki-do-masazu","7":"product_tag-pilka-do-masazu","8":"product_tag-rehabilitacja","9":"product_tag-rozluznienie","10":"product_tag-smr","12":"first","13":"instock","14":"taxable","15":"shipping-taxable","16":"purchasable","17":"product-type-simple"},"_links":{"self":[{"href":"https:\/\/radroller.hu\/pl\/wp-json\/wp\/v2\/product\/248648","targetHints":{"allow":["GET"]}}],"collection":[{"href":"https:\/\/radroller.hu\/pl\/wp-json\/wp\/v2\/product"}],"about":[{"href":"https:\/\/radroller.hu\/pl\/wp-json\/wp\/v2\/types\/product"}],"replies":[{"embeddable":true,"href":"https:\/\/radroller.hu\/pl\/wp-json\/wp\/v2\/comments?post=248648"}],"wp:featuredmedia":[{"embeddable":true,"href":"https:\/\/radroller.hu\/pl\/wp-json\/wp\/v2\/media\/247350"}],"wp:attachment":[{"href":"https:\/\/radroller.hu\/pl\/wp-json\/wp\/v2\/media?parent=248648"}],"wp:term":[{"taxonomy":"product_brand","embeddable":true,"href":"https:\/\/radroller.hu\/pl\/wp-json\/wp\/v2\/product_brand?post=248648"},{"taxonomy":"product_cat","embeddable":true,"href":"https:\/\/radroller.hu\/pl\/wp-json\/wp\/v2\/product_cat?post=248648"},{"taxonomy":"product_tag","embeddable":true,"href":"https:\/\/radroller.hu\/pl\/wp-json\/wp\/v2\/product_tag?post=248648"}],"curies":[{"name":"wp","href":"https:\/\/api.w.org\/{rel}","templated":true}]}}