{"id":248647,"date":"2020-07-09T12:34:28","date_gmt":"2020-07-09T10:34:28","guid":{"rendered":"https:\/\/radroller.hu\/termek\/zestaw-podrozny\/"},"modified":"2025-12-30T23:03:07","modified_gmt":"2025-12-30T22:03:07","slug":"zestaw-podrozny","status":"publish","type":"product","link":"https:\/\/radroller.hu\/pl\/termek\/zestaw-podrozny\/","title":{"rendered":"Zestaw podr\u00f3\u017cny"},"content":{"rendered":"<p data-start=\"353\" data-end=\"613\">Pakiet <strong data-start=\"356\" data-end=\"372\">Podr\u00f3\u017cny<\/strong> zosta\u0142 stworzony dla os\u00f3b, kt\u00f3re cz\u0119sto podr\u00f3\u017cuj\u0105, a jednocze\u015bnie pragn\u0105 zachowa\u0107 dobr\u0105 kondycj\u0119 swojego cia\u0142a. Zawiera kompaktowe, lekkie i skuteczne narz\u0119dzia, dzi\u0119ki kt\u00f3rym <strong data-start=\"524\" data-end=\"612\">niezb\u0119dn\u0105 mobilizacj\u0119 mo\u017cna wykona\u0107 w samolocie, po podr\u00f3\u017cy samochodem, w hotelu czy w biurze<\/strong>. <\/p>\n<p data-start=\"615\" data-end=\"723\">Ten pakiet opiera si\u0119 na zasadzie, \u017ce regeneracja <strong data-start=\"671\" data-end=\"693\">nie jest zale\u017cna od miejsca<\/strong>, lecz jest kwesti\u0105 \u015bwiadomej decyzji.<\/p>\n<h3 data-start=\"730\" data-end=\"760\">Co oferuje Pakiet Podr\u00f3\u017cny?<\/h3>\n<p data-start=\"762\" data-end=\"921\"><strong data-start=\"762\" data-end=\"808\">Szybkie rozlu\u017anienie napi\u0119\u0107 po d\u0142ugich podr\u00f3\u017cach<\/strong><br data-start=\"808\" data-end=\"811\">Podczas siedzenia biodra, plecy i obr\u0119cz barkowa s\u0105 szczeg\u00f3lnie podatne na zesztywnienie. Narz\u0119dzia z Pakietu Podr\u00f3\u017cnego pomagaj\u0105: <\/p>\n<ul data-start=\"922\" data-end=\"1046\">\n<li data-start=\"922\" data-end=\"961\">\n<p data-start=\"924\" data-end=\"961\">rozlu\u017ani\u0107 spi\u0119te obszary,<\/p>\n<\/li>\n<li data-start=\"962\" data-end=\"1007\">\n<p data-start=\"964\" data-end=\"1007\">przywr\u00f3ci\u0107 komfortowe odczucie ruchu,<\/p>\n<\/li>\n<li data-start=\"1008\" data-end=\"1046\">\n<p data-start=\"1010\" data-end=\"1046\">zmniejszy\u0107 \u201esztywno\u015b\u0107 podr\u00f3\u017cn\u0105\u201d.<\/p>\n<\/li>\n<\/ul>\n<p data-start=\"1048\" data-end=\"1145\"><strong data-start=\"1048\" data-end=\"1091\">Kompaktowy rozmiar, maksymalna u\u017cyteczno\u015b\u0107<\/strong><br data-start=\"1091\" data-end=\"1094\">Narz\u0119dzia zajmuj\u0105 ma\u0142o miejsca, \u0142atwo mieszcz\u0105 si\u0119 w:<\/p>\n<ul data-start=\"1146\" data-end=\"1221\">\n<li data-start=\"1146\" data-end=\"1166\">\n<p data-start=\"1148\" data-end=\"1166\">baga\u017cu podr\u0119cznym,<\/p>\n<\/li>\n<li data-start=\"1167\" data-end=\"1183\">\n<p data-start=\"1169\" data-end=\"1183\">plecaku,<\/p>\n<\/li>\n<li data-start=\"1184\" data-end=\"1221\">\n<p data-start=\"1186\" data-end=\"1221\">torbie sportowej lub torbie na laptopa.<\/p>\n<\/li>\n<\/ul>\n<p data-start=\"1223\" data-end=\"1398\"><strong data-start=\"1223\" data-end=\"1260\">Skuteczniejsze ni\u017c samo rozci\u0105ganie<\/strong><br data-start=\"1260\" data-end=\"1263\">Dzi\u0119ki kr\u00f3tkiej, ukierunkowanej automobilizacji mo\u017cna dotrze\u0107 do obszar\u00f3w, kt\u00f3re trudno lub niemo\u017cliwe jest odpowiednio opracowa\u0107 samym rozci\u0105ganiem.<\/p>\n","protected":false},"excerpt":{"rendered":"<p>Wiemy, \u017ce podr\u00f3\u017cowanie z ma\u0142ym baga\u017cem jest \u0142atwiejsze w teorii ni\u017c w praktyce. Je\u015bli \u2013 tak jak my \u2013 uwielbiasz podr\u00f3\u017cowa\u0107 po \u015bwiecie, ale stres z tym zwi\u0105zany zostawi\u0142by\u015b w domu, ten pakiet jest w\u0142a\u015bnie dla Ciebie. Trzy bestsellery, kompaktowy rozmiar, niesko\u0144czone mo\u017cliwo\u015bci.   W zestawie podr\u00f3\u017cnym znajdziesz:<\/p>\n<p>&nbsp;<\/p>\n<ul>\n<li>Roller o wybranej twardo\u015bci<\/li>\n<li>Helix<\/li>\n<li>Rod Mini<\/li>\n<\/ul>\n","protected":false},"featured_media":248200,"comment_status":"open","ping_status":"closed","template":"","meta":[],"product_brand":[279],"product_cat":[308],"product_tag":[313,316,314,312,317,318],"class_list":{"0":"post-248647","1":"product","2":"type-product","3":"status-publish","4":"has-post-thumbnail","6":"product_brand-rad","7":"product_cat-pakiety-smr","8":"product_tag-pilka-do-masazu","9":"product_tag-rehabilitacja","10":"product_tag-rozluznianie-miesni","11":"product_tag-walek-do-masazu","12":"product_tag-walek-piankowy","13":"product_tag-walek-smr","15":"first","16":"instock","17":"taxable","18":"shipping-taxable","19":"purchasable","20":"product-type-woosb"},"_links":{"self":[{"href":"https:\/\/radroller.hu\/pl\/wp-json\/wp\/v2\/product\/248647","targetHints":{"allow":["GET"]}}],"collection":[{"href":"https:\/\/radroller.hu\/pl\/wp-json\/wp\/v2\/product"}],"about":[{"href":"https:\/\/radroller.hu\/pl\/wp-json\/wp\/v2\/types\/product"}],"replies":[{"embeddable":true,"href":"https:\/\/radroller.hu\/pl\/wp-json\/wp\/v2\/comments?post=248647"}],"wp:featuredmedia":[{"embeddable":true,"href":"https:\/\/radroller.hu\/pl\/wp-json\/wp\/v2\/media\/248200"}],"wp:attachment":[{"href":"https:\/\/radroller.hu\/pl\/wp-json\/wp\/v2\/media?parent=248647"}],"wp:term":[{"taxonomy":"product_brand","embeddable":true,"href":"https:\/\/radroller.hu\/pl\/wp-json\/wp\/v2\/product_brand?post=248647"},{"taxonomy":"product_cat","embeddable":true,"href":"https:\/\/radroller.hu\/pl\/wp-json\/wp\/v2\/product_cat?post=248647"},{"taxonomy":"product_tag","embeddable":true,"href":"https:\/\/radroller.hu\/pl\/wp-json\/wp\/v2\/product_tag?post=248647"}],"curies":[{"name":"wp","href":"https:\/\/api.w.org\/{rel}","templated":true}]}}