{"id":248644,"date":"2018-09-25T14:45:19","date_gmt":"2018-09-25T12:45:19","guid":{"rendered":"https:\/\/radroller.hu\/termek\/recovery-rounds\/"},"modified":"2026-01-13T20:19:47","modified_gmt":"2026-01-13T19:19:47","slug":"recovery-rounds","status":"publish","type":"product","link":"https:\/\/radroller.hu\/pl\/termek\/recovery-rounds\/","title":{"rendered":"Recovery Rounds"},"content":{"rendered":"<p class=\"\" data-start=\"0\" data-end=\"126\"><span class=\"relative -mx-px my-[-0.2rem] rounded px-px py-[0.2rem] transition-colors duration-100 ease-in-out\">Zestaw pi\u0142ek do masa\u017cu Recovery Rounds to wsp\u00f3lne opracowanie specjalist\u00f3w z RAD i Yoga Medicine, kt\u00f3re s\u0142u\u017cy wspieraniu zdrowia powi\u0119zi.<\/span> <span class=\"relative -mx-px my-[-0.2rem] rounded px-px py-[0.2rem] transition-colors duration-100 ease-in-out\">To mi\u0119kkie narz\u0119dzie, wykonane z silikonu medycznego, delikatnym dotykiem rewitalizuje powi\u0119\u017a i uelastycznia tkanki.<\/span><\/p>\n<p class=\"\" data-start=\"128\" data-end=\"147\"><strong data-start=\"128\" data-end=\"147\">G\u0142\u00f3wne cechy:<\/strong><\/p>\n<ul data-start=\"149\" data-end=\"701\">\n<li class=\"\" data-start=\"149\" data-end=\"261\">\n<p class=\"\" data-start=\"151\" data-end=\"261\"><strong data-start=\"151\" data-end=\"179\">Delikatne, a jednocze\u015bnie skuteczne:<\/strong> <span class=\"relative -mx-px my-[-0.2rem] rounded px-px py-[0.2rem] transition-colors duration-100 ease-in-out\">Recovery Rounds idealnie nadaje si\u0119 do stosowania w obszarach szyi, plec\u00f3w, bioder, ramion, przedramion, \u0142ydek i st\u00f3p, gdzie delikatniejszy nacisk jest bardziej korzystny.<\/span><\/p>\n<\/li>\n<li class=\"\" data-start=\"263\" data-end=\"370\">\n<p class=\"\" data-start=\"265\" data-end=\"370\"><strong data-start=\"265\" data-end=\"288\">Nawodnienie powi\u0119zi:<\/strong> <span class=\"relative -mx-px my-[-0.2rem] rounded px-px py-[0.2rem] transition-colors duration-100 ease-in-out\">Regularne stosowanie wspomaga nawodnienie powi\u0119zi, poprawiaj\u0105c jej elastyczno\u015b\u0107 i ruchomo\u015b\u0107.<\/span><\/p>\n<\/li>\n<li class=\"\" data-start=\"372\" data-end=\"480\">\n<p class=\"\" data-start=\"374\" data-end=\"480\"><strong data-start=\"374\" data-end=\"398\">Wp\u0142yw na uk\u0142ad nerwowy:<\/strong> <span class=\"relative -mx-px my-[-0.2rem] rounded px-px py-[0.2rem] transition-colors duration-100 ease-in-out\">Delikatny nacisk stymuluje parasympatyczny uk\u0142ad nerwowy, sprzyjaj\u0105c relaksacji i redukcji stresu.<\/span><\/p>\n<\/li>\n<li class=\"\" data-start=\"482\" data-end=\"593\">\n<p class=\"\" data-start=\"484\" data-end=\"593\"><strong data-start=\"484\" data-end=\"509\">Materia\u0142 przyjazny dla \u015brodowiska:<\/strong> <span class=\"relative -mx-px my-[-0.2rem] rounded px-px py-[0.2rem] transition-colors duration-100 ease-in-out\">Pi\u0142ki wykonane s\u0105 z silikonu bez BPA i lateksu, przyjaznego dla sk\u00f3ry, dzi\u0119ki czemu s\u0105 bezpieczne do codziennego u\u017cytku.<\/span><\/p>\n<\/li>\n<li class=\"\" data-start=\"595\" data-end=\"701\">\n<p class=\"\" data-start=\"597\" data-end=\"701\"><strong data-start=\"597\" data-end=\"615\">Kompaktowy rozmiar:<\/strong> <span class=\"relative -mx-px my-[-0.2rem] rounded px-px py-[0.2rem] transition-colors duration-100 ease-in-out\">Pi\u0142ki o \u015brednicy 6 cm s\u0105 \u0142atwe do przenoszenia, dzi\u0119ki czemu mo\u017cna ich u\u017cywa\u0107 wsz\u0119dzie.<\/span><\/p>\n<\/li>\n<\/ul>\n<p class=\"\" data-start=\"703\" data-end=\"788\"><span class=\"relative -mx-px my-[-0.2rem] rounded px-px py-[0.2rem] transition-colors duration-100 ease-in-out\">Recovery Rounds to idealny wyb\u00f3r dla wszystkich, kt\u00f3rzy szukaj\u0105 delikatnego, a jednocze\u015bnie skutecznego narz\u0119dzia do wspierania zdrowia powi\u0119zi i redukcji codziennego stresu.<\/span><\/p>\n","protected":false},"excerpt":{"rendered":"<p>Recovery Rounds to wsp\u00f3lne opracowanie specjalist\u00f3w z RAD i Yoga Medicine. To bardziej mi\u0119kkie narz\u0119dzie, kt\u00f3re delikatnym dotykiem rewitalizuje powi\u0119\u017a i uelastycznia tkanki. Wyniki bada\u0144 podkre\u015bli\u0142y wa\u017cny element zdrowia naszych tkanek: nawodnienie powi\u0119zi. Dlatego chcieli\u015bmy uzupe\u0142ni\u0107 nasz\u0105 ofert\u0119 o narz\u0119dzie wspomagaj\u0105ce ten proces, zapewniaj\u0105ce mniej intensywny masa\u017c, kt\u00f3re jest wielofunkcyjne i stanowi idealne narz\u0119dzie rehabilitacyjne.   <\/p>\n","protected":false},"featured_media":247420,"comment_status":"open","ping_status":"closed","template":"","meta":[],"product_brand":[],"product_cat":[320],"product_tag":[323,313,310],"class_list":{"0":"post-248644","1":"product","2":"type-product","3":"status-publish","4":"has-post-thumbnail","6":"product_cat-pilki-do-masazu","7":"product_tag-pilka-do-masazu-2","8":"product_tag-pilka-do-masazu","9":"product_tag-smr","11":"first","12":"instock","13":"taxable","14":"shipping-taxable","15":"purchasable","16":"product-type-simple"},"_links":{"self":[{"href":"https:\/\/radroller.hu\/pl\/wp-json\/wp\/v2\/product\/248644","targetHints":{"allow":["GET"]}}],"collection":[{"href":"https:\/\/radroller.hu\/pl\/wp-json\/wp\/v2\/product"}],"about":[{"href":"https:\/\/radroller.hu\/pl\/wp-json\/wp\/v2\/types\/product"}],"replies":[{"embeddable":true,"href":"https:\/\/radroller.hu\/pl\/wp-json\/wp\/v2\/comments?post=248644"}],"wp:featuredmedia":[{"embeddable":true,"href":"https:\/\/radroller.hu\/pl\/wp-json\/wp\/v2\/media\/247420"}],"wp:attachment":[{"href":"https:\/\/radroller.hu\/pl\/wp-json\/wp\/v2\/media?parent=248644"}],"wp:term":[{"taxonomy":"product_brand","embeddable":true,"href":"https:\/\/radroller.hu\/pl\/wp-json\/wp\/v2\/product_brand?post=248644"},{"taxonomy":"product_cat","embeddable":true,"href":"https:\/\/radroller.hu\/pl\/wp-json\/wp\/v2\/product_cat?post=248644"},{"taxonomy":"product_tag","embeddable":true,"href":"https:\/\/radroller.hu\/pl\/wp-json\/wp\/v2\/product_tag?post=248644"}],"curies":[{"name":"wp","href":"https:\/\/api.w.org\/{rel}","templated":true}]}}