{"id":248643,"date":"2018-08-30T10:40:13","date_gmt":"2018-08-30T08:40:13","guid":{"rendered":"https:\/\/radroller.hu\/termek\/rad-axle\/"},"modified":"2025-12-30T22:59:18","modified_gmt":"2025-12-30T21:59:18","slug":"rad-axle","status":"publish","type":"product","link":"https:\/\/radroller.hu\/pl\/termek\/rad-axle\/","title":{"rendered":"RAD Axle"},"content":{"rendered":"<p>RAD Axle: wa\u0142ek do masa\u017cu nowej generacji. Jest delikatny dla kr\u0119gos\u0142upa, rewelacyjny na nogi i zab\u00f3jczy podczas rozgrzewki. Ze sko\u015bnymi kraw\u0119dziami dla efektywno\u015bci, kompaktowy rozmiar dla przeno\u015bno\u015bci, z rowkami dla poprawy kr\u0105\u017cenia powierzchniowego. Mo\u017cna go \u0142\u0105czy\u0107 z RAD Rod i RAD Atom! To wielofunkcyjne narz\u0119dzie \u0142\u0105czy materia\u0142y najwy\u017cszej jako\u015bci z nowoczesnym kszta\u0142tem, aby zapewni\u0107 maksymaln\u0105 skuteczno\u015b\u0107.    <\/p>\n","protected":false},"excerpt":{"rendered":"<p>RAD Axle: wa\u0142ek do masa\u017cu nowej generacji. Jest delikatny dla kr\u0119gos\u0142upa, rewelacyjny na nogi i zab\u00f3jczy podczas rozgrzewki. Ze sko\u015bnymi kraw\u0119dziami dla efektywno\u015bci, kompaktowy rozmiar dla przeno\u015bno\u015bci, z rowkami dla poprawy kr\u0105\u017cenia powierzchniowego. Mo\u017cna go \u0142\u0105czy\u0107 z RAD Rod i RAD Atom! To wielofunkcyjne narz\u0119dzie \u0142\u0105czy materia\u0142y najwy\u017cszej jako\u015bci z nowoczesnym kszta\u0142tem, aby zapewni\u0107 maksymaln\u0105 skuteczno\u015b\u0107.    <\/p>\n","protected":false},"featured_media":248537,"comment_status":"open","ping_status":"closed","template":"","meta":[],"product_brand":[279],"product_cat":[321],"product_tag":[316,314,312,317,318],"class_list":{"0":"post-248643","1":"product","2":"type-product","3":"status-publish","4":"has-post-thumbnail","6":"product_brand-rad","7":"product_cat-rollery-do-masazu","8":"product_tag-rehabilitacja","9":"product_tag-rozluznianie-miesni","10":"product_tag-walek-do-masazu","11":"product_tag-walek-piankowy","12":"product_tag-walek-smr","14":"first","15":"instock","16":"taxable","17":"shipping-taxable","18":"purchasable","19":"product-type-simple"},"_links":{"self":[{"href":"https:\/\/radroller.hu\/pl\/wp-json\/wp\/v2\/product\/248643","targetHints":{"allow":["GET"]}}],"collection":[{"href":"https:\/\/radroller.hu\/pl\/wp-json\/wp\/v2\/product"}],"about":[{"href":"https:\/\/radroller.hu\/pl\/wp-json\/wp\/v2\/types\/product"}],"replies":[{"embeddable":true,"href":"https:\/\/radroller.hu\/pl\/wp-json\/wp\/v2\/comments?post=248643"}],"wp:featuredmedia":[{"embeddable":true,"href":"https:\/\/radroller.hu\/pl\/wp-json\/wp\/v2\/media\/248537"}],"wp:attachment":[{"href":"https:\/\/radroller.hu\/pl\/wp-json\/wp\/v2\/media?parent=248643"}],"wp:term":[{"taxonomy":"product_brand","embeddable":true,"href":"https:\/\/radroller.hu\/pl\/wp-json\/wp\/v2\/product_brand?post=248643"},{"taxonomy":"product_cat","embeddable":true,"href":"https:\/\/radroller.hu\/pl\/wp-json\/wp\/v2\/product_cat?post=248643"},{"taxonomy":"product_tag","embeddable":true,"href":"https:\/\/radroller.hu\/pl\/wp-json\/wp\/v2\/product_tag?post=248643"}],"curies":[{"name":"wp","href":"https:\/\/api.w.org\/{rel}","templated":true}]}}