{"id":248642,"date":"2020-07-09T15:04:15","date_gmt":"2020-07-09T13:04:15","guid":{"rendered":"https:\/\/radroller.hu\/termek\/kompletny-pakiet-rad\/"},"modified":"2025-12-30T23:02:37","modified_gmt":"2025-12-30T22:02:37","slug":"kompletny-pakiet-rad","status":"publish","type":"product","link":"https:\/\/radroller.hu\/pl\/termek\/kompletny-pakiet-rad\/","title":{"rendered":"Kompletny pakiet RAD"},"content":{"rendered":"<p data-start=\"260\" data-end=\"579\">Odkryj moc <strong data-start=\"273\" data-end=\"294\">Kompletnego zestawu RAD<\/strong>: starannie skomponowanego, pe\u0142nego zestawu narz\u0119dzi do rozlu\u017aniania mi\u0119\u015bniowo-powi\u0119ziowego (myofascial release) ca\u0142ego cia\u0142a, kt\u00f3ry pomaga w \u0142agodzeniu b\u00f3lu, poprawie mobilno\u015bci i odzyskaniu rado\u015bci z codziennego ruchu \u2013 zar\u00f3wno w domu, po treningu, jak i w podr\u00f3\u017cy.<\/p>\n<p data-start=\"581\" data-end=\"712\">Ten zestaw to nie zwyk\u0142y roller do masa\u017cu, lecz <strong data-start=\"631\" data-end=\"668\">kombinacja synergicznych narz\u0119dzi<\/strong>, kt\u00f3re wzajemnie si\u0119 uzupe\u0142niaj\u0105, dzi\u0119ki czemu:<\/p>\n<ul data-start=\"713\" data-end=\"959\">\n<li data-start=\"713\" data-end=\"794\">\n<p data-start=\"715\" data-end=\"794\"><strong data-start=\"715\" data-end=\"762\">celowo rozlu\u017aniaj\u0105 napi\u0119cia i w\u0119z\u0142y<\/strong> w mi\u0119\u015bniach i powi\u0119ziach,<\/p>\n<\/li>\n<li data-start=\"713\" data-end=\"794\">\n<p data-start=\"715\" data-end=\"794\"><strong data-start=\"797\" data-end=\"838\">zwi\u0119kszaj\u0105 zakres ruchu w stawach<\/strong>,<\/p>\n<\/li>\n<li data-start=\"842\" data-end=\"959\">\n<p data-start=\"844\" data-end=\"959\">i <strong data-start=\"847\" data-end=\"877\">przyspieszaj\u0105 regeneracj\u0119<\/strong> zar\u00f3wno po treningach, jak i po d\u0142ugim siedzeniu.<\/p>\n<\/li>\n<\/ul>\n","protected":false},"excerpt":{"rendered":"<p data-start=\"260\" data-end=\"579\">Odkryj moc <strong data-start=\"273\" data-end=\"294\">Kompletnego zestawu RAD<\/strong>: starannie skomponowanego, pe\u0142nego zestawu narz\u0119dzi do rozlu\u017aniania mi\u0119\u015bniowo-powi\u0119ziowego (myofascial release) ca\u0142ego cia\u0142a, kt\u00f3ry pomaga w \u0142agodzeniu b\u00f3lu, poprawie mobilno\u015bci i odzyskaniu rado\u015bci z codziennego ruchu \u2013 zar\u00f3wno w domu, po treningu, jak i w podr\u00f3\u017cy.<\/p>\n<p data-start=\"581\" data-end=\"712\">Ten zestaw to nie zwyk\u0142y roller do masa\u017cu, lecz <strong data-start=\"631\" data-end=\"668\">kombinacja synergicznych narz\u0119dzi<\/strong>, kt\u00f3re wzajemnie si\u0119 uzupe\u0142niaj\u0105, dzi\u0119ki czemu:<\/p>\n<ul data-start=\"713\" data-end=\"959\">\n<li data-start=\"713\" data-end=\"794\">\n<p data-start=\"715\" data-end=\"794\"><strong data-start=\"715\" data-end=\"762\">celowo rozlu\u017aniaj\u0105 napi\u0119cia i w\u0119z\u0142y<\/strong> w mi\u0119\u015bniach i powi\u0119ziach,<\/p>\n<\/li>\n<li data-start=\"795\" data-end=\"841\">\n<p data-start=\"797\" data-end=\"841\"><strong data-start=\"797\" data-end=\"838\">zwi\u0119kszaj\u0105 zakres ruchu w stawach<\/strong>,<\/p>\n<\/li>\n<li data-start=\"842\" data-end=\"959\">\n<p data-start=\"844\" data-end=\"959\">i <strong data-start=\"847\" data-end=\"877\">przyspieszaj\u0105 regeneracj\u0119<\/strong> zar\u00f3wno po treningach, jak i po d\u0142ugim siedzeniu.<\/p>\n<\/li>\n<\/ul>\n<p><strong>Zawarto\u015b\u0107 zestawu:<\/strong><\/p>\n<ul>\n<li>Axle<\/li>\n<li>Helix<\/li>\n<li>Roller (mo\u017cliwy wyb\u00f3r twardo\u015bci)<\/li>\n<li>Roller XL<\/li>\n<li>Rod<\/li>\n<li>Atom<\/li>\n<li>Centre<\/li>\n<li>Neuro Ball<\/li>\n<li>Micro Rounds<\/li>\n<li>Rounds<\/li>\n<li>Recovery Rounds<\/li>\n<li>Block<\/li>\n<\/ul>\n","protected":false},"featured_media":248506,"comment_status":"open","ping_status":"closed","template":"","meta":[],"product_brand":[279],"product_cat":[308],"product_tag":[313,316,314,312,317,318],"class_list":{"0":"post-248642","1":"product","2":"type-product","3":"status-publish","4":"has-post-thumbnail","6":"product_brand-rad","7":"product_cat-pakiety-smr","8":"product_tag-pilka-do-masazu","9":"product_tag-rehabilitacja","10":"product_tag-rozluznianie-miesni","11":"product_tag-walek-do-masazu","12":"product_tag-walek-piankowy","13":"product_tag-walek-smr","15":"first","16":"onbackorder","17":"taxable","18":"shipping-taxable","19":"purchasable","20":"product-type-woosb"},"_links":{"self":[{"href":"https:\/\/radroller.hu\/pl\/wp-json\/wp\/v2\/product\/248642","targetHints":{"allow":["GET"]}}],"collection":[{"href":"https:\/\/radroller.hu\/pl\/wp-json\/wp\/v2\/product"}],"about":[{"href":"https:\/\/radroller.hu\/pl\/wp-json\/wp\/v2\/types\/product"}],"replies":[{"embeddable":true,"href":"https:\/\/radroller.hu\/pl\/wp-json\/wp\/v2\/comments?post=248642"}],"wp:featuredmedia":[{"embeddable":true,"href":"https:\/\/radroller.hu\/pl\/wp-json\/wp\/v2\/media\/248506"}],"wp:attachment":[{"href":"https:\/\/radroller.hu\/pl\/wp-json\/wp\/v2\/media?parent=248642"}],"wp:term":[{"taxonomy":"product_brand","embeddable":true,"href":"https:\/\/radroller.hu\/pl\/wp-json\/wp\/v2\/product_brand?post=248642"},{"taxonomy":"product_cat","embeddable":true,"href":"https:\/\/radroller.hu\/pl\/wp-json\/wp\/v2\/product_cat?post=248642"},{"taxonomy":"product_tag","embeddable":true,"href":"https:\/\/radroller.hu\/pl\/wp-json\/wp\/v2\/product_tag?post=248642"}],"curies":[{"name":"wp","href":"https:\/\/api.w.org\/{rel}","templated":true}]}}