{"id":248641,"date":"2020-03-17T20:23:06","date_gmt":"2020-03-17T19:23:06","guid":{"rendered":"https:\/\/radroller.hu\/termek\/rad-rod-mini\/"},"modified":"2025-12-30T22:59:06","modified_gmt":"2025-12-30T21:59:06","slug":"rad-rod-mini","status":"publish","type":"product","link":"https:\/\/radroller.hu\/pl\/termek\/rad-rod-mini\/","title":{"rendered":"RAD Rod Mini"},"content":{"rendered":"<p>Do\u015bwiadcz profesjonalnego rozlu\u017aniania mi\u0119\u015bni dzi\u0119ki temu ultraprzeno\u015bnemu narz\u0119dziu! Innowacyjny design Rod Mini pozwala na r\u00f3wnie skuteczn\u0105 prac\u0119 na du\u017cych, ci\u0119\u017ckich mi\u0119\u015bniach, jak i na punktach przyczepu i pocz\u0105tkach mi\u0119\u015bni, kt\u00f3re s\u0105 niezwykle trudne do osi\u0105gni\u0119cia wi\u0119kszymi narz\u0119dziami. Si\u0142\u0119 nacisku mo\u017cesz regulowa\u0107 \u0142atwiej i precyzyjniej, ni\u017c gdyby\u015b u\u017cywa\u0142 wa\u0142ka do masa\u017cu na pod\u0142odze. A oczywi\u015bcie dzi\u0119ki swoim rozmiarom mo\u017cesz zabra\u0107 go wsz\u0119dzie ze sob\u0105.   <\/p>\n","protected":false},"excerpt":{"rendered":"<p>Do\u015bwiadcz profesjonalnego rozlu\u017aniania mi\u0119\u015bni dzi\u0119ki temu ultraprzeno\u015bnemu wa\u0142kowi do masa\u017cu! Innowacyjny design Rod Mini pozwala na r\u00f3wnie skuteczn\u0105 prac\u0119 na du\u017cych, ci\u0119\u017ckich mi\u0119\u015bniach, jak i na punktach przyczepu i pocz\u0105tkach mi\u0119\u015bni, kt\u00f3re s\u0105 niezwykle trudne do osi\u0105gni\u0119cia wi\u0119kszymi narz\u0119dziami. Si\u0142\u0119 nacisku mo\u017cesz regulowa\u0107 \u0142atwiej i precyzyjniej, ni\u017c gdyby\u015b u\u017cywa\u0142 wa\u0142ka do masa\u017cu na pod\u0142odze. A oczywi\u015bcie dzi\u0119ki swoim rozmiarom mo\u017cesz zabra\u0107 go wsz\u0119dzie ze sob\u0105.   <\/p>\n","protected":false},"featured_media":248281,"comment_status":"open","ping_status":"closed","template":"","meta":[],"product_brand":[],"product_cat":[319],"product_tag":[314,312,317,318],"class_list":{"0":"post-248641","1":"product","2":"type-product","3":"status-publish","4":"has-post-thumbnail","6":"product_cat-palki-do-masazu","7":"product_tag-rozluznianie-miesni","8":"product_tag-walek-do-masazu","9":"product_tag-walek-piankowy","10":"product_tag-walek-smr","12":"first","13":"instock","14":"taxable","15":"shipping-taxable","16":"purchasable","17":"product-type-simple"},"_links":{"self":[{"href":"https:\/\/radroller.hu\/pl\/wp-json\/wp\/v2\/product\/248641","targetHints":{"allow":["GET"]}}],"collection":[{"href":"https:\/\/radroller.hu\/pl\/wp-json\/wp\/v2\/product"}],"about":[{"href":"https:\/\/radroller.hu\/pl\/wp-json\/wp\/v2\/types\/product"}],"replies":[{"embeddable":true,"href":"https:\/\/radroller.hu\/pl\/wp-json\/wp\/v2\/comments?post=248641"}],"wp:featuredmedia":[{"embeddable":true,"href":"https:\/\/radroller.hu\/pl\/wp-json\/wp\/v2\/media\/248281"}],"wp:attachment":[{"href":"https:\/\/radroller.hu\/pl\/wp-json\/wp\/v2\/media?parent=248641"}],"wp:term":[{"taxonomy":"product_brand","embeddable":true,"href":"https:\/\/radroller.hu\/pl\/wp-json\/wp\/v2\/product_brand?post=248641"},{"taxonomy":"product_cat","embeddable":true,"href":"https:\/\/radroller.hu\/pl\/wp-json\/wp\/v2\/product_cat?post=248641"},{"taxonomy":"product_tag","embeddable":true,"href":"https:\/\/radroller.hu\/pl\/wp-json\/wp\/v2\/product_tag?post=248641"}],"curies":[{"name":"wp","href":"https:\/\/api.w.org\/{rel}","templated":true}]}}