{"id":248640,"date":"2020-07-09T13:04:08","date_gmt":"2020-07-09T11:04:08","guid":{"rendered":"https:\/\/radroller.hu\/termek\/bestseller\/"},"modified":"2025-12-30T23:02:36","modified_gmt":"2025-12-30T22:02:36","slug":"bestseller","status":"publish","type":"product","link":"https:\/\/radroller.hu\/pl\/termek\/bestseller\/","title":{"rendered":"Bestseller"},"content":{"rendered":"<p data-start=\"367\" data-end=\"713\">Pakiet <strong data-start=\"369\" data-end=\"391\">Bestseller<\/strong> nie bez powodu jest najpopularniejszym wyborem: zawiera narz\u0119dzia RAD, kt\u00f3re <strong data-start=\"474\" data-end=\"546\">sprawdzaj\u0105 si\u0119 u wi\u0119kszo\u015bci ludzi, w wi\u0119kszo\u015bci sytuacji<\/strong>. Je\u015bli chcesz skutecznie rozlu\u017ania\u0107, mobilizowa\u0107 i regenerowa\u0107 si\u0119, ale <strong data-start=\"615\" data-end=\"654\">nie chcesz skomplikowanego systemu<\/strong>, ten pakiet to najlepszy punkt wyj\u015bcia \u2013 a dla wielu tak\u017ce punkt docelowy. <\/p>\n<p data-start=\"715\" data-end=\"790\">Ten pakiet to <strong data-start=\"730\" data-end=\"747\">z\u0142oty \u015brodek<\/strong>: mocny, ukierunkowany, a jednocze\u015bnie \u0142atwy w u\u017cyciu.<\/p>\n<h3 data-start=\"797\" data-end=\"830\">Co potrafi pakiet Bestseller?<\/h3>\n<p data-start=\"832\" data-end=\"909\"><strong data-start=\"832\" data-end=\"877\">Og\u00f3lne rozlu\u017anienie napi\u0119\u0107 w ca\u0142ym ciele<\/strong><br data-start=\"877\" data-end=\"880\">Narz\u0119dzia z pakietu nadaj\u0105 si\u0119 do:<\/p>\n<ul data-start=\"910\" data-end=\"1073\">\n<li data-start=\"910\" data-end=\"968\">\n<p data-start=\"912\" data-end=\"968\">zmniejszania napi\u0119\u0107 w okolicach plec\u00f3w, obr\u0119czy barkowej i szyi,<\/p>\n<\/li>\n<li data-start=\"969\" data-end=\"1020\">\n<p data-start=\"971\" data-end=\"1020\">mobilizacji dolnych partii cia\u0142a (uda, \u0142ydki, po\u015bladki),<\/p>\n<\/li>\n<li data-start=\"1021\" data-end=\"1073\">\n<p data-start=\"1023\" data-end=\"1073\">regeneracji potreningowej lub codziennej \u201ekonserwacyjnej\u201d.<\/p>\n<\/li>\n<\/ul>\n<p data-start=\"1075\" data-end=\"1243\"><strong data-start=\"1075\" data-end=\"1116\">Szybkie rezultaty, kr\u00f3tki czas nauki<\/strong><br data-start=\"1116\" data-end=\"1119\">Nie wymaga specjalnej techniki: mo\u017cna go opanowa\u0107 w kr\u00f3tkim czasie, a mimo to jest <strong data-start=\"1189\" data-end=\"1212\">odczuwalnie skuteczny<\/strong> ju\u017c od pierwszych u\u017cy\u0107.<\/p>\n<p data-start=\"1245\" data-end=\"1375\"><strong data-start=\"1245\" data-end=\"1290\">Bardziej ukierunkowany ni\u017c klasyczny wa\u0142ek piankowy<\/strong><br data-start=\"1290\" data-end=\"1293\">Narz\u0119dzia RAD to nie p\u0142askie, mi\u0119kkie wa\u0142ki. Ich kszta\u0142t i materia\u0142 pozwalaj\u0105 na: <\/p>\n<ul data-start=\"1376\" data-end=\"1525\">\n<li data-start=\"1376\" data-end=\"1428\">\n<p data-start=\"1378\" data-end=\"1428\">dok\u0142adniejsze pracowanie nad konkretnym problematycznym obszarem,<\/p>\n<\/li>\n<li data-start=\"1429\" data-end=\"1474\">\n<p data-start=\"1431\" data-end=\"1474\">osi\u0105gni\u0119cie ulgi w kr\u00f3tszym czasie,<\/p>\n<\/li>\n<li data-start=\"1475\" data-end=\"1525\">\n<p data-start=\"1477\" data-end=\"1525\">nie \u201eprzewalanie\u201d, lecz faktyczne traktowanie mi\u0119\u015bni.<\/p>\n<\/li>\n<\/ul>\n","protected":false},"excerpt":{"rendered":"<p>\u017bycie jest pe\u0142ne trudnych decyzji&#8230; ale to jest \u0142atwe! Pakiet Bestseller to najta\u0144szy i najwygodniejszy spos\u00f3b na zaopatrzenie si\u0119 w najpopularniejsze produkty RAD. Pakiet zawiera:  <\/p>\n<ul>\n<li>Rod<\/li>\n<li>Rounds<\/li>\n<li>Wa\u0142ek (normalna twardo\u015b\u0107)<\/li>\n<li>Neuro Ball<\/li>\n<li>Axle<\/li>\n<li>Helix<\/li>\n<li>Block<\/li>\n<\/ul>\n","protected":false},"featured_media":248507,"comment_status":"open","ping_status":"closed","template":"","meta":[],"product_brand":[279],"product_cat":[308],"product_tag":[313,316,314,312,317,318],"class_list":{"0":"post-248640","1":"product","2":"type-product","3":"status-publish","4":"has-post-thumbnail","6":"product_brand-rad","7":"product_cat-pakiety-smr","8":"product_tag-pilka-do-masazu","9":"product_tag-rehabilitacja","10":"product_tag-rozluznianie-miesni","11":"product_tag-walek-do-masazu","12":"product_tag-walek-piankowy","13":"product_tag-walek-smr","15":"first","16":"instock","17":"taxable","18":"shipping-taxable","19":"purchasable","20":"product-type-woosb"},"_links":{"self":[{"href":"https:\/\/radroller.hu\/pl\/wp-json\/wp\/v2\/product\/248640","targetHints":{"allow":["GET"]}}],"collection":[{"href":"https:\/\/radroller.hu\/pl\/wp-json\/wp\/v2\/product"}],"about":[{"href":"https:\/\/radroller.hu\/pl\/wp-json\/wp\/v2\/types\/product"}],"replies":[{"embeddable":true,"href":"https:\/\/radroller.hu\/pl\/wp-json\/wp\/v2\/comments?post=248640"}],"wp:featuredmedia":[{"embeddable":true,"href":"https:\/\/radroller.hu\/pl\/wp-json\/wp\/v2\/media\/248507"}],"wp:attachment":[{"href":"https:\/\/radroller.hu\/pl\/wp-json\/wp\/v2\/media?parent=248640"}],"wp:term":[{"taxonomy":"product_brand","embeddable":true,"href":"https:\/\/radroller.hu\/pl\/wp-json\/wp\/v2\/product_brand?post=248640"},{"taxonomy":"product_cat","embeddable":true,"href":"https:\/\/radroller.hu\/pl\/wp-json\/wp\/v2\/product_cat?post=248640"},{"taxonomy":"product_tag","embeddable":true,"href":"https:\/\/radroller.hu\/pl\/wp-json\/wp\/v2\/product_tag?post=248640"}],"curies":[{"name":"wp","href":"https:\/\/api.w.org\/{rel}","templated":true}]}}