{"id":248639,"date":"2022-03-30T10:19:05","date_gmt":"2022-03-30T08:19:05","guid":{"rendered":"https:\/\/radroller.hu\/termek\/zaawansowany-pakiet-swiadomosc_blizn\/"},"modified":"2025-12-30T23:02:14","modified_gmt":"2025-12-30T22:02:14","slug":"zaawansowany-pakiet-swiadomosc_blizn","status":"publish","type":"product","link":"https:\/\/radroller.hu\/pl\/termek\/zaawansowany-pakiet-swiadomosc_blizn\/","title":{"rendered":"Zaawansowany pakiet #\u015bwiadomo\u015b\u0107_blizn"},"content":{"rendered":"<p>Ten zestaw to Tw\u00f3j idealny towarzysz do programu Cs\u00e1sz\u00e1rvonal, wype\u0142niaj\u0105cego luk\u0119 <a href=\"https:\/\/csaszarvonal.hu\/videotar\/product\/halado_has_es_hegkezeles\/23\" target=\"_blank\" rel=\"noopener\">Zaawansowana terapia brzucha i blizn<\/a>. Zawiera on zalecane narz\u0119dzia z filmu instrukta\u017cowego SMR, kt\u00f3ry jest cz\u0119\u015bci\u0105 pakietu czterech film\u00f3w wideo. Program ten \u2013 za pomoc\u0105 kt\u00f3rego mo\u017cna osi\u0105gn\u0105\u0107 spektakularne rezultaty nie tylko w przypadku dolegliwo\u015bci zwi\u0105zanych z blizn\u0105, ale tak\u017ce w poprawie stanu brzucha fartuchowego \u2013 zaleca si\u0119 rozpocz\u0105\u0107 szczeg\u00f3lnie w okresie po porodzie brzusznym, gdy blizna po cesarskim ci\u0119ciu (lub innej operacji brzusznej) jest ju\u017c wystarczaj\u0105co stabilna (3+ miesi\u0105ce po zabiegu). Po zako\u0144czeniu programu, mo\u017cna ich u\u017cywa\u0107 jeszcze przez d\u0142ugi czas do rozlu\u017aniania mi\u0119\u015bni w dowolnym miejscu na ciele.<\/p>\n","protected":false},"excerpt":{"rendered":"<p>Wszystkie narz\u0119dzia w jednym miejscu, kt\u00f3rych b\u0119dziesz potrzebowa\u0107, rozpoczynaj\u0105c program Cs\u00e1sz\u00e1rvonal Zaawansowana piel\u0119gnacja brzucha i blizn!<\/p>\n<p>Je\u015bli min\u0119\u0142o wi\u0119cej ni\u017c trzy miesi\u0105ce od Twojego cesarskiego ci\u0119cia, lub masz ju\u017c za sob\u0105 <a href=\"https:\/\/csaszarvonal.hu\/videotar\/product\/alapcsomag_hasi_szulestol_a_12_hetig\/19\">podstawowy pakiet wideo Cs\u00e1sz\u00e1rvonal<\/a> i jego podstawowy program piel\u0119gnacji blizn, to warto kontynuowa\u0107 piel\u0119gnacj\u0119 brzucha i blizn na bardziej zaawansowanym poziomie, lub w og\u00f3le rozpocz\u0105\u0107 ten proces \u2013 do tego otrzymasz wskaz\u00f3wki, a te narz\u0119dzia SMR b\u0119d\u0105 Ci w tym pomocne.<\/p>\n<p>Cz\u0119\u015bci\u0105 kompleksowego programu Cs\u00e1sz\u00e1rvonal jest olejowy masa\u017c brzucha, suchy masa\u017c brzucha i piel\u0119gnacja blizn, \u0107wiczenia po piel\u0119gnacji blizn, oraz automasa\u017c narz\u0119dziami RAD SMR. Ten ostatni przyczynia si\u0119 do nawil\u017cenia, elastyczno\u015bci i dobrego kr\u0105\u017cenia warstw tkanki \u0142\u0105cznej. <\/p>\n<p>O programie <a href=\"https:\/\/csaszarvonal.hu\/videotar\/product\/halado_has_es_hegkezeles\/23\">wi\u0119cej dowiesz si\u0119 tutaj<\/a>.<\/p>\n<p>\u015awiadomo\u015b\u0107 blizn \u2013 do dzie\u0142a!<\/p>\n<p>Zawarto\u015b\u0107 zestawu:<\/p>\n<ul>\n<li>RAD Roller (dost\u0119pna twardo\u015b\u0107 do wyboru)<\/li>\n<li>Recovery Rounds<\/li>\n<li>RAD Centre<\/li>\n<\/ul>\n","protected":false},"featured_media":247424,"comment_status":"open","ping_status":"closed","template":"","meta":[],"product_brand":[279],"product_cat":[308],"product_tag":[324,323,313,316,314,318],"class_list":{"0":"post-248639","1":"product","2":"type-product","3":"status-publish","4":"has-post-thumbnail","6":"product_brand-rad","7":"product_cat-pakiety-smr","8":"product_tag-pielegnacja-blizn","9":"product_tag-pilka-do-masazu-2","10":"product_tag-pilka-do-masazu","11":"product_tag-rehabilitacja","12":"product_tag-rozluznianie-miesni","13":"product_tag-walek-smr","15":"first","16":"instock","17":"taxable","18":"shipping-taxable","19":"purchasable","20":"product-type-woosb"},"_links":{"self":[{"href":"https:\/\/radroller.hu\/pl\/wp-json\/wp\/v2\/product\/248639","targetHints":{"allow":["GET"]}}],"collection":[{"href":"https:\/\/radroller.hu\/pl\/wp-json\/wp\/v2\/product"}],"about":[{"href":"https:\/\/radroller.hu\/pl\/wp-json\/wp\/v2\/types\/product"}],"replies":[{"embeddable":true,"href":"https:\/\/radroller.hu\/pl\/wp-json\/wp\/v2\/comments?post=248639"}],"wp:featuredmedia":[{"embeddable":true,"href":"https:\/\/radroller.hu\/pl\/wp-json\/wp\/v2\/media\/247424"}],"wp:attachment":[{"href":"https:\/\/radroller.hu\/pl\/wp-json\/wp\/v2\/media?parent=248639"}],"wp:term":[{"taxonomy":"product_brand","embeddable":true,"href":"https:\/\/radroller.hu\/pl\/wp-json\/wp\/v2\/product_brand?post=248639"},{"taxonomy":"product_cat","embeddable":true,"href":"https:\/\/radroller.hu\/pl\/wp-json\/wp\/v2\/product_cat?post=248639"},{"taxonomy":"product_tag","embeddable":true,"href":"https:\/\/radroller.hu\/pl\/wp-json\/wp\/v2\/product_tag?post=248639"}],"curies":[{"name":"wp","href":"https:\/\/api.w.org\/{rel}","templated":true}]}}