{"id":248638,"date":"2020-02-23T22:55:56","date_gmt":"2020-02-23T21:55:56","guid":{"rendered":"https:\/\/radroller.hu\/termek\/rad-micro-rounds\/"},"modified":"2025-12-30T22:59:10","modified_gmt":"2025-12-30T21:59:10","slug":"rad-micro-rounds","status":"publish","type":"product","link":"https:\/\/radroller.hu\/pl\/termek\/rad-micro-rounds\/","title":{"rendered":"RAD Micro Rounds"},"content":{"rendered":"<p>RAD Micro Rounds mog\u0105 by\u0107 najmniejszym produktem w ofercie RAD, ale to nic nie m\u00f3wi o ich skuteczno\u015bci. Zaprojektowali\u015bmy je z my\u015bl\u0105 o mniejszych mi\u0119\u015bniach, tak aby sprawdzi\u0142y si\u0119 nawet w przypadkach wymagaj\u0105cych chirurgicznej precyzji. Je\u015bli masz do\u015b\u0107 b\u00f3l\u00f3w g\u0142owy, bol\u0105cych st\u00f3p, skurczonych palc\u00f3w u n\u00f3g, wypr\u00f3buj je!  <\/p>\n","protected":false},"excerpt":{"rendered":"<p>RAD Micro Rounds mog\u0105 by\u0107 najmniejszym produktem w ofercie RAD, ale to nic nie m\u00f3wi o ich skuteczno\u015bci. Zaprojektowali\u015bmy je z my\u015bl\u0105 o mniejszych mi\u0119\u015bniach, tak aby sprawdzi\u0142y si\u0119 nawet w przypadkach wymagaj\u0105cych chirurgicznej precyzji. Je\u015bli masz do\u015b\u0107 b\u00f3l\u00f3w g\u0142owy, bol\u0105cych st\u00f3p, skurczonych palc\u00f3w u n\u00f3g, wypr\u00f3buj je!  <\/p>\n","protected":false},"featured_media":248150,"comment_status":"open","ping_status":"closed","template":"","meta":[],"product_brand":[279],"product_cat":[320],"product_tag":[313,316,311,310],"class_list":{"0":"post-248638","1":"product","2":"type-product","3":"status-publish","4":"has-post-thumbnail","6":"product_brand-rad","7":"product_cat-pilki-do-masazu","8":"product_tag-pilka-do-masazu","9":"product_tag-rehabilitacja","10":"product_tag-rozluznienie","11":"product_tag-smr","13":"first","14":"instock","15":"taxable","16":"shipping-taxable","17":"purchasable","18":"product-type-simple"},"_links":{"self":[{"href":"https:\/\/radroller.hu\/pl\/wp-json\/wp\/v2\/product\/248638","targetHints":{"allow":["GET"]}}],"collection":[{"href":"https:\/\/radroller.hu\/pl\/wp-json\/wp\/v2\/product"}],"about":[{"href":"https:\/\/radroller.hu\/pl\/wp-json\/wp\/v2\/types\/product"}],"replies":[{"embeddable":true,"href":"https:\/\/radroller.hu\/pl\/wp-json\/wp\/v2\/comments?post=248638"}],"wp:featuredmedia":[{"embeddable":true,"href":"https:\/\/radroller.hu\/pl\/wp-json\/wp\/v2\/media\/248150"}],"wp:attachment":[{"href":"https:\/\/radroller.hu\/pl\/wp-json\/wp\/v2\/media?parent=248638"}],"wp:term":[{"taxonomy":"product_brand","embeddable":true,"href":"https:\/\/radroller.hu\/pl\/wp-json\/wp\/v2\/product_brand?post=248638"},{"taxonomy":"product_cat","embeddable":true,"href":"https:\/\/radroller.hu\/pl\/wp-json\/wp\/v2\/product_cat?post=248638"},{"taxonomy":"product_tag","embeddable":true,"href":"https:\/\/radroller.hu\/pl\/wp-json\/wp\/v2\/product_tag?post=248638"}],"curies":[{"name":"wp","href":"https:\/\/api.w.org\/{rel}","templated":true}]}}