{"id":248636,"date":"2020-07-09T16:37:08","date_gmt":"2020-07-09T14:37:08","guid":{"rendered":"https:\/\/radroller.hu\/termek\/pakiet-do-jogi\/"},"modified":"2026-02-19T21:13:28","modified_gmt":"2026-02-19T20:13:28","slug":"pakiet-do-jogi","status":"publish","type":"product","link":"https:\/\/radroller.hu\/pl\/termek\/pakiet-do-jogi\/","title":{"rendered":"Pakiet do jogi"},"content":{"rendered":"<p data-start=\"355\" data-end=\"570\">Pakiet do jogi zawiera dodatkowe narz\u0119dzia, kt\u00f3re <strong data-start=\"420\" data-end=\"477\">delikatnie, lecz skutecznie wspieraj\u0105 praktyk\u0119 jogi<\/strong> \u2013 czy to podczas rozgrzewki, stabilizacji w pozycjach, czy pracy relaksacyjnej i regeneracyjnej. Ten pakiet nie zast\u0119puje jogi, lecz <strong data-start=\"616\" data-end=\"640\">pog\u0142\u0119bia praktyk\u0119<\/strong>: pomaga lepiej czu\u0107 swoje cia\u0142o, precyzyjniej pracowa\u0107 z tkankami i bezpieczniej post\u0119powa\u0107 w rozwoju. <\/p>\n<h3 data-start=\"757\" data-end=\"795\">Co wnosi do Pa\u0144stwa praktyki jogi?<\/h3>\n<p data-start=\"797\" data-end=\"995\"><strong data-start=\"797\" data-end=\"840\">Delikatna mobilizacja przed i po pozycjach<\/strong><br data-start=\"840\" data-end=\"843\">Narz\u0119dzia z pakietu umo\u017cliwiaj\u0105 przygotowanie mi\u0119\u015bni i tkanki \u0142\u0105cznej przed praktyk\u0105 oraz <strong data-start=\"945\" data-end=\"981\">\u015bwiadome wyciszenie i relaksacj\u0119<\/strong> na koniec zaj\u0119\u0107.<\/p>\n<p data-start=\"997\" data-end=\"1055\"><strong data-start=\"997\" data-end=\"1027\">Stabilno\u015b\u0107 i wsparcie<\/strong><br data-start=\"1027\" data-end=\"1030\">Dzi\u0119ki RAD Block:<\/p>\n<ul data-start=\"1056\" data-end=\"1191\">\n<li data-start=\"1056\" data-end=\"1096\">\n<p data-start=\"1058\" data-end=\"1096\">bezpieczniejsze utrzymywanie pozycji,<\/p>\n<\/li>\n<li data-start=\"1097\" data-end=\"1128\">\n<p data-start=\"1099\" data-end=\"1128\">zmniejszenie przeci\u0105\u017cenia,<\/p>\n<\/li>\n<li data-start=\"1129\" data-end=\"1191\">\n<p data-start=\"1131\" data-end=\"1191\">\u0142atwiejsze znalezienie r\u00f3wnowagi i prawid\u0142owej postawy.<\/p>\n<\/li>\n<\/ul>\n<p data-start=\"1193\" data-end=\"1249\"><strong data-start=\"1193\" data-end=\"1221\">G\u0142\u0119bia bez forsowania<\/strong><br data-start=\"1221\" data-end=\"1224\">Narz\u0119dzia RAD pomagaj\u0105:<\/p>\n<ul data-start=\"1250\" data-end=\"1397\">\n<li data-start=\"1250\" data-end=\"1303\">\n<p data-start=\"1252\" data-end=\"1303\">rozlu\u017ani\u0107 napi\u0119te obszary (biodra, uda, plecy),<\/p>\n<\/li>\n<li data-start=\"1304\" data-end=\"1347\">\n<p data-start=\"1306\" data-end=\"1347\">stopniowo zwi\u0119ksza\u0107 zakres ruchu,<\/p>\n<\/li>\n<li data-start=\"1348\" data-end=\"1397\">\n<p data-start=\"1350\" data-end=\"1397\">bez forsowania si\u0119 w pozycj\u0119.<\/p>\n<\/li>\n<\/ul>\n","protected":false},"excerpt":{"rendered":"<p><bdo dir=\"ltr\"><span class=\"formula-content\"><span class=\" default-formula-text-color\" dir=\"auto\">Osi\u0105gnij elastyczno\u015b\u0107, kt\u00f3ra do tej pory wydawa\u0142a si\u0119 nieosi\u0105galna, dzi\u0119ki temu pakietowi stworzonemu specjalnie dla jogin\u00f3w. Pakiet do jogi to idealny wyb\u00f3r, aby wykorzysta\u0107 sw\u00f3j pe\u0142ny potencja\u0142.  <\/span><span class=\"number\" dir=\"auto\">Zawarto\u015b\u0107 zestawu:<\/span><\/span><\/bdo><\/p>\n<ul>\n<li>Roller (mo\u017cliwy wyb\u00f3r twardo\u015bci)<\/li>\n<li>Rounds<\/li>\n<li>Neuro Ball<\/li>\n<li>Recovery Rounds<\/li>\n<li>Micro Rounds<\/li>\n<li>Centre<\/li>\n<li>Block<\/li>\n<\/ul>\n","protected":false},"featured_media":248503,"comment_status":"open","ping_status":"closed","template":"","meta":[],"product_brand":[279],"product_cat":[308],"product_tag":[313,316,314,312,317,318],"class_list":{"0":"post-248636","1":"product","2":"type-product","3":"status-publish","4":"has-post-thumbnail","6":"product_brand-rad","7":"product_cat-pakiety-smr","8":"product_tag-pilka-do-masazu","9":"product_tag-rehabilitacja","10":"product_tag-rozluznianie-miesni","11":"product_tag-walek-do-masazu","12":"product_tag-walek-piankowy","13":"product_tag-walek-smr","15":"first","16":"onbackorder","17":"taxable","18":"shipping-taxable","19":"purchasable","20":"product-type-woosb"},"_links":{"self":[{"href":"https:\/\/radroller.hu\/pl\/wp-json\/wp\/v2\/product\/248636","targetHints":{"allow":["GET"]}}],"collection":[{"href":"https:\/\/radroller.hu\/pl\/wp-json\/wp\/v2\/product"}],"about":[{"href":"https:\/\/radroller.hu\/pl\/wp-json\/wp\/v2\/types\/product"}],"replies":[{"embeddable":true,"href":"https:\/\/radroller.hu\/pl\/wp-json\/wp\/v2\/comments?post=248636"}],"wp:featuredmedia":[{"embeddable":true,"href":"https:\/\/radroller.hu\/pl\/wp-json\/wp\/v2\/media\/248503"}],"wp:attachment":[{"href":"https:\/\/radroller.hu\/pl\/wp-json\/wp\/v2\/media?parent=248636"}],"wp:term":[{"taxonomy":"product_brand","embeddable":true,"href":"https:\/\/radroller.hu\/pl\/wp-json\/wp\/v2\/product_brand?post=248636"},{"taxonomy":"product_cat","embeddable":true,"href":"https:\/\/radroller.hu\/pl\/wp-json\/wp\/v2\/product_cat?post=248636"},{"taxonomy":"product_tag","embeddable":true,"href":"https:\/\/radroller.hu\/pl\/wp-json\/wp\/v2\/product_tag?post=248636"}],"curies":[{"name":"wp","href":"https:\/\/api.w.org\/{rel}","templated":true}]}}