{"id":248634,"date":"2020-07-09T16:21:35","date_gmt":"2020-07-09T14:21:35","guid":{"rendered":"https:\/\/radroller.hu\/termek\/pakiet-regeneracyjny\/"},"modified":"2025-12-30T23:01:05","modified_gmt":"2025-12-30T22:01:05","slug":"pakiet-regeneracyjny","status":"publish","type":"product","link":"https:\/\/radroller.hu\/pl\/termek\/pakiet-regeneracyjny\/","title":{"rendered":"Pakiet Regeneracyjny"},"content":{"rendered":"<p data-start=\"329\" data-end=\"657\">Cel <strong data-start=\"331\" data-end=\"352\">Pakietu Regeneracyjnego<\/strong> jest prosty, ale kluczowy: pom\u00f3c Pa\u0144stwa cia\u0142u szybciej wr\u00f3ci\u0107 do optymalnego stanu po wysi\u0142ku. W wyniku trening\u00f3w, d\u0142ugich dni pracy lub zwi\u0119kszonego wysi\u0142ku fizycznego mi\u0119\u015bnie i powi\u0119zi mog\u0105 sta\u0107 si\u0119 napi\u0119te i wra\u017cliwe \u2013 ten pakiet oferuje na to idealne rozwi\u0105zanie. <\/p>\n<p data-start=\"659\" data-end=\"772\">Nie dzia\u0142a si\u0142\u0105, lecz <strong data-start=\"686\" data-end=\"771\">wspiera naturalne procesy regeneracji poprzez \u015bwiadom\u0105, ukierunkowan\u0105 automobilizacj\u0119<\/strong>.<\/p>\n<h3 data-start=\"779\" data-end=\"813\">Co oferuje Pakiet Regeneracyjny?<\/h3>\n<p data-start=\"815\" data-end=\"876\"><strong data-start=\"815\" data-end=\"845\">Rozlu\u017anienie po treningu<\/strong><br data-start=\"845\" data-end=\"848\">Narz\u0119dzia zawarte w pakiecie pomagaj\u0105:<\/p>\n<ul data-start=\"877\" data-end=\"1000\">\n<li data-start=\"877\" data-end=\"911\">\n<p data-start=\"879\" data-end=\"911\">zmniejszy\u0107 sztywno\u015b\u0107 mi\u0119\u015bni,<\/p>\n<\/li>\n<li data-start=\"912\" data-end=\"953\">\n<p data-start=\"914\" data-end=\"953\">rozlu\u017ani\u0107 przeci\u0105\u017cone obszary,<\/p>\n<\/li>\n<li data-start=\"954\" data-end=\"1000\">\n<p data-start=\"956\" data-end=\"1000\">i przywr\u00f3ci\u0107 komfortowe odczucie ruchu.<\/p>\n<\/li>\n<\/ul>\n<p data-start=\"1002\" data-end=\"1071\"><strong data-start=\"1002\" data-end=\"1031\">Szybsza \u201eregeneracja\u201d<\/strong><br data-start=\"1031\" data-end=\"1034\">Regularna, kr\u00f3tka praca regeneracyjna:<\/p>\n<ul data-start=\"1072\" data-end=\"1216\">\n<li data-start=\"1072\" data-end=\"1123\">\n<p data-start=\"1074\" data-end=\"1123\">mo\u017ce poprawi\u0107 kr\u0105\u017cenie w dotkni\u0119tych obszarach,<\/p>\n<\/li>\n<li data-start=\"1124\" data-end=\"1162\">\n<p data-start=\"1126\" data-end=\"1162\">mo\u017ce wspom\u00f3c rozlu\u017anienie mi\u0119\u015bni,<\/p>\n<\/li>\n<li data-start=\"1163\" data-end=\"1216\">\n<p data-start=\"1165\" data-end=\"1216\">i przygotowa\u0107 Pa\u0144stwa cia\u0142o na kolejny wysi\u0142ek.<\/p>\n<\/li>\n<\/ul>\n<p data-start=\"1218\" data-end=\"1281\"><strong data-start=\"1218\" data-end=\"1249\">Uniwersalne zastosowanie<\/strong><br data-start=\"1249\" data-end=\"1252\">Pakiet Regeneracyjny jest odpowiedni do:<\/p>\n<ul data-start=\"1282\" data-end=\"1387\">\n<li data-start=\"1282\" data-end=\"1318\">\n<p data-start=\"1284\" data-end=\"1318\">dolnych partii cia\u0142a (\u0142ydki, uda, po\u015bladki),<\/p>\n<\/li>\n<li data-start=\"1319\" data-end=\"1337\">\n<p data-start=\"1321\" data-end=\"1337\">plec\u00f3w i obr\u0119czy barkowej,<\/p>\n<\/li>\n<li data-start=\"1338\" data-end=\"1387\">\n<p data-start=\"1340\" data-end=\"1387\">oraz og\u00f3lnego, pe\u0142nego rozruszania cia\u0142a.<\/p>\n<\/li>\n<\/ul>\n","protected":false},"excerpt":{"rendered":"<p>Posiadaj\u0105c Pakiet Regeneracyjny, b\u0119dziesz mie\u0107 wszystko, czego potrzebujesz, aby radzi\u0107 sobie z przewlek\u0142ym b\u00f3lem mi\u0119\u015bniowym, zafundowa\u0107 sobie koj\u0105cy masa\u017c, a nawet rehabilitowa\u0107 si\u0119 po drobnych urazach. Pakiet Regeneracyjny zawiera: <\/p>\n<ul>\n<li>Helix<\/li>\n<li>Axle<\/li>\n<li>Rod<\/li>\n<li>Recovery Rounds<\/li>\n<li>Micro Rounds<\/li>\n<li>Neuro Ball<\/li>\n<li>Centre<\/li>\n<\/ul>\n","protected":false},"featured_media":248504,"comment_status":"open","ping_status":"closed","template":"","meta":[],"product_brand":[279],"product_cat":[308],"product_tag":[313,316,314,312,317,318],"class_list":{"0":"post-248634","1":"product","2":"type-product","3":"status-publish","4":"has-post-thumbnail","6":"product_brand-rad","7":"product_cat-pakiety-smr","8":"product_tag-pilka-do-masazu","9":"product_tag-rehabilitacja","10":"product_tag-rozluznianie-miesni","11":"product_tag-walek-do-masazu","12":"product_tag-walek-piankowy","13":"product_tag-walek-smr","15":"first","16":"instock","17":"taxable","18":"shipping-taxable","19":"purchasable","20":"product-type-woosb"},"_links":{"self":[{"href":"https:\/\/radroller.hu\/pl\/wp-json\/wp\/v2\/product\/248634","targetHints":{"allow":["GET"]}}],"collection":[{"href":"https:\/\/radroller.hu\/pl\/wp-json\/wp\/v2\/product"}],"about":[{"href":"https:\/\/radroller.hu\/pl\/wp-json\/wp\/v2\/types\/product"}],"replies":[{"embeddable":true,"href":"https:\/\/radroller.hu\/pl\/wp-json\/wp\/v2\/comments?post=248634"}],"wp:featuredmedia":[{"embeddable":true,"href":"https:\/\/radroller.hu\/pl\/wp-json\/wp\/v2\/media\/248504"}],"wp:attachment":[{"href":"https:\/\/radroller.hu\/pl\/wp-json\/wp\/v2\/media?parent=248634"}],"wp:term":[{"taxonomy":"product_brand","embeddable":true,"href":"https:\/\/radroller.hu\/pl\/wp-json\/wp\/v2\/product_brand?post=248634"},{"taxonomy":"product_cat","embeddable":true,"href":"https:\/\/radroller.hu\/pl\/wp-json\/wp\/v2\/product_cat?post=248634"},{"taxonomy":"product_tag","embeddable":true,"href":"https:\/\/radroller.hu\/pl\/wp-json\/wp\/v2\/product_tag?post=248634"}],"curies":[{"name":"wp","href":"https:\/\/api.w.org\/{rel}","templated":true}]}}