{"id":248628,"date":"2016-11-19T21:28:31","date_gmt":"2016-11-19T20:28:31","guid":{"rendered":"https:\/\/radroller.hu\/termek\/rad-helix\/"},"modified":"2026-01-13T20:19:48","modified_gmt":"2026-01-13T19:19:48","slug":"rad-helix","status":"publish","type":"product","link":"https:\/\/radroller.hu\/pl\/termek\/rad-helix\/","title":{"rendered":"RAD Helix"},"content":{"rendered":"<p>Dzi\u0119ki anatomicznie doskona\u0142emu kszta\u0142towi i sk\u0142adowi wa\u0142ka do masa\u017cu RAD Helix mo\u017cesz masowa\u0107 plecy od odcinka l\u0119d\u017awiowego a\u017c po kark, bez podra\u017cniania kr\u0119gos\u0142upa. Mo\u017ce by\u0107 r\u00f3wnie\u017c skutecznie u\u017cywany na innych du\u017cych grupach mi\u0119\u015bniowych cia\u0142a w celu stymulacji przep\u0142ywu p\u0142yn\u00f3w i zwi\u0119kszenia zakresu ruchu. <\/p>\n","protected":false},"excerpt":{"rendered":"<p>Dzi\u0119ki anatomicznie doskona\u0142emu kszta\u0142towi i sk\u0142adowi wa\u0142ka do masa\u017cu RAD Helix mo\u017cesz masowa\u0107 plecy od odcinka l\u0119d\u017awiowego a\u017c po kark, bez podra\u017cniania kr\u0119gos\u0142upa. Mo\u017ce by\u0107 r\u00f3wnie\u017c skutecznie u\u017cywany na innych du\u017cych grupach mi\u0119\u015bniowych cia\u0142a w celu stymulacji przep\u0142ywu p\u0142yn\u00f3w i zwi\u0119kszenia zakresu ruchu. <\/p>\n","protected":false},"featured_media":248026,"comment_status":"open","ping_status":"closed","template":"","meta":[],"product_brand":[],"product_cat":[321],"product_tag":[316,314,312,317,318],"class_list":{"0":"post-248628","1":"product","2":"type-product","3":"status-publish","4":"has-post-thumbnail","6":"product_cat-rollery-do-masazu","7":"product_tag-rehabilitacja","8":"product_tag-rozluznianie-miesni","9":"product_tag-walek-do-masazu","10":"product_tag-walek-piankowy","11":"product_tag-walek-smr","13":"first","14":"instock","15":"taxable","16":"shipping-taxable","17":"purchasable","18":"product-type-simple"},"_links":{"self":[{"href":"https:\/\/radroller.hu\/pl\/wp-json\/wp\/v2\/product\/248628","targetHints":{"allow":["GET"]}}],"collection":[{"href":"https:\/\/radroller.hu\/pl\/wp-json\/wp\/v2\/product"}],"about":[{"href":"https:\/\/radroller.hu\/pl\/wp-json\/wp\/v2\/types\/product"}],"replies":[{"embeddable":true,"href":"https:\/\/radroller.hu\/pl\/wp-json\/wp\/v2\/comments?post=248628"}],"wp:featuredmedia":[{"embeddable":true,"href":"https:\/\/radroller.hu\/pl\/wp-json\/wp\/v2\/media\/248026"}],"wp:attachment":[{"href":"https:\/\/radroller.hu\/pl\/wp-json\/wp\/v2\/media?parent=248628"}],"wp:term":[{"taxonomy":"product_brand","embeddable":true,"href":"https:\/\/radroller.hu\/pl\/wp-json\/wp\/v2\/product_brand?post=248628"},{"taxonomy":"product_cat","embeddable":true,"href":"https:\/\/radroller.hu\/pl\/wp-json\/wp\/v2\/product_cat?post=248628"},{"taxonomy":"product_tag","embeddable":true,"href":"https:\/\/radroller.hu\/pl\/wp-json\/wp\/v2\/product_tag?post=248628"}],"curies":[{"name":"wp","href":"https:\/\/api.w.org\/{rel}","templated":true}]}}