{"id":248627,"date":"2016-11-19T21:42:59","date_gmt":"2016-11-19T20:42:59","guid":{"rendered":"https:\/\/radroller.hu\/termek\/rad-block\/"},"modified":"2025-12-30T22:59:22","modified_gmt":"2025-12-30T21:59:22","slug":"rad-block","status":"publish","type":"product","link":"https:\/\/radroller.hu\/pl\/termek\/rad-block\/","title":{"rendered":"RAD Block"},"content":{"rendered":"<p class=\"\" data-start=\"204\" data-end=\"323\"><span class=\"relative -mx-px my-[-0.2rem] rounded px-px py-[0.2rem] transition-colors duration-100 ease-in-out\">RAD Block to wszechstronne akcesorium, zaprojektowane specjalnie do u\u017cytku w po\u0142\u0105czeniu z narz\u0119dziami RAD Roller i RAD Rounds.<\/span> <span class=\"relative -mx-px my-[-0.2rem] rounded px-px py-[0.2rem] transition-colors duration-100 ease-in-out\">Jego konstrukcja umo\u017cliwia skuteczne opracowywanie trudno dost\u0119pnych grup mi\u0119\u015bni, takich jak mi\u0119\u015bnie piersiowe (pectoralis) i przywodziciele (adductor), podczas gdy r\u0119ce mog\u0105 pozosta\u0107 wolne.<\/span>\u200b<\/p>\n<p class=\"\" data-start=\"325\" data-end=\"344\"><strong data-start=\"325\" data-end=\"344\">G\u0142\u00f3wne cechy:<\/strong><\/p>\n<ul data-start=\"346\" data-end=\"896\">\n<li class=\"\" data-start=\"346\" data-end=\"454\">\n<p class=\"\" data-start=\"348\" data-end=\"454\"><strong data-start=\"348\" data-end=\"372\">Funkcja stabilizuj\u0105ca:<\/strong> <span class=\"relative -mx-px my-[-0.2rem] rounded px-px py-[0.2rem] transition-colors duration-100 ease-in-out\">Wg\u0142\u0119bienia w Blocku zapewniaj\u0105 stabilne mocowanie narz\u0119dzi RAD Roller lub RAD Rounds, umo\u017cliwiaj\u0105c ukierunkowany nacisk i precyzyjne rozlu\u017anienie mi\u0119\u015bni.<\/span>\u200b<\/p>\n<\/li>\n<li class=\"\" data-start=\"456\" data-end=\"567\">\n<p class=\"\" data-start=\"458\" data-end=\"567\"><strong data-start=\"458\" data-end=\"485\">Ergonomiczna konstrukcja:<\/strong> <span class=\"relative -mx-px my-[-0.2rem] rounded px-px py-[0.2rem] transition-colors duration-100 ease-in-out\">Podniesiona platforma pomaga nawet mniej elastycznym u\u017cytkownikom w skutecznym opracowywaniu mi\u0119\u015bni, szczeg\u00f3lnie podczas rehabilitacji po urazach.<\/span>\u200b<\/p>\n<\/li>\n<li class=\"\" data-start=\"569\" data-end=\"672\">\n<p class=\"\" data-start=\"571\" data-end=\"672\"><strong data-start=\"571\" data-end=\"590\">Funkcja przechowywania:<\/strong> <span class=\"relative -mx-px my-[-0.2rem] rounded px-px py-[0.2rem] transition-colors duration-100 ease-in-out\">W wewn\u0119trznych wn\u0119kach Blocka mo\u017cna praktycznie przechowywa\u0107 narz\u0119dzia RAD, dzi\u0119ki czemu s\u0105 \u0142atwe do transportu i zawsze pod r\u0119k\u0105.<\/span>\u200b<\/p>\n<\/li>\n<li class=\"\" data-start=\"674\" data-end=\"788\">\n<p class=\"\" data-start=\"676\" data-end=\"788\"><strong data-start=\"676\" data-end=\"702\">Wysokiej jako\u015bci materia\u0142:<\/strong> <span class=\"relative -mx-px my-[-0.2rem] rounded px-px py-[0.2rem] transition-colors duration-100 ease-in-out\">Wykonany z pianki EVA o wysokiej g\u0119sto\u015bci, wolnej od BPA i lateksu, co zapewnia trwa\u0142o\u015b\u0107 i d\u0142ug\u0105 \u017cywotno\u015b\u0107.<\/span>\u200b<\/p>\n<\/li>\n<li class=\"\" data-start=\"790\" data-end=\"896\">\n<p class=\"\" data-start=\"792\" data-end=\"896\"><strong data-start=\"792\" data-end=\"810\">Kompaktowy rozmiar:<\/strong> <span class=\"relative -mx-px my-[-0.2rem] rounded px-px py-[0.2rem] transition-colors duration-100 ease-in-out\">Jego wymiary (22 \u00d7 16 \u00d7 10 cm) i waga (0,3 kg) sprawiaj\u0105, \u017ce jest idealny zar\u00f3wno do u\u017cytku domowego, jak i w podr\u00f3\u017cy.<\/span><\/p>\n<\/li>\n<\/ul>\n<p class=\"\" data-start=\"898\" data-end=\"983\"><span class=\"relative -mx-px my-[-0.2rem] rounded px-px py-[0.2rem] transition-colors duration-100 ease-in-out\">RAD Block to idealny wyb\u00f3r dla wszystkich, kt\u00f3rzy chc\u0105 uzupe\u0142ni\u0107 sw\u00f3j zestaw do automasa\u017cu o stabiln\u0105, wielofunkcyjn\u0105 podstaw\u0119, kt\u00f3ra wspomaga skuteczne rozlu\u017anianie mi\u0119\u015bni i regeneracj\u0119.<\/span><\/p>\n","protected":false},"excerpt":{"rendered":"<p>RAD Block to nie jest typowe narz\u0119dzie do masa\u017cu! To wielofunkcyjne akcesorium jest niezwykle przydatne, je\u015bli chcesz masowa\u0107 trudno dost\u0119pne miejsca, takie jak mi\u0119\u015bnie piersiowe czy przywodziciele. Jednocze\u015bnie Twoje r\u0119ce mog\u0105 pozosta\u0107 wolne. Wystarczy wpi\u0105\u0107 w niego sw\u00f3j RAD Roller lub RAD Rounds! Je\u015bli wybierasz si\u0119 w podr\u00f3\u017c, mo\u017ce r\u00f3wnie\u017c s\u0142u\u017cy\u0107 jako praktyczny schowek.    <\/p>\n","protected":false},"featured_media":247413,"comment_status":"open","ping_status":"closed","template":"","meta":[],"product_brand":[279],"product_cat":[320],"product_tag":[313,316,314,310],"class_list":{"0":"post-248627","1":"product","2":"type-product","3":"status-publish","4":"has-post-thumbnail","6":"product_brand-rad","7":"product_cat-pilki-do-masazu","8":"product_tag-pilka-do-masazu","9":"product_tag-rehabilitacja","10":"product_tag-rozluznianie-miesni","11":"product_tag-smr","13":"first","14":"instock","15":"taxable","16":"shipping-taxable","17":"purchasable","18":"product-type-simple"},"_links":{"self":[{"href":"https:\/\/radroller.hu\/pl\/wp-json\/wp\/v2\/product\/248627","targetHints":{"allow":["GET"]}}],"collection":[{"href":"https:\/\/radroller.hu\/pl\/wp-json\/wp\/v2\/product"}],"about":[{"href":"https:\/\/radroller.hu\/pl\/wp-json\/wp\/v2\/types\/product"}],"replies":[{"embeddable":true,"href":"https:\/\/radroller.hu\/pl\/wp-json\/wp\/v2\/comments?post=248627"}],"wp:featuredmedia":[{"embeddable":true,"href":"https:\/\/radroller.hu\/pl\/wp-json\/wp\/v2\/media\/247413"}],"wp:attachment":[{"href":"https:\/\/radroller.hu\/pl\/wp-json\/wp\/v2\/media?parent=248627"}],"wp:term":[{"taxonomy":"product_brand","embeddable":true,"href":"https:\/\/radroller.hu\/pl\/wp-json\/wp\/v2\/product_brand?post=248627"},{"taxonomy":"product_cat","embeddable":true,"href":"https:\/\/radroller.hu\/pl\/wp-json\/wp\/v2\/product_cat?post=248627"},{"taxonomy":"product_tag","embeddable":true,"href":"https:\/\/radroller.hu\/pl\/wp-json\/wp\/v2\/product_tag?post=248627"}],"curies":[{"name":"wp","href":"https:\/\/api.w.org\/{rel}","templated":true}]}}