{"id":248625,"date":"2017-05-05T21:20:16","date_gmt":"2017-05-05T19:20:16","guid":{"rendered":"https:\/\/radroller.hu\/termek\/rad-centre\/"},"modified":"2026-01-19T08:59:13","modified_gmt":"2026-01-19T07:59:13","slug":"rad-centre","status":"publish","type":"product","link":"https:\/\/radroller.hu\/pl\/termek\/rad-centre\/","title":{"rendered":"RAD Centre"},"content":{"rendered":"<p class=\"\" data-start=\"249\" data-end=\"539\">RAD Centre to pierwsza nadmuchiwana pi\u0142ka do masa\u017cu, kt\u00f3ra zosta\u0142a opracowana specjalnie do rozlu\u017aniania trzewnego, czyli oddzia\u0142uj\u0105cego na narz\u0105dy wewn\u0119trzne. Jej mi\u0119kka, ale stabilna powierzchnia pozwala na delikatn\u0105 mobilizacj\u0119 tkanek i narz\u0105d\u00f3w po\u0142o\u017conych w g\u0142\u0119bszych warstwach, przez \u015bcian\u0119 brzucha. <\/p>\n<p class=\"\" data-start=\"541\" data-end=\"791\">Doskonale nadaje si\u0119 do masa\u017cu brzucha, roz\u0142adowywania wewn\u0119trznych napi\u0119\u0107, a tak\u017ce do delikatnej piel\u0119gnacji okolic blizn po cesarskim ci\u0119ciu. Pomaga przywr\u00f3ci\u0107 ruchomo\u015b\u0107 tkanek, wspieraj\u0105c w ten spos\u00f3b regeneracj\u0119 i rozw\u00f3j \u015bwiadomo\u015bci cia\u0142a. <\/p>\n<p class=\"\" data-start=\"793\" data-end=\"1083\">Centre mo\u017ce r\u00f3wnie\u017c pom\u00f3c w identyfikacji napi\u0119\u0107 mi\u0119\u015bniowych i wra\u017cliwych punkt\u00f3w (punkt\u00f3w spustowych) \u2013 wszystko to bezbole\u015bnie i w naturalny spos\u00f3b. To doskona\u0142y wyb\u00f3r do automasa\u017cu, redukcji stresu, a nawet jako uzupe\u0142nienie terapii manualnej, jogi czy fizjoterapii. <\/p>\n<p>Ta pi\u0142ka jest jednym z g\u0142\u00f3wnych element\u00f3w uzupe\u0142niaj\u0105cego <a href=\"https:\/\/csaszarvonal.hu\/videotar\/product\/halado_has_es_hegkezeles\/23\" target=\"_blank\" rel=\"noopener\">programu zaawansowanej terapii brzucha i blizn<\/a> Cs\u00e1sz\u00e1rvonal.<\/p>\n","protected":false},"excerpt":{"rendered":"<p class=\"\" data-start=\"249\" data-end=\"539\">RAD Centre to pierwsza nadmuchiwana pi\u0142ka do masa\u017cu, kt\u00f3ra zosta\u0142a opracowana specjalnie do rozlu\u017aniania trzewnego, czyli oddzia\u0142uj\u0105cego na narz\u0105dy wewn\u0119trzne. Jej mi\u0119kka, ale stabilna powierzchnia pozwala na delikatn\u0105 mobilizacj\u0119 tkanek i narz\u0105d\u00f3w po\u0142o\u017conych w g\u0142\u0119bszych warstwach, przez \u015bcian\u0119 brzucha. <\/p>\n<p class=\"\" data-start=\"541\" data-end=\"791\">Doskonale nadaje si\u0119 do masa\u017cu brzucha, roz\u0142adowywania wewn\u0119trznych napi\u0119\u0107, a tak\u017ce do delikatnej piel\u0119gnacji okolic blizn po cesarskim ci\u0119ciu. Pomaga przywr\u00f3ci\u0107 ruchomo\u015b\u0107 tkanek, wspieraj\u0105c w ten spos\u00f3b regeneracj\u0119 i rozw\u00f3j \u015bwiadomo\u015bci cia\u0142a. <\/p>\n<p class=\"\" data-start=\"793\" data-end=\"1083\">Centre mo\u017ce r\u00f3wnie\u017c pom\u00f3c w identyfikacji napi\u0119\u0107 mi\u0119\u015bniowych i wra\u017cliwych punkt\u00f3w (punkt\u00f3w spustowych) \u2013 wszystko to bezbole\u015bnie i w naturalny spos\u00f3b. To doskona\u0142y wyb\u00f3r do automasa\u017cu, redukcji stresu, a nawet jako uzupe\u0142nienie terapii manualnej, jogi czy fizjoterapii. <\/p>\n<p>Ta pi\u0142ka jest jednym z g\u0142\u00f3wnych element\u00f3w uzupe\u0142niaj\u0105cego <a href=\"https:\/\/csaszarvonal.hu\/videotar\/product\/halado_has_es_hegkezeles\/23\">programu zaawansowanej terapii brzucha i blizn<\/a> Cs\u00e1sz\u00e1rvonal.<\/p>\n","protected":false},"featured_media":248541,"comment_status":"open","ping_status":"closed","template":"","meta":[],"product_brand":[],"product_cat":[320],"product_tag":[315,313,316,314,311,310,312,317,318],"class_list":{"0":"post-248625","1":"product","2":"type-product","3":"status-publish","4":"has-post-thumbnail","6":"product_cat-pilki-do-masazu","7":"product_tag-automasaz-miesniowo-powieziowy","8":"product_tag-pilka-do-masazu","9":"product_tag-rehabilitacja","10":"product_tag-rozluznianie-miesni","11":"product_tag-rozluznienie","12":"product_tag-smr","13":"product_tag-walek-do-masazu","14":"product_tag-walek-piankowy","15":"product_tag-walek-smr","17":"first","18":"instock","19":"taxable","20":"shipping-taxable","21":"purchasable","22":"product-type-simple"},"_links":{"self":[{"href":"https:\/\/radroller.hu\/pl\/wp-json\/wp\/v2\/product\/248625","targetHints":{"allow":["GET"]}}],"collection":[{"href":"https:\/\/radroller.hu\/pl\/wp-json\/wp\/v2\/product"}],"about":[{"href":"https:\/\/radroller.hu\/pl\/wp-json\/wp\/v2\/types\/product"}],"replies":[{"embeddable":true,"href":"https:\/\/radroller.hu\/pl\/wp-json\/wp\/v2\/comments?post=248625"}],"wp:featuredmedia":[{"embeddable":true,"href":"https:\/\/radroller.hu\/pl\/wp-json\/wp\/v2\/media\/248541"}],"wp:attachment":[{"href":"https:\/\/radroller.hu\/pl\/wp-json\/wp\/v2\/media?parent=248625"}],"wp:term":[{"taxonomy":"product_brand","embeddable":true,"href":"https:\/\/radroller.hu\/pl\/wp-json\/wp\/v2\/product_brand?post=248625"},{"taxonomy":"product_cat","embeddable":true,"href":"https:\/\/radroller.hu\/pl\/wp-json\/wp\/v2\/product_cat?post=248625"},{"taxonomy":"product_tag","embeddable":true,"href":"https:\/\/radroller.hu\/pl\/wp-json\/wp\/v2\/product_tag?post=248625"}],"curies":[{"name":"wp","href":"https:\/\/api.w.org\/{rel}","templated":true}]}}