{"id":248624,"date":"2017-04-25T10:53:51","date_gmt":"2017-04-25T08:53:51","guid":{"rendered":"https:\/\/radroller.hu\/termek\/rad-atom\/"},"modified":"2026-01-13T20:19:50","modified_gmt":"2026-01-13T19:19:50","slug":"rad-atom","status":"publish","type":"product","link":"https:\/\/radroller.hu\/pl\/termek\/rad-atom\/","title":{"rendered":"RAD Atom"},"content":{"rendered":"<p class=\"\" data-start=\"0\" data-end=\"126\"><span class=\"relative -mx-px my-[-0.2rem] rounded px-px py-[0.2rem] transition-colors duration-100 ease-in-out\">RAD Atom to du\u017ca, bardzo twarda pi\u0142ka do masa\u017cu, idealna do pracy z wi\u0119kszymi grupami mi\u0119\u015bniowymi, takimi jak barki, po\u015bladki i przywodziciele.<\/span> <span class=\"relative -mx-px my-[-0.2rem] rounded px-px py-[0.2rem] transition-colors duration-100 ease-in-out\">Jego konstrukcja umo\u017cliwia g\u0142\u0119boki, kontrolowany automasa\u017c, kt\u00f3ry pomaga w rozlu\u017anianiu napi\u0119\u0107 mi\u0119\u015bniowych i wspomaga regeneracj\u0119.<\/span><\/p>\n<p class=\"\" data-start=\"128\" data-end=\"155\"><strong data-start=\"128\" data-end=\"155\">Dwa sposoby u\u017cycia:<\/strong><\/p>\n<ol data-start=\"157\" data-end=\"388\">\n<li class=\"\" data-start=\"157\" data-end=\"263\">\n<p class=\"\" data-start=\"160\" data-end=\"263\"><strong data-start=\"160\" data-end=\"181\">Samodzielne u\u017cycie:<\/strong> <span class=\"relative -mx-px my-[-0.2rem] rounded px-px py-[0.2rem] transition-colors duration-100 ease-in-out\">RAD Atom to skuteczne narz\u0119dzie samo w sobie, kt\u00f3re polecamy przede wszystkim do masa\u017cu wi\u0119kszych grup mi\u0119\u015bniowych. Ze wzgl\u0119du na sw\u00f3j rozmiar, nacisk wywierany przez Atom nie jest tak intensywny jak w przypadku mniejszej pi\u0142ki do masa\u017cu. <\/span>\u200b<\/p>\n<\/li>\n<li class=\"\" data-start=\"265\" data-end=\"388\">\n<p class=\"\" data-start=\"268\" data-end=\"388\"><strong data-start=\"268\" data-end=\"306\">U\u017cycie w po\u0142\u0105czeniu z RAD Rod:<\/strong> <span class=\"relative -mx-px my-[-0.2rem] rounded px-px py-[0.2rem] transition-colors duration-100 ease-in-out\">Prze\u0142o\u017cenie <a href=\"https:\/\/wimoov.shop\/rad-rod\/\" target=\"_blank\" rel=\"noopener\">RAD Rod<\/a> przez \u015brodek Atoma daje precyzyjne narz\u0119dzie do rozlu\u017aniania, kt\u00f3re umo\u017cliwia g\u0142\u0119bszy, ukierunkowany nacisk i skuteczniejsz\u0105 mobilizacj\u0119 tkanek powi\u0119ziowych.<\/span><\/p>\n<\/li>\n<\/ol>\n<p class=\"\" data-start=\"390\" data-end=\"509\"><span class=\"relative -mx-px my-[-0.2rem] rounded px-px py-[0.2rem] transition-colors duration-100 ease-in-out\">Dzi\u0119ki materia\u0142owi i konstrukcji powierzchni, RAD Atom zapewnia odpowiedni\u0105 przyczepno\u015b\u0107 do sk\u00f3ry, co sprzyja rozlu\u017anianiu tkanek powierzchniowych i docieraniu do g\u0142\u0119bszych warstw.<\/span> <span class=\"relative -mx-px my-[-0.2rem] rounded px-px py-[0.2rem] transition-colors duration-100 ease-in-out\">Kulisty kszta\u0142t umo\u017cliwia wielokierunkowy nacisk, co jest szczeg\u00f3lnie skuteczne w pracy z zablokowanymi, ograniczonymi obszarami powi\u0119ziowymi.<\/span><\/p>\n","protected":false},"excerpt":{"rendered":"<p>RAD Atom to narz\u0119dzie do masa\u017cu, kt\u00f3re mo\u017cna stosowa\u0107 na wi\u0119kszo\u015bci cz\u0119\u015bci cia\u0142a, a dzi\u0119ki odpowiedniej twardo\u015bci i rozmiarowi umo\u017cliwia dobrze kontrolowany automasa\u017c. Idealne do pracy z barkami, po\u015bladkami i przywodzicielami. To innowacyjne arcydzie\u0142o mo\u017ce by\u0107 u\u017cywane na dwa sposoby: mo\u017cna na nim rolowa\u0107 w zwyk\u0142y spos\u00f3b, ale je\u015bli <a href=\"https:\/\/radroller.hu\/pl\/termek\/rad-rod\/\">RAD Rod<\/a> zostanie prze\u0142o\u017cony przez \u015brodek Atoma, otrzymamy precyzyjne narz\u0119dzie do rozlu\u017aniania napi\u0119\u0107 mi\u0119\u015bniowych.  <\/p>\n","protected":false},"featured_media":247400,"comment_status":"open","ping_status":"closed","template":"","meta":[],"product_brand":[],"product_cat":[320],"product_tag":[315,313,316,314,311,310,312,317,318],"class_list":{"0":"post-248624","1":"product","2":"type-product","3":"status-publish","4":"has-post-thumbnail","6":"product_cat-pilki-do-masazu","7":"product_tag-automasaz-miesniowo-powieziowy","8":"product_tag-pilka-do-masazu","9":"product_tag-rehabilitacja","10":"product_tag-rozluznianie-miesni","11":"product_tag-rozluznienie","12":"product_tag-smr","13":"product_tag-walek-do-masazu","14":"product_tag-walek-piankowy","15":"product_tag-walek-smr","17":"first","18":"instock","19":"taxable","20":"shipping-taxable","21":"purchasable","22":"product-type-simple"},"_links":{"self":[{"href":"https:\/\/radroller.hu\/pl\/wp-json\/wp\/v2\/product\/248624","targetHints":{"allow":["GET"]}}],"collection":[{"href":"https:\/\/radroller.hu\/pl\/wp-json\/wp\/v2\/product"}],"about":[{"href":"https:\/\/radroller.hu\/pl\/wp-json\/wp\/v2\/types\/product"}],"replies":[{"embeddable":true,"href":"https:\/\/radroller.hu\/pl\/wp-json\/wp\/v2\/comments?post=248624"}],"wp:featuredmedia":[{"embeddable":true,"href":"https:\/\/radroller.hu\/pl\/wp-json\/wp\/v2\/media\/247400"}],"wp:attachment":[{"href":"https:\/\/radroller.hu\/pl\/wp-json\/wp\/v2\/media?parent=248624"}],"wp:term":[{"taxonomy":"product_brand","embeddable":true,"href":"https:\/\/radroller.hu\/pl\/wp-json\/wp\/v2\/product_brand?post=248624"},{"taxonomy":"product_cat","embeddable":true,"href":"https:\/\/radroller.hu\/pl\/wp-json\/wp\/v2\/product_cat?post=248624"},{"taxonomy":"product_tag","embeddable":true,"href":"https:\/\/radroller.hu\/pl\/wp-json\/wp\/v2\/product_tag?post=248624"}],"curies":[{"name":"wp","href":"https:\/\/api.w.org\/{rel}","templated":true}]}}