{"id":248620,"date":"2016-12-12T22:39:14","date_gmt":"2016-12-12T21:39:14","guid":{"rendered":"https:\/\/radroller.hu\/termek\/rad-point-release-kit\/"},"modified":"2026-01-13T20:19:44","modified_gmt":"2026-01-13T19:19:44","slug":"rad-point-release-kit","status":"publish","type":"product","link":"https:\/\/radroller.hu\/pl\/termek\/rad-point-release-kit\/","title":{"rendered":"RAD Point Release Kit"},"content":{"rendered":"<p class=\"\" data-start=\"190\" data-end=\"271\"><span class=\"relative -mx-px my-[-0.2rem] rounded px-px py-[0.2rem] transition-colors duration-100 ease-in-out\">Ten starannie skomponowany pakiet do masa\u017cu zawiera trzy kluczowe narz\u0119dzia, kt\u00f3re wsp\u00f3lnie umo\u017cliwiaj\u0105 ukierunkowane, g\u0142\u0119bokie leczenie mi\u0119\u015bni i powi\u0119zi, zar\u00f3wno w domu, jak i w podr\u00f3\u017cy:<\/span><\/p>\n<ul data-start=\"273\" data-end=\"702\">\n<li class=\"\" data-start=\"273\" data-end=\"413\">\n<p class=\"\" data-start=\"275\" data-end=\"413\"><strong data-start=\"275\" data-end=\"289\">RAD Roller<\/strong><br data-start=\"289\" data-end=\"292\"><span class=\"relative -mx-px my-[-0.2rem] rounded px-px py-[0.2rem] transition-colors duration-100 ease-in-out\">Kompaktowa, podw\u00f3jna pi\u0142ka do masa\u017cu, zaprojektowana specjalnie do mobilizacji mi\u0119\u015bni wzd\u0142u\u017c kr\u0119gos\u0142upa. Jej tr\u00f3jwymiarowa konstrukcja umo\u017cliwia g\u0142\u0119boki, precyzyjny masa\u017c niemal wszystkich grup mi\u0119\u015bniowych cia\u0142a, jednocze\u015bnie unikaj\u0105c nadmiernego nacisku na kr\u0119gos\u0142up. <\/span><\/p>\n<\/li>\n<li class=\"\" data-start=\"415\" data-end=\"555\">\n<p class=\"\" data-start=\"417\" data-end=\"555\"><strong data-start=\"417\" data-end=\"431\">RAD Rounds<\/strong><br data-start=\"431\" data-end=\"434\"><span class=\"relative -mx-px my-[-0.2rem] rounded px-px py-[0.2rem] transition-colors duration-100 ease-in-out\">Zestaw trzech pi\u0142ek do masa\u017cu o r\u00f3\u017cnej wielko\u015bci i twardo\u015bci, idealny do leczenia w\u0119z\u0142\u00f3w mi\u0119\u015bniowych i napi\u0119tych mi\u0119\u015bni w trudno dost\u0119pnych obszarach. R\u00f3\u017cne rozmiary umo\u017cliwiaj\u0105 ukierunkowane leczenie r\u00f3\u017cnych punkt\u00f3w cia\u0142a, w tym obszar\u00f3w szcz\u0119ki, d\u0142oni i st\u00f3p. <\/span><\/p>\n<\/li>\n<li class=\"\" data-start=\"557\" data-end=\"702\">\n<p class=\"\" data-start=\"559\" data-end=\"702\"><strong data-start=\"559\" data-end=\"572\">RAD Block<\/strong><br data-start=\"572\" data-end=\"575\"><span class=\"relative -mx-px my-[-0.2rem] rounded px-px py-[0.2rem] transition-colors duration-100 ease-in-out\">Wszechstronne akcesorium, kt\u00f3re zapewnia stabiln\u0105 podstaw\u0119 do u\u017cytku z narz\u0119dziami Roller lub Rounds, szczeg\u00f3lnie podczas pracy z trudno dost\u0119pnymi mi\u0119\u015bniami, takimi jak mi\u0119\u015bnie piersiowe czy przywodziciele. S\u0142u\u017cy r\u00f3wnie\u017c jako praktyczny schowek, dzi\u0119ki czemu narz\u0119dzia s\u0105 zawsze pod r\u0119k\u0105. <\/span><\/p>\n<\/li>\n<\/ul>\n<p class=\"\" data-start=\"704\" data-end=\"789\"><span class=\"relative -mx-px my-[-0.2rem] rounded px-px py-[0.2rem] transition-colors duration-100 ease-in-out\">Ten pakiet to idealny wyb\u00f3r dla wszystkich, kt\u00f3rzy szukaj\u0105 kompleksowego, precyzyjnego rozwi\u0105zania do automasa\u017cu, czy to w celu regeneracji po sporcie, leczenia napi\u0119\u0107 mi\u0119\u015bniowych spowodowanych prac\u0105 biurow\u0105, czy og\u00f3lnego zwi\u0119kszenia mobilno\u015bci.<\/span><\/p>\n","protected":false},"excerpt":{"rendered":"<p>Precyzyjny pakiet do rozlu\u017aniania mi\u0119\u015bni i masa\u017cu mi\u0119\u015bniowo-powi\u0119ziowego. Zawiera RAD Roller o standardowej twardo\u015bci, RAD Rounds i RAD Block, w kt\u00f3rym mo\u017cesz to wszystko umie\u015bci\u0107. Oczywi\u015bcie <a href=\"https:\/\/radroller.hu\/pl\/termek\/rad-block\/\">Block<\/a> nadaje si\u0119 r\u00f3wnie\u017c do wielu innych zastosowa\u0144.  <\/p>\n","protected":false},"featured_media":247408,"comment_status":"open","ping_status":"closed","template":"","meta":[],"product_brand":[279],"product_cat":[308],"product_tag":[315,313,316,314,311,310,312,317,318],"class_list":{"0":"post-248620","1":"product","2":"type-product","3":"status-publish","4":"has-post-thumbnail","6":"product_brand-rad","7":"product_cat-pakiety-smr","8":"product_tag-automasaz-miesniowo-powieziowy","9":"product_tag-pilka-do-masazu","10":"product_tag-rehabilitacja","11":"product_tag-rozluznianie-miesni","12":"product_tag-rozluznienie","13":"product_tag-smr","14":"product_tag-walek-do-masazu","15":"product_tag-walek-piankowy","16":"product_tag-walek-smr","18":"first","19":"instock","20":"taxable","21":"shipping-taxable","22":"purchasable","23":"product-type-simple"},"_links":{"self":[{"href":"https:\/\/radroller.hu\/pl\/wp-json\/wp\/v2\/product\/248620","targetHints":{"allow":["GET"]}}],"collection":[{"href":"https:\/\/radroller.hu\/pl\/wp-json\/wp\/v2\/product"}],"about":[{"href":"https:\/\/radroller.hu\/pl\/wp-json\/wp\/v2\/types\/product"}],"replies":[{"embeddable":true,"href":"https:\/\/radroller.hu\/pl\/wp-json\/wp\/v2\/comments?post=248620"}],"wp:featuredmedia":[{"embeddable":true,"href":"https:\/\/radroller.hu\/pl\/wp-json\/wp\/v2\/media\/247408"}],"wp:attachment":[{"href":"https:\/\/radroller.hu\/pl\/wp-json\/wp\/v2\/media?parent=248620"}],"wp:term":[{"taxonomy":"product_brand","embeddable":true,"href":"https:\/\/radroller.hu\/pl\/wp-json\/wp\/v2\/product_brand?post=248620"},{"taxonomy":"product_cat","embeddable":true,"href":"https:\/\/radroller.hu\/pl\/wp-json\/wp\/v2\/product_cat?post=248620"},{"taxonomy":"product_tag","embeddable":true,"href":"https:\/\/radroller.hu\/pl\/wp-json\/wp\/v2\/product_tag?post=248620"}],"curies":[{"name":"wp","href":"https:\/\/api.w.org\/{rel}","templated":true}]}}