{"id":248619,"date":"2023-07-09T13:29:55","date_gmt":"2023-07-09T11:29:55","guid":{"rendered":"https:\/\/radroller.hu\/termek\/zestaw-do-rozluzniania-miesni\/"},"modified":"2025-12-30T22:59:18","modified_gmt":"2025-12-30T21:59:18","slug":"zestaw-do-rozluzniania-miesni","status":"publish","type":"product","link":"https:\/\/radroller.hu\/pl\/termek\/zestaw-do-rozluzniania-miesni\/","title":{"rendered":"Zestaw do rozlu\u017aniania mi\u0119\u015bni"},"content":{"rendered":"<p data-start=\"374\" data-end=\"543\">Pakiet <strong data-start=\"377\" data-end=\"399\">Skr\u0119caj\u0105cy Mi\u0119\u015bnie<\/strong> to jedno z najbardziej unikalnych rozwi\u0105za\u0144 systemu RAD: nie skr\u0119ca swoim kszta\u0142tem, lecz podczas u\u017cytkowania tworzy prawdziwy efekt skr\u0119cania tkanek.<\/p>\n<p data-start=\"545\" data-end=\"829\">Istota techniki polega na tym, \u017ce RAD Rod, w\u0142o\u017cony w RAD Atom, staje si\u0119 swego rodzaju d\u017awigni\u0105. Le\u017c\u0105c na Atomie, wykonuje si\u0119 kontrolowany ruch obrotowy za pomoc\u0105 Rod \u2013 w ten spos\u00f3b nie tylko wywiera si\u0119 nacisk, ale tak\u017ce w kontrolowany spos\u00f3b skr\u0119ca tkank\u0119 mi\u0119\u015bniow\u0105 i powi\u0119\u017a. <\/p>\n<p data-start=\"831\" data-end=\"934\">Ten mechanizm tworzy efekt, kt\u00f3ry <strong data-start=\"876\" data-end=\"933\">nie jest mo\u017cliwy do osi\u0105gni\u0119cia za pomoc\u0105 tradycyjnego wa\u0142ka lub pi\u0142ki<\/strong>.<\/p>\n<h3 data-start=\"941\" data-end=\"974\">Co wyr\u00f3\u017cnia ten pakiet?<\/h3>\n<p data-start=\"976\" data-end=\"1113\"><strong data-start=\"976\" data-end=\"1017\">Prawdziwa si\u0142a skr\u0119caj\u0105ca, nie tylko nacisk<\/strong><br data-start=\"1017\" data-end=\"1020\">Ci\u0119\u017car cia\u0142a koncentruje si\u0119 na kuli Atom, podczas gdy Rod dzia\u0142a jak d\u017awignia. Umo\u017cliwia to: <\/p>\n<ul data-start=\"1114\" data-end=\"1259\">\n<li data-start=\"1114\" data-end=\"1157\">\n<p data-start=\"1116\" data-end=\"1157\">kontrolowane przemieszczanie tkanek,<\/p>\n<\/li>\n<li data-start=\"1158\" data-end=\"1207\">\n<p data-start=\"1160\" data-end=\"1207\">\u201eprze\u0142amywanie\u201d powi\u0119zi w r\u00f3\u017cnych p\u0142aszczyznach,<\/p>\n<\/li>\n<li data-start=\"1208\" data-end=\"1259\">\n<p data-start=\"1210\" data-end=\"1259\">oraz skuteczniejsze uwalnianie g\u0142\u0119bszych warstw.<\/p>\n<\/li>\n<\/ul>\n<p data-start=\"1261\" data-end=\"1348\"><strong data-start=\"1261\" data-end=\"1294\">Precyzyjnie regulowana intensywno\u015b\u0107<\/strong><br data-start=\"1294\" data-end=\"1297\">Stopie\u0144 skr\u0119cania jest w pe\u0142ni kontrolowany:<\/p>\n<ul data-start=\"1349\" data-end=\"1508\">\n<li data-start=\"1349\" data-end=\"1389\">\n<p data-start=\"1351\" data-end=\"1389\">mniejszy ruch = delikatna mobilizacja,<\/p>\n<\/li>\n<li data-start=\"1390\" data-end=\"1508\">\n<p data-start=\"1392\" data-end=\"1508\">wi\u0119ksze obr\u00f3cenie = intensywniejsza terapia.<\/p>\n<\/li>\n<\/ul>\n<p data-start=\"1392\" data-end=\"1508\">Jest to bezpieczniejsze i bardziej \u015bwiadome ni\u017c narz\u0119dzia oparte na nadmiernym nacisku.<\/p>\n","protected":false},"excerpt":{"rendered":"<p>Du\u017ce mi\u0119\u015bnie wymagaj\u0105 intensywnego rozlu\u017anienia. Atom i Rod to idealne po\u0142\u0105czenie do punktowego rozlu\u017aniania ORAZ rolowania. Rozlu\u017anij najbardziej uporczywe w\u0119z\u0142y i rozroluj napi\u0119cie z du\u017cych grup mi\u0119\u015bniowych. Doskonale sprawdzaj\u0105 si\u0119 u\u017cywane osobno lub razem. Atom mo\u017cesz przesun\u0105\u0107 po Rodzie \u2013 a\u017c do jego \u015brodka \u2013 lub nawet nasun\u0105\u0107 go tylko na uchwyt Roda i u\u017cy\u0107 go jako d\u017awigni. Niezale\u017cnie od tego, co wybierzesz, najbardziej uporczywe w\u0119z\u0142y nie maj\u0105 szans, a mi\u0119\u015bnie z pewno\u015bci\u0105 osi\u0105gn\u0105 ostateczne rozlu\u017anienie.      Zawarto\u015b\u0107 zestawu:<\/p>\n<ul>\n<li>Rod<\/li>\n<li>Atom<\/li>\n<\/ul>\n","protected":false},"featured_media":248087,"comment_status":"open","ping_status":"closed","template":"","meta":[],"product_brand":[279],"product_cat":[308],"product_tag":[],"class_list":{"0":"post-248619","1":"product","2":"type-product","3":"status-publish","4":"has-post-thumbnail","6":"product_brand-rad","7":"product_cat-pakiety-smr","9":"first","10":"instock","11":"taxable","12":"shipping-taxable","13":"purchasable","14":"product-type-woosb"},"_links":{"self":[{"href":"https:\/\/radroller.hu\/pl\/wp-json\/wp\/v2\/product\/248619","targetHints":{"allow":["GET"]}}],"collection":[{"href":"https:\/\/radroller.hu\/pl\/wp-json\/wp\/v2\/product"}],"about":[{"href":"https:\/\/radroller.hu\/pl\/wp-json\/wp\/v2\/types\/product"}],"replies":[{"embeddable":true,"href":"https:\/\/radroller.hu\/pl\/wp-json\/wp\/v2\/comments?post=248619"}],"wp:featuredmedia":[{"embeddable":true,"href":"https:\/\/radroller.hu\/pl\/wp-json\/wp\/v2\/media\/248087"}],"wp:attachment":[{"href":"https:\/\/radroller.hu\/pl\/wp-json\/wp\/v2\/media?parent=248619"}],"wp:term":[{"taxonomy":"product_brand","embeddable":true,"href":"https:\/\/radroller.hu\/pl\/wp-json\/wp\/v2\/product_brand?post=248619"},{"taxonomy":"product_cat","embeddable":true,"href":"https:\/\/radroller.hu\/pl\/wp-json\/wp\/v2\/product_cat?post=248619"},{"taxonomy":"product_tag","embeddable":true,"href":"https:\/\/radroller.hu\/pl\/wp-json\/wp\/v2\/product_tag?post=248619"}],"curies":[{"name":"wp","href":"https:\/\/api.w.org\/{rel}","templated":true}]}}