{"id":248617,"date":"2023-07-09T13:45:35","date_gmt":"2023-07-09T11:45:35","guid":{"rendered":"https:\/\/radroller.hu\/termek\/zestaw-startowy-do-mobilizacji\/"},"modified":"2025-12-30T22:59:19","modified_gmt":"2025-12-30T21:59:19","slug":"zestaw-startowy-do-mobilizacji","status":"publish","type":"product","link":"https:\/\/radroller.hu\/pl\/termek\/zestaw-startowy-do-mobilizacji\/","title":{"rendered":"Zestaw startowy do mobilizacji"},"content":{"rendered":"<p data-start=\"375\" data-end=\"681\">Pakiet Startowy do <strong data-start=\"377\" data-end=\"403\">Mobilizacji<\/strong> jest idealnym wyborem, je\u015bli chc\u0105 Pa\u0144stwo rozpocz\u0105\u0107 \u015bwiadom\u0105 mobilizacj\u0119 mi\u0119\u015bni i tkanki \u0142\u0105cznej, ale <strong data-start=\"494\" data-end=\"539\">nie chc\u0105 od razu pe\u0142nego zestawu narz\u0119dzi<\/strong>. Ten pakiet zawiera esencj\u0119 metody RAD: <strong data-start=\"586\" data-end=\"643\">skuteczn\u0105, ukierunkowan\u0105 i \u0142atw\u0105 do opanowania samodzieln\u0105 terapi\u0119<\/strong> dla najcz\u0119stszych bolesnych obszar\u00f3w. <\/p>\n<p data-start=\"683\" data-end=\"777\">Idealne wprowadzenie do \u015bwiata RAD \u2013 <strong data-start=\"717\" data-end=\"776\">zar\u00f3wno dla pocz\u0105tkuj\u0105cych, sportowc\u00f3w, jak i os\u00f3b pracuj\u0105cych siedz\u0105co<\/strong>.<\/p>\n<h3 data-start=\"1296\" data-end=\"1326\">Dlaczego idealny pakiet startowy?<\/h3>\n<p data-start=\"1328\" data-end=\"1490\"><strong data-start=\"1328\" data-end=\"1356\">Prosty, a jednak skuteczny<\/strong><br data-start=\"1356\" data-end=\"1359\">Nie wymaga wcze\u015bniejszego przygotowania: ju\u017c 5\u201310 minut codziennego u\u017cytkowania mo\u017ce przynie\u015b\u0107 zauwa\u017caln\u0105 popraw\u0119 stanu mi\u0119\u015bni i jako\u015bci ruchu.<\/p>\n<p data-start=\"1492\" data-end=\"1702\"><strong data-start=\"1492\" data-end=\"1535\">Bardziej ukierunkowany ni\u017c tradycyjny wa\u0142ek<\/strong><br data-start=\"1535\" data-end=\"1538\">Kszta\u0142t narz\u0119dzi RAD umo\u017cliwia g\u0142\u0119bsz\u0105, bardziej precyzyjn\u0105 terapi\u0119 nawet w obszarach, gdzie klasyczny wa\u0142ek jest nieskuteczny (np. okolice \u0142opatek, biodra, stopy).<\/p>\n<p data-start=\"1704\" data-end=\"1843\"><strong data-start=\"1704\" data-end=\"1729\">Kompaktowy i przeno\u015bny<\/strong><br data-start=\"1729\" data-end=\"1732\">\u0141atwy w u\u017cyciu w domu, na si\u0142owni, a nawet w podr\u00f3\u017cy \u2013 nie zajmuje du\u017co miejsca, a mimo to jest wszechstronny.<\/p>\n<p data-start=\"1845\" data-end=\"2012\"><strong data-start=\"1845\" data-end=\"1874\">System z mo\u017cliwo\u015bci\u0105 rozbudowy<\/strong><br data-start=\"1874\" data-end=\"1877\">Pakiet Startowy to doskona\u0142a podstawa: je\u015bli p\u00f3\u017aniej zechc\u0105 Pa\u0144stwo g\u0142\u0119bszej lub pe\u0142nej terapii cia\u0142a, mo\u017cna go \u0142atwo uzupe\u0142ni\u0107 o dodatkowe narz\u0119dzia RAD.<\/p>\n","protected":false},"excerpt":{"rendered":"<p>Kupuj\u0105 Pa\u0144stwo dla przyjaciela, kt\u00f3ry w Nowym Roku chce prowadzi\u0107 zdrowy tryb \u017cycia? A mo\u017ce dla cz\u0142onka rodziny, kt\u00f3ry chcia\u0142by zacz\u0105\u0107 u\u017cywa\u0107 wa\u0142ka do masa\u017cu, ale nie wie, jak? Ten pakiet zosta\u0142 zaprojektowany dla pocz\u0105tkuj\u0105cych i nowicjuszy SMR. Zawiera genialny wa\u0142ek do masa\u017cu EVA, nasz\u0105 oryginaln\u0105 podw\u00f3jn\u0105 pi\u0142k\u0119 do masa\u017cu oraz dr\u0105\u017cek do masa\u017cu z rdzeniem stalowym, kt\u00f3ry pos\u0142u\u017cy na ca\u0142e \u017cycie. Pakiet zawiera wi\u0119c: <\/p>\n<ul>\n<li>Roller (mo\u017cliwy wyb\u00f3r twardo\u015bci)<\/li>\n<li>Rod<\/li>\n<li>Axle<\/li>\n<\/ul>\n","protected":false},"featured_media":248510,"comment_status":"open","ping_status":"closed","template":"","meta":[],"product_brand":[279],"product_cat":[308],"product_tag":[],"class_list":{"0":"post-248617","1":"product","2":"type-product","3":"status-publish","4":"has-post-thumbnail","6":"product_brand-rad","7":"product_cat-pakiety-smr","9":"first","10":"instock","11":"taxable","12":"shipping-taxable","13":"purchasable","14":"product-type-woosb"},"_links":{"self":[{"href":"https:\/\/radroller.hu\/pl\/wp-json\/wp\/v2\/product\/248617","targetHints":{"allow":["GET"]}}],"collection":[{"href":"https:\/\/radroller.hu\/pl\/wp-json\/wp\/v2\/product"}],"about":[{"href":"https:\/\/radroller.hu\/pl\/wp-json\/wp\/v2\/types\/product"}],"replies":[{"embeddable":true,"href":"https:\/\/radroller.hu\/pl\/wp-json\/wp\/v2\/comments?post=248617"}],"wp:featuredmedia":[{"embeddable":true,"href":"https:\/\/radroller.hu\/pl\/wp-json\/wp\/v2\/media\/248510"}],"wp:attachment":[{"href":"https:\/\/radroller.hu\/pl\/wp-json\/wp\/v2\/media?parent=248617"}],"wp:term":[{"taxonomy":"product_brand","embeddable":true,"href":"https:\/\/radroller.hu\/pl\/wp-json\/wp\/v2\/product_brand?post=248617"},{"taxonomy":"product_cat","embeddable":true,"href":"https:\/\/radroller.hu\/pl\/wp-json\/wp\/v2\/product_cat?post=248617"},{"taxonomy":"product_tag","embeddable":true,"href":"https:\/\/radroller.hu\/pl\/wp-json\/wp\/v2\/product_tag?post=248617"}],"curies":[{"name":"wp","href":"https:\/\/api.w.org\/{rel}","templated":true}]}}