{"id":248806,"date":"2025-08-28T13:53:36","date_gmt":"2025-08-28T11:53:36","guid":{"rendered":"https:\/\/radroller.hu\/faq\/"},"modified":"2025-08-28T13:53:38","modified_gmt":"2025-08-28T11:53:38","slug":"faq","status":"publish","type":"page","link":"https:\/\/radroller.hu\/pl\/faq\/","title":{"rendered":"FAQ"},"content":{"rendered":"\n<h1>Cz\u0119sto zadawane pytania<\/h1>\n<h3><span style=\"font-weight: 400;\">Jaka gwarancja obejmuje produkty?<\/span><\/h3>\n<p><span style=\"font-weight: 400;\">Tak zwana do\u017cywotnia gwarancja. Oznacza to, \u017ce dop\u00f3ki produkcja danego produktu nie zostanie wstrzymana, zapewniamy na niego ci\u0105g\u0142\u0105 gwarancj\u0119. Dotyczy to wy\u0142\u0105cznie wad produkcyjnych. Zatem, je\u015bli masz RAD Roller, kt\u00f3ry np. zepsuje si\u0119 za 3 lata, zg\u0142aszasz nam to, a je\u015bli uszkodzenie wynika z wady produkcyjnej, wy\u015blemy Ci nowy Roller.   <\/span><\/p>\n<h3><span style=\"font-weight: 400;\">Jaki jest czas dostawy?<\/span><\/h3>\n<p><span style=\"font-weight: 400;\">2-3 dni robocze. Zazwyczaj kurier odbiera paczk\u0119 od nas po po\u0142udniu nast\u0119pnego dnia po z\u0142o\u017ceniu zam\u00f3wienia, a dostarcza j\u0105 kolejnego dnia. <\/span><\/p>\n<h3><span style=\"font-weight: 400;\">Jakie s\u0105 przeciwwskazania?<\/span><\/h3>\n<ul>\n<li style=\"font-weight: 400;\"><span style=\"font-weight: 400;\">Zaawansowana osteoporoza. (W przypadku \u0142agodnej osteoporozy skonsultuj si\u0119 z lekarzem!) <\/span><\/li>\n<li style=\"font-weight: 400;\"><span style=\"font-weight: 400;\">Z\u0142amania.<\/span><\/li>\n<li style=\"font-weight: 400;\"><span style=\"font-weight: 400;\">Choroba nowotworowa.<\/span><\/li>\n<li style=\"font-weight: 400;\"><span style=\"font-weight: 400;\">W pobli\u017cu otwartych ran.<\/span><\/li>\n<li style=\"font-weight: 400;\"><span style=\"font-weight: 400;\">Na obrz\u0119kni\u0119tych, pokrytych krwiakami cz\u0119\u015bciach cia\u0142a.<\/span><\/li>\n<li style=\"font-weight: 400;\"><span style=\"font-weight: 400;\">W przypadku ci\u0105\u017cy skonsultuj si\u0119 z lekarzem lub fizjoterapeut\u0105!<\/span><\/li>\n<\/ul>\n<h3><span style=\"font-weight: 400;\">Czy produkty lecz\u0105 jakie\u015b choroby?<\/span><\/h3>\n<p><span style=\"font-weight: 400;\">Nie. Produkty te \u2013 cho\u0107 s\u0105 pomocami zdrowotnymi \u2013 pomagaj\u0105 w odzyskaniu\/poprawie naszej mobilno\u015bci i elastyczno\u015bci (przynosz\u0105c nawet bardzo spektakularne rezultaty), ale nie lecz\u0105 konkretnych chor\u00f3b. <\/span><\/p>\n<h3><span style=\"font-weight: 400;\">Czy mog\u0119 u\u017cywa\u0107 produkt\u00f3w, je\u015bli nie jestem zdrowy\/zdrowa?<\/span><\/h3>\n<p><span style=\"font-weight: 400;\">Zale\u017cy, co Ci dolega. Je\u015bli masz chorob\u0119 nowotworow\u0105, lepiej ich nie u\u017cywaj. Je\u015bli tylko si\u0119 przezi\u0119bi\u0142e\u015b, \u015bmia\u0142o. Je\u015bli nie jeste\u015b pewien, skonsultuj si\u0119 z lekarzem lub popro\u015b o porad\u0119 naszego fizjoterapeut\u0119.   <\/span><\/p>\n<h3><span style=\"font-weight: 400;\">Jak cz\u0119sto powinienem\/powinnam ich u\u017cywa\u0107?<\/span><\/h3>\n<p><span style=\"font-weight: 400;\">Najlepiej codziennie. Efekty terapii manualnej s\u0105 trwa\u0142e, je\u015bli jest ona stosowana regularnie. Wed\u0142ug wynik\u00f3w bada\u0144, aby uzyska\u0107 d\u0142ugotrwa\u0142e rezultaty, warto przeprowadza\u0107 terapie trwaj\u0105ce co najmniej 2 tygodnie.   <\/span><\/p>\n<h3><span style=\"font-weight: 400;\">Jak d\u0142ugo powinien trwa\u0107 ka\u017cdy z \u0107wicze\u0144 dost\u0119pnych na stronie?<\/span><\/h3>\n<p><span style=\"font-weight: 400;\">5-10 g\u0142\u0119bokich oddech\u00f3w wystarczy na jedn\u0105 pozycj\u0119.<\/span><\/p>\n<h3><span style=\"font-weight: 400;\">Co powinienem\/powinnam czu\u0107, \u017ceby wiedzie\u0107, \u017ce robi\u0119 to dobrze?<\/span><\/h3>\n<p><span style=\"font-weight: 400;\">Podczas sesji poczujesz lekki b\u00f3l. W gorzej kondycjonowanych obszarach i wra\u017cliwych punktach (punktach spustowych) b\u00f3l b\u0119dzie nieco silniejszy. Wa\u017cne jest jednak, aby nie by\u0142o zbyt bolesne. Wywo\u0142anie zbyt silnego b\u00f3lu aktywuje mechanizm obronny Twojego cia\u0142a i mimowolnie napniesz mi\u0119\u015bnie, co jest sprzeczne z Twoim celem (rozlu\u017anieniem mi\u0119\u015bni).   <\/span><\/p>\n<h3><span style=\"font-weight: 400;\">Kiedy poczuj\u0119 efekty \u0107wiczenia?<\/span><\/h3>\n<p><span style=\"font-weight: 400;\">Zaraz po zabiegu. W niekt\u00f3rych przypadkach zmiana w ruchomo\u015bci i elastyczno\u015bci b\u0119dzie bardzo widoczna. Ewentualny b\u00f3l mo\u017ce r\u00f3wnie\u017c ust\u0105pi\u0107 niemal natychmiast. Jednak efekt pojedynczego zabiegu stosunkowo szybko zanika.    D\u0142ugotrwa\u0142e zmiany mo\u017cna osi\u0105gn\u0105\u0107 poprzez regularne stosowanie.<\/span><\/p>\n<h3><span style=\"font-weight: 400;\">Jak mog\u0119 uzyska\u0107 pomoc, je\u015bli mam w\u0105tpliwo\u015bci?<\/span><\/h3>\n<p><span style=\"font-weight: 400;\">Skontaktuj si\u0119 z nami, korzystaj\u0105c z danych kontaktowych na g\u00f3rze strony lub wype\u0142niaj\u0105c formularz kontaktowy. Mo\u017cesz r\u00f3wnie\u017c bezpo\u015brednio zadzwoni\u0107 do naszego fizjoterapeuty pod numer +36309895315.  <\/span><\/p>\n<h3><span style=\"font-weight: 400;\">Jak wybra\u0107 najbardziej odpowiednie dla mnie produkty RAD?<\/span><\/h3>\n<p><span style=\"font-weight: 400;\">Przeczytaj wszystko, co znajdziesz na tej stronie. Je\u015bli nadal nie jeste\u015b pewien\/pewna, kt\u00f3re narz\u0119dzie b\u0119dzie najlepsze do osi\u0105gni\u0119cia Twoich cel\u00f3w, napisz do nas lub zadzwo\u0144! <\/span><\/p>\n<h3><span style=\"font-weight: 400;\">Czy macie zni\u017cki ilo\u015bciowe?<\/span><\/h3>\n<p><span style=\"font-weight: 400;\">Obecnie nie oferujemy automatycznych zni\u017cek ilo\u015bciowych. Je\u015bli potrzebujesz wielu narz\u0119dzi, skontaktuj si\u0119 z nami. Mo\u017ce si\u0119 okaza\u0107, \u017ce jeden z naszych program\u00f3w partnerskich b\u0119dzie dla Ciebie najkorzystniejszy.  <\/span><\/p>\n<h3><span style=\"font-weight: 400;\">Czy macie program lojalno\u015bciowy?<\/span><\/h3>\n<p><span style=\"font-weight: 400;\">Obecnie nie prowadzimy programu lojalno\u015bciowego.<\/span><\/p>\n<h3><span style=\"font-weight: 400;\">Czy mog\u0119 otrzyma\u0107 darmow\u0105 dostaw\u0119?<\/span><\/h3>\n<p><span style=\"font-weight: 400;\">Tak. W przypadku zam\u00f3wie\u0144 na W\u0119grzech dostawa jest bezp\u0142atna powy\u017cej 40 000 HUF, a w przypadku przesy\u0142ek mi\u0119dzynarodowych powy\u017cej 200 EUR. Chcieliby\u015bmy, aby beztroska zwi\u0105zana z naszymi produktami towarzyszy\u0142a Ci od pierwszej chwili.  <\/span><\/p>\n<h3><span style=\"font-weight: 400;\">Jak mog\u0119 zosta\u0107 Waszym partnerem?<\/span><\/h3>\n<p><span style=\"font-weight: 400;\">Je\u015bli uwa\u017casz, \u017ce produkty mog\u0105 by\u0107 interesuj\u0105ce dla Twoich klient\u00f3w \/ pacjent\u00f3w \/ sportowc\u00f3w, lub z jakiego\u015b powodu chcia\u0142by\u015b\/chcia\u0142aby\u015b w\u0142\u0105czy\u0107 si\u0119 w dystrybucj\u0119, napisz do nas! <\/span><\/p>\n<h3><span style=\"font-weight: 400;\">Czy mo\u017cna gdzie\u015b uko\u0144czy\u0107 kurs RAD?<\/span><\/h3>\n<p>Tak, cho\u0107 obecnie regularne kursy RAD (RAD Mobility 1-3, RAD Golf i RAD Yoga) odbywaj\u0105 si\u0119 tylko w USA. Je\u015bli chcesz dowiedzie\u0107 si\u0119, kiedy i gdzie taki kurs odb\u0119dzie si\u0119 na W\u0119grzech, zapisz si\u0119 do naszego newslettera lub \u015bled\u017a nasz\u0105 stron\u0119 na Facebooku. <\/p>\n<h3><span style=\"font-weight: 400;\">Jak dzia\u0142a p\u0142atno\u015b\u0107 kart\u0105 na Waszej stronie?<\/span><\/h3>\n<p><span style=\"font-weight: 400;\">P\u0142ynnie i bezpiecznie. \ud83d\ude42 Z tych dw\u00f3ch powod\u00f3w zdecydowali\u015bmy si\u0119 powierzy\u0107 obs\u0142ug\u0119 naszych transakcji kart\u0105 p\u0142atnicz\u0105 firmie PayPal. PayPal zapewnia system p\u0142atno\u015bci dla eBay i wielu innych du\u017cych sklep\u00f3w internetowych na ca\u0142ym \u015bwiecie. Jedn\u0105 z najwa\u017cniejszych cech jest to, \u017ce je\u015bli z niego korzystasz, sprzedawca (w tym przypadku my) nie uzyskuje dost\u0119pu do danych Twojej karty p\u0142atniczej. Je\u015bli chcesz dowiedzie\u0107 si\u0119 wi\u0119cej, odwied\u017a      <\/span><a href=\"https:\/\/www.paypal.com\/hu\/webapps\/mpp\/paypal-safety-and-security\" target=\"_blank\" rel=\"noopener\"><span style=\"font-weight: 400;\">tutaj<\/span><\/a><span style=\"font-weight: 400;\">.<\/span><\/p>\n<p><span style=\"font-weight: 400;\">Od 2020 roku mo\u017cesz r\u00f3wnie\u017c wybra\u0107 naszego innego partnera p\u0142atniczego do p\u0142atno\u015bci kart\u0105 \u2013 Barion. Barion Payment Zrt., za\u0142o\u017cona w 2015 roku, jest dostawc\u0105 us\u0142ug p\u0142atno\u015bci elektronicznych. Dzia\u0142a na podstawie zezwolenia Narodowego Banku W\u0119gier i obs\u0142uguje klient\u00f3w z Europejskiego Obszaru Gospodarczego, \u015bwiadcz\u0105c us\u0142ugi transgraniczne.   <\/span><\/p>\n<p>Od 2021 roku dost\u0119pna jest r\u00f3wnie\u017c opcja p\u0142atno\u015bci Stripe, kt\u00f3ra w tym roku rozpocz\u0119\u0142a swoj\u0105 dzia\u0142alno\u015b\u0107 na W\u0119grzech. Je\u015bli wybierzesz t\u0119 opcj\u0119, mo\u017cesz by\u0107 pewien\/pewna pe\u0142nej anonimowo\u015bci. W tym przypadku r\u00f3wnie\u017c nie widzimy danych Twojej karty p\u0142atniczej, a jedynie informacj\u0119, czy p\u0142atno\u015b\u0107 zako\u0144czy\u0142a si\u0119 sukcesem, czy nie.  <\/p>\n<h3><span style=\"font-weight: 400;\">Zam\u00f3wi\u0142em\/zam\u00f3wi\u0142am za pobraniem, ale otrzyma\u0142em\/otrzyma\u0142am faktur\u0119 pro forma. Co powinienem\/powinnam zrobi\u0107? <\/span><\/h3>\n<p>Gdy tylko wy\u015blemy Twoje zam\u00f3wienie, nasz system automatycznie wystawi faktur\u0119 pro forma e-faktur\u0119. Je\u015bli wybra\u0142e\u015b\/wybra\u0142a\u015b dostaw\u0119 za pobraniem, zap\u0142acisz kurierowi, a faktura pro forma zostanie op\u0142acona. <\/p>\n<h3><span style=\"font-weight: 400;\">Zmieni\u0142em\/zmieni\u0142am zdanie, chcia\u0142bym\/chcia\u0142abym wymieni\u0107 produkt na inny. Czy to mo\u017cliwe? <\/span><\/h3>\n<p>Oczywi\u015bcie! Chcieliby\u015bmy, aby\u015b by\u0142\/by\u0142a zadowolony\/zadowolona ze swojego narz\u0119dzia! W takim przypadku prosimy o kontakt pod adresem info@radroller.hu. Wy\u015blemy wybrany nowy produkt, a kurier odbierze ten, kt\u00f3rego nie potrzebujesz. W ten spos\u00f3b nie musisz wysy\u0142a\u0107 produktu poczt\u0105! Za wymian\u0119 naliczamy nasz\u0105 standardow\u0105 op\u0142at\u0119 za dostaw\u0119, kt\u00f3r\u0105 nale\u017cy ui\u015bci\u0107 kurierowi.     <\/p>\n<h3>Jednak nie chc\u0119 produktu. Co powinienem\/powinnam zrobi\u0107? <\/h3>\n<p>Je\u015bli zdecydujesz si\u0119 skorzysta\u0107 z prawa do odst\u0105pienia od umowy, prosimy odes\u0142a\u0107 produkt na nasz adres, a my zwr\u00f3cimy cen\u0119 produktu oraz koszt dostawy. Mo\u017cesz to zrobi\u0107 w ci\u0105gu 30 dni od daty otrzymania produktu, bez podawania przyczyny! <\/p>\n\n","protected":false},"excerpt":{"rendered":"<p>Przeciwwskazania, dostawa, p\u0142atno\u015b\u0107, gwarancja. Cz\u0119sto zadawane pytania dotycz\u0105ce produkt\u00f3w RAD. <\/p>\n","protected":false},"author":2,"featured_media":0,"parent":0,"menu_order":0,"comment_status":"closed","ping_status":"closed","template":"","meta":{"footnotes":""},"class_list":["post-248806","page","type-page","status-publish","hentry"],"_links":{"self":[{"href":"https:\/\/radroller.hu\/pl\/wp-json\/wp\/v2\/pages\/248806","targetHints":{"allow":["GET"]}}],"collection":[{"href":"https:\/\/radroller.hu\/pl\/wp-json\/wp\/v2\/pages"}],"about":[{"href":"https:\/\/radroller.hu\/pl\/wp-json\/wp\/v2\/types\/page"}],"author":[{"embeddable":true,"href":"https:\/\/radroller.hu\/pl\/wp-json\/wp\/v2\/users\/2"}],"replies":[{"embeddable":true,"href":"https:\/\/radroller.hu\/pl\/wp-json\/wp\/v2\/comments?post=248806"}],"version-history":[{"count":0,"href":"https:\/\/radroller.hu\/pl\/wp-json\/wp\/v2\/pages\/248806\/revisions"}],"wp:attachment":[{"href":"https:\/\/radroller.hu\/pl\/wp-json\/wp\/v2\/media?parent=248806"}],"curies":[{"name":"wp","href":"https:\/\/api.w.org\/{rel}","templated":true}]}}