{"id":248786,"date":"2025-08-28T13:51:52","date_gmt":"2025-08-28T11:51:52","guid":{"rendered":"https:\/\/radroller.hu\/badz-naszym-partnerem\/"},"modified":"2025-08-28T13:51:55","modified_gmt":"2025-08-28T11:51:55","slug":"badz-naszym-partnerem","status":"publish","type":"page","link":"https:\/\/radroller.hu\/pl\/badz-naszym-partnerem\/","title":{"rendered":"B\u0104D\u0179 NASZYM PARTNEREM"},"content":{"rendered":"\n<p>B\u0105d\u017a naszym partnerem!<\/p>\n<p>Chcesz dystrybuowa\u0107 nasze produkty? Chcesz mie\u0107 je na stanie w swojej si\u0142owni? Chcesz uzupe\u0142ni\u0107 swoj\u0105 dzia\u0142alno\u015b\u0107 jako fizjoterapeuta, masa\u017cysta, trener personalny o nowe \u017ar\u00f3d\u0142o? A mo\u017ce po prostu podobaj\u0105 Ci si\u0119 nasze produkty i chcia\u0142by\u015b nas reprezentowa\u0107 na wydarzeniach lub na torze?   <\/p>\n<p>BFour Innovative Tools Kft. jest wy\u0142\u0105cznym dystrybutorem produkt\u00f3w <strong>RAD<\/strong> w Europie \u015arodkowej. Jeste\u015bmy przekonani, \u017ce nasze produkty s\u0105 najlepsze w swojej kategorii, a do\u017cywotnia gwarancja oraz profesjonalna obs\u0142uga klienta wspierana przez fizjoterapeut\u00f3w stanowi\u0105 atrakcyjn\u0105 alternatyw\u0119 dla innych podobnych produkt\u00f3w. Je\u015bli podzielasz nasz\u0105 opini\u0119 i chcia\u0142by\u015b zosta\u0107 naszym partnerem, skontaktuj si\u0119 z nami telefonicznie lub od razu za po\u015brednictwem formularza.   <\/p>\n<p>Nasze r\u00f3\u017cnorodne programy partnerskie zosta\u0142y zaprojektowane tak, aby oferowa\u0107 atrakcyjne mo\u017cliwo\u015bci biznesowe zar\u00f3wno dla najmniejszych, jak i najwi\u0119kszych. Niezale\u017cnie od tego, czy jeste\u015b samodzielnym fizjoterapeut\u0105, instruktorem jogi, sportowcem, czy posiadasz kilka klub\u00f3w fitness lub sklep internetowy, jeste\u015bmy pewni, \u017ce przedstawimy Ci ofert\u0119, z kt\u00f3rej b\u0119dziesz zadowolony. <\/p>\n\n","protected":false},"excerpt":{"rendered":"<p>Atrakcyjne oferty partnerskie na promocj\u0119 produkt\u00f3w RAD, od najmniejszych do najwi\u0119kszych.<\/p>\n","protected":false},"author":2,"featured_media":0,"parent":0,"menu_order":0,"comment_status":"closed","ping_status":"closed","template":"page-blank.php","meta":{"footnotes":""},"class_list":["post-248786","page","type-page","status-publish","hentry"],"_links":{"self":[{"href":"https:\/\/radroller.hu\/pl\/wp-json\/wp\/v2\/pages\/248786","targetHints":{"allow":["GET"]}}],"collection":[{"href":"https:\/\/radroller.hu\/pl\/wp-json\/wp\/v2\/pages"}],"about":[{"href":"https:\/\/radroller.hu\/pl\/wp-json\/wp\/v2\/types\/page"}],"author":[{"embeddable":true,"href":"https:\/\/radroller.hu\/pl\/wp-json\/wp\/v2\/users\/2"}],"replies":[{"embeddable":true,"href":"https:\/\/radroller.hu\/pl\/wp-json\/wp\/v2\/comments?post=248786"}],"version-history":[{"count":0,"href":"https:\/\/radroller.hu\/pl\/wp-json\/wp\/v2\/pages\/248786\/revisions"}],"wp:attachment":[{"href":"https:\/\/radroller.hu\/pl\/wp-json\/wp\/v2\/media?parent=248786"}],"curies":[{"name":"wp","href":"https:\/\/api.w.org\/{rel}","templated":true}]}}