{"id":248608,"date":"2025-08-28T12:15:46","date_gmt":"2025-08-28T10:15:46","guid":{"rendered":"https:\/\/radroller.hu\/polityka-prywatnosci\/"},"modified":"2025-08-28T12:15:49","modified_gmt":"2025-08-28T10:15:49","slug":"polityka-prywatnosci","status":"publish","type":"page","link":"https:\/\/radroller.hu\/pl\/polityka-prywatnosci\/","title":{"rendered":"Polityka prywatno\u015bci"},"content":{"rendered":"\n<h2 style=\"text-align: center;\"><b>Polityka prywatno\u015bci<\/b><\/h2>\n<p style=\"text-align: center;\"><b>Obowi\u0105zuje od: 25 maja 2018 r. <\/b><b><\/b><b><br>Zaktualizowano: 8 czerwca 2025 r. <\/b><\/p>\n<p> <span style=\"font-size: 14px;\"> <\/span><\/p>\n<h3><b>Dane administratora<\/b><\/h3>\n<p><span style=\"font-weight: 400;\">Administrator<\/span><span style=\"font-weight: 400;\"> <\/span><span style=\"font-weight: 400;\">danych: BFour Innovative Tools Kft.<\/span><span style=\"font-weight: 400;\"><br><\/span><span style=\"font-weight: 400;\">Siedziba: 8900 Zalaegerszeg, Zala u. 2\/D. <\/span><span style=\"font-weight: 400;\"><br><\/span><span style=\"font-weight: 400;\">Przedstawiciel<\/span><span style=\"font-weight: 400;\">:<\/span><span style=\"font-weight: 400;\"> Bal\u00e1zs Gerencs\u00e9r, dyrektor zarz<\/span><span style=\"font-weight: 400;\">\u0105dzaj\u0105cy<\/span><span style=\"font-weight: 400;\"><br><\/span><span style=\"font-weight: 400;\">NIP: 25801918-2-20<\/span><span style=\"font-weight: 400;\"><br><\/span><span style=\"font-weight: 400;\">Numer w rejestrze handlowym: 20-09-075338<\/span><span style=\"font-weight: 400;\"><br><\/span><span style=\"font-weight: 400;\">Organ rejestruj<\/span><span style=\"font-weight: 400;\">\u0105<\/span><span style=\"font-weight: 400;\">cy: S\u0105d Rejestrowy Wojew\u00f3dztwa Zala<\/span><span style=\"font-weight: 400;\"><br><\/span><span style=\"font-weight: 400;\">Strona internetowa: <\/span><span style=\"font-weight: 400;\">radroller<\/span><span style=\"font-weight: 400;\">.<\/span><span style=\"font-weight: 400;\">hu<\/span><a href=\"https:\/\/radroller.hu\/pl\/\"><span style=\"font-weight: 400;\"><br><\/span><\/a><span style=\"font-weight: 400;\">E-mail i Obs\u0142uga Klienta: <\/span><span style=\"font-weight: 400;\"><a href=\"mailto:info@radroller.hu\">info@radroller.hu<\/a><br><\/span><span style=\"font-weight: 400;\">Numer identyfikacyjny rejestru ochrony danych: NAIH-119595\/2017<br><\/span><span style=\"font-weight: 400;\">Dane dostawcy hostingu:<\/span><span style=\"font-weight: 400;\"><br><\/span><span style=\"font-weight: 400;\">T\u00e1rhely.eu Kft. 1144 Budapeszt, Orm\u00e1ns\u00e1g u.  4. X. 241. support@tarhely.eu <\/span><\/p>\n<p><span style=\"font-weight: 400;\">Niniejsza Polityka prywatno\u015bci opisuje zasady BFour Innovative Tools Kft. dotycz\u0105ce gromadzenia i wykorzystywania informacji zebranych podczas korzystania z https:\/\/radroller.hu (\u201eUs\u0142uga&#8221;). Niniejsza Polityka prywatno\u015bci opisuje Twoje prawa do ochrony danych oraz spos\u00f3b, w jaki przepisy o ochronie danych chroni\u0105 Ci\u0119.  <\/span><\/p>\n<p><span style=\"font-weight: 400;\">Korzystaj\u0105c z naszej Us\u0142ugi, wyra\u017casz zgod\u0119 na gromadzenie i wykorzystywanie Twoich danych zgodnie z niniejsz\u0105 Polityk\u0105 prywatno\u015bci. Prosimy o nielogowanie si\u0119 i niekorzystanie z naszej Us\u0142ugi, je\u015bli nie wyra\u017casz zgody na gromadzenie i wykorzystywanie Twoich danych w spos\u00f3b opisany w niniejszej Polityce prywatno\u015bci. Niniejsza Polityka prywatno\u015bci zosta\u0142a utworzona za pomoc\u0105 Generatora Polityki Prywatno\u015bci CookieScript.  <\/span><\/p>\n<p><span style=\"font-weight: 400;\">BFour Innovative Tools Kft. ma prawo do zmiany niniejszej Polityki prywatno\u015bci w dowolnym momencie. Mo\u017ce to nast\u0105pi\u0107 bez wcze\u015bniejszego powiadomienia.  <\/span><\/p>\n<p><span style=\"font-weight: 400;\">BFour Innovative Tools Kft. publikuje zmienion\u0105 polityk\u0119 prywatno\u015bci na stronie https:\/\/radroller.hu. <\/span><\/p>\n<h3><strong>Gromadzenie i wykorzystywanie Twoich danych osobowych<\/strong><\/h3>\n<h4><strong>Informacje, kt\u00f3re gromadzimy<\/strong><\/h4>\n<p><span style=\"font-weight: 400;\">Podczas korzystania z naszej Us\u0142ugi zostaniesz poproszony o podanie danych osobowych, kt\u00f3re wykorzystujemy do kontaktu lub identyfikacji. https:\/\/radroller.hu gromadzi nast\u0119puj\u0105ce informacje: <\/span><\/p>\n<ul>\n<li><span style=\"font-weight: 400;\">Dane o u\u017cytkowaniu<\/span><\/li>\n<li><span style=\"font-weight: 400;\">E-mail<\/span><\/li>\n<li><span style=\"font-weight: 400;\">Imi\u0119 i nazwisko<\/span><\/li>\n<li><span style=\"font-weight: 400;\">Numer telefonu kom\u00f3rkowego<\/span><\/li>\n<li><span style=\"font-weight: 400;\">Stanowisko<\/span><\/li>\n<li><span style=\"font-weight: 400;\">Adres zamieszkania<\/span><\/li>\n<\/ul>\n<p><span style=\"font-weight: 400;\">Dane o u\u017cytkowaniu zawieraj\u0105:<\/span><\/p>\n<ul>\n<li><span style=\"font-weight: 400;\">Adresy IP komputer\u00f3w uzyskuj\u0105cych dost\u0119p do strony<\/span><\/li>\n<li><span style=\"font-weight: 400;\">\u017b\u0105dania stron internetowych<\/span><\/li>\n<li><span style=\"font-weight: 400;\">Strony odsy\u0142aj\u0105ce<\/span><\/li>\n<li><span style=\"font-weight: 400;\">Przegl\u0105darka u\u017cywana do dost\u0119pu do strony<\/span><\/li>\n<li><span style=\"font-weight: 400;\">Czas i data dost\u0119pu<\/span><\/li>\n<\/ul>\n<h4><strong>Jak gromadzimy informacje<\/strong><\/h4>\n<p><span style=\"font-weight: 400;\">https:\/\/radroller.hu gromadzi i otrzymuje od Ciebie informacje w nast\u0119puj\u0105cy spos\u00f3b:<\/span><\/p>\n<ul>\n<li><span style=\"font-weight: 400;\">Gdy wype\u0142niasz formularz rejestracyjny lub w inny spos\u00f3b przesy\u0142asz swoje dane osobowe.<\/span><\/li>\n<li><span style=\"font-weight: 400;\">Gdy kontaktujesz si\u0119 z nasz\u0105 Us\u0142ug\u0105.<\/span><\/li>\n<li><span style=\"font-weight: 400;\">Z zewn\u0119trznych, publicznych \u017ar\u00f3de\u0142.<\/span><\/li>\n<\/ul>\n<p><span style=\"font-weight: 400;\">Twoje dane przechowujemy maksymalnie przez 30 dni po tym, jak przestan\u0105 by\u0107 potrzebne do \u015bwiadczenia us\u0142ugi. Mo\u017cemy przechowywa\u0107 Twoje dane przez d\u0142u\u017cszy czas zgodnie z obowi\u0105zuj\u0105cymi przepisami w celu raportowania lub prowadzenia dokumentacji. Informacje, kt\u00f3re nie identyfikuj\u0105 Ci\u0119 osobi\u015bcie, mog\u0105 by\u0107 przechowywane przez czas nieokre\u015blony.  <\/span><\/p>\n<h4>Jak wykorzystujemy Twoje dane<\/h4>\n<p><span style=\"font-weight: 400;\">https:\/\/radroller.hu mo\u017ce wykorzystywa\u0107 Twoje dane do nast\u0119puj\u0105cych cel\u00f3w:<\/span><\/p>\n<ul>\n<li><span style=\"font-weight: 400;\">\u015awiadczenie i utrzymanie naszej Us\u0142ugi oraz \u015bledzenie korzystania z naszej us\u0142ugi.<\/span><\/li>\n<li><span style=\"font-weight: 400;\">Inne cele. BFour Innovative Tools Kft. wykorzystuje Twoje dane do analizy danych w celu identyfikacji trend\u00f3w u\u017cytkowania lub okre\u015blenia skuteczno\u015bci naszych kampanii marketingowych, je\u015bli jest to uzasadnione. Wykorzystujemy Twoje dane do oceny i ulepszania naszej Us\u0142ugi, produkt\u00f3w, us\u0142ug i dzia\u0142a\u0144 marketingowych.   <\/span><\/li>\n<li><span style=\"font-weight: 400;\">Zarz\u0105dzanie Twoim kontem. Twoje dane osobowe mog\u0105 umo\u017cliwi\u0107 dost\u0119p do wielu funkcji naszej Us\u0142ugi, kt\u00f3re s\u0105 dost\u0119pne dla zarejestrowanych u\u017cytkownik\u00f3w. <\/span><\/li>\n<li><span style=\"font-weight: 400;\">Kontakt z Tob\u0105. BFour Innovative Tools Kft. w razie potrzeby lub w uzasadnionych przypadkach skontaktuje si\u0119 z Tob\u0105 za po\u015brednictwem poczty elektronicznej, telefonu, SMS-a lub innej formy komunikacji elektronicznej w zwi\u0105zku z funkcjami, produktami, us\u0142ugami lub aktualizacjami bezpiecze\u0144stwa.  <\/span><\/li>\n<li><span style=\"font-weight: 400;\">Reklama ukierunkowana. Twoje dane osobowe wykorzystujemy do ulepszania dzia\u0142a\u0144 reklamowych dostosowanych do Twoich unikalnych zainteresowa\u0144. <\/span><\/li>\n<li><span style=\"font-weight: 400;\">Inicjatywy marketingowe i promocyjne. BFour Innovative Tools Kft. wykorzystuje niespecyficzne dane zebrane od Ciebie w celu ulepszenia naszych dzia\u0142a\u0144 marketingowych.  <\/span><\/li>\n<li><span style=\"font-weight: 400;\">Informowanie o wiadomo\u015bciach, og\u00f3lnych informacjach, specjalnych ofertach, nowych us\u0142ugach i wydarzeniach.<\/span><\/li>\n<li><span style=\"font-weight: 400;\">Zarz\u0105dzanie zam\u00f3wieniami klient\u00f3w. Tw\u00f3j adres e-mail, numer telefonu, profile w mediach spo\u0142eczno\u015bciowych i inne informacje o koncie u\u017cytkownika wykorzystujemy do zarz\u0105dzania zam\u00f3wieniami z\u0142o\u017conymi za po\u015brednictwem naszej Us\u0142ugi. <\/span><\/li>\n<li><span style=\"font-weight: 400;\">Rozstrzyganie spor\u00f3w i ochrona strony. Twoje dane wykorzystujemy do rozwi\u0105zywania problem\u00f3w zwi\u0105zanych z nasz\u0105 Us\u0142ug\u0105 w przypadku sporu prawnego. <\/span><\/li>\n<li><span style=\"font-weight: 400;\">Zbieranie rekomendacji i opinii klient\u00f3w. Je\u015bli udost\u0119pnisz rekomendacj\u0119 lub opini\u0119 na temat swoich do\u015bwiadcze\u0144 zwi\u0105zanych z korzystaniem z naszej Us\u0142ugi, udost\u0119pnimy j\u0105 lub wykorzystamy w inny spos\u00f3b na stronie internetowej. <\/span><\/li>\n<li><span style=\"font-weight: 400;\">Realizacja umowy. Twoje dane osobowe pomagaj\u0105 w opracowaniu, podj\u0119ciu i przestrzeganiu umowy zakupu produkt\u00f3w lub us\u0142ug zakupionych za po\u015brednictwem naszej Us\u0142ugi. <\/span><\/li>\n<\/ul>\n<h4><strong>Jak udost\u0119pniamy Twoje dane<\/strong><\/h4>\n<p><span style=\"font-weight: 400;\">BFour Innovative Tools Kft. w stosownych przypadkach udost\u0119pnia Twoje dane w nast\u0119puj\u0105cych sytuacjach: <\/span><\/p>\n<ul>\n<li><span style=\"font-weight: 400;\">Za Twoj\u0105 zgod\u0105. BFour Innovative Tools Kft. udost\u0119pnia Twoje dane w dowolnym celu za Twoj\u0105 wyra\u017an\u0105 zgod\u0105.  <\/span><\/li>\n<\/ul>\n<h4><strong>Udost\u0119pnianie przez osoby trzecie<\/strong><\/h4>\n<p><span style=\"font-weight: 400;\">Ka\u017cda osoba trzecia, kt\u00f3rej udost\u0119pniamy Twoje dane, musi ujawni\u0107, w jakim celu zamierza wykorzysta\u0107 Twoje dane. Mog\u0105 przechowywa\u0107 Twoje dane tylko przez okres, kt\u00f3ry zosta\u0142 podany w momencie \u017c\u0105dania lub otrzymania informacji. Dostawca b\u0119d\u0105cy osob\u0105 trzeci\u0105 nie mo\u017ce gromadzi\u0107, sprzedawa\u0107 ani dalej wykorzystywa\u0107 Twoich danych osobowych, chyba \u017ce jest to konieczne do osi\u0105gni\u0119cia okre\u015blonego celu.  <\/span><\/p>\n<p><span style=\"font-weight: 400;\">Twoje dane mog\u0105 by\u0107 udost\u0119pniane osobom trzecim mi\u0119dzy innymi z nast\u0119puj\u0105cych powod\u00f3w:<\/span><\/p>\n<ul>\n<li><span style=\"font-weight: 400;\">Informacje analityczne. Twoje dane mog\u0105 by\u0107 udost\u0119pniane narz\u0119dziom analitycznym online w celu \u015bledzenia i analizowania ruchu na stronie internetowej. <\/span><\/li>\n<li><span style=\"font-weight: 400;\">Us\u0142ugi przetwarzania p\u0142atno\u015bci i windykacji. Twoje dane wykorzystujemy do przetwarzania p\u0142atno\u015bci w przypadku zakupu, zwrotu pieni\u0119dzy lub innego podobnego \u017c\u0105dania. <\/span><\/li>\n<li><span style=\"font-weight: 400;\">Inicjatywy marketingowe. Twoje dane wykorzystujemy do tworzenia i wysy\u0142ania biuletyn\u00f3w, dzia\u0142a\u0144 marketingowych za po\u015brednictwem poczty elektronicznej, reklam i innych informacji. <\/span><\/li>\n<li><span style=\"font-weight: 400;\">Ulepszanie ukierunkowanych kampanii reklamowych. BFour Innovative Tools Kft. wsp\u00f3\u0142pracuje z dostawcami zewn\u0119trznymi w celu ulepszenia ukierunkowanych kampanii reklamowych.  <\/span><\/li>\n<\/ul>\n<p><span style=\"font-weight: 400;\">Je\u015bli zdecydujesz si\u0119 poda\u0107 takie informacje podczas rejestracji lub w inny spos\u00f3b, udzielasz BFour Innovative Tools Kft. zgody na wykorzystywanie, udost\u0119pnianie i przechowywanie tych informacji w spos\u00f3b zgodny z niniejsz\u0105 Polityk\u0105 prywatno\u015bci. <\/span><\/p>\n<p><span style=\"font-weight: 400;\">Twoje dane mog\u0105 by\u0107 ujawniane r\u00f3wnie\u017c z innych powod\u00f3w, w tym:<\/span><\/p>\n<ul>\n<li><span style=\"font-weight: 400;\">Przestrzeganie obowi\u0105zuj\u0105cych przepis\u00f3w, regulacji lub nakaz\u00f3w s\u0105dowych.<\/span><\/li>\n<li><span style=\"font-weight: 400;\">Odpowied\u017a na twierdzenia, \u017ce korzystanie z naszej Us\u0142ugi narusza prawa os\u00f3b trzecich.<\/span><\/li>\n<li><span style=\"font-weight: 400;\">Egzekwowanie zawartych z nami um\u00f3w, w tym niniejszej Polityki prywatno\u015bci.<\/span><\/li>\n<\/ul>\n<p><strong>Pliki cookie<\/strong><\/p>\n<p><span style=\"font-weight: 400;\">Pliki cookie to ma\u0142e pliki tekstowe, kt\u00f3re s\u0105 umieszczane na Twoim komputerze przez odwiedzane strony internetowe. Strony internetowe u\u017cywaj\u0105 plik\u00f3w cookie, aby u\u0142atwi\u0107 u\u017cytkownikom efektywn\u0105 nawigacj\u0119 i wykonywanie okre\u015blonych funkcji. Pliki cookie niezb\u0119dne do prawid\u0142owego dzia\u0142ania strony internetowej mog\u0105 by\u0107 umieszczane bez Twojej zgody. Wszystkie inne pliki cookie musz\u0105 zosta\u0107 zatwierdzone przed ustawieniem ich w przegl\u0105darce.   <\/span><\/p>\n<p><span style=\"font-weight: 400;\">\u015aci\u015ble niezb\u0119dne pliki cookie. \u015aci\u015ble niezb\u0119dne pliki cookie umo\u017cliwiaj\u0105 podstawowe funkcje strony internetowej, takie jak logowanie u\u017cytkownika i zarz\u0105dzanie kontem. Strona internetowa nie mo\u017ce by\u0107 prawid\u0142owo u\u017cywana bez \u015bci\u015ble niezb\u0119dnych plik\u00f3w cookie.  <\/span><\/p>\n<ul>\n<li><span style=\"font-weight: 400;\">Pliki cookie wydajno\u015bciowe. Pliki cookie wydajno\u015bciowe s\u0105 u\u017cywane do zobaczenia, w jaki spos\u00f3b odwiedzaj\u0105cy korzystaj\u0105 ze strony internetowej, np. pliki cookie analityczne. Te pliki cookie nie mog\u0105 by\u0107 u\u017cywane do bezpo\u015bredniej identyfikacji konkretnego odwiedzaj\u0105cego.  <\/span><\/li>\n<li><span style=\"font-weight: 400;\">Pliki cookie ukierunkowane. Pliki cookie ukierunkowane s\u0105 u\u017cywane do identyfikacji odwiedzaj\u0105cych na r\u00f3\u017cnych stronach internetowych, np. partnerzy tre\u015bci, sieci banerowe. Te pliki cookie mog\u0105 by\u0107 u\u017cywane przez firmy do tworzenia profilu zainteresowa\u0144 odwiedzaj\u0105cych lub wy\u015bwietlania odpowiednich reklam na innych stronach internetowych.  <\/span><\/li>\n<li><span style=\"font-weight: 400;\">Pliki cookie funkcjonalno\u015bci. Pliki cookie funkcjonalno\u015bci s\u0105 u\u017cywane do zapami\u0119tywania danych odwiedzaj\u0105cego na stronie internetowej, np. j\u0119zyk, strefa czasowa, rozszerzona zawarto\u015b\u0107. <\/span><\/li>\n<\/ul>\n<p><span style=\"font-weight: 400;\">Swoj\u0105 zgod\u0119 na u\u017cywanie plik\u00f3w cookie mo\u017cesz zmieni\u0107 poni\u017cej.<\/span><\/p>\n<h3> <\/h3>\n\n\n\n<script\n                type=\"text\/javascript\"\n                charset=\"UTF-8\"\n                data-cookiescriptreport=\"report\"\n                data-cs-lang=\"en\"\n                src=\"\/\/report.cookie-script.com\/r\/c3e288a93ba8a24dee31c9624ffd3c65.js\"\n            ><\/script>\n\n<h3><strong>Bezpiecze\u0144stwo<\/strong><\/h3>\n<p><span style=\"font-weight: 400;\">Bezpiecze\u0144stwo Twoich danych jest dla nas wa\u017cne. https:\/\/radroller.hu stosuje wiele \u015brodk\u00f3w bezpiecze\u0144stwa, aby zapobiec nadu\u017cyciom, utracie lub zmianie danych, kt\u00f3re nam przekazujesz. Poniewa\u017c jednak nie mo\u017cemy zagwarantowa\u0107 bezpiecze\u0144stwa informacji, kt\u00f3re nam przekazujesz, dost\u0119p do naszej us\u0142ugi odbywa si\u0119 na w\u0142asne ryzyko.  <\/span><\/p>\n<p><span style=\"font-weight: 400;\">BFour Innovative Tools Kft. nie ponosi odpowiedzialno\u015bci za dzia\u0142anie stron internetowych prowadzonych przez osoby trzecie ani za Twoj\u0105 interakcj\u0119 z nimi. Gdy opuszczasz t\u0119 stron\u0119 internetow\u0105, zalecamy zapoznanie si\u0119 z praktykami ochrony prywatno\u015bci innych stron internetowych, z kt\u00f3rymi si\u0119 kontaktujesz, i ustalenie, czy te praktyki s\u0105 odpowiednie.  <\/span><\/p>\n<h3><strong>Kontakt<\/strong><\/h3>\n<p><span style=\"font-weight: 400;\">W przypadku jakichkolwiek pyta\u0144 prosimy o kontakt w nast\u0119puj\u0105cy spos\u00f3b:<\/span><\/p>\n<p><span style=\"font-weight: 400;\">Nazwa: BFour Innovative Tools Kft.<br><\/span><span style=\"font-weight: 400;\">Adres: 8900 Zalaegerszeg, Zala u. 2\/D.  2\/7.<br><\/span><span style=\"font-weight: 400;\">Email: info@radroller.hu<br><\/span><span style=\"font-weight: 400;\">Strona internetowa: https:\/\/radroller.hu<br><\/span><span style=\"font-weight: 400;\">Telefon: +36205191520<\/span><\/p>\n<p><span style=\"font-weight: 400;\">W przypadku jakichkolwiek pyta\u0144 lub w\u0105tpliwo\u015bci dotycz\u0105cych przetwarzania Twoich danych, mo\u017cesz skontaktowa\u0107 si\u0119 z naszym inspektorem ochrony danych: Bal\u00e1zs Gerencs\u00e9r, balazs@radroller.hu.<\/span><\/p>\n\n","protected":false},"excerpt":{"rendered":"","protected":false},"author":2,"featured_media":0,"parent":0,"menu_order":0,"comment_status":"closed","ping_status":"closed","template":"","meta":{"footnotes":""},"class_list":["post-248608","page","type-page","status-publish","hentry"],"_links":{"self":[{"href":"https:\/\/radroller.hu\/pl\/wp-json\/wp\/v2\/pages\/248608","targetHints":{"allow":["GET"]}}],"collection":[{"href":"https:\/\/radroller.hu\/pl\/wp-json\/wp\/v2\/pages"}],"about":[{"href":"https:\/\/radroller.hu\/pl\/wp-json\/wp\/v2\/types\/page"}],"author":[{"embeddable":true,"href":"https:\/\/radroller.hu\/pl\/wp-json\/wp\/v2\/users\/2"}],"replies":[{"embeddable":true,"href":"https:\/\/radroller.hu\/pl\/wp-json\/wp\/v2\/comments?post=248608"}],"version-history":[{"count":0,"href":"https:\/\/radroller.hu\/pl\/wp-json\/wp\/v2\/pages\/248608\/revisions"}],"wp:attachment":[{"href":"https:\/\/radroller.hu\/pl\/wp-json\/wp\/v2\/media?parent=248608"}],"curies":[{"name":"wp","href":"https:\/\/api.w.org\/{rel}","templated":true}]}}