{"id":248593,"date":"2025-08-28T12:13:39","date_gmt":"2025-08-28T10:13:39","guid":{"rendered":"https:\/\/radroller.hu\/rad-mobility-master-coach\/"},"modified":"2025-08-28T13:52:06","modified_gmt":"2025-08-28T11:52:06","slug":"rad-mobility-master-coach","status":"publish","type":"page","link":"https:\/\/radroller.hu\/pl\/szkolenia\/rad-mobility-master-coach\/","title":{"rendered":"RAD Mobility Master Coach"},"content":{"rendered":"","protected":false},"excerpt":{"rendered":"<p>Automasa\u017c mi\u0119\u015bniowo-powi\u0119ziowy i mobilizacja. Poziom podstawowy. Dowiedz si\u0119, jak najnowsze odkrycia naukowe dotycz\u0105ce uk\u0142adu nerwowego, mi\u0119\u015bni, powi\u0119zi, ruchu, \u0107wicze\u0144 mobilizuj\u0105cych i stabilizuj\u0105cych mo\u017cesz w\u0142\u0105czy\u0107 do swojego \u017cycia, planu treningowego lub terapii klient\u00f3w.  <\/p>\n","protected":false},"author":2,"featured_media":0,"parent":248791,"menu_order":0,"comment_status":"closed","ping_status":"closed","template":"page-blank.php","meta":{"footnotes":""},"class_list":["post-248593","page","type-page","status-publish","hentry"],"_links":{"self":[{"href":"https:\/\/radroller.hu\/pl\/wp-json\/wp\/v2\/pages\/248593","targetHints":{"allow":["GET"]}}],"collection":[{"href":"https:\/\/radroller.hu\/pl\/wp-json\/wp\/v2\/pages"}],"about":[{"href":"https:\/\/radroller.hu\/pl\/wp-json\/wp\/v2\/types\/page"}],"author":[{"embeddable":true,"href":"https:\/\/radroller.hu\/pl\/wp-json\/wp\/v2\/users\/2"}],"replies":[{"embeddable":true,"href":"https:\/\/radroller.hu\/pl\/wp-json\/wp\/v2\/comments?post=248593"}],"version-history":[{"count":0,"href":"https:\/\/radroller.hu\/pl\/wp-json\/wp\/v2\/pages\/248593\/revisions"}],"up":[{"embeddable":true,"href":"https:\/\/radroller.hu\/pl\/wp-json\/wp\/v2\/pages\/248791"}],"wp:attachment":[{"href":"https:\/\/radroller.hu\/pl\/wp-json\/wp\/v2\/media?parent=248593"}],"curies":[{"name":"wp","href":"https:\/\/api.w.org\/{rel}","templated":true}]}}