{"id":246521,"date":"2025-04-28T13:35:13","date_gmt":"2025-04-28T11:35:13","guid":{"rendered":"https:\/\/radroller.hu\/education\/rad-mobility-2-2\/"},"modified":"2025-04-28T13:35:18","modified_gmt":"2025-04-28T11:35:18","slug":"rad-mobility-2-2","status":"publish","type":"page","link":"https:\/\/radroller.hu\/en\/education\/rad-mobility-2-2\/","title":{"rendered":"RAD Mobility 2"},"content":{"rendered":"\n\n  <div class=\"banner has-hover\" id=\"banner-1022893274\">\n          <div class=\"banner-inner fill\">\n        <div class=\"banner-bg fill\" >\n            <img loading=\"lazy\" decoding=\"async\" width=\"1280\" height=\"720\" src=\"https:\/\/radroller.hu\/wp-content\/uploads\/2018\/09\/Recovery_fitness_1280x720.jpg\" class=\"bg attachment-original size-original\" alt=\"\" title=\"\">                        <div class=\"overlay\"><\/div>            \n                    <\/div>\n\t\t\n        <div class=\"banner-layers container\">\n            <div class=\"fill banner-link\"><\/div>            \n\n   <div id=\"text-box-1910160649\" class=\"text-box banner-layer x5 md-x5 lg-x5 y50 md-y50 lg-y50 res-text\">\n                                <div class=\"text-box-content text dark\">\n              \n              <div class=\"text-inner text-left\">\n                  \n\n<h2 class=\"uppercase\"><strong>RAD MOBILITY 2<\/strong><\/h2>\n<h3>Assessment and intervention. Advanced level. <\/h3>\n<p><span style=\"font-size: 120%;\">We will dive deeper into movement analysis, anatomy, RAD-recommended SMR techniques, and mobilization and stabilization exercises.<\/span><\/p>\n<a href=\"https:\/\/radroller.hu\/en\/education\/rad-mobility-1-2\/\" class=\"button white\" style=\"border-radius:10px;\">\n\t\t<span>RAD MOBILITY 1<\/span>\n\t<\/a>\n\n\n<a href=\"https:\/\/radroller.hu\/oktatas\/rad-mobility-master-coach\/\" class=\"button primary\" style=\"border-radius:10px;\">\n\t\t<span>RAD MOBILITY MASTER COACH<\/span>\n\t<\/a>\n\n\n\n              <\/div>\n           <\/div>\n                            \n<style>\n#text-box-1910160649 {\n  width: 87%;\n}\n#text-box-1910160649 .text-box-content {\n  font-size: 100%;\n}\n@media (min-width:550px) {\n  #text-box-1910160649 {\n    width: 68%;\n  }\n}\n@media (min-width:850px) {\n  #text-box-1910160649 {\n    width: 66%;\n  }\n}\n<\/style>\n    <\/div>\n \n\n        <\/div>\n      <\/div>\n\n            \n<style>\n#banner-1022893274 {\n  padding-top: 500px;\n}\n#banner-1022893274 .overlay {\n  background-color: rgba(0, 0, 0, 0.39);\n}\n#banner-1022893274 .banner-bg img {\n  object-position: 61% 82%;\n}\n<\/style>\n  <\/div>\n\n\n<div class=\"row align-center\"  id=\"row-2055261321\">\n\n\n\t<div id=\"col-1080924381\" class=\"col small-12 large-12\"  >\n\t\t\t\t<div class=\"col-inner\"  >\n\t\t\t\n\t\t\t\n\n\t<div class=\"img has-hover x md-x lg-x y md-y lg-y\" id=\"image_700049660\">\n\t\t\t\t\t\t\t\t<div class=\"img-inner dark\" >\n\t\t\t<img loading=\"lazy\" decoding=\"async\" width=\"1200\" height=\"289\" src=\"https:\/\/radroller.hu\/wp-content\/uploads\/internation_certifications.jpg\" class=\"attachment-original size-original\" alt=\"\" srcset=\"https:\/\/radroller.hu\/wp-content\/uploads\/internation_certifications.jpg 1200w, https:\/\/radroller.hu\/wp-content\/uploads\/internation_certifications-600x145.jpg 600w, https:\/\/radroller.hu\/wp-content\/uploads\/internation_certifications-768x185.jpg 768w, https:\/\/radroller.hu\/wp-content\/uploads\/internation_certifications-610x147.jpg 610w, https:\/\/radroller.hu\/wp-content\/uploads\/internation_certifications-1080x260.jpg 1080w, https:\/\/radroller.hu\/wp-content\/uploads\/internation_certifications-500x120.jpg 500w, https:\/\/radroller.hu\/wp-content\/uploads\/internation_certifications-190x46.jpg 190w, https:\/\/radroller.hu\/wp-content\/uploads\/internation_certifications-374x90.jpg 374w\" sizes=\"auto, (max-width: 1200px) 100vw, 1200px\" title=\"\">\t\t\t\t\t\t\n\t\t\t\t\t<\/div>\n\t\t\t\t\t\t\t\t\n<style>\n#image_700049660 {\n  width: 100%;\n}\n<\/style>\n\t<\/div>\n\t\n\n\n\t\t<\/div>\n\t\t\t\t\t<\/div>\n\n\t\n\n<\/div>\n\n\t<section class=\"section\" id=\"section_1203717675\">\n\t\t<div class=\"section-bg fill\" >\n\t\t\t\t\t\t\t\t\t<div class=\"section-bg-overlay absolute fill\"><\/div>\n\t\t\t\n\n\t\t<\/div>\n\n\t\t\n\n\t\t<div class=\"section-content relative\">\n\t\t\t\n\n<div class=\"row row-large align-middle\"  id=\"row-1442233073\">\n\n\n\t<div id=\"col-2107777853\" class=\"col medium-6 small-12 large-6\"  >\n\t\t\t\t<div class=\"col-inner\"  >\n\t\t\t\n\t\t\t\n\n\t<div class=\"img has-hover x md-x lg-x y md-y lg-y\" id=\"image_971285677\">\n\t\t<a class=\"\" href=\"\/oktatas\/rad-mobility-kepzesek\" >\t\t\t\t\t\t<div class=\"img-inner dark\" >\n\t\t\t<img loading=\"lazy\" decoding=\"async\" width=\"800\" height=\"730\" src=\"https:\/\/radroller.hu\/wp-content\/uploads\/pf-32fd3af2-RM-Page2-Edited.webp\" class=\"attachment-original size-original\" alt=\"\" srcset=\"https:\/\/radroller.hu\/wp-content\/uploads\/pf-32fd3af2-RM-Page2-Edited.webp 800w, https:\/\/radroller.hu\/wp-content\/uploads\/pf-32fd3af2-RM-Page2-Edited-768x701.webp 768w, https:\/\/radroller.hu\/wp-content\/uploads\/pf-32fd3af2-RM-Page2-Edited-600x548.webp 600w\" sizes=\"auto, (max-width: 800px) 100vw, 800px\" title=\"\">\t\t\t\t\t\t\n\t\t\t\t\t<\/div>\n\t\t\t\t\t\t<\/a>\t\t\n<style>\n#image_971285677 {\n  width: 100%;\n}\n<\/style>\n\t<\/div>\n\t\n\n\n\t\t<\/div>\n\t\t\t\t\t<\/div>\n\n\t\n\n\t<div id=\"col-1415571462\" class=\"col medium-6 small-12 large-6\"  >\n\t\t\t\t<div class=\"col-inner text-left\"  >\n\t\t\t\n\t\t\t\n\n<p>In this course you will learn a new mobility assessment technique: RAD Nimble 9. You&#8217;ll learn how to prioritise your treatment according to the results of Nimble 9 tests, so that you can base your treatment on concrete, objective data. Don&#8217;t let your clients continue to chase pain or a specific movement restriction, but instead, use proven techniques, backed up with a confident knowledge base to achieve long-lasting results.  <\/p>\n<p>You will learn the following:<\/p>\n<ul>\n<li>Developing and implementing a treatment plan based on facts and data &#8211; tailored to the specific client\/patient&#8217;s needs.<\/li>\n<li><span class=\"sc-ZOsLE HTdit pf-138_\" data-pf-type=\"Text\">Master 9 accurate, multi-plane testing methods to develop an effective treatment plan<\/span><\/li>\n<li><span class=\"sc-ZOsLE HTdit pf-141_\" data-pf-type=\"Text\">Understanding the most common load patterns and myofascial imbalances.<\/span><\/li>\n<li><span class=\"sc-ZOsLE HTdit pf-144_\" data-pf-type=\"Text\">Based on the results of the assessment, the exact sequencing of the management plan is determined.<\/span><\/li>\n<li><span class=\"sc-ZOsLE HTdit pf-147_\" data-pf-type=\"Text\">Recognising visually perceived different postural compensations.<\/span><\/li>\n<li><span class=\"sc-ZOsLE HTdit pf-150_\" data-pf-type=\"Text\">You&#8217;ll learn how to identify common motion constrictions through a variety of case studies.<\/span><\/li>\n<\/ul>\n<a href=\"#jelentkezes\" class=\"button secondary\" style=\"border-radius:10px;\">\n\t\t<span>APPLY<\/span>\n\t<\/a>\n\n\n\n\t\t<\/div>\n\t\t\t\t\t<\/div>\n\n\t\n\n<\/div>\n\n\t\t<\/div>\n\n\t\t\n<style>\n#section_1203717675 {\n  padding-top: 0px;\n  padding-bottom: 0px;\n}\n#section_1203717675 .section-bg-overlay {\n  background-color: rgba(255, 255, 255, 0.85);\n}\n@media (min-width:850px) {\n  #section_1203717675 {\n    padding-top: 30px;\n    padding-bottom: 30px;\n  }\n}\n<\/style>\n\t<\/section>\n\t\n<div class=\"row row-collapse row-full-width\"  id=\"row-148532095\">\n\n\n\t<div id=\"col-584272568\" class=\"col small-12 large-12\"  >\n\t\t\t\t<div class=\"col-inner dark\"  >\n\t\t\t\n\t\t\t\n\n\t<div id=\"text-3913576168\" class=\"text\">\n\t\t\n\n<h2>&#8220;This course is not just about rolling or muscle relaxation. Rather, it&#8217;s about how we can affect our bodies in ways that bring about changes in the nervous system and therefore in the functioning of our bodies.&#8221;<\/h2>\n\t\t\n<style>\n#text-3913576168 {\n  text-align: center;\n}\n<\/style>\n\t<\/div>\n\t\n\n\t\t<\/div>\n\t\t\t\t\n<style>\n#col-584272568 > .col-inner {\n  padding: 5% 10% 5% 10%;\n}\n<\/style>\n\t<\/div>\n\n\t\n\n\n<style>\n#row-148532095 > .col > .col-inner {\n  background-color: #54c0e8;\n}\n<\/style>\n<\/div>\n<div class=\"row\"  id=\"row-107603614\">\n\n\n\t<div id=\"col-1526615354\" class=\"col small-12 large-12\"  >\n\t\t\t\t<div class=\"col-inner\"  >\n\t\t\t\n\t\t\t\n\n<div class=\"row\"  id=\"row-1416930750\">\n\n\n\t<div id=\"col-1042632104\" class=\"col small-12 large-12\"  >\n\t\t\t\t<div class=\"col-inner\"  >\n\t\t\t\n\t\t\t\n\n\t<div id=\"text-2803789774\" class=\"text\">\n\t\t\n\n<h2 class=\"uppercase\">OUR TRAINERS ON THE RAD MOBILITY COURSE<\/h2>\n<h3 class=\"thin-font\">Hear what our trainers have to say about our courses! (With Hungarian subtitles) <\/h3>\n\t\t\n<style>\n#text-2803789774 {\n  text-align: center;\n}\n<\/style>\n\t<\/div>\n\t\n\n\t\t<\/div>\n\t\t\t\t\n<style>\n#col-1042632104 > .col-inner {\n  padding: 50px 0px 0px 0px;\n}\n<\/style>\n\t<\/div>\n\n\t\n\n<\/div>\n<div class=\"video video-fit mb\" style=\"padding-top:56.25%;\"><iframe loading=\"lazy\" title=\"What Can You Take Away from RAD Mobility 1?\" width=\"1020\" height=\"574\" src=\"https:\/\/www.youtube.com\/embed\/MUoym_N1UPQ?feature=oembed\" frameborder=\"0\" allow=\"accelerometer; autoplay; clipboard-write; encrypted-media; gyroscope; picture-in-picture; web-share\" referrerpolicy=\"strict-origin-when-cross-origin\" allowfullscreen><\/iframe><\/div>\n\n\n\t\t<\/div>\n\t\t\t\t\t<\/div>\n\n\t\n\n<\/div>\n\n\t<section class=\"section\" id=\"section_1421858561\">\n\t\t<div class=\"section-bg fill\" >\n\t\t\t\t\t\t\t\t\t<div class=\"section-bg-overlay absolute fill\"><\/div>\n\t\t\t\n\n\t\t<\/div>\n\n\t\t\n\n\t\t<div class=\"section-content relative\">\n\t\t\t\n\n<div class=\"row row-large align-middle\"  id=\"row-565525475\">\n\n\n\t<div id=\"col-150935966\" class=\"col medium-6 small-12 large-6\"  >\n\t\t\t\t<div class=\"col-inner\"  >\n\t\t\t\n\t\t\t\n\n\t<div class=\"img has-hover x md-x lg-x y md-y lg-y\" id=\"image_1062506469\">\n\t\t\t\t\t\t\t\t<div class=\"img-inner dark\" >\n\t\t\t<img loading=\"lazy\" decoding=\"async\" width=\"700\" height=\"1050\" src=\"https:\/\/radroller.hu\/wp-content\/uploads\/2018\/10\/also_hat_alkep.jpg\" class=\"attachment-original size-original\" alt=\"\" srcset=\"https:\/\/radroller.hu\/wp-content\/uploads\/2018\/10\/also_hat_alkep.jpg 700w, https:\/\/radroller.hu\/wp-content\/uploads\/2018\/10\/also_hat_alkep-600x900.jpg 600w, https:\/\/radroller.hu\/wp-content\/uploads\/2018\/10\/also_hat_alkep-200x300.jpg 200w, https:\/\/radroller.hu\/wp-content\/uploads\/2018\/10\/also_hat_alkep-683x1024.jpg 683w, https:\/\/radroller.hu\/wp-content\/uploads\/2018\/10\/also_hat_alkep-610x915.jpg 610w, https:\/\/radroller.hu\/wp-content\/uploads\/2018\/10\/also_hat_alkep-500x750.jpg 500w\" sizes=\"auto, (max-width: 700px) 100vw, 700px\" title=\"\">\t\t\t\t\t\t\n\t\t\t\t\t<\/div>\n\t\t\t\t\t\t\t\t\n<style>\n#image_1062506469 {\n  width: 100%;\n}\n<\/style>\n\t<\/div>\n\t\n\n\n\t\t<\/div>\n\t\t\t\t\t<\/div>\n\n\t\n\n\t<div id=\"col-1319019594\" class=\"col medium-6 small-12 large-6\"  >\n\t\t\t\t<div class=\"col-inner text-left\"  >\n\t\t\t\n\t\t\t\n\n<div class=\"et_pb_module et_pb_text et_pb_text_1 et_pb_text_align_left et_pb_bg_layout_light\">\n<div class=\"et_pb_text_inner\">\n<h2>MODULES<\/h2>\n<\/div>\n<\/div>\n<div class=\"et_pb_module et_pb_text et_pb_text_2 et_pb_text_align_left et_pb_bg_layout_light\">\n<div class=\"et_pb_text_inner\">\n<ul>\n<li>The RAD Treatment Method<\/li>\n<li>Myofascial lines method<\/li>\n<li>Tissue identification<\/li>\n<li>The Nimble 9 assessment method<\/li>\n<li>The RAD Mobility Continuum<\/li>\n<li>The thoracic spine<\/li>\n<li>Treatment of the Pelvis and Sacrum<\/li>\n<li>Treatment of skull, cheekbones and jaw<\/li>\n<li>Lumbar spine treatment<\/li>\n<li>Cervical spine treatment<\/li>\n<li>Hip \/ Coxofemoral joint treatment<\/li>\n<li>Foot, ankle + lower limb treatment<\/li>\n<li>Knee treatment<\/li>\n<li>Shoulder + upper limbs treatment<\/li>\n<\/ul>\n<\/div>\n<\/div>\n\n\t\t<\/div>\n\t\t\t\t\t<\/div>\n\n\t\n\n<\/div>\n\n\t\t<\/div>\n\n\t\t\n<style>\n#section_1421858561 {\n  padding-top: 30px;\n  padding-bottom: 30px;\n}\n#section_1421858561 .section-bg-overlay {\n  background-color: rgba(255, 255, 255, 0.85);\n}\n@media (min-width:550px) {\n  #section_1421858561 {\n    padding-top: 60px;\n    padding-bottom: 60px;\n  }\n}\n<\/style>\n\t<\/section>\n\t\n\n\t<section class=\"section\" id=\"section_600600389\">\n\t\t<div class=\"section-bg fill\" >\n\t\t\t\t\t\t\t\t\t\n\t\t\t\n\n\t\t<\/div>\n\n\t\t\n\n\t\t<div class=\"section-content relative\">\n\t\t\t\n\n<div class=\"row row-large row-full-width align-center\"  id=\"row-915871434\">\n\n\n\t<div id=\"col-1560926178\" class=\"col medium-6 small-12 large-4\"  >\n\t\t\t\t<div class=\"col-inner text-center dark\"  >\n\t\t\t\n\t\t\t\n\n\t<div class=\"img has-hover x md-x lg-x y md-y lg-y\" id=\"image_471734598\">\n\t\t\t\t\t\t\t\t<div class=\"img-inner dark\" >\n\t\t\t<img loading=\"lazy\" decoding=\"async\" width=\"979\" height=\"1250\" src=\"https:\/\/radroller.hu\/wp-content\/uploads\/kevin_hendry.webp\" class=\"attachment-original size-original\" alt=\"\" srcset=\"https:\/\/radroller.hu\/wp-content\/uploads\/kevin_hendry.webp 979w, https:\/\/radroller.hu\/wp-content\/uploads\/kevin_hendry-768x981.webp 768w, https:\/\/radroller.hu\/wp-content\/uploads\/kevin_hendry-600x766.webp 600w\" sizes=\"auto, (max-width: 979px) 100vw, 979px\" title=\"\">\t\t\t\t\t\t\n\t\t\t\t\t<\/div>\n\t\t\t\t\t\t\t\t\n<style>\n#image_471734598 {\n  width: 86%;\n}\n@media (min-width:550px) {\n  #image_471734598 {\n    width: 54%;\n  }\n}\n<\/style>\n\t<\/div>\n\t\n\n<h3>OUR TRAINER IN 2023: KEVIN HENDRY<\/h3>\n<p>Kevin is the Director of Education at RAD Roller. He is a kinesiologist, strength coach, osteopath (specialist in musculoskeletal disorders).  In addition to his practice and teaching, he also works with professional NHL, NCAA and CFL players, as well as athletes for the Canadian National Team. He has taught and coached on 6 continents in more than 30 countries. In her private practice, she is known for combining the principles of osteopathy and kinesiology with her strength coaching expertise and holistic approach to achieve life-changing results for her patients.<\/p>\n\n\t\t<\/div>\n\t\t\t\t\t<\/div>\n\n\t\n\n\t<div id=\"col-406108997\" class=\"col medium-6 small-12 large-4\"  >\n\t\t\t\t<div class=\"col-inner text-center dark\"  >\n\t\t\t\n\t\t\t\n\n\t<div class=\"img has-hover x md-x lg-x y md-y lg-y\" id=\"image_654536795\">\n\t\t\t\t\t\t\t\t<div class=\"img-inner dark\" >\n\t\t\t<img loading=\"lazy\" decoding=\"async\" width=\"1365\" height=\"1365\" src=\"https:\/\/radroller.hu\/wp-content\/uploads\/edu_2.jpg\" class=\"attachment-original size-original\" alt=\"RAD Education 2\" srcset=\"https:\/\/radroller.hu\/wp-content\/uploads\/edu_2.jpg 1365w, https:\/\/radroller.hu\/wp-content\/uploads\/edu_2-600x600.jpg 600w, https:\/\/radroller.hu\/wp-content\/uploads\/edu_2-100x100.jpg 100w, https:\/\/radroller.hu\/wp-content\/uploads\/edu_2-768x768.jpg 768w, https:\/\/radroller.hu\/wp-content\/uploads\/edu_2-610x610.jpg 610w, https:\/\/radroller.hu\/wp-content\/uploads\/edu_2-1080x1080.jpg 1080w, https:\/\/radroller.hu\/wp-content\/uploads\/edu_2-500x500.jpg 500w, https:\/\/radroller.hu\/wp-content\/uploads\/edu_2-60x60.jpg 60w, https:\/\/radroller.hu\/wp-content\/uploads\/edu_2-90x90.jpg 90w\" sizes=\"auto, (max-width: 1365px) 100vw, 1365px\" title=\"\">\t\t\t\t\t\t\n\t\t\t\t\t<\/div>\n\t\t\t\t\t\t\t\t\n<style>\n#image_654536795 {\n  width: 86%;\n}\n@media (min-width:550px) {\n  #image_654536795 {\n    width: 70%;\n  }\n}\n@media (min-width:850px) {\n  #image_654536795 {\n    width: 69%;\n  }\n}\n<\/style>\n\t<\/div>\n\t\n\n<h3>MORE DETAILS ABOUT THE COURSE<\/h3>\n<div class=\"et_pb_module et_pb_text et_pb_text_8 et_pb_text_align_left et_pb_bg_layout_light\">\n<div class=\"et_pb_text_inner\">\n<ul>\n<li style=\"text-align: left;\"><strong>Duration:<\/strong> 14 hours (2 days) (RM-1 and RM-2 in total: 18-19 hours)<\/li>\n<li style=\"text-align: left;\"><strong>Price:<\/strong> 145.000 Ft (instalments possible)<\/li>\n<li style=\"text-align: left;\"><strong>Included in the price: <\/strong>1 <strong>RAD All-in Kit<\/strong> (for joint application for RM-1 and RM-2), Printed notes in Hungarian (110+ pages), Online exam<\/li>\n<li style=\"text-align: left;\"><strong>Price for RM-1 and RM-2 together:<\/strong> 185.000 HUF (instalments possible)<\/li>\n<li style=\"text-align: left;\"><strong>Accredited:<\/strong> No (in process)<\/li>\n<li style=\"text-align: left;\"><strong>Application requirement:<\/strong> completion of RAD Mobility 1 (RM-1)<\/li>\n<li style=\"text-align: left;\"><strong>Exam:<\/strong> yes (online)<\/li>\n<li style=\"text-align: left;\"><strong>Recommended target group:<\/strong> coaches, physiotherapists, doctors, manual therapists, professional athletes.<\/li>\n<li style=\"text-align: left;\"><strong>Next date and location:<\/strong> TBA Budapest<\/li>\n<\/ul>\n<\/div>\n<\/div>\n\n\t\t<\/div>\n\t\t\t\t\t<\/div>\n\n\t\n\n\n<style>\n#row-915871434 > .col > .col-inner {\n  padding: 50px 0px 0px 0px;\n}\n<\/style>\n<\/div>\n\n\t\t<\/div>\n\n\t\t\n<style>\n#section_600600389 {\n  padding-top: 0px;\n  padding-bottom: 0px;\n  background-color: #54c0e8;\n}\n<\/style>\n\t<\/section>\n\t\n<div class=\"row\"  id=\"row-276446105\">\n\n\n\t<div id=\"col-577179847\" class=\"col small-12 large-12\"  >\n\t\t\t\t<div class=\"col-inner\"  >\n\t\t\t\n\t\t\t\n\n<span class=\"scroll-to\" data-label=\"Scroll to: #jelentkezes\" data-bullet=\"true\" data-link=\"#jelentkezes\" data-title=\"APPLY\"><a name=\"jelentkezes\"><\/a><\/span>\n\n<h2>PRE-REGISTRATION FOR A COURSE<\/h2>\n\n\n<div class=\"wpcf7 no-js\" id=\"wpcf7-f243159-o1\" lang=\"hu-HU\" dir=\"ltr\" data-wpcf7-id=\"243159\">\n<div class=\"screen-reader-response\"><p role=\"status\" aria-live=\"polite\" aria-atomic=\"true\"><\/p> <ul><\/ul><\/div>\n<form action=\"\/en\/wp-json\/wp\/v2\/pages\/246521#wpcf7-f243159-o1\" method=\"post\" class=\"wpcf7-form init\" aria-label=\"Kapcsolatfelv\u00e9teli \u0171rlap\" novalidate=\"novalidate\" data-status=\"init\">\n<fieldset class=\"hidden-fields-container\"><input type=\"hidden\" name=\"_wpcf7\" value=\"243159\" \/><input type=\"hidden\" name=\"_wpcf7_version\" value=\"6.1.5\" \/><input type=\"hidden\" name=\"_wpcf7_locale\" value=\"hu_HU\" \/><input type=\"hidden\" name=\"_wpcf7_unit_tag\" value=\"wpcf7-f243159-o1\" \/><input type=\"hidden\" name=\"_wpcf7_container_post\" value=\"0\" \/><input type=\"hidden\" name=\"_wpcf7_posted_data_hash\" value=\"\" \/>\n<\/fieldset>\n<p><label> N\u00e9v<br \/>\n<span class=\"wpcf7-form-control-wrap\" data-name=\"your-name\"><input size=\"40\" maxlength=\"400\" class=\"wpcf7-form-control wpcf7-text wpcf7-validates-as-required\" autocomplete=\"name\" aria-required=\"true\" aria-invalid=\"false\" value=\"\" type=\"text\" name=\"your-name\" \/><\/span> <\/label>\n<\/p>\n<p><label> E-mail c\u00edm<br \/>\n<span class=\"wpcf7-form-control-wrap\" data-name=\"your-email\"><input size=\"40\" maxlength=\"400\" class=\"wpcf7-form-control wpcf7-email wpcf7-validates-as-required wpcf7-text wpcf7-validates-as-email\" autocomplete=\"email\" aria-required=\"true\" aria-invalid=\"false\" value=\"\" type=\"email\" name=\"your-email\" \/><\/span> <\/label>\n<\/p>\n<p><label> Telefonsz\u00e1m <span class=\"wpcf7-form-control-wrap\" data-name=\"tel-741\"><input size=\"40\" maxlength=\"400\" class=\"wpcf7-form-control wpcf7-tel wpcf7-validates-as-required wpcf7-text wpcf7-validates-as-tel\" aria-required=\"true\" aria-invalid=\"false\" value=\"\" type=\"tel\" name=\"tel-741\" \/><\/span> <\/label>\n<\/p>\n<p><label> V\u00e1lassz tanfolyam t\u00edpust:<br \/>\n<span class=\"wpcf7-form-control-wrap\" data-name=\"tanfolyam-tipus\"><select class=\"wpcf7-form-control wpcf7-select wpcf7-validates-as-required\" aria-required=\"true\" aria-invalid=\"false\" name=\"tanfolyam-tipus\"><option value=\"RAD Mobility 1+2\">RAD Mobility 1+2<\/option><option value=\"RAD Mobility 1\">RAD Mobility 1<\/option><option value=\"RAD Mobility 2\">RAD Mobility 2<\/option><option value=\"RAD Mobility Master Coach\">RAD Mobility Master Coach<\/option><option value=\"RAD Mobility 1+2+MC\">RAD Mobility 1+2+MC<\/option><\/select><\/span> <\/label>\n<\/p>\n<p><label> \u00dczenet (nem k\u00f6telez\u0151)<br \/>\n<span class=\"wpcf7-form-control-wrap\" data-name=\"your-message\"><textarea cols=\"40\" rows=\"10\" maxlength=\"2000\" class=\"wpcf7-form-control wpcf7-textarea\" aria-invalid=\"false\" name=\"your-message\"><\/textarea><\/span> <\/label>\n<\/p>\n<p>[recaptcha]\n<\/p>\n<p><div class=\"cf7-cf-turnstile\" style=\"margin-top: 0px; margin-bottom: -15px;\"> <div id=\"cf-turnstile-cf7-3774194490\" class=\"cf-turnstile\" data-sitekey=\"0x4AAAAAABS6COSBeVfRmPQq\" data-theme=\"light\" data-language=\"auto\" data-size=\"normal\" data-retry=\"auto\" data-retry-interval=\"1000\" data-refresh-expired=\"auto\" data-refresh-timeout=\"auto\" data-action=\"contact-form-7\" data-callback=\"turnstileCF7Callback\" data-appearance=\"interaction-only\"><\/div> <script>document.addEventListener(\"DOMContentLoaded\", function() { setTimeout(function(){ var e=document.getElementById(\"cf-turnstile-cf7-3774194490\"); if(e&&!e.innerHTML.trim()){turnstile.render(e, {sitekey:\"0x4AAAAAABS6COSBeVfRmPQq\"});} }, 200); });<\/script> <style>#cf-turnstile-cf7-3774194490 iframe { margin-bottom: 15px; }<\/style> <style>#cf-turnstile-cf7-3774194490 { margin-left: -15px; }<\/style> <script>document.addEventListener(\"DOMContentLoaded\",function(){document.querySelectorAll('.wpcf7-form').forEach(function(e){e.addEventListener('submit',function(){if(document.getElementById('cf-turnstile-cf7-3774194490')){setTimeout(function(){turnstile.reset('#cf-turnstile-cf7-3774194490');},1000)}})})});<\/script> <\/div><br\/><input class=\"wpcf7-form-control wpcf7-submit has-spinner\" type=\"submit\" value=\"Bek\u00fcld\u00e9s\" \/>\n<\/p>\n<p>Ez az \u0171rlap Akismetet haszn\u00e1l a spam cs\u00f6kkent\u00e9se \u00e9rdek\u00e9ben. <a target=\"_blank\" rel=\"nofollow noopener\" href=\"https:\/\/akismet.com\/privacy\/\">Ismerje meg, hogyan dolgoztatnak fel az adatai.<\/a>\n<\/p><p style=\"display: none !important;\" class=\"akismet-fields-container\" data-prefix=\"_wpcf7_ak_\"><label>&#916;<textarea name=\"_wpcf7_ak_hp_textarea\" cols=\"45\" rows=\"8\" maxlength=\"100\"><\/textarea><\/label><input type=\"hidden\" id=\"ak_js_1\" name=\"_wpcf7_ak_js\" value=\"163\"\/><script>document.getElementById( \"ak_js_1\" ).setAttribute( \"value\", ( new Date() ).getTime() );<\/script><\/p><div class=\"wpcf7-response-output\" aria-hidden=\"true\"><\/div>\n<\/form>\n<\/div>\n\n\n\n\t\t<\/div>\n\t\t\t\t\t<\/div>\n\n\t\n\n<\/div>\n\n","protected":false},"excerpt":{"rendered":"<p>Myofascial self-massage and mobilisation. Basic level. Learn how the latest scientific findings on the nervous system, muscles, fascia, movement, mobilisation and stabilisation exercises can be incorporated into your own or your clients&#8217; lives, exercise plans or therapy.<\/p>\n","protected":false},"author":2,"featured_media":0,"parent":236585,"menu_order":0,"comment_status":"closed","ping_status":"closed","template":"page-blank.php","meta":{"footnotes":""},"class_list":["post-246521","page","type-page","status-publish","hentry"],"_links":{"self":[{"href":"https:\/\/radroller.hu\/en\/wp-json\/wp\/v2\/pages\/246521","targetHints":{"allow":["GET"]}}],"collection":[{"href":"https:\/\/radroller.hu\/en\/wp-json\/wp\/v2\/pages"}],"about":[{"href":"https:\/\/radroller.hu\/en\/wp-json\/wp\/v2\/types\/page"}],"author":[{"embeddable":true,"href":"https:\/\/radroller.hu\/en\/wp-json\/wp\/v2\/users\/2"}],"replies":[{"embeddable":true,"href":"https:\/\/radroller.hu\/en\/wp-json\/wp\/v2\/comments?post=246521"}],"version-history":[{"count":0,"href":"https:\/\/radroller.hu\/en\/wp-json\/wp\/v2\/pages\/246521\/revisions"}],"up":[{"embeddable":true,"href":"https:\/\/radroller.hu\/en\/wp-json\/wp\/v2\/pages\/236585"}],"wp:attachment":[{"href":"https:\/\/radroller.hu\/en\/wp-json\/wp\/v2\/media?parent=246521"}],"curies":[{"name":"wp","href":"https:\/\/api.w.org\/{rel}","templated":true}]}}