{"id":246499,"date":"2023-07-09T13:45:35","date_gmt":"2023-07-09T11:45:35","guid":{"rendered":"https:\/\/radroller.hu\/termek\/mobilisierungs-starterkit\/"},"modified":"2025-12-30T22:59:11","modified_gmt":"2025-12-30T21:59:11","slug":"mobilisierungs-starterkit","status":"publish","type":"product","link":"https:\/\/radroller.hu\/de\/produkt\/mobilisierungs-starterkit\/","title":{"rendered":"Mobilisierungs-Starterkit"},"content":{"rendered":"<p data-start=\"375\" data-end=\"681\">Das <strong data-start=\"377\" data-end=\"403\">Mobilisierungs-Starterpaket<\/strong> ist die ideale Wahl, wenn Sie mit der bewussten Muskel- und Bindegewebsmobilisierung beginnen m\u00f6chten, aber <strong data-start=\"494\" data-end=\"539\">nicht sofort ein komplettes Set an Ger\u00e4ten anschaffen m\u00f6chten<\/strong>. Dieses Paket bietet die Essenz der RAD-Methode: <strong data-start=\"586\" data-end=\"643\">effektive, gezielte und leicht erlernbare Selbstbehandlung<\/strong> f\u00fcr die h\u00e4ufigsten schmerzhaften Bereiche. <\/p>\n<p data-start=\"683\" data-end=\"777\">Der perfekte Einstieg in die Welt von RAD \u2013 <strong data-start=\"717\" data-end=\"776\">f\u00fcr Anf\u00e4nger, Sportler und Personen mit sitzender T\u00e4tigkeit gleicherma\u00dfen<\/strong>.<\/p>\n<h3 data-start=\"1296\" data-end=\"1326\">Warum ist es das ideale Starterpaket?<\/h3>\n<p data-start=\"1328\" data-end=\"1490\"><strong data-start=\"1328\" data-end=\"1356\">Einfach, aber effektiv<\/strong><br data-start=\"1356\" data-end=\"1359\">Es sind keine Vorkenntnisse erforderlich: Bereits 5\u201310 Minuten t\u00e4glicher Anwendung k\u00f6nnen eine sp\u00fcrbare Verbesserung des Muskelzustands und der Bewegungsqualit\u00e4t bewirken.<\/p>\n<p data-start=\"1492\" data-end=\"1702\"><strong data-start=\"1492\" data-end=\"1535\">Gezielter als eine herk\u00f6mmliche Rolle<\/strong><br data-start=\"1535\" data-end=\"1538\">Die Form der RAD-Ger\u00e4te erm\u00f6glicht eine tiefere, pr\u00e4zisere Behandlung auch in Bereichen, in denen eine klassische Rolle wirkungslos ist (z. B. Schulterblattbereich, H\u00fcfte, Fu\u00dfsohle).<\/p>\n<p data-start=\"1704\" data-end=\"1843\"><strong data-start=\"1704\" data-end=\"1729\">Kompakt und tragbar<\/strong><br data-start=\"1729\" data-end=\"1732\">Einfach zu Hause, im Fitnessstudio oder sogar auf Reisen zu verwenden \u2013 nimmt nicht viel Platz ein und ist dennoch vielseitig.<\/p>\n<p data-start=\"1845\" data-end=\"2012\"><strong data-start=\"1845\" data-end=\"1874\">Sp\u00e4ter erweiterbares System<\/strong><br data-start=\"1874\" data-end=\"1877\">Das Starterpaket ist eine perfekte Grundlage: Wenn Sie sp\u00e4ter eine tiefere oder ganzk\u00f6rperliche Behandlung w\u00fcnschen, kann es leicht mit weiteren RAD-Ger\u00e4ten erg\u00e4nzt werden.<\/p>\n","protected":false},"excerpt":{"rendered":"<p>Einkaufen f\u00fcr einen Freund, der im neuen Jahr einen gesunden Lebensstil f\u00fchren m\u00f6chte? Oder vielleicht f\u00fcr ein Familienmitglied, das mit einer Massage beginnen m\u00f6chte, aber nicht wei\u00df, wie? Dieses Paket ist f\u00fcr Anf\u00e4nger und SMR-Neulinge gedacht. Enth\u00e4lt einen genialen EVA-Massageroller, unseren originalen doppelten Massageball und einen Massagestab mit Stahlkern, der ein Leben lang h\u00e4lt. <\/p>\n<ul>\n<li>Roller ()<\/li>\n<li>Rod<\/li>\n<li>Achse<\/li>\n<\/ul>\n","protected":false},"featured_media":244583,"comment_status":"open","ping_status":"closed","template":"","meta":[],"product_brand":[279],"product_cat":[173],"product_tag":[],"class_list":{"0":"post-246499","1":"product","2":"type-product","3":"status-publish","4":"has-post-thumbnail","6":"product_brand-rad","7":"product_cat-smr-pakete","9":"first","10":"instock","11":"taxable","12":"shipping-taxable","13":"purchasable","14":"product-type-woosb"},"_links":{"self":[{"href":"https:\/\/radroller.hu\/de\/wp-json\/wp\/v2\/product\/246499","targetHints":{"allow":["GET"]}}],"collection":[{"href":"https:\/\/radroller.hu\/de\/wp-json\/wp\/v2\/product"}],"about":[{"href":"https:\/\/radroller.hu\/de\/wp-json\/wp\/v2\/types\/product"}],"replies":[{"embeddable":true,"href":"https:\/\/radroller.hu\/de\/wp-json\/wp\/v2\/comments?post=246499"}],"wp:featuredmedia":[{"embeddable":true,"href":"https:\/\/radroller.hu\/de\/wp-json\/wp\/v2\/media\/244583"}],"wp:attachment":[{"href":"https:\/\/radroller.hu\/de\/wp-json\/wp\/v2\/media?parent=246499"}],"wp:term":[{"taxonomy":"product_brand","embeddable":true,"href":"https:\/\/radroller.hu\/de\/wp-json\/wp\/v2\/product_brand?post=246499"},{"taxonomy":"product_cat","embeddable":true,"href":"https:\/\/radroller.hu\/de\/wp-json\/wp\/v2\/product_cat?post=246499"},{"taxonomy":"product_tag","embeddable":true,"href":"https:\/\/radroller.hu\/de\/wp-json\/wp\/v2\/product_tag?post=246499"}],"curies":[{"name":"wp","href":"https:\/\/api.w.org\/{rel}","templated":true}]}}