{"id":246496,"date":"2023-07-09T13:29:55","date_gmt":"2023-07-09T11:29:55","guid":{"rendered":"https:\/\/radroller.hu\/termek\/muskeltraining-paket\/"},"modified":"2025-12-30T22:59:39","modified_gmt":"2025-12-30T21:59:39","slug":"muskeltraining-paket","status":"publish","type":"product","link":"https:\/\/radroller.hu\/de\/produkt\/muskeltraining-paket\/","title":{"rendered":"Muskeltraining-Paket"},"content":{"rendered":"<p data-start=\"374\" data-end=\"543\">Das <strong data-start=\"377\" data-end=\"399\">Muskel-Twist-Paket<\/strong> ist eine der einzigartigsten L\u00f6sungen des RAD-Systems: Es verdreht nicht durch seine Form, sondern erzeugt bei der Anwendung einen echten Gewebe-Twist-Effekt.<\/p>\n<p data-start=\"545\" data-end=\"829\">Das Wesentliche an dieser Technik ist, dass der RAD Rod, in den RAD Atom eingesetzt, zu einer Art Hebel wird. W\u00e4hrend Sie auf dem Atom liegen, f\u00fchren Sie mit Hilfe des Rods eine kontrollierte Drehbewegung aus \u2013 so \u00fcben Sie nicht nur Druck aus, sondern verdrehen auch kontrolliert das Muskelgewebe und die Faszien. <\/p>\n<p data-start=\"831\" data-end=\"934\">Diese Mechanik erzeugt einen Effekt, der <strong data-start=\"876\" data-end=\"933\">mit einer herk\u00f6mmlichen Rolle oder einem Ball nicht erreicht werden kann<\/strong>.<\/p>\n<h3 data-start=\"941\" data-end=\"974\">Was macht dieses Paket so besonders?<\/h3>\n<p data-start=\"976\" data-end=\"1113\"><strong data-start=\"976\" data-end=\"1017\">Echte Verdrehkraft, nicht blo\u00dfer Druck<\/strong><br data-start=\"1017\" data-end=\"1020\">Das K\u00f6rpergewicht konzentriert sich auf die Atom-Kugel, w\u00e4hrend der Rod als Hebel fungiert. Dies erm\u00f6glicht: <\/p>\n<ul data-start=\"1114\" data-end=\"1259\">\n<li data-start=\"1114\" data-end=\"1157\">\n<p data-start=\"1116\" data-end=\"1157\">die kontrollierte Verschiebung des Gewebes,<\/p>\n<\/li>\n<li data-start=\"1158\" data-end=\"1207\">\n<p data-start=\"1160\" data-end=\"1207\">das \u201eAufbrechen\u201c der Faszien in verschiedenen Ebenen,<\/p>\n<\/li>\n<li data-start=\"1208\" data-end=\"1259\">\n<p data-start=\"1210\" data-end=\"1259\">und die effektivere Freisetzung tieferer Schichten.<\/p>\n<\/li>\n<\/ul>\n<p data-start=\"1261\" data-end=\"1348\"><strong data-start=\"1261\" data-end=\"1294\">Fein dosierbare Intensit\u00e4t<\/strong><br data-start=\"1294\" data-end=\"1297\">Das Ausma\u00df der Verdrehung ist vollst\u00e4ndig kontrollierbar:<\/p>\n<ul data-start=\"1349\" data-end=\"1508\">\n<li data-start=\"1349\" data-end=\"1389\">\n<p data-start=\"1351\" data-end=\"1389\">kleinere Bewegung = sanfte Mobilisierung,<\/p>\n<\/li>\n<li data-start=\"1390\" data-end=\"1508\">\n<p data-start=\"1392\" data-end=\"1508\">gr\u00f6\u00dfere Drehung = intensivere Behandlung.<\/p>\n<\/li>\n<\/ul>\n<p data-start=\"1392\" data-end=\"1508\">Dies ist sicherer und bewusster als Ger\u00e4te, die auf \u00fcberm\u00e4\u00dfigem Druck basieren.<\/p>\n","protected":false},"excerpt":{"rendered":"<p>Gro\u00dfe Muskeln erfordern viel Entspannung. Der Atom und der Rod sind eine ideale Kombination aus Punktlockerer UND Rolle. L\u00f6sen Sie die festesten Knoten und die Verspannungen in gro\u00dfen Muskelgruppen. Perfekt, um sie einzeln oder zusammen zu verwenden. Sie k\u00f6nnen den Atom \u00fcber den Rod st\u00fclpen &#8211; bis zur Mitte &#8211; oder ihn einfach \u00fcber den Griff des Rod st\u00fclpen und so eine Art Brechstange verwenden. Egal wie Sie sich entscheiden, die hartn\u00e4ckigsten Knoten haben keine Chance und Ihre Muskeln werden mit Sicherheit ultimativ entlastet. Packungsinhalt:      <\/p>\n<ul>\n<li>Rod<\/li>\n<li>Atom<\/li>\n<\/ul>\n","protected":false},"featured_media":235018,"comment_status":"open","ping_status":"closed","template":"","meta":[],"product_brand":[279],"product_cat":[173],"product_tag":[],"class_list":{"0":"post-246496","1":"product","2":"type-product","3":"status-publish","4":"has-post-thumbnail","6":"product_brand-rad","7":"product_cat-smr-pakete","9":"first","10":"instock","11":"taxable","12":"shipping-taxable","13":"purchasable","14":"product-type-woosb"},"_links":{"self":[{"href":"https:\/\/radroller.hu\/de\/wp-json\/wp\/v2\/product\/246496","targetHints":{"allow":["GET"]}}],"collection":[{"href":"https:\/\/radroller.hu\/de\/wp-json\/wp\/v2\/product"}],"about":[{"href":"https:\/\/radroller.hu\/de\/wp-json\/wp\/v2\/types\/product"}],"replies":[{"embeddable":true,"href":"https:\/\/radroller.hu\/de\/wp-json\/wp\/v2\/comments?post=246496"}],"wp:featuredmedia":[{"embeddable":true,"href":"https:\/\/radroller.hu\/de\/wp-json\/wp\/v2\/media\/235018"}],"wp:attachment":[{"href":"https:\/\/radroller.hu\/de\/wp-json\/wp\/v2\/media?parent=246496"}],"wp:term":[{"taxonomy":"product_brand","embeddable":true,"href":"https:\/\/radroller.hu\/de\/wp-json\/wp\/v2\/product_brand?post=246496"},{"taxonomy":"product_cat","embeddable":true,"href":"https:\/\/radroller.hu\/de\/wp-json\/wp\/v2\/product_cat?post=246496"},{"taxonomy":"product_tag","embeddable":true,"href":"https:\/\/radroller.hu\/de\/wp-json\/wp\/v2\/product_tag?post=246496"}],"curies":[{"name":"wp","href":"https:\/\/api.w.org\/{rel}","templated":true}]}}