{"id":243366,"date":"2022-03-30T10:19:05","date_gmt":"2022-03-30T08:19:05","guid":{"rendered":"https:\/\/radroller.hu\/termek\/paket-fuer-fortgeschrittenes-narbenbewusstsein\/"},"modified":"2025-12-30T22:59:35","modified_gmt":"2025-12-30T21:59:35","slug":"paket-fur-fortgeschrittenes-narbenbewusstsein","status":"publish","type":"product","link":"https:\/\/radroller.hu\/de\/produkt\/paket-fur-fortgeschrittenes-narbenbewusstsein\/","title":{"rendered":"Paket f\u00fcr fortgeschrittenes Narbenbewusstsein"},"content":{"rendered":"<p>Dieses Kit ist die ideale Erg\u00e4nzung zum Nischenprogramm <a href=\"https:\/\/csaszarvonal.hu\/videotar\/product\/halado_has_es_hegkezeles\/23\" target=\"_blank\" rel=\"noopener\">Advanced Abdominal and Scar Management der &#8222;Cs\u00e1sz\u00e1rvonal&#8220;<\/a> und enth\u00e4lt die empfohlenen Werkzeuge aus dem SMR-Erstlingslehrvideo im Vier-Videos-Paket. Das Programm, mit dem nicht nur spektakul\u00e4re Ergebnisse bei narbenbedingten Beschwerden, sondern auch bei der Verbesserung des Zustands des Bauches erzielt werden k\u00f6nnen, wird ausdr\u00fccklich f\u00fcr die Zeit nach dem Kaiserschnitt empfohlen, wenn die Kaiserschnittnarbe (oder eine andere Bauchnarbe) ausreichend stabil ist (3+ Monate nach dem Eingriff). Wenn du mit dem Programm fertig bist, kannst du sie noch lange verwenden, um die Muskeln \u00fcberall an deinem K\u00f6rper zu entspannen.<\/p>\n","protected":false},"excerpt":{"rendered":"<p>Alle Werkzeuge, die du brauchst, an einem Ort, angefangen mit dem Caesarean Advanced Tummy and Scar Treatment Programm!<\/p>\n<p>Wenn seit deinem Kaiserschnitt mehr als drei Monate vergangen sind oder du das <a href=\"https:\/\/csaszarvonal.hu\/videotar\/product\/alapcsomag_hasi_szulestol_a_12_hetig\/19\">Basis-Kaiserschnitt-Videopaket<\/a> und das dazugeh\u00f6rige Basis-Narbenmanagement-Programm absolviert hast, ist es an der Zeit, zu einem fortgeschritteneren Bauch- und Narbenmanagement \u00fcberzugehen oder \u00fcberhaupt damit zu beginnen &#8211; du bekommst Kr\u00fccken, und dabei helfen dir diese SMR-Tools.<\/p>\n<p>Das komplexe Programm der Emperor&#8217;s Line umfasst \u00d6l-Bauchmassage, trockene Bauchmassage-Therapie, R\u00fcckbildungsgymnastik und Selbstmassage mit RAD SMR-Tools. Letztere tr\u00e4gt zur Hydratation, Elastizit\u00e4t und guten Durchblutung der Bindegewebsschichten bei. <\/p>\n<p><a href=\"https:\/\/csaszarvonal.hu\/videotar\/product\/halado_has_es_hegkezeles\/23\">Mehr \u00fcber das Programm erf\u00e4hrst du hier.<\/a><\/p>\n<p>Up for awareness!<\/p>\n<p>Inhalt des Pakets:<\/p>\n<ul>\n<li>RAD Roller (w\u00e4hlbare H\u00e4rte)<\/li>\n<li>Recovery Rounds<\/li>\n<li>RAD Centre<\/li>\n<\/ul>\n","protected":false},"featured_media":247423,"comment_status":"open","ping_status":"closed","template":"","meta":[],"product_brand":[279],"product_cat":[173],"product_tag":[170,178,177,175,224,172],"class_list":{"0":"post-243366","1":"product","2":"type-product","3":"status-publish","4":"has-post-thumbnail","6":"product_brand-rad","7":"product_cat-smr-pakete","8":"product_tag-massage-ball-de","9":"product_tag-massage-ball-de-2","10":"product_tag-massage-rolle-de","11":"product_tag-muskelentspannung","12":"product_tag-narbenbehandlung","13":"product_tag-rehabilitation-de","15":"first","16":"instock","17":"taxable","18":"shipping-taxable","19":"purchasable","20":"product-type-woosb"},"_links":{"self":[{"href":"https:\/\/radroller.hu\/de\/wp-json\/wp\/v2\/product\/243366","targetHints":{"allow":["GET"]}}],"collection":[{"href":"https:\/\/radroller.hu\/de\/wp-json\/wp\/v2\/product"}],"about":[{"href":"https:\/\/radroller.hu\/de\/wp-json\/wp\/v2\/types\/product"}],"replies":[{"embeddable":true,"href":"https:\/\/radroller.hu\/de\/wp-json\/wp\/v2\/comments?post=243366"}],"wp:featuredmedia":[{"embeddable":true,"href":"https:\/\/radroller.hu\/de\/wp-json\/wp\/v2\/media\/247423"}],"wp:attachment":[{"href":"https:\/\/radroller.hu\/de\/wp-json\/wp\/v2\/media?parent=243366"}],"wp:term":[{"taxonomy":"product_brand","embeddable":true,"href":"https:\/\/radroller.hu\/de\/wp-json\/wp\/v2\/product_brand?post=243366"},{"taxonomy":"product_cat","embeddable":true,"href":"https:\/\/radroller.hu\/de\/wp-json\/wp\/v2\/product_cat?post=243366"},{"taxonomy":"product_tag","embeddable":true,"href":"https:\/\/radroller.hu\/de\/wp-json\/wp\/v2\/product_tag?post=243366"}],"curies":[{"name":"wp","href":"https:\/\/api.w.org\/{rel}","templated":true}]}}