{"id":238676,"date":"2020-02-23T22:55:56","date_gmt":"2020-02-23T21:55:56","guid":{"rendered":"https:\/\/radroller.hu\/termek\/rad-micro-rounds\/"},"modified":"2026-02-13T11:44:45","modified_gmt":"2026-02-13T10:44:45","slug":"micro-rounds","status":"publish","type":"product","link":"https:\/\/radroller.hu\/de\/produkt\/micro-rounds\/","title":{"rendered":"RAD Micro Rounds"},"content":{"rendered":"<p>Micro Rounds mag die kleinste Packung im RAD-Sortiment sein, aber das sagt nichts \u00fcber ihre Wirksamkeit aus. Sie wurden mit Blick auf kleinere Muskeln entwickelt, so dass sie auch F\u00e4lle bew\u00e4ltigen k\u00f6nnen, die chirurgische Pr\u00e4zision erfordern. Wenn du die Nase voll hast von Kopfschmerzen, schmerzenden F\u00fc\u00dfen und krampfenden Zehen, probiere sie aus!<\/p>\n","protected":false},"excerpt":{"rendered":"<p>Micro Rounds mag die kleinste Packung im RAD-Sortiment sein, aber das sagt nichts \u00fcber ihre Wirksamkeit aus. Sie wurden mit Blick auf kleinere Muskeln entwickelt, so dass sie auch F\u00e4lle bew\u00e4ltigen k\u00f6nnen, die chirurgische Pr\u00e4zision erfordern. Wenn du die Nase voll hast von Kopfschmerzen, schmerzenden F\u00fc\u00dfen und krampfenden Zehen, probiere sie aus!<\/p>\n","protected":false},"featured_media":235333,"comment_status":"open","ping_status":"closed","template":"","meta":[],"product_brand":[279],"product_cat":[168],"product_tag":[170,172,169,171],"class_list":{"0":"post-238676","1":"product","2":"type-product","3":"status-publish","4":"has-post-thumbnail","6":"product_brand-rad","7":"product_cat-massageballe","8":"product_tag-massage-ball-de","9":"product_tag-rehabilitation-de","10":"product_tag-smr-de","11":"product_tag-unlock","13":"first","14":"instock","15":"taxable","16":"shipping-taxable","17":"purchasable","18":"product-type-simple"},"_links":{"self":[{"href":"https:\/\/radroller.hu\/de\/wp-json\/wp\/v2\/product\/238676","targetHints":{"allow":["GET"]}}],"collection":[{"href":"https:\/\/radroller.hu\/de\/wp-json\/wp\/v2\/product"}],"about":[{"href":"https:\/\/radroller.hu\/de\/wp-json\/wp\/v2\/types\/product"}],"replies":[{"embeddable":true,"href":"https:\/\/radroller.hu\/de\/wp-json\/wp\/v2\/comments?post=238676"}],"wp:featuredmedia":[{"embeddable":true,"href":"https:\/\/radroller.hu\/de\/wp-json\/wp\/v2\/media\/235333"}],"wp:attachment":[{"href":"https:\/\/radroller.hu\/de\/wp-json\/wp\/v2\/media?parent=238676"}],"wp:term":[{"taxonomy":"product_brand","embeddable":true,"href":"https:\/\/radroller.hu\/de\/wp-json\/wp\/v2\/product_brand?post=238676"},{"taxonomy":"product_cat","embeddable":true,"href":"https:\/\/radroller.hu\/de\/wp-json\/wp\/v2\/product_cat?post=238676"},{"taxonomy":"product_tag","embeddable":true,"href":"https:\/\/radroller.hu\/de\/wp-json\/wp\/v2\/product_tag?post=238676"}],"curies":[{"name":"wp","href":"https:\/\/api.w.org\/{rel}","templated":true}]}}