{"id":238675,"date":"2020-03-17T20:23:06","date_gmt":"2020-03-17T19:23:06","guid":{"rendered":"https:\/\/radroller.hu\/termek\/rad-rod-mini\/"},"modified":"2025-12-07T03:43:31","modified_gmt":"2025-12-07T02:43:31","slug":"rad-rod-mini","status":"publish","type":"product","link":"https:\/\/radroller.hu\/de\/produkt\/rad-rod-mini\/","title":{"rendered":"RAD Rod Mini"},"content":{"rendered":"<p>Erlebe professionelle Muskelentspannung mit diesem ultra-portablen Werkzeug! Das innovative Design des Rod Mini erm\u00f6glicht es dir, gro\u00dfe, schwere Muskeln mit denselben Ergebnissen zu bearbeiten wie die schwer zug\u00e4nglichen Ausgangs- und Ansatzpunkte, die mit gr\u00f6\u00dferen Werkzeugen extrem schwer zu erreichen sind. Du kannst die Druckkraft leichter und pr\u00e4ziser kontrollieren, als wenn du auf dem Boden massierst. Und nat\u00fcrlich kannst du ihn dank seiner Gr\u00f6\u00dfe \u00fcberallhin mitnehmen.   <\/p>\n","protected":false},"excerpt":{"rendered":"<p>Erleben Sie professionelle Muskelentspannung mit dieser ultra-portablen Massagebar! Das innovative Design des Rod Mini erm\u00f6glicht es dir, gro\u00dfe, schwere Muskeln ebenso effektiv zu bearbeiten wie schwer zug\u00e4ngliche Ausgangs- und Ansatzpunkte, die mit gr\u00f6\u00dferen Ger\u00e4ten nur schwer zu erreichen sind. Du kannst den Druck leichter und genauer steuern, als wenn du auf dem Boden massieren w\u00fcrdest. Und nat\u00fcrlich kannst du ihn es aufgrund seiner Gr\u00f6\u00dfe \u00fcberallhin mitnehmen.<\/p>\n","protected":false},"featured_media":239621,"comment_status":"open","ping_status":"closed","template":"","meta":[],"product_brand":[],"product_cat":[181],"product_tag":[176,174,177,175],"class_list":{"0":"post-238675","1":"product","2":"type-product","3":"status-publish","4":"has-post-thumbnail","6":"product_cat-massagestabe","7":"product_tag-foam-roller-de","8":"product_tag-massage-rolle","9":"product_tag-massage-rolle-de","10":"product_tag-muskelentspannung","12":"first","13":"instock","14":"taxable","15":"shipping-taxable","16":"purchasable","17":"product-type-simple"},"_links":{"self":[{"href":"https:\/\/radroller.hu\/de\/wp-json\/wp\/v2\/product\/238675","targetHints":{"allow":["GET"]}}],"collection":[{"href":"https:\/\/radroller.hu\/de\/wp-json\/wp\/v2\/product"}],"about":[{"href":"https:\/\/radroller.hu\/de\/wp-json\/wp\/v2\/types\/product"}],"replies":[{"embeddable":true,"href":"https:\/\/radroller.hu\/de\/wp-json\/wp\/v2\/comments?post=238675"}],"wp:featuredmedia":[{"embeddable":true,"href":"https:\/\/radroller.hu\/de\/wp-json\/wp\/v2\/media\/239621"}],"wp:attachment":[{"href":"https:\/\/radroller.hu\/de\/wp-json\/wp\/v2\/media?parent=238675"}],"wp:term":[{"taxonomy":"product_brand","embeddable":true,"href":"https:\/\/radroller.hu\/de\/wp-json\/wp\/v2\/product_brand?post=238675"},{"taxonomy":"product_cat","embeddable":true,"href":"https:\/\/radroller.hu\/de\/wp-json\/wp\/v2\/product_cat?post=238675"},{"taxonomy":"product_tag","embeddable":true,"href":"https:\/\/radroller.hu\/de\/wp-json\/wp\/v2\/product_tag?post=238675"}],"curies":[{"name":"wp","href":"https:\/\/api.w.org\/{rel}","templated":true}]}}