{"id":238653,"date":"2016-11-19T21:28:31","date_gmt":"2016-11-19T20:28:31","guid":{"rendered":"https:\/\/radroller.hu\/termek\/rad-helix\/"},"modified":"2025-12-30T23:00:18","modified_gmt":"2025-12-30T22:00:18","slug":"rad-helix","status":"publish","type":"product","link":"https:\/\/radroller.hu\/de\/produkt\/rad-helix\/","title":{"rendered":"RAD Helix"},"content":{"rendered":"<p>Dank der anatomisch perfekten Form und Zusammensetzung des RAD Helix-Massagerollers kannst du deinen R\u00fccken von der Taille bis zum Hinterkopf massieren, ohne die Wirbels\u00e4ule zu stimulieren. Es kann auch effektiv bei anderen gro\u00dfen Muskelgruppen im K\u00f6rper eingesetzt werden, um den Fl\u00fcssigkeitsfluss zu stimulieren und den Bewegungsumfang zu erh\u00f6hen. <\/p>\n","protected":false},"excerpt":{"rendered":"<p>Dank der anatomisch perfekten Form und Zusammensetzung des RAD Helix-Massagerollers kannst du deinen R\u00fccken von der Taille bis zum Hinterkopf massieren, ohne die Wirbels\u00e4ule zu stimulieren. Es kann auch effektiv bei anderen gro\u00dfen Muskelgruppen im K\u00f6rper eingesetzt werden, um den Fl\u00fcssigkeitsfluss zu stimulieren und den Bewegungsumfang zu erh\u00f6hen. <\/p>\n","protected":false},"featured_media":234713,"comment_status":"open","ping_status":"closed","template":"","meta":[],"product_brand":[],"product_cat":[180],"product_tag":[176,177,174,175,172],"class_list":{"0":"post-238653","1":"product","2":"type-product","3":"status-publish","4":"has-post-thumbnail","6":"product_cat-massagerollen","7":"product_tag-foam-roller-de","8":"product_tag-massage-rolle-de","9":"product_tag-massage-rolle","10":"product_tag-muskelentspannung","11":"product_tag-rehabilitation-de","13":"first","14":"instock","15":"taxable","16":"shipping-taxable","17":"purchasable","18":"product-type-simple"},"_links":{"self":[{"href":"https:\/\/radroller.hu\/de\/wp-json\/wp\/v2\/product\/238653","targetHints":{"allow":["GET"]}}],"collection":[{"href":"https:\/\/radroller.hu\/de\/wp-json\/wp\/v2\/product"}],"about":[{"href":"https:\/\/radroller.hu\/de\/wp-json\/wp\/v2\/types\/product"}],"replies":[{"embeddable":true,"href":"https:\/\/radroller.hu\/de\/wp-json\/wp\/v2\/comments?post=238653"}],"wp:featuredmedia":[{"embeddable":true,"href":"https:\/\/radroller.hu\/de\/wp-json\/wp\/v2\/media\/234713"}],"wp:attachment":[{"href":"https:\/\/radroller.hu\/de\/wp-json\/wp\/v2\/media?parent=238653"}],"wp:term":[{"taxonomy":"product_brand","embeddable":true,"href":"https:\/\/radroller.hu\/de\/wp-json\/wp\/v2\/product_brand?post=238653"},{"taxonomy":"product_cat","embeddable":true,"href":"https:\/\/radroller.hu\/de\/wp-json\/wp\/v2\/product_cat?post=238653"},{"taxonomy":"product_tag","embeddable":true,"href":"https:\/\/radroller.hu\/de\/wp-json\/wp\/v2\/product_tag?post=238653"}],"curies":[{"name":"wp","href":"https:\/\/api.w.org\/{rel}","templated":true}]}}