{"id":238644,"date":"2016-11-19T21:36:49","date_gmt":"2016-11-19T20:36:49","guid":{"rendered":"https:\/\/radroller.hu\/termek\/rad-rod-2\/"},"modified":"2026-01-19T08:59:11","modified_gmt":"2026-01-19T07:59:11","slug":"rad-rod","status":"publish","type":"product","link":"https:\/\/radroller.hu\/de\/produkt\/rad-rod\/","title":{"rendered":"RAD Rod"},"content":{"rendered":"<p class=\"\" data-start=\"255\" data-end=\"536\">Der RAD Rod ist ein kompakter, handgehaltener Massagestab, der sanft und effektiv verspannte, abgeflachte Muskelfasern entspannt &#8211; und das alles, ohne dass du dich auf den Boden legen musst. Das ist besonders vorteilhaft beim Sport oder auf dem Feld, wo herk\u00f6mmliche Rollen schwer zu benutzen sind. <\/p>\n<p class=\"\" data-start=\"538\" data-end=\"885\">Die flexible H\u00fclle, die auf einem Stahlkern aufgebaut ist, \u00fcbertr\u00e4gt den Druck pr\u00e4zise auf das Zielgewebe, sodass auch empfindlichere Bereiche wie das Schienbein oder der Unterarm sicher behandelt werden k\u00f6nnen. Seine schlanke Form macht ihn ideal f\u00fcr die pr\u00e4zise Behandlung von Muskelknoten und Verspannungen &#8211; ob zum Aufw\u00e4rmen vor dem Training oder zur Erholung danach. <\/p>\n<p class=\"\" data-start=\"887\" data-end=\"1041\">Die innenliegende Lagerung sorgt f\u00fcr eine gleichm\u00e4\u00dfige, kontrollierte Bewegung &#8211; diese Massagestange ist nicht nur langlebig, sondern auch ein zuverl\u00e4ssiges Werkzeug f\u00fcr alle aktiven Lebensstile.<\/p>\n","protected":false},"excerpt":{"rendered":"<p>Der RAD Rod kann wie kein anderer gezielten Druck auf den Zielbereich aus\u00fcben, dank der speziellen Zusammensetzung der weichen H\u00fclle auf dem Stahlkern. Das schlanke Design erm\u00f6glicht auch eine effektive Massage besonders empfindlicher Stellen wie dem Schienbein oder dem Unterarm. Das bedeutet, dass verknotete Muskeln und Knoten jetzt beseitigt werden k\u00f6nnen. Das ist der RAD Rod.   <\/p>\n","protected":false},"featured_media":246834,"comment_status":"open","ping_status":"closed","template":"","meta":[],"product_brand":[],"product_cat":[181],"product_tag":[176,174,177,175,172],"class_list":{"0":"post-238644","1":"product","2":"type-product","3":"status-publish","4":"has-post-thumbnail","6":"product_cat-massagestabe","7":"product_tag-foam-roller-de","8":"product_tag-massage-rolle","9":"product_tag-massage-rolle-de","10":"product_tag-muskelentspannung","11":"product_tag-rehabilitation-de","13":"first","14":"instock","15":"taxable","16":"shipping-taxable","17":"purchasable","18":"product-type-simple"},"_links":{"self":[{"href":"https:\/\/radroller.hu\/de\/wp-json\/wp\/v2\/product\/238644","targetHints":{"allow":["GET"]}}],"collection":[{"href":"https:\/\/radroller.hu\/de\/wp-json\/wp\/v2\/product"}],"about":[{"href":"https:\/\/radroller.hu\/de\/wp-json\/wp\/v2\/types\/product"}],"replies":[{"embeddable":true,"href":"https:\/\/radroller.hu\/de\/wp-json\/wp\/v2\/comments?post=238644"}],"wp:featuredmedia":[{"embeddable":true,"href":"https:\/\/radroller.hu\/de\/wp-json\/wp\/v2\/media\/246834"}],"wp:attachment":[{"href":"https:\/\/radroller.hu\/de\/wp-json\/wp\/v2\/media?parent=238644"}],"wp:term":[{"taxonomy":"product_brand","embeddable":true,"href":"https:\/\/radroller.hu\/de\/wp-json\/wp\/v2\/product_brand?post=238644"},{"taxonomy":"product_cat","embeddable":true,"href":"https:\/\/radroller.hu\/de\/wp-json\/wp\/v2\/product_cat?post=238644"},{"taxonomy":"product_tag","embeddable":true,"href":"https:\/\/radroller.hu\/de\/wp-json\/wp\/v2\/product_tag?post=238644"}],"curies":[{"name":"wp","href":"https:\/\/api.w.org\/{rel}","templated":true}]}}