{"id":238639,"date":"2016-11-19T21:39:54","date_gmt":"2016-11-19T20:39:54","guid":{"rendered":"https:\/\/radroller.hu\/termek\/rad-rounds-2\/"},"modified":"2026-01-19T08:59:07","modified_gmt":"2026-01-19T07:59:07","slug":"rad-rounds","status":"publish","type":"product","link":"https:\/\/radroller.hu\/de\/produkt\/rad-rounds\/","title":{"rendered":"RAD Rounds"},"content":{"rendered":"<p class=\"\" data-start=\"40\" data-end=\"159\"><span class=\"relative -mx-px my-[-0.2rem] rounded px-px py-[0.2rem] transition-colors duration-100 ease-in-out\">Das RAD Rounds Massageball-Set enth\u00e4lt drei B\u00e4lle in verschiedenen Gr\u00f6\u00dfen und H\u00e4rten, um schwer erreichbare Muskelknoten und verspannte Stellen zu behandeln.<\/span> <span class=\"relative -mx-px my-[-0.2rem] rounded px-px py-[0.2rem] transition-colors duration-100 ease-in-out\">Der Nacken, die H\u00e4nde, die Gesichtsmuskeln und die F\u00fc\u00dfe werden nicht ausgelassen.<\/span><\/p>\n<p class=\"\" data-start=\"161\" data-end=\"180\"><strong data-start=\"161\" data-end=\"180\">Wichtige Merkmale:<\/strong><\/p>\n<ul data-start=\"182\" data-end=\"753\">\n<li class=\"\" data-start=\"182\" data-end=\"299\">\n<p class=\"\" data-start=\"184\" data-end=\"299\"><strong data-start=\"184\" data-end=\"217\">Drei Gr\u00f6\u00dfen, drei H\u00e4rtegrade:<\/strong> <span class=\"relative -mx-px my-[-0.2rem] rounded px-px py-[0.2rem] transition-colors duration-100 ease-in-out\">Das Set enth\u00e4lt einen gro\u00dfen, einen mittleren und einen kleinen Ball mit unterschiedlicher Dichte, sodass du verschiedene K\u00f6rperteile ansprechen kannst.<\/span><\/p>\n<\/li>\n<li class=\"\" data-start=\"301\" data-end=\"407\">\n<p class=\"\" data-start=\"303\" data-end=\"407\"><strong data-start=\"303\" data-end=\"325\">Pr\u00e4zise Handhabung:<\/strong> <span class=\"relative -mx-px my-[-0.2rem] rounded px-px py-[0.2rem] transition-colors duration-100 ease-in-out\">Dank ihrer geringen Gr\u00f6\u00dfe k\u00f6nnen die Kugeln genau die Bereiche erreichen, die mit anderen Werkzeugen schwer zu erreichen sind, wie die Kiefer-, Hand- und Fu\u00dfmuskulatur.<\/span><\/p>\n<\/li>\n<li class=\"\" data-start=\"409\" data-end=\"518\">\n<p class=\"\" data-start=\"411\" data-end=\"518\"><strong data-start=\"411\" data-end=\"436\">Option W\u00e4rmebehandlung:<\/strong> <span class=\"relative -mx-px my-[-0.2rem] rounded px-px py-[0.2rem] transition-colors duration-100 ease-in-out\">Die Kugeln k\u00f6nnen erhitzt oder gek\u00fchlt werden, um die Wirksamkeit der Massage und den Regenerationsprozess zu erh\u00f6hen.<\/span><\/p>\n<\/li>\n<li class=\"\" data-start=\"520\" data-end=\"634\">\n<p class=\"\" data-start=\"522\" data-end=\"634\"><strong data-start=\"522\" data-end=\"548\">Kompakt und tragbar:<\/strong> <span class=\"relative -mx-px my-[-0.2rem] rounded px-px py-[0.2rem] transition-colors duration-100 ease-in-out\">Die kleine Gr\u00f6\u00dfe der B\u00e4lle passt leicht in deine Tasche, sodass du sie \u00fcberallhin mitnehmen kannst.<\/span><\/p>\n<\/li>\n<li class=\"\" data-start=\"636\" data-end=\"753\">\n<p class=\"\" data-start=\"638\" data-end=\"753\"><strong data-start=\"638\" data-end=\"667\">RAD Block Kompatibilit\u00e4t:<\/strong> <span class=\"relative -mx-px my-[-0.2rem] rounded px-px py-[0.2rem] transition-colors duration-100 ease-in-out\">Die Kugeln werden mit dem RAD Block Ger\u00e4t kombiniert, um eine noch stabilere und effektivere Behandlung zu erm\u00f6glichen.<\/span><\/p>\n<\/li>\n<\/ul>\n<p class=\"\" data-start=\"755\" data-end=\"840\"><span class=\"relative -mx-px my-[-0.2rem] rounded px-px py-[0.2rem] transition-colors duration-100 ease-in-out\">Das RAD Rounds Massageball-Set ist die ideale Wahl f\u00fcr alle, die eine gezielte und effektive Selbstmassage suchen, um allt\u00e4gliche Verspannungen zu l\u00f6sen und die Beweglichkeit zu verbessern.<\/span><\/p>\n","protected":false},"excerpt":{"rendered":"<p>Das RAD Rounds Massageball-Set ist in drei verschiedenen H\u00e4rtegraden erh\u00e4ltlich, um Knoten und verspannte Muskeln an schwer zug\u00e4nglichen Stellen zu l\u00f6sen. Auch der Nacken, die H\u00e4nde, die Gesichtsmuskeln und die F\u00fc\u00dfe bleiben nicht au\u00dfen vor. Diese Ger\u00e4te arbeiten gezielt, daher kann ihre Wirksamkeit nicht mit einem Tennisball oder \u00e4hnlichem verglichen werden. Wenn Sie eine pr\u00e4zisere oder konzentriertere Massage ben\u00f6tigen, legen Sie sie in einen RAD Block!   <\/p>\n","protected":false},"featured_media":247427,"comment_status":"open","ping_status":"closed","template":"","meta":[],"product_brand":[],"product_cat":[168],"product_tag":[170,175,172,169],"class_list":{"0":"post-238639","1":"product","2":"type-product","3":"status-publish","4":"has-post-thumbnail","6":"product_cat-massageballe","7":"product_tag-massage-ball-de","8":"product_tag-muskelentspannung","9":"product_tag-rehabilitation-de","10":"product_tag-smr-de","12":"first","13":"instock","14":"taxable","15":"shipping-taxable","16":"purchasable","17":"product-type-simple"},"_links":{"self":[{"href":"https:\/\/radroller.hu\/de\/wp-json\/wp\/v2\/product\/238639","targetHints":{"allow":["GET"]}}],"collection":[{"href":"https:\/\/radroller.hu\/de\/wp-json\/wp\/v2\/product"}],"about":[{"href":"https:\/\/radroller.hu\/de\/wp-json\/wp\/v2\/types\/product"}],"replies":[{"embeddable":true,"href":"https:\/\/radroller.hu\/de\/wp-json\/wp\/v2\/comments?post=238639"}],"wp:featuredmedia":[{"embeddable":true,"href":"https:\/\/radroller.hu\/de\/wp-json\/wp\/v2\/media\/247427"}],"wp:attachment":[{"href":"https:\/\/radroller.hu\/de\/wp-json\/wp\/v2\/media?parent=238639"}],"wp:term":[{"taxonomy":"product_brand","embeddable":true,"href":"https:\/\/radroller.hu\/de\/wp-json\/wp\/v2\/product_brand?post=238639"},{"taxonomy":"product_cat","embeddable":true,"href":"https:\/\/radroller.hu\/de\/wp-json\/wp\/v2\/product_cat?post=238639"},{"taxonomy":"product_tag","embeddable":true,"href":"https:\/\/radroller.hu\/de\/wp-json\/wp\/v2\/product_tag?post=238639"}],"curies":[{"name":"wp","href":"https:\/\/api.w.org\/{rel}","templated":true}]}}