{"id":238634,"date":"2016-11-19T21:42:59","date_gmt":"2016-11-19T20:42:59","guid":{"rendered":"https:\/\/radroller.hu\/termek\/rad-block-2\/"},"modified":"2026-01-06T10:53:54","modified_gmt":"2026-01-06T09:53:54","slug":"rad-block","status":"publish","type":"product","link":"https:\/\/radroller.hu\/de\/produkt\/rad-block\/","title":{"rendered":"RAD-Block"},"content":{"rendered":"<p class=\"\" data-start=\"204\" data-end=\"323\"><span class=\"relative -mx-px my-[-0.2rem] rounded px-px py-[0.2rem] transition-colors duration-100 ease-in-out\">Der RAD Block ist ein vielseitiges Zusatzger\u00e4t, das speziell f\u00fcr die Verwendung in Kombination mit RAD Roller und RAD Rounds entwickelt wurde.<\/span> <span class=\"relative -mx-px my-[-0.2rem] rounded px-px py-[0.2rem] transition-colors duration-100 ease-in-out\">Er wurde entwickelt, um schwer zug\u00e4ngliche Muskelgruppen wie den Pectoralis und die Adduktoren effektiv zu trainieren, w\u00e4hrend die H\u00e4nde frei bleiben.<\/span><\/p>\n<p class=\"\" data-start=\"325\" data-end=\"344\"><strong data-start=\"325\" data-end=\"344\">Wichtige Merkmale:<\/strong><\/p>\n<ul data-start=\"346\" data-end=\"896\">\n<li class=\"\" data-start=\"346\" data-end=\"454\">\n<p class=\"\" data-start=\"348\" data-end=\"454\"><strong data-start=\"348\" data-end=\"372\">Stabilisierende Funktion:<\/strong> <span class=\"relative -mx-px my-[-0.2rem] rounded px-px py-[0.2rem] transition-colors duration-100 ease-in-out\">Die Aussparungen des Blocks sorgen f\u00fcr eine stabile Fixierung der Roller- oder Rounds-Werkzeuge und erm\u00f6glichen gezielten Druck und eine pr\u00e4zise Muskelentspannung.<\/span><\/p>\n<\/li>\n<li class=\"\" data-start=\"456\" data-end=\"567\">\n<p class=\"\" data-start=\"458\" data-end=\"567\"><strong data-start=\"458\" data-end=\"485\">Ergonomisches Design:<\/strong> <span class=\"relative -mx-px my-[-0.2rem] rounded px-px py-[0.2rem] transition-colors duration-100 ease-in-out\">Die erh\u00f6hte Plattform hilft weniger flexiblen Nutzern, ihre Muskeln effektiv zu trainieren, vor allem bei der Rehabilitation nach Verletzungen.<\/span><\/p>\n<\/li>\n<li class=\"\" data-start=\"569\" data-end=\"672\">\n<p class=\"\" data-start=\"571\" data-end=\"672\"><strong data-start=\"571\" data-end=\"590\">Aufbewahrungsfunktion:<\/strong> <span class=\"relative -mx-px my-[-0.2rem] rounded px-px py-[0.2rem] transition-colors duration-100 ease-in-out\">Die inneren Hohlr\u00e4ume des Blocks sind eine praktische M\u00f6glichkeit, RAD-Werkzeuge aufzubewahren, sodass sie leicht zu transportieren und immer griffbereit sind.<\/span><\/p>\n<\/li>\n<li class=\"\" data-start=\"674\" data-end=\"788\">\n<p class=\"\" data-start=\"676\" data-end=\"788\"><strong data-start=\"676\" data-end=\"702\">Hochwertiges Material:<\/strong> <span class=\"relative -mx-px my-[-0.2rem] rounded px-px py-[0.2rem] transition-colors duration-100 ease-in-out\">Hergestellt aus hochdichtem, BPA- und latexfreiem EVA-Schaumstoff f\u00fcr Haltbarkeit und Langlebigkeit.<\/span><\/p>\n<\/li>\n<li class=\"\" data-start=\"790\" data-end=\"896\">\n<p class=\"\" data-start=\"792\" data-end=\"896\"><strong data-start=\"792\" data-end=\"810\">Kompakte Gr\u00f6\u00dfe:<\/strong> <span class=\"relative -mx-px my-[-0.2rem] rounded px-px py-[0.2rem] transition-colors duration-100 ease-in-out\">Durch seine Gr\u00f6\u00dfe (22 \u00d7 16 \u00d7 10 cm) und sein Gewicht (0,3 kg) ist er ideal f\u00fcr den Einsatz zu Hause und unterwegs.<\/span><\/p>\n<\/li>\n<\/ul>\n<p class=\"\" data-start=\"898\" data-end=\"983\"><span class=\"relative -mx-px my-[-0.2rem] rounded px-px py-[0.2rem] transition-colors duration-100 ease-in-out\">Der RAD Block ist die ideale Wahl f\u00fcr alle, die ihren Werkzeugkasten f\u00fcr die Selbstmassage um eine stabile, multifunktionale Basis erweitern wollen, um eine effektive Muskelentspannung und Erholung zu f\u00f6rdern.<\/span><\/p>\n","protected":false},"excerpt":{"rendered":"<p>Der RAD Block ist nicht dein typisches Massagewerkzeug! Dieses Multitasking-Zubeh\u00f6r ist \u00e4u\u00dferst n\u00fctzlich, um schwer zug\u00e4ngliche Bereiche wie den Brustmuskel oder die Adduktoren zu massieren. W\u00e4hrenddessen bleiben deine H\u00e4nde frei. Stecke einfach deinen Roller oder deine Rounds hinein! Wenn du unterwegs bist, kannst du ihn auch als praktische Aufbewahrungseinheit verwenden.    <\/p>\n","protected":false},"featured_media":247412,"comment_status":"open","ping_status":"closed","template":"","meta":[],"product_brand":[279],"product_cat":[168],"product_tag":[170,175,172,169],"class_list":{"0":"post-238634","1":"product","2":"type-product","3":"status-publish","4":"has-post-thumbnail","6":"product_brand-rad","7":"product_cat-massageballe","8":"product_tag-massage-ball-de","9":"product_tag-muskelentspannung","10":"product_tag-rehabilitation-de","11":"product_tag-smr-de","13":"first","14":"instock","15":"taxable","16":"shipping-taxable","17":"purchasable","18":"product-type-simple"},"_links":{"self":[{"href":"https:\/\/radroller.hu\/de\/wp-json\/wp\/v2\/product\/238634","targetHints":{"allow":["GET"]}}],"collection":[{"href":"https:\/\/radroller.hu\/de\/wp-json\/wp\/v2\/product"}],"about":[{"href":"https:\/\/radroller.hu\/de\/wp-json\/wp\/v2\/types\/product"}],"replies":[{"embeddable":true,"href":"https:\/\/radroller.hu\/de\/wp-json\/wp\/v2\/comments?post=238634"}],"wp:featuredmedia":[{"embeddable":true,"href":"https:\/\/radroller.hu\/de\/wp-json\/wp\/v2\/media\/247412"}],"wp:attachment":[{"href":"https:\/\/radroller.hu\/de\/wp-json\/wp\/v2\/media?parent=238634"}],"wp:term":[{"taxonomy":"product_brand","embeddable":true,"href":"https:\/\/radroller.hu\/de\/wp-json\/wp\/v2\/product_brand?post=238634"},{"taxonomy":"product_cat","embeddable":true,"href":"https:\/\/radroller.hu\/de\/wp-json\/wp\/v2\/product_cat?post=238634"},{"taxonomy":"product_tag","embeddable":true,"href":"https:\/\/radroller.hu\/de\/wp-json\/wp\/v2\/product_tag?post=238634"}],"curies":[{"name":"wp","href":"https:\/\/api.w.org\/{rel}","templated":true}]}}