{"id":238629,"date":"2016-12-12T22:39:14","date_gmt":"2016-12-12T21:39:14","guid":{"rendered":"https:\/\/radroller.hu\/termek\/rad-point-release-kit\/"},"modified":"2025-12-30T23:01:57","modified_gmt":"2025-12-30T22:01:57","slug":"point-release-kit","status":"publish","type":"product","link":"https:\/\/radroller.hu\/de\/produkt\/point-release-kit\/","title":{"rendered":"RAD Point Release Kit"},"content":{"rendered":"<p class=\"\" data-start=\"190\" data-end=\"271\"><span class=\"relative -mx-px my-[-0.2rem] rounded px-px py-[0.2rem] transition-colors duration-100 ease-in-out\">Dieses sorgf\u00e4ltig zusammengestellte Massage-Kit enth\u00e4lt drei wichtige Hilfsmittel, mit denen du Muskeln und Faszien zu Hause oder unterwegs gezielt und tiefgreifend behandeln kannst.<\/span><\/p>\n<ul data-start=\"273\" data-end=\"702\">\n<li class=\"\" data-start=\"273\" data-end=\"413\">\n<p class=\"\" data-start=\"275\" data-end=\"413\"><strong data-start=\"275\" data-end=\"289\">RAD Roller<\/strong><br data-start=\"289\" data-end=\"292\"><span class=\"relative -mx-px my-[-0.2rem] rounded px-px py-[0.2rem] transition-colors duration-100 ease-in-out\">Ein kompakter, doppelter Massageball, der speziell f\u00fcr die Mobilisierung der Muskeln entlang der Wirbels\u00e4ule entwickelt wurde. Sein dreidimensionales Design erm\u00f6glicht eine tiefe, pr\u00e4zise Massage fast aller Muskelgruppen des K\u00f6rpers und vermeidet gleichzeitig \u00fcberm\u00e4\u00dfigen Druck auf die Wirbels\u00e4ule. <\/span><\/p>\n<\/li>\n<li class=\"\" data-start=\"415\" data-end=\"555\">\n<p class=\"\" data-start=\"417\" data-end=\"555\"><strong data-start=\"417\" data-end=\"431\">RAD Rounds<\/strong><br data-start=\"431\" data-end=\"434\"><span class=\"relative -mx-px my-[-0.2rem] rounded px-px py-[0.2rem] transition-colors duration-100 ease-in-out\">Ein Set mit drei Massagekugeln in verschiedenen Gr\u00f6\u00dfen und H\u00e4rten, ideal f\u00fcr die Behandlung von Knoten und verspannten Muskeln an schwer zug\u00e4nglichen Stellen. Die verschiedenen Gr\u00f6\u00dfen erm\u00f6glichen eine gezielte Behandlung verschiedener K\u00f6rperbereiche, einschlie\u00dflich Kiefer, H\u00e4nde und F\u00fc\u00dfe. <\/span><\/p>\n<\/li>\n<li class=\"\" data-start=\"557\" data-end=\"702\">\n<p class=\"\" data-start=\"559\" data-end=\"702\"><strong data-start=\"559\" data-end=\"572\">RAD-Block<\/strong><br data-start=\"572\" data-end=\"575\"><span class=\"relative -mx-px my-[-0.2rem] rounded px-px py-[0.2rem] transition-colors duration-100 ease-in-out\">Ein vielseitiges Zubeh\u00f6r, das eine stabile Basis f\u00fcr den Einsatz von Roller- oder Rounds-Tools bietet, insbesondere bei der Arbeit an schwer zug\u00e4nglichen Muskeln wie den Brustmuskeln oder Adduktoren. Au\u00dferdem dient es als praktische Ablage, damit die Werkzeuge immer griffbereit sind. <\/span><\/p>\n<\/li>\n<\/ul>\n<p class=\"\" data-start=\"704\" data-end=\"789\"><span class=\"relative -mx-px my-[-0.2rem] rounded px-px py-[0.2rem] transition-colors duration-100 ease-in-out\">Dieses Paket ist die ideale Wahl f\u00fcr alle, die nach einer kompletten, pr\u00e4zisen Selbstmassagel\u00f6sung suchen, sei es zur Erholung nach der Arbeit, zur Bew\u00e4ltigung von Muskelverspannungen durch B\u00fcroarbeit oder zur Steigerung der allgemeinen Mobilit\u00e4t.<\/span><\/p>\n","protected":false},"excerpt":{"rendered":"<p>Pr\u00e4zisions-Paket zur Muskelentspannung und Myofaszialmassage. Es enth\u00e4lt eine normale H\u00e4rte RAD Roller, eine RAD Rounds und einen RAD-Block, in dem Sie alles unterbringen k\u00f6nnen. Nat\u00fcrlich ist <a href=\"https:\/\/radroller.hu\/de\/produkt\/rad-block\/\">Block<\/a> auch f\u00fcr viele andere Dinge gut.  <\/p>\n","protected":false},"featured_media":247407,"comment_status":"open","ping_status":"closed","template":"","meta":[],"product_brand":[279],"product_cat":[173],"product_tag":[176,170,177,174,175,179,172,169,171],"class_list":{"0":"post-238629","1":"product","2":"type-product","3":"status-publish","4":"has-post-thumbnail","6":"product_brand-rad","7":"product_cat-smr-pakete","8":"product_tag-foam-roller-de","9":"product_tag-massage-ball-de","10":"product_tag-massage-rolle-de","11":"product_tag-massage-rolle","12":"product_tag-muskelentspannung","13":"product_tag-myofasziale-selbstmassage","14":"product_tag-rehabilitation-de","15":"product_tag-smr-de","16":"product_tag-unlock","18":"first","19":"instock","20":"taxable","21":"shipping-taxable","22":"purchasable","23":"product-type-simple"},"_links":{"self":[{"href":"https:\/\/radroller.hu\/de\/wp-json\/wp\/v2\/product\/238629","targetHints":{"allow":["GET"]}}],"collection":[{"href":"https:\/\/radroller.hu\/de\/wp-json\/wp\/v2\/product"}],"about":[{"href":"https:\/\/radroller.hu\/de\/wp-json\/wp\/v2\/types\/product"}],"replies":[{"embeddable":true,"href":"https:\/\/radroller.hu\/de\/wp-json\/wp\/v2\/comments?post=238629"}],"wp:featuredmedia":[{"embeddable":true,"href":"https:\/\/radroller.hu\/de\/wp-json\/wp\/v2\/media\/247407"}],"wp:attachment":[{"href":"https:\/\/radroller.hu\/de\/wp-json\/wp\/v2\/media?parent=238629"}],"wp:term":[{"taxonomy":"product_brand","embeddable":true,"href":"https:\/\/radroller.hu\/de\/wp-json\/wp\/v2\/product_brand?post=238629"},{"taxonomy":"product_cat","embeddable":true,"href":"https:\/\/radroller.hu\/de\/wp-json\/wp\/v2\/product_cat?post=238629"},{"taxonomy":"product_tag","embeddable":true,"href":"https:\/\/radroller.hu\/de\/wp-json\/wp\/v2\/product_tag?post=238629"}],"curies":[{"name":"wp","href":"https:\/\/api.w.org\/{rel}","templated":true}]}}