{"id":238616,"date":"2016-12-12T22:57:21","date_gmt":"2016-12-12T21:57:21","guid":{"rendered":"https:\/\/radroller.hu\/termek\/rad-muscle-flushing-kit\/"},"modified":"2026-01-06T10:53:59","modified_gmt":"2026-01-06T09:53:59","slug":"muscle-flushing-kit","status":"publish","type":"product","link":"https:\/\/radroller.hu\/de\/produkt\/muscle-flushing-kit\/","title":{"rendered":"RAD Muscle Flushing Kit"},"content":{"rendered":"<p class=\"whitespace-pre-wrap break-words\">Revitalisieren Sie Ihre Muskeln und verbessern Sie Ihre Regeneration mit unserem hochwertigen RAD Helix und RAD Rod Massageroller &#8211; Massagestab Paket! Dieses raffinierte Duo ist perfekt, um aufgestaute Verspannungen zu l\u00f6sen und Ihre Muskeln tiefgehend zu erfrischen. <\/p>\n<p class=\"whitespace-pre-wrap break-words\">Genie\u00dfe die Vielseitigkeit unserer Werkzeuge:<\/p>\n<ul class=\"-mt-1 list-disc space-y-2 pl-8\">\n<li class=\"whitespace-normal break-words\">RAD Helix und RAD Rod sind selbst au\u00dfergew\u00f6hnliche K\u00fcnstler<\/li>\n<li class=\"whitespace-normal break-words\">Kombiniere sie &#8211; indem du den Stab durch den zentralen Kanal der Helix leitest &#8211; und du erh\u00e4ltst eine noch effizientere, innovative L\u00f6sung<\/li>\n<\/ul>\n<p class=\"whitespace-pre-wrap break-words\">Erweitere deinen SMR-Werkzeugkasten mit diesem sorgf\u00e4ltig entworfenen Set, das Langlebigkeit, Funktionalit\u00e4t und anspruchsvolles Design vereint.<\/p>\n<p class=\"whitespace-pre-wrap break-words\">Inhalt des Pakets:<\/p>\n<ul class=\"-mt-1 list-disc space-y-2 pl-8\">\n<li class=\"whitespace-normal break-words\">RAD Helix<\/li>\n<li class=\"whitespace-normal break-words\">RAD Rod<\/li>\n<\/ul>\n","protected":false},"excerpt":{"rendered":"<p>Befreie deine Muskeln von angesammelten Giftstoffen. Massieren Sie sich selbst mit den besten Werkzeugen, die wir zu diesem Zweck entwickelt haben: RAD Helix und RAD Rod. Sie funktionieren gut alleine, aber wenn du den Rod durch den Tunnel in der Mitte des Helix f\u00fchrst, hast du eine weitere Waffe in deinem Arsenal. Das Paket ist erh\u00e4ltlich bei RAD Helix und RAD Rod.   <\/p>\n","protected":false},"featured_media":247403,"comment_status":"open","ping_status":"closed","template":"","meta":[],"product_brand":[279],"product_cat":[173],"product_tag":[176,177,174,175,172],"class_list":{"0":"post-238616","1":"product","2":"type-product","3":"status-publish","4":"has-post-thumbnail","6":"product_brand-rad","7":"product_cat-smr-pakete","8":"product_tag-foam-roller-de","9":"product_tag-massage-rolle-de","10":"product_tag-massage-rolle","11":"product_tag-muskelentspannung","12":"product_tag-rehabilitation-de","14":"first","15":"instock","16":"taxable","17":"shipping-taxable","18":"purchasable","19":"product-type-simple"},"_links":{"self":[{"href":"https:\/\/radroller.hu\/de\/wp-json\/wp\/v2\/product\/238616","targetHints":{"allow":["GET"]}}],"collection":[{"href":"https:\/\/radroller.hu\/de\/wp-json\/wp\/v2\/product"}],"about":[{"href":"https:\/\/radroller.hu\/de\/wp-json\/wp\/v2\/types\/product"}],"replies":[{"embeddable":true,"href":"https:\/\/radroller.hu\/de\/wp-json\/wp\/v2\/comments?post=238616"}],"wp:featuredmedia":[{"embeddable":true,"href":"https:\/\/radroller.hu\/de\/wp-json\/wp\/v2\/media\/247403"}],"wp:attachment":[{"href":"https:\/\/radroller.hu\/de\/wp-json\/wp\/v2\/media?parent=238616"}],"wp:term":[{"taxonomy":"product_brand","embeddable":true,"href":"https:\/\/radroller.hu\/de\/wp-json\/wp\/v2\/product_brand?post=238616"},{"taxonomy":"product_cat","embeddable":true,"href":"https:\/\/radroller.hu\/de\/wp-json\/wp\/v2\/product_cat?post=238616"},{"taxonomy":"product_tag","embeddable":true,"href":"https:\/\/radroller.hu\/de\/wp-json\/wp\/v2\/product_tag?post=238616"}],"curies":[{"name":"wp","href":"https:\/\/api.w.org\/{rel}","templated":true}]}}