{"id":238611,"date":"2016-12-12T22:58:15","date_gmt":"2016-12-12T21:58:15","guid":{"rendered":"https:\/\/radroller.hu\/termek\/rad-all-in-kit\/"},"modified":"2026-01-06T10:53:57","modified_gmt":"2026-01-06T09:53:57","slug":"all-in-kit","status":"publish","type":"product","link":"https:\/\/radroller.hu\/de\/produkt\/all-in-kit\/","title":{"rendered":"RAD All-in-Kit"},"content":{"rendered":"<p class=\"whitespace-pre-wrap break-words\">Entdecke das ganze Potenzial der RAD-Reihe in einem umfassenden SMR-Paket. Auch wenn ein einzelnes RAD-Werkzeug hervorragend ist, ist der Besitz der gesamten Kollektion ein&#8230; RADische Erfahrung!  <\/p>\n<p class=\"whitespace-pre-wrap break-words\">Dieser sorgf\u00e4ltig zusammengestellte Bausatz ist bereit f\u00fcr jede Herausforderung:<\/p>\n<ul class=\"-mt-1 list-disc space-y-2 pl-8\">\n<li class=\"whitespace-normal break-words\">L\u00f6sen Sie die hartn\u00e4ckigsten Muskelknoten<\/li>\n<li class=\"whitespace-normal break-words\">Verbessert die Gelenkfunktion<\/li>\n<li class=\"whitespace-normal break-words\">Optimiere deine Muskelleistung<\/li>\n<li class=\"whitespace-normal break-words\">Erweitern und erhalten Sie Ihren vollen Bewegungsspielraum<\/li>\n<li class=\"whitespace-normal break-words\">Perfektioniere deine K\u00f6rperhaltung<\/li>\n<li class=\"whitespace-normal break-words\">Genie\u00dfe eine tiefe, revitalisierende Massage mit den beheizten Rounds<\/li>\n<\/ul>\n<p class=\"whitespace-pre-wrap break-words\">Der Inhalt unseres Bestands:<\/p>\n<ul class=\"-mt-1 list-disc space-y-2 pl-8\">\n<li class=\"whitespace-normal break-words\">RAD Helix<\/li>\n<li class=\"whitespace-normal break-words\">RAD Rod<\/li>\n<li class=\"whitespace-normal break-words\">RAD Roller (mittlere H\u00e4rte)<\/li>\n<li class=\"whitespace-normal break-words\">RAD Rounds<\/li>\n<li class=\"whitespace-normal break-words\">RAD-Block<\/li>\n<\/ul>\n<p class=\"whitespace-pre-wrap break-words\">Diese Premium-Kollektion bietet nicht nur ein au\u00dfergew\u00f6hnliches Preis-Leistungs-Verh\u00e4ltnis, sondern stellt auch sicher, dass du alle Werkzeuge hast, die du brauchst, um deinen gesamten K\u00f6rper zu regenerieren und zu optimieren. Bringe deine Wellness-Routine mit dieser vielseitigen und anspruchsvollen RAD-Kollektion auf die n\u00e4chste Stufe. <\/p>\n","protected":false},"excerpt":{"rendered":"<p>Ein einzelnes RAD-Produkt ist super. Wenn du es mit einem anderen kombinierst, ist es sogar noch super. Wenn du das ganze Sortiment zur Verf\u00fcgung hast, ist es &#8230; RAD! Mit diesem Set bist du f\u00fcr alle Knoten, Gelenk- und Muskelfunktionsst\u00f6rungen gewappnet. Du kannst diene volle Beweglichkeit entfesseln und dann beibehalten. Du kannst deine Haltung verbessern oder dir einfach nur eine sch\u00f6ne Massage mit den beheizten Rounds g\u00f6nnen. Und das alles zu einem wirklich guten Preis. Das Paket enth\u00e4lt RAD Helix, RAD Rod, RAD Roller (normale H\u00e4rte), RAD Rounds und RAD Block.        <\/p>\n","protected":false},"featured_media":247386,"comment_status":"open","ping_status":"closed","template":"","meta":[],"product_brand":[279],"product_cat":[173],"product_tag":[176,170,177,174,175,172],"class_list":{"0":"post-238611","1":"product","2":"type-product","3":"status-publish","4":"has-post-thumbnail","6":"product_brand-rad","7":"product_cat-smr-pakete","8":"product_tag-foam-roller-de","9":"product_tag-massage-ball-de","10":"product_tag-massage-rolle-de","11":"product_tag-massage-rolle","12":"product_tag-muskelentspannung","13":"product_tag-rehabilitation-de","15":"first","16":"instock","17":"taxable","18":"shipping-taxable","19":"purchasable","20":"product-type-simple"},"_links":{"self":[{"href":"https:\/\/radroller.hu\/de\/wp-json\/wp\/v2\/product\/238611","targetHints":{"allow":["GET"]}}],"collection":[{"href":"https:\/\/radroller.hu\/de\/wp-json\/wp\/v2\/product"}],"about":[{"href":"https:\/\/radroller.hu\/de\/wp-json\/wp\/v2\/types\/product"}],"replies":[{"embeddable":true,"href":"https:\/\/radroller.hu\/de\/wp-json\/wp\/v2\/comments?post=238611"}],"wp:featuredmedia":[{"embeddable":true,"href":"https:\/\/radroller.hu\/de\/wp-json\/wp\/v2\/media\/247386"}],"wp:attachment":[{"href":"https:\/\/radroller.hu\/de\/wp-json\/wp\/v2\/media?parent=238611"}],"wp:term":[{"taxonomy":"product_brand","embeddable":true,"href":"https:\/\/radroller.hu\/de\/wp-json\/wp\/v2\/product_brand?post=238611"},{"taxonomy":"product_cat","embeddable":true,"href":"https:\/\/radroller.hu\/de\/wp-json\/wp\/v2\/product_cat?post=238611"},{"taxonomy":"product_tag","embeddable":true,"href":"https:\/\/radroller.hu\/de\/wp-json\/wp\/v2\/product_tag?post=238611"}],"curies":[{"name":"wp","href":"https:\/\/api.w.org\/{rel}","templated":true}]}}