{"id":238608,"date":"2017-04-25T10:53:51","date_gmt":"2017-04-25T08:53:51","guid":{"rendered":"https:\/\/radroller.hu\/termek\/rad-atom-2\/"},"modified":"2026-01-06T10:54:00","modified_gmt":"2026-01-06T09:54:00","slug":"rad-atom","status":"publish","type":"product","link":"https:\/\/radroller.hu\/de\/produkt\/rad-atom\/","title":{"rendered":"RAD Atom"},"content":{"rendered":"<p class=\"\" data-start=\"0\" data-end=\"126\"><span class=\"relative -mx-px my-[-0.2rem] rounded px-px py-[0.2rem] transition-colors duration-100 ease-in-out\">RAD Atom ist ein gro\u00dfer, extra harter Massageball, der sich ideal f\u00fcr die Behandlung gr\u00f6\u00dferer Muskelgruppen wie Schultern, Ges\u00e4\u00df und Adduktoren eignet.<\/span> <span class=\"relative -mx-px my-[-0.2rem] rounded px-px py-[0.2rem] transition-colors duration-100 ease-in-out\">Sein Design erm\u00f6glicht eine tiefe, kontrollierte Selbstmassage, um Muskelverspannungen zu l\u00f6sen und die Erholung zu f\u00f6rdern.<\/span><\/p>\n<p class=\"\" data-start=\"128\" data-end=\"155\"><strong data-start=\"128\" data-end=\"155\">Zwei Arten der Nutzung:<\/strong><\/p>\n<ol data-start=\"157\" data-end=\"388\">\n<li class=\"\" data-start=\"157\" data-end=\"263\">\n<p class=\"\" data-start=\"160\" data-end=\"263\"><strong data-start=\"160\" data-end=\"181\">Eigenst\u00e4ndiger Einsatz:<\/strong> <span class=\"relative -mx-px my-[-0.2rem] rounded px-px py-[0.2rem] transition-colors duration-100 ease-in-out\">Der RAD Atom ist an sich schon ein effektives Werkzeug und wird vor allem f\u00fcr die Massage gr\u00f6\u00dferer Muskelgruppen empfohlen. Aufgrund seiner Gr\u00f6\u00dfe ist der Druck, den der Atom aus\u00fcbt, nicht so intensiv wie bei einem kleineren Massageball. <\/span>\u200b<\/p>\n<\/li>\n<li class=\"\" data-start=\"265\" data-end=\"388\">\n<p class=\"\" data-start=\"268\" data-end=\"388\"><strong data-start=\"268\" data-end=\"306\">Kombinierte Anwendung mit dem RAD-Stab:<\/strong> <span class=\"relative -mx-px my-[-0.2rem] rounded px-px py-[0.2rem] transition-colors duration-100 ease-in-out\">Wenn du den <a href=\"https:\/\/wimoov.shop\/rad-rod\/\" target=\"_blank\" rel=\"noopener\">RAD-Stab<\/a> durch die Mitte des Atoms f\u00fchrst, erh\u00e4ltst du ein pr\u00e4zises Zugger\u00e4t, das tieferen, kontrollierten Druck und eine effektivere Mobilisierung des Fasziengewebes erm\u00f6glicht.<\/span><\/p>\n<\/li>\n<\/ol>\n<p class=\"\" data-start=\"390\" data-end=\"509\"><span class=\"relative -mx-px my-[-0.2rem] rounded px-px py-[0.2rem] transition-colors duration-100 ease-in-out\">Das Material und das Oberfl\u00e4chendesign von RAD Atom bieten genau das richtige Ma\u00df an Grip auf der Haut und helfen dabei, das oberfl\u00e4chliche Gewebe zu l\u00f6sen und tiefere Schichten zu erreichen.<\/span> <span class=\"relative -mx-px my-[-0.2rem] rounded px-px py-[0.2rem] transition-colors duration-100 ease-in-out\">Die Kugelform erm\u00f6glicht einen multidirektionalen Druck, der besonders effektiv bei der Behandlung abgeflachter, eingeschn\u00fcrter Faszienbereiche ist.<\/span><\/p>\n","protected":false},"excerpt":{"rendered":"<p>Das RAD Atom ist ein Massageger\u00e4t, das f\u00fcr einen gro\u00dfen Teil des K\u00f6rpers verwendet werden kann und dank seiner Festigkeit und Gr\u00f6\u00dfe eine gut kontrollierte Selbstmassage erm\u00f6glicht. Perfekt f\u00fcr Schultern, Ges\u00e4\u00df und Adduktoren. Dieses innovative Meisterwerk kann auf zwei Arten verwendet werden: Du kannst wie gewohnt darauf rollen, aber wenn du den <a href=\"https:\/\/radroller.hu\/de\/produkt\/rad-rod\/\">RAD-Stab<\/a> durch die Mitte des Atoms f\u00fchrst, erh\u00e4ltst du ein Pr\u00e4zisionsspanneisen, das Muskelverspannungen entgegenwirkt.  <\/p>\n","protected":false},"featured_media":247399,"comment_status":"open","ping_status":"closed","template":"","meta":[],"product_brand":[],"product_cat":[168],"product_tag":[176,170,174,177,175,179,172,169,171],"class_list":{"0":"post-238608","1":"product","2":"type-product","3":"status-publish","4":"has-post-thumbnail","6":"product_cat-massageballe","7":"product_tag-foam-roller-de","8":"product_tag-massage-ball-de","9":"product_tag-massage-rolle","10":"product_tag-massage-rolle-de","11":"product_tag-muskelentspannung","12":"product_tag-myofasziale-selbstmassage","13":"product_tag-rehabilitation-de","14":"product_tag-smr-de","15":"product_tag-unlock","17":"first","18":"instock","19":"taxable","20":"shipping-taxable","21":"purchasable","22":"product-type-simple"},"_links":{"self":[{"href":"https:\/\/radroller.hu\/de\/wp-json\/wp\/v2\/product\/238608","targetHints":{"allow":["GET"]}}],"collection":[{"href":"https:\/\/radroller.hu\/de\/wp-json\/wp\/v2\/product"}],"about":[{"href":"https:\/\/radroller.hu\/de\/wp-json\/wp\/v2\/types\/product"}],"replies":[{"embeddable":true,"href":"https:\/\/radroller.hu\/de\/wp-json\/wp\/v2\/comments?post=238608"}],"wp:featuredmedia":[{"embeddable":true,"href":"https:\/\/radroller.hu\/de\/wp-json\/wp\/v2\/media\/247399"}],"wp:attachment":[{"href":"https:\/\/radroller.hu\/de\/wp-json\/wp\/v2\/media?parent=238608"}],"wp:term":[{"taxonomy":"product_brand","embeddable":true,"href":"https:\/\/radroller.hu\/de\/wp-json\/wp\/v2\/product_brand?post=238608"},{"taxonomy":"product_cat","embeddable":true,"href":"https:\/\/radroller.hu\/de\/wp-json\/wp\/v2\/product_cat?post=238608"},{"taxonomy":"product_tag","embeddable":true,"href":"https:\/\/radroller.hu\/de\/wp-json\/wp\/v2\/product_tag?post=238608"}],"curies":[{"name":"wp","href":"https:\/\/api.w.org\/{rel}","templated":true}]}}