{"id":238599,"date":"2017-05-05T21:20:16","date_gmt":"2017-05-05T19:20:16","guid":{"rendered":"https:\/\/radroller.hu\/termek\/rad-centre-2\/"},"modified":"2026-03-30T14:38:52","modified_gmt":"2026-03-30T12:38:52","slug":"rad-centre","status":"publish","type":"product","link":"https:\/\/radroller.hu\/de\/produkt\/rad-centre\/","title":{"rendered":"RAD Centre"},"content":{"rendered":"<p class=\"\" data-start=\"249\" data-end=\"539\">Das RAD Centre ist der erste aufblasbare Massageball, der speziell f\u00fcr die Entspannung der Eingeweide oder inneren Organe entwickelt wurde. Seine weiche und dennoch stabile Oberfl\u00e4che erm\u00f6glicht es, tiefer liegende Gewebe und Organe sanft durch die Bauchdecke zu mobilisieren. <\/p>\n<p class=\"\" data-start=\"541\" data-end=\"791\">Sie eignet sich auch hervorragend f\u00fcr die Massage des Unterleibs, um innere Spannungen zu l\u00f6sen, und f\u00fcr die sanfte Behandlung von Narben im Bereich nach einem Kaiserschnitt. Sie hilft, die Beweglichkeit des Gewebes wiederherzustellen, unterst\u00fctzt die Regeneration und f\u00f6rdert das K\u00f6rperbewusstsein. <\/p>\n<p class=\"\" data-start=\"793\" data-end=\"1083\">Das Centre kann auch dabei helfen, Muskelverspannungen und Triggerpunkte zu kartieren &#8211; alles auf schmerzfreie, nat\u00fcrliche Weise. Es eignet sich hervorragend zur Selbstmassage, zum Stressabbau oder als therapeutische Erg\u00e4nzung zu manueller Therapie, Yoga oder Physiotherapie. <\/p>\n<p>Dieser Ball ist ein wichtiger Bestandteil des Emperor&#8217;s Line Niche <a href=\"https:\/\/csaszarvonal.hu\/videotar\/product\/halado_has_es_hegkezeles\/23\" target=\"_blank\" rel=\"noopener\">Advanced Tummy and Scar Management Programms<\/a>.<\/p>\n","protected":false},"excerpt":{"rendered":"<p class=\"\" data-start=\"249\" data-end=\"539\">Das RAD Centre ist der erste aufblasbare Massageball, der speziell f\u00fcr die Entspannung der Eingeweide oder inneren Organe entwickelt wurde. Seine weiche und dennoch stabile Oberfl\u00e4che erm\u00f6glicht es, tiefer liegende Gewebe und Organe sanft durch die Bauchdecke zu mobilisieren. <\/p>\n<p class=\"\" data-start=\"541\" data-end=\"791\">Sie eignet sich auch hervorragend f\u00fcr die Massage des Unterleibs, um innere Spannungen zu l\u00f6sen, und f\u00fcr die sanfte Behandlung von Narben im Bereich nach einem Kaiserschnitt. Sie hilft, die Beweglichkeit des Gewebes wiederherzustellen, unterst\u00fctzt die Regeneration und f\u00f6rdert das K\u00f6rperbewusstsein. <\/p>\n<p class=\"\" data-start=\"793\" data-end=\"1083\">Das Centre kann auch dabei helfen, Muskelverspannungen und Triggerpunkte zu kartieren &#8211; alles auf schmerzfreie, nat\u00fcrliche Weise. Es eignet sich hervorragend zur Selbstmassage, zum Stressabbau oder als therapeutische Erg\u00e4nzung zu manueller Therapie, Yoga oder Physiotherapie. <\/p>\n<p>Dieser Ball ist ein wichtiger Bestandteil des Emperor&#8217;s Line Niche <a href=\"https:\/\/csaszarvonal.hu\/videotar\/product\/halado_has_es_hegkezeles\/23\">Advanced Tummy and Scar Management Programms<\/a>.<\/p>\n","protected":false},"featured_media":246846,"comment_status":"open","ping_status":"closed","template":"","meta":[],"product_brand":[],"product_cat":[168],"product_tag":[176,170,177,174,175,179,172,169,171],"class_list":{"0":"post-238599","1":"product","2":"type-product","3":"status-publish","4":"has-post-thumbnail","6":"product_cat-massageballe","7":"product_tag-foam-roller-de","8":"product_tag-massage-ball-de","9":"product_tag-massage-rolle-de","10":"product_tag-massage-rolle","11":"product_tag-muskelentspannung","12":"product_tag-myofasziale-selbstmassage","13":"product_tag-rehabilitation-de","14":"product_tag-smr-de","15":"product_tag-unlock","17":"first","18":"instock","19":"taxable","20":"shipping-taxable","21":"purchasable","22":"product-type-simple"},"_links":{"self":[{"href":"https:\/\/radroller.hu\/de\/wp-json\/wp\/v2\/product\/238599","targetHints":{"allow":["GET"]}}],"collection":[{"href":"https:\/\/radroller.hu\/de\/wp-json\/wp\/v2\/product"}],"about":[{"href":"https:\/\/radroller.hu\/de\/wp-json\/wp\/v2\/types\/product"}],"replies":[{"embeddable":true,"href":"https:\/\/radroller.hu\/de\/wp-json\/wp\/v2\/comments?post=238599"}],"wp:featuredmedia":[{"embeddable":true,"href":"https:\/\/radroller.hu\/de\/wp-json\/wp\/v2\/media\/246846"}],"wp:attachment":[{"href":"https:\/\/radroller.hu\/de\/wp-json\/wp\/v2\/media?parent=238599"}],"wp:term":[{"taxonomy":"product_brand","embeddable":true,"href":"https:\/\/radroller.hu\/de\/wp-json\/wp\/v2\/product_brand?post=238599"},{"taxonomy":"product_cat","embeddable":true,"href":"https:\/\/radroller.hu\/de\/wp-json\/wp\/v2\/product_cat?post=238599"},{"taxonomy":"product_tag","embeddable":true,"href":"https:\/\/radroller.hu\/de\/wp-json\/wp\/v2\/product_tag?post=238599"}],"curies":[{"name":"wp","href":"https:\/\/api.w.org\/{rel}","templated":true}]}}