{"id":238594,"date":"2018-08-30T10:40:13","date_gmt":"2018-08-30T08:40:13","guid":{"rendered":"https:\/\/radroller.hu\/termek\/rad-axle-2\/"},"modified":"2026-01-06T10:53:58","modified_gmt":"2026-01-06T09:53:58","slug":"rad-axle","status":"publish","type":"product","link":"https:\/\/radroller.hu\/de\/produkt\/rad-axle\/","title":{"rendered":"RAD-Achse"},"content":{"rendered":"<p>RAD Axle: die Schaumstoffrolle der n\u00e4chsten Generation. Sanft f\u00fcr die Wirbels\u00e4ule, beeindruckend f\u00fcr die F\u00fc\u00dfe und ein Killer beim Aufw\u00e4rmen. Abgeschr\u00e4gte Kanten f\u00fcr Effizienz, kompakte Gr\u00f6\u00dfe f\u00fcr Portabilit\u00e4t, Rillen zur Verbesserung der Oberfl\u00e4chenzirkulation. Kann mit RAD Rod und RAD Atom kombiniert werden! Dieses Multifunktionswerkzeug kombiniert hochwertige Materialien mit einer modernen Form, um so effizient wie m\u00f6glich zu sein.    <\/p>\n","protected":false},"excerpt":{"rendered":"<p>RAD Axle: die Schaumstoffrolle der n\u00e4chsten Generation. Sanft f\u00fcr die Wirbels\u00e4ule, beeindruckend f\u00fcr die F\u00fc\u00dfe und ein Killer beim Aufw\u00e4rmen. Abgeschr\u00e4gte Kanten f\u00fcr Effizienz, kompakte Gr\u00f6\u00dfe f\u00fcr Portabilit\u00e4t, Rillen zur Verbesserung der Oberfl\u00e4chenzirkulation. Kann mit RAD Rod und RAD Atom kombiniert werden! Dieses Multifunktionswerkzeug kombiniert hochwertige Materialien mit einer modernen Form, um so effizient wie m\u00f6glich zu sein.    <\/p>\n","protected":false},"featured_media":246822,"comment_status":"open","ping_status":"closed","template":"","meta":[],"product_brand":[279],"product_cat":[180],"product_tag":[176,174,177,175,172],"class_list":{"0":"post-238594","1":"product","2":"type-product","3":"status-publish","4":"has-post-thumbnail","6":"product_brand-rad","7":"product_cat-massagerollen","8":"product_tag-foam-roller-de","9":"product_tag-massage-rolle","10":"product_tag-massage-rolle-de","11":"product_tag-muskelentspannung","12":"product_tag-rehabilitation-de","14":"first","15":"instock","16":"taxable","17":"shipping-taxable","18":"purchasable","19":"product-type-simple"},"_links":{"self":[{"href":"https:\/\/radroller.hu\/de\/wp-json\/wp\/v2\/product\/238594","targetHints":{"allow":["GET"]}}],"collection":[{"href":"https:\/\/radroller.hu\/de\/wp-json\/wp\/v2\/product"}],"about":[{"href":"https:\/\/radroller.hu\/de\/wp-json\/wp\/v2\/types\/product"}],"replies":[{"embeddable":true,"href":"https:\/\/radroller.hu\/de\/wp-json\/wp\/v2\/comments?post=238594"}],"wp:featuredmedia":[{"embeddable":true,"href":"https:\/\/radroller.hu\/de\/wp-json\/wp\/v2\/media\/246822"}],"wp:attachment":[{"href":"https:\/\/radroller.hu\/de\/wp-json\/wp\/v2\/media?parent=238594"}],"wp:term":[{"taxonomy":"product_brand","embeddable":true,"href":"https:\/\/radroller.hu\/de\/wp-json\/wp\/v2\/product_brand?post=238594"},{"taxonomy":"product_cat","embeddable":true,"href":"https:\/\/radroller.hu\/de\/wp-json\/wp\/v2\/product_cat?post=238594"},{"taxonomy":"product_tag","embeddable":true,"href":"https:\/\/radroller.hu\/de\/wp-json\/wp\/v2\/product_tag?post=238594"}],"curies":[{"name":"wp","href":"https:\/\/api.w.org\/{rel}","templated":true}]}}