{"id":238582,"date":"2018-09-25T14:45:19","date_gmt":"2018-09-25T12:45:19","guid":{"rendered":"https:\/\/radroller.hu\/termek\/recovery-rounds\/"},"modified":"2025-12-30T23:03:22","modified_gmt":"2025-12-30T22:03:22","slug":"recovery-rounds","status":"publish","type":"product","link":"https:\/\/radroller.hu\/de\/produkt\/recovery-rounds\/","title":{"rendered":"Recovery Rounds"},"content":{"rendered":"<p class=\"\" data-start=\"0\" data-end=\"126\"><span class=\"relative -mx-px my-[-0.2rem] rounded px-px py-[0.2rem] transition-colors duration-100 ease-in-out\">Das Massageball-Set Recovery Rounds ist eine gemeinsame Entwicklung von RAD- und Yoga-Medizinern zur Unterst\u00fctzung der Fasziengesundheit.<\/span> <span class=\"relative -mx-px my-[-0.2rem] rounded px-px py-[0.2rem] transition-colors duration-100 ease-in-out\">Dieses aus weichem, medizinischem Silikon gefertigte Werkzeug revitalisiert durch sanfte Ber\u00fchrung die Faszien und macht das Gewebe flexibler.<\/span><\/p>\n<p class=\"\" data-start=\"128\" data-end=\"147\"><strong data-start=\"128\" data-end=\"147\">Wichtige Merkmale:<\/strong><\/p>\n<ul data-start=\"149\" data-end=\"701\">\n<li class=\"\" data-start=\"149\" data-end=\"261\">\n<p class=\"\" data-start=\"151\" data-end=\"261\"><strong data-start=\"151\" data-end=\"179\">Sanft, aber effektiv:<\/strong> <span class=\"relative -mx-px my-[-0.2rem] rounded px-px py-[0.2rem] transition-colors duration-100 ease-in-out\">Die Erholungsrunden sind ideal f\u00fcr Nacken, R\u00fccken, H\u00fcften, Schultern, Unterarme, Waden und Fu\u00dfsohlen, wo ein sanfterer Druck bevorzugt wird.<\/span><\/p>\n<\/li>\n<li class=\"\" data-start=\"263\" data-end=\"370\">\n<p class=\"\" data-start=\"265\" data-end=\"370\"><strong data-start=\"265\" data-end=\"288\">Hydratisierung der Faszien:<\/strong> <span class=\"relative -mx-px my-[-0.2rem] rounded px-px py-[0.2rem] transition-colors duration-100 ease-in-out\">Regelm\u00e4\u00dfige Anwendung hilft, die Faszien hydratisiert zu halten und verbessert ihre Elastizit\u00e4t und Beweglichkeit.<\/span><\/p>\n<\/li>\n<li class=\"\" data-start=\"372\" data-end=\"480\">\n<p class=\"\" data-start=\"374\" data-end=\"480\"><strong data-start=\"374\" data-end=\"398\">Wirkung auf das Nervensystem:<\/strong> <span class=\"relative -mx-px my-[-0.2rem] rounded px-px py-[0.2rem] transition-colors duration-100 ease-in-out\">Sanfter Druck stimuliert das parasympathische Nervensystem und f\u00f6rdert so Entspannung und Stressabbau<\/span><\/p>\n<\/li>\n<li class=\"\" data-start=\"482\" data-end=\"593\">\n<p class=\"\" data-start=\"484\" data-end=\"593\"><strong data-start=\"484\" data-end=\"509\">Umweltfreundliches Material:<\/strong> <span class=\"relative -mx-px my-[-0.2rem] rounded px-px py-[0.2rem] transition-colors duration-100 ease-in-out\">Die B\u00e4lle sind aus BPA- und latexfreiem, hautfreundlichem Silikon hergestellt und somit sicher f\u00fcr den t\u00e4glichen Gebrauch.<\/span><\/p>\n<\/li>\n<li class=\"\" data-start=\"595\" data-end=\"701\">\n<p class=\"\" data-start=\"597\" data-end=\"701\"><strong data-start=\"597\" data-end=\"615\">Kompakte Gr\u00f6\u00dfe:<\/strong> <span class=\"relative -mx-px my-[-0.2rem] rounded px-px py-[0.2rem] transition-colors duration-100 ease-in-out\">Die B\u00e4lle mit einem Durchmesser von 6 cm sind leicht zu tragen und k\u00f6nnen \u00fcberall eingesetzt werden.<\/span><\/p>\n<\/li>\n<\/ul>\n<p class=\"\" data-start=\"703\" data-end=\"788\"><span class=\"relative -mx-px my-[-0.2rem] rounded px-px py-[0.2rem] transition-colors duration-100 ease-in-out\">Erholungsrunden sind die perfekte Wahl f\u00fcr alle, die eine sanfte, aber effektive Methode suchen, um die Gesundheit der Faszien zu unterst\u00fctzen und den Alltagsstress zu reduzieren.<\/span><\/p>\n","protected":false},"excerpt":{"rendered":"<p>Recovery Rounds ist eine gemeinsame Entwicklung von RAD und Yoga Medicine. Ein sanftes Werkzeug, das die Faszien revitalisieren und das Gewebe mit einer sanften Ber\u00fchrung flexibler machen kann. Die Forschung hat ein wichtiges Element f\u00fcr die Gesundheit unseres Gewebes hervorgehoben: die Hydratation der Faszien. Deshalb wollten wir unser Sortiment um ein Ger\u00e4t erweitern, das dies f\u00f6rdert, indem es eine weniger kr\u00e4ftige Massage bietet, ein ideales Rehabilitationsger\u00e4t mit vielf\u00e4ltigen Einsatzm\u00f6glichkeiten.   <\/p>\n","protected":false},"featured_media":247419,"comment_status":"open","ping_status":"closed","template":"","meta":[],"product_brand":[],"product_cat":[168],"product_tag":[178,170,169],"class_list":{"0":"post-238582","1":"product","2":"type-product","3":"status-publish","4":"has-post-thumbnail","6":"product_cat-massageballe","7":"product_tag-massage-ball-de-2","8":"product_tag-massage-ball-de","9":"product_tag-smr-de","11":"first","12":"instock","13":"taxable","14":"shipping-taxable","15":"purchasable","16":"product-type-simple"},"_links":{"self":[{"href":"https:\/\/radroller.hu\/de\/wp-json\/wp\/v2\/product\/238582","targetHints":{"allow":["GET"]}}],"collection":[{"href":"https:\/\/radroller.hu\/de\/wp-json\/wp\/v2\/product"}],"about":[{"href":"https:\/\/radroller.hu\/de\/wp-json\/wp\/v2\/types\/product"}],"replies":[{"embeddable":true,"href":"https:\/\/radroller.hu\/de\/wp-json\/wp\/v2\/comments?post=238582"}],"wp:featuredmedia":[{"embeddable":true,"href":"https:\/\/radroller.hu\/de\/wp-json\/wp\/v2\/media\/247419"}],"wp:attachment":[{"href":"https:\/\/radroller.hu\/de\/wp-json\/wp\/v2\/media?parent=238582"}],"wp:term":[{"taxonomy":"product_brand","embeddable":true,"href":"https:\/\/radroller.hu\/de\/wp-json\/wp\/v2\/product_brand?post=238582"},{"taxonomy":"product_cat","embeddable":true,"href":"https:\/\/radroller.hu\/de\/wp-json\/wp\/v2\/product_cat?post=238582"},{"taxonomy":"product_tag","embeddable":true,"href":"https:\/\/radroller.hu\/de\/wp-json\/wp\/v2\/product_tag?post=238582"}],"curies":[{"name":"wp","href":"https:\/\/api.w.org\/{rel}","templated":true}]}}