{"id":238538,"date":"2020-07-09T12:34:28","date_gmt":"2020-07-09T10:34:28","guid":{"rendered":"https:\/\/radroller.hu\/termek\/jet-setter\/"},"modified":"2026-02-19T21:13:37","modified_gmt":"2026-02-19T20:13:37","slug":"jet-setter","status":"publish","type":"product","link":"https:\/\/radroller.hu\/de\/produkt\/jet-setter\/","title":{"rendered":"Traveller-Paket"},"content":{"rendered":"<p data-start=\"353\" data-end=\"613\">Das <strong data-start=\"356\" data-end=\"372\">Reisepaket<\/strong> ist f\u00fcr diejenigen gedacht, die viel unterwegs sind und ihren K\u00f6rper dennoch in gutem Zustand halten m\u00f6chten. Es enth\u00e4lt kompakte, leichte und effektive Tools, mit denen <strong data-start=\"524\" data-end=\"612\">die notwendige Mobilisierung im Flugzeug, nach Autofahrten, im Hotel oder im B\u00fcro durchgef\u00fchrt werden kann<\/strong>. <\/p>\n<p data-start=\"615\" data-end=\"723\">Dieses Paket folgt dem Prinzip, dass Regeneration <strong data-start=\"671\" data-end=\"693\">nicht ortsgebunden<\/strong> ist, sondern nur eine Frage bewusster Entscheidung.<\/p>\n<h3 data-start=\"730\" data-end=\"760\">Was bietet das Reisepaket?<\/h3>\n<p data-start=\"762\" data-end=\"921\"><strong data-start=\"762\" data-end=\"808\">Schnelle Spannungsreduktion nach langen Reisen<\/strong><br data-start=\"808\" data-end=\"811\">Beim Sitzen neigen H\u00fcfte, R\u00fccken und Schulterg\u00fcrtel besonders zur Versteifung. Die Tools des Reisepakets helfen dabei: <\/p>\n<ul data-start=\"922\" data-end=\"1046\">\n<li data-start=\"922\" data-end=\"961\">\n<p data-start=\"924\" data-end=\"961\">verklebte Bereiche zu lockern,<\/p>\n<\/li>\n<li data-start=\"962\" data-end=\"1007\">\n<p data-start=\"964\" data-end=\"1007\">das komfortable Bewegungsgef\u00fchl wiederherzustellen,<\/p>\n<\/li>\n<li data-start=\"1008\" data-end=\"1046\">\n<p data-start=\"1010\" data-end=\"1046\">die \u201eReisesteifigkeit\u201c zu reduzieren.<\/p>\n<\/li>\n<\/ul>\n<p data-start=\"1048\" data-end=\"1145\"><strong data-start=\"1048\" data-end=\"1091\">Kompakte Gr\u00f6\u00dfe, maximale Nutzbarkeit<\/strong><br data-start=\"1091\" data-end=\"1094\">Die Tools nehmen wenig Platz ein und passen problemlos in:<\/p>\n<ul data-start=\"1146\" data-end=\"1221\">\n<li data-start=\"1146\" data-end=\"1166\">\n<p data-start=\"1148\" data-end=\"1166\">Handgep\u00e4ck,<\/p>\n<\/li>\n<li data-start=\"1167\" data-end=\"1183\">\n<p data-start=\"1169\" data-end=\"1183\">Rucksack,<\/p>\n<\/li>\n<li data-start=\"1184\" data-end=\"1221\">\n<p data-start=\"1186\" data-end=\"1221\">Sporttasche oder Laptoptasche.<\/p>\n<\/li>\n<\/ul>\n<p data-start=\"1223\" data-end=\"1398\"><strong data-start=\"1223\" data-end=\"1260\">Effektiver als Dehnen allein<\/strong><br data-start=\"1260\" data-end=\"1263\">Mit kurzer, gezielter Selbstmobilisierung erreichen Sie auch Bereiche, die allein durch Dehnen schwer oder unm\u00f6glich richtig zu behandeln sind.<\/p>\n","protected":false},"excerpt":{"rendered":"<p>Wir wissen, dass leichtes Reisen in der Theorie einfacher ist als in der Praxis. Aber wenn du &#8211; wie wir &#8211; gerne die Welt bereist, aber den Stress lieber zu Hause l\u00e4sst, dann ist dies der richtige Rucksack f\u00fcr dich. Drei Bestseller, kompakte Gr\u00f6\u00dfe, endlose M\u00f6glichkeiten.   Das Traveller-Paket beinhaltet:<\/p>\n<p>&nbsp;<\/p>\n<ul>\n<li>Roller mit w\u00e4hlbarer H\u00e4rte<\/li>\n<li>Helix<\/li>\n<li>Rod Mini<\/li>\n<\/ul>\n","protected":false},"featured_media":235582,"comment_status":"open","ping_status":"closed","template":"","meta":[],"product_brand":[279],"product_cat":[173],"product_tag":[176,170,177,174,175,172],"class_list":{"0":"post-238538","1":"product","2":"type-product","3":"status-publish","4":"has-post-thumbnail","6":"product_brand-rad","7":"product_cat-smr-pakete","8":"product_tag-foam-roller-de","9":"product_tag-massage-ball-de","10":"product_tag-massage-rolle-de","11":"product_tag-massage-rolle","12":"product_tag-muskelentspannung","13":"product_tag-rehabilitation-de","15":"first","16":"instock","17":"taxable","18":"shipping-taxable","19":"purchasable","20":"product-type-woosb"},"_links":{"self":[{"href":"https:\/\/radroller.hu\/de\/wp-json\/wp\/v2\/product\/238538","targetHints":{"allow":["GET"]}}],"collection":[{"href":"https:\/\/radroller.hu\/de\/wp-json\/wp\/v2\/product"}],"about":[{"href":"https:\/\/radroller.hu\/de\/wp-json\/wp\/v2\/types\/product"}],"replies":[{"embeddable":true,"href":"https:\/\/radroller.hu\/de\/wp-json\/wp\/v2\/comments?post=238538"}],"wp:featuredmedia":[{"embeddable":true,"href":"https:\/\/radroller.hu\/de\/wp-json\/wp\/v2\/media\/235582"}],"wp:attachment":[{"href":"https:\/\/radroller.hu\/de\/wp-json\/wp\/v2\/media?parent=238538"}],"wp:term":[{"taxonomy":"product_brand","embeddable":true,"href":"https:\/\/radroller.hu\/de\/wp-json\/wp\/v2\/product_brand?post=238538"},{"taxonomy":"product_cat","embeddable":true,"href":"https:\/\/radroller.hu\/de\/wp-json\/wp\/v2\/product_cat?post=238538"},{"taxonomy":"product_tag","embeddable":true,"href":"https:\/\/radroller.hu\/de\/wp-json\/wp\/v2\/product_tag?post=238538"}],"curies":[{"name":"wp","href":"https:\/\/api.w.org\/{rel}","templated":true}]}}