{"id":238531,"date":"2020-07-09T13:04:08","date_gmt":"2020-07-09T11:04:08","guid":{"rendered":"https:\/\/radroller.hu\/termek\/best-seller-2\/"},"modified":"2025-12-30T23:02:51","modified_gmt":"2025-12-30T22:02:51","slug":"best-seller","status":"publish","type":"product","link":"https:\/\/radroller.hu\/de\/produkt\/best-seller\/","title":{"rendered":"Best Seller"},"content":{"rendered":"<p data-start=\"367\" data-end=\"713\">Das <strong data-start=\"369\" data-end=\"391\">Bestseller-Paket<\/strong> ist nicht umsonst die beliebteste Wahl: Es enth\u00e4lt RAD-Tools, die <strong data-start=\"474\" data-end=\"546\">f\u00fcr die meisten Menschen in den meisten Situationen nachweislich funktionieren<\/strong>. Wenn Sie effektiv entspannen, mobilisieren und regenerieren m\u00f6chten, aber <strong data-start=\"615\" data-end=\"654\">kein \u00fcberkompliziertes System w\u00fcnschen<\/strong>, ist dieses Paket der beste Einstieg \u2013 und f\u00fcr viele auch die Endstation. <\/p>\n<p data-start=\"715\" data-end=\"790\">Dieses Paket ist der <strong data-start=\"730\" data-end=\"747\">goldene Mittelweg<\/strong>: stark, zielgerichtet und dennoch einfach zu bedienen.<\/p>\n<h3 data-start=\"797\" data-end=\"830\">Was kann das Bestseller-Paket?<\/h3>\n<p data-start=\"832\" data-end=\"909\"><strong data-start=\"832\" data-end=\"877\">Allgemeine Spannungsreduktion am ganzen K\u00f6rper<\/strong><br data-start=\"877\" data-end=\"880\">Die Tools des Pakets eignen sich f\u00fcr:<\/p>\n<ul data-start=\"910\" data-end=\"1073\">\n<li data-start=\"910\" data-end=\"968\">\n<p data-start=\"912\" data-end=\"968\">Reduzierung von Verspannungen im R\u00fccken-, Schulter- und Nackenbereich,<\/p>\n<\/li>\n<li data-start=\"969\" data-end=\"1020\">\n<p data-start=\"971\" data-end=\"1020\">Mobilisierung des Unterk\u00f6rpers (Oberschenkel, Waden, Ges\u00e4\u00dfmuskulatur),<\/p>\n<\/li>\n<li data-start=\"1021\" data-end=\"1073\">\n<p data-start=\"1023\" data-end=\"1073\">Regeneration nach dem Training oder t\u00e4gliche \u201eWartungs\u201c-Regeneration.<\/p>\n<\/li>\n<\/ul>\n<p data-start=\"1075\" data-end=\"1243\"><strong data-start=\"1075\" data-end=\"1116\">Schnelle Ergebnisse, geringer Lernaufwand<\/strong><br data-start=\"1116\" data-end=\"1119\">Es erfordert keine spezielle Technik: Es ist schnell erlernbar und dennoch <strong data-start=\"1189\" data-end=\"1212\">sp\u00fcrbar effektiv<\/strong> bereits bei den ersten Anwendungen.<\/p>\n<p data-start=\"1245\" data-end=\"1375\"><strong data-start=\"1245\" data-end=\"1290\">Gezielter als eine klassische Faszienrolle<\/strong><br data-start=\"1290\" data-end=\"1293\">RAD-Tools sind keine flachen, weichen Rollen. Ihre Form und ihr Material erm\u00f6glichen es Ihnen, dass Sie: <\/p>\n<ul data-start=\"1376\" data-end=\"1525\">\n<li data-start=\"1376\" data-end=\"1428\">\n<p data-start=\"1378\" data-end=\"1428\">pr\u00e4ziser an Problembereichen arbeiten k\u00f6nnen,<\/p>\n<\/li>\n<li data-start=\"1429\" data-end=\"1474\">\n<p data-start=\"1431\" data-end=\"1474\">in k\u00fcrzerer Zeit Entspannung erzielen k\u00f6nnen,<\/p>\n<\/li>\n<li data-start=\"1475\" data-end=\"1525\">\n<p data-start=\"1477\" data-end=\"1525\">die Muskeln nicht nur \u201e\u00fcberrollen\u201c, sondern wirklich behandeln k\u00f6nnen.<\/p>\n<\/li>\n<\/ul>\n","protected":false},"excerpt":{"rendered":"<p>Das Leben ist voller schwieriger Entscheidungen &#8230; aber diese hier ist einfach! Das Bestseller-Paket ist die g\u00fcnstigste und bequemste M\u00f6glichkeit, sich mit den beliebtesten Produkten von RAD einzudecken. Inhalt des Pakets:  <\/p>\n<ul>\n<li>Rod<\/li>\n<li>Rounds<\/li>\n<li>Walze (normale H\u00e4rte)<\/li>\n<li>Neuro-Ball<\/li>\n<li>Achse<\/li>\n<li>Helix<\/li>\n<li>Block<\/li>\n<\/ul>\n","protected":false},"featured_media":244563,"comment_status":"open","ping_status":"closed","template":"","meta":[],"product_brand":[279],"product_cat":[173],"product_tag":[176,170,174,177,175,172],"class_list":{"0":"post-238531","1":"product","2":"type-product","3":"status-publish","4":"has-post-thumbnail","6":"product_brand-rad","7":"product_cat-smr-pakete","8":"product_tag-foam-roller-de","9":"product_tag-massage-ball-de","10":"product_tag-massage-rolle","11":"product_tag-massage-rolle-de","12":"product_tag-muskelentspannung","13":"product_tag-rehabilitation-de","15":"first","16":"instock","17":"taxable","18":"shipping-taxable","19":"purchasable","20":"product-type-woosb"},"_links":{"self":[{"href":"https:\/\/radroller.hu\/de\/wp-json\/wp\/v2\/product\/238531","targetHints":{"allow":["GET"]}}],"collection":[{"href":"https:\/\/radroller.hu\/de\/wp-json\/wp\/v2\/product"}],"about":[{"href":"https:\/\/radroller.hu\/de\/wp-json\/wp\/v2\/types\/product"}],"replies":[{"embeddable":true,"href":"https:\/\/radroller.hu\/de\/wp-json\/wp\/v2\/comments?post=238531"}],"wp:featuredmedia":[{"embeddable":true,"href":"https:\/\/radroller.hu\/de\/wp-json\/wp\/v2\/media\/244563"}],"wp:attachment":[{"href":"https:\/\/radroller.hu\/de\/wp-json\/wp\/v2\/media?parent=238531"}],"wp:term":[{"taxonomy":"product_brand","embeddable":true,"href":"https:\/\/radroller.hu\/de\/wp-json\/wp\/v2\/product_brand?post=238531"},{"taxonomy":"product_cat","embeddable":true,"href":"https:\/\/radroller.hu\/de\/wp-json\/wp\/v2\/product_cat?post=238531"},{"taxonomy":"product_tag","embeddable":true,"href":"https:\/\/radroller.hu\/de\/wp-json\/wp\/v2\/product_tag?post=238531"}],"curies":[{"name":"wp","href":"https:\/\/api.w.org\/{rel}","templated":true}]}}