{"id":238523,"date":"2020-07-09T15:04:15","date_gmt":"2020-07-09T13:04:15","guid":{"rendered":"https:\/\/radroller.hu\/termek\/the-works-2\/"},"modified":"2025-12-30T23:01:20","modified_gmt":"2025-12-30T22:01:20","slug":"the-works","status":"publish","type":"product","link":"https:\/\/radroller.hu\/de\/produkt\/the-works\/","title":{"rendered":"Vollst\u00e4ndiges RAD-Paket"},"content":{"rendered":"<p data-start=\"260\" data-end=\"579\">Entdecken Sie die Kraft des <strong data-start=\"273\" data-end=\"294\">Kompletten RAD Pakets<\/strong>: ein durchdacht zusammengestelltes Ganzk\u00f6rper-Myofascial-Release-Toolkit (Muskel-Faszien-L\u00f6sung), das Ihnen hilft, Schmerzen zu lindern, die Mobilit\u00e4t zu verbessern und die Freude an der t\u00e4glichen Bewegung wiederzuerlangen \u2013 sowohl zu Hause, nach dem Training als auch auf Reisen.<\/p>\n<p data-start=\"581\" data-end=\"712\">Dieses Paket ist kein einfacher Massageroller, sondern eine <strong data-start=\"631\" data-end=\"668\">Kombination synergetischer Werkzeuge<\/strong>, die sich gegenseitig erg\u00e4nzen und dadurch:<\/p>\n<ul data-start=\"713\" data-end=\"959\">\n<li data-start=\"713\" data-end=\"794\">\n<p data-start=\"715\" data-end=\"794\"><strong data-start=\"715\" data-end=\"762\">gezielt Verspannungen und Knoten in den Muskeln und Faszien l\u00f6sen<\/strong>,<\/p>\n<\/li>\n<li data-start=\"713\" data-end=\"794\">\n<p data-start=\"715\" data-end=\"794\"><strong data-start=\"797\" data-end=\"838\">den Bewegungsumfang der Gelenke erweitern<\/strong>,<\/p>\n<\/li>\n<li data-start=\"842\" data-end=\"959\">\n<p data-start=\"844\" data-end=\"959\">und <strong data-start=\"847\" data-end=\"877\">die Regeneration beschleunigen<\/strong>, sowohl nach dem Training als auch nach langem Sitzen.<\/p>\n<\/li>\n<\/ul>\n","protected":false},"excerpt":{"rendered":"<p data-start=\"260\" data-end=\"579\">Entdecken Sie die Kraft des <strong data-start=\"273\" data-end=\"294\">Kompletten RAD Pakets<\/strong>: ein durchdacht zusammengestelltes Ganzk\u00f6rper-Myofascial-Release-Toolkit (Muskel-Faszien-L\u00f6sung), das Ihnen hilft, Schmerzen zu lindern, die Mobilit\u00e4t zu verbessern und die Freude an der t\u00e4glichen Bewegung wiederzuerlangen \u2013 sowohl zu Hause, nach dem Training als auch auf Reisen.<\/p>\n<p data-start=\"581\" data-end=\"712\">Dieses Paket ist kein einfacher Massageroller, sondern eine <strong data-start=\"631\" data-end=\"668\">Kombination synergetischer Werkzeuge<\/strong>, die sich gegenseitig erg\u00e4nzen und dadurch:<\/p>\n<ul data-start=\"713\" data-end=\"959\">\n<li data-start=\"713\" data-end=\"794\">\n<p data-start=\"715\" data-end=\"794\"><strong data-start=\"715\" data-end=\"762\">gezielt Verspannungen und Knoten in den Muskeln und Faszien l\u00f6sen<\/strong>,<\/p>\n<\/li>\n<li data-start=\"795\" data-end=\"841\">\n<p data-start=\"797\" data-end=\"841\"><strong data-start=\"797\" data-end=\"838\">den Bewegungsumfang der Gelenke erweitern<\/strong>,<\/p>\n<\/li>\n<li data-start=\"842\" data-end=\"959\">\n<p data-start=\"844\" data-end=\"959\">und <strong data-start=\"847\" data-end=\"877\">die Regeneration beschleunigen<\/strong>, sowohl nach dem Training als auch nach langem Sitzen.<\/p>\n<\/li>\n<\/ul>\n<p><strong>Inhalt des Pakets:<\/strong><\/p>\n<ul>\n<li>Achse<\/li>\n<li>Helix<\/li>\n<li>Roller ()<\/li>\n<li>Roller XL<\/li>\n<li>Rod<\/li>\n<li>Atom<\/li>\n<li>Centre<\/li>\n<li>Neuro-Ball<\/li>\n<li>Micro Rounds<\/li>\n<li>Rounds<\/li>\n<li>Recovery Rounds<\/li>\n<li>Block<\/li>\n<\/ul>\n","protected":false},"featured_media":244556,"comment_status":"open","ping_status":"closed","template":"","meta":[],"product_brand":[279],"product_cat":[173],"product_tag":[176,170,174,177,175,172],"class_list":{"0":"post-238523","1":"product","2":"type-product","3":"status-publish","4":"has-post-thumbnail","6":"product_brand-rad","7":"product_cat-smr-pakete","8":"product_tag-foam-roller-de","9":"product_tag-massage-ball-de","10":"product_tag-massage-rolle","11":"product_tag-massage-rolle-de","12":"product_tag-muskelentspannung","13":"product_tag-rehabilitation-de","15":"first","16":"onbackorder","17":"taxable","18":"shipping-taxable","19":"purchasable","20":"product-type-woosb"},"_links":{"self":[{"href":"https:\/\/radroller.hu\/de\/wp-json\/wp\/v2\/product\/238523","targetHints":{"allow":["GET"]}}],"collection":[{"href":"https:\/\/radroller.hu\/de\/wp-json\/wp\/v2\/product"}],"about":[{"href":"https:\/\/radroller.hu\/de\/wp-json\/wp\/v2\/types\/product"}],"replies":[{"embeddable":true,"href":"https:\/\/radroller.hu\/de\/wp-json\/wp\/v2\/comments?post=238523"}],"wp:featuredmedia":[{"embeddable":true,"href":"https:\/\/radroller.hu\/de\/wp-json\/wp\/v2\/media\/244556"}],"wp:attachment":[{"href":"https:\/\/radroller.hu\/de\/wp-json\/wp\/v2\/media?parent=238523"}],"wp:term":[{"taxonomy":"product_brand","embeddable":true,"href":"https:\/\/radroller.hu\/de\/wp-json\/wp\/v2\/product_brand?post=238523"},{"taxonomy":"product_cat","embeddable":true,"href":"https:\/\/radroller.hu\/de\/wp-json\/wp\/v2\/product_cat?post=238523"},{"taxonomy":"product_tag","embeddable":true,"href":"https:\/\/radroller.hu\/de\/wp-json\/wp\/v2\/product_tag?post=238523"}],"curies":[{"name":"wp","href":"https:\/\/api.w.org\/{rel}","templated":true}]}}