{"id":238518,"date":"2020-07-09T15:36:20","date_gmt":"2021-04-20T10:58:49","guid":{"rendered":"https:\/\/radroller.hu\/termek\/fitness-fanatic-2\/"},"modified":"2023-01-19T12:57:00","modified_gmt":"2023-01-19T11:57:00","slug":"fitness-fanatic","status":"publish","type":"product","link":"https:\/\/radroller.hu\/de\/produkt\/fitness-fanatic\/","title":{"rendered":"Fitness Fanatic"},"content":{"rendered":"<p>Erreiche die n\u00e4chste Stufe in deinem Training mit dem Fitness Fanatic Paket! Dieses Paket garantiert ein RADIKAL effizienteres Aufw\u00e4rmen und beschleunigt die Erholung, damit du verletzungsfrei zur Arbeit zur\u00fcckkehren kannst. Mit dem Fitness Fanatic-Paket erhalten Sie:<\/p>\n<p>&nbsp;<\/p>\n<ul>\n<li>Roller (harte Version)<\/li>\n<li>Helix<\/li>\n<li>Atom<\/li>\n<li>Axle<\/li>\n<li>Rod<\/li>\n<\/ul>\n","protected":false},"excerpt":{"rendered":"<p>Erreiche die n\u00e4chste Stufe in deinem Training mit dem Fitness Fanatic Paket! Dieses Paket garantiert ein RADIKAL effizienteres Aufw\u00e4rmen und beschleunigt die Erholung, damit du verletzungsfrei zur Arbeit zur\u00fcckkehren kannst. Mit dem Fitness Fanatic-Paket erhalten Sie:<\/p>\n<p>&nbsp;<\/p>\n<ul>\n<li>Roller (harte Version)<\/li>\n<li>Helix<\/li>\n<li>Atom<\/li>\n<li>Axle<\/li>\n<li>Rod<\/li>\n<\/ul>\n","protected":false},"featured_media":235597,"comment_status":"open","ping_status":"closed","template":"","meta":[],"product_brand":[],"product_cat":[59],"product_tag":[],"class_list":{"0":"post-238518","1":"product","2":"type-product","3":"status-publish","4":"has-post-thumbnail","6":"product_cat-uncategorized","8":"first","9":"instock","10":"sale","11":"taxable","12":"shipping-taxable","13":"purchasable","14":"product-type-simple"},"_links":{"self":[{"href":"https:\/\/radroller.hu\/de\/wp-json\/wp\/v2\/product\/238518","targetHints":{"allow":["GET"]}}],"collection":[{"href":"https:\/\/radroller.hu\/de\/wp-json\/wp\/v2\/product"}],"about":[{"href":"https:\/\/radroller.hu\/de\/wp-json\/wp\/v2\/types\/product"}],"replies":[{"embeddable":true,"href":"https:\/\/radroller.hu\/de\/wp-json\/wp\/v2\/comments?post=238518"}],"wp:featuredmedia":[{"embeddable":true,"href":"https:\/\/radroller.hu\/de\/wp-json\/wp\/v2\/media\/235597"}],"wp:attachment":[{"href":"https:\/\/radroller.hu\/de\/wp-json\/wp\/v2\/media?parent=238518"}],"wp:term":[{"taxonomy":"product_brand","embeddable":true,"href":"https:\/\/radroller.hu\/de\/wp-json\/wp\/v2\/product_brand?post=238518"},{"taxonomy":"product_cat","embeddable":true,"href":"https:\/\/radroller.hu\/de\/wp-json\/wp\/v2\/product_cat?post=238518"},{"taxonomy":"product_tag","embeddable":true,"href":"https:\/\/radroller.hu\/de\/wp-json\/wp\/v2\/product_tag?post=238518"}],"curies":[{"name":"wp","href":"https:\/\/api.w.org\/{rel}","templated":true}]}}