{"id":238507,"date":"2020-07-09T16:21:35","date_gmt":"2020-07-09T14:21:35","guid":{"rendered":"https:\/\/radroller.hu\/termek\/restoration-2\/"},"modified":"2025-12-30T23:00:51","modified_gmt":"2025-12-30T22:00:51","slug":"restoration","status":"publish","type":"product","link":"https:\/\/radroller.hu\/de\/produkt\/restoration\/","title":{"rendered":"Regenerationspaket"},"content":{"rendered":"<p data-start=\"329\" data-end=\"657\">Das Ziel des <strong data-start=\"331\" data-end=\"352\">Regenerationspakets<\/strong> ist einfach, aber entscheidend: Ihrem K\u00f6rper zu helfen, nach Belastung schneller in seinen optimalen Zustand zur\u00fcckzukehren. Durch Training, lange Arbeitstage oder erh\u00f6hte k\u00f6rperliche Belastung k\u00f6nnen Muskeln und Faszien verspannt und empfindlich werden \u2013 dieses Paket bietet genau daf\u00fcr eine L\u00f6sung. <\/p>\n<p data-start=\"659\" data-end=\"772\">Es arbeitet nicht mit Kraft, sondern <strong data-start=\"686\" data-end=\"771\">unterst\u00fctzt die nat\u00fcrlichen Regenerationsprozesse durch bewusste, gezielte Selbstmobilisierung<\/strong>.<\/p>\n<h3 data-start=\"779\" data-end=\"813\">Was bietet das Regenerationspaket?<\/h3>\n<p data-start=\"815\" data-end=\"876\"><strong data-start=\"815\" data-end=\"845\">Spannungsl\u00f6sung nach dem Training<\/strong><br data-start=\"845\" data-end=\"848\">Die Werkzeuge des Pakets helfen Ihnen dabei:<\/p>\n<ul data-start=\"877\" data-end=\"1000\">\n<li data-start=\"877\" data-end=\"911\">\n<p data-start=\"879\" data-end=\"911\">Muskelsteifheit zu reduzieren,<\/p>\n<\/li>\n<li data-start=\"912\" data-end=\"953\">\n<p data-start=\"914\" data-end=\"953\">\u00fcberlastete Bereiche zu lockern,<\/p>\n<\/li>\n<li data-start=\"954\" data-end=\"1000\">\n<p data-start=\"956\" data-end=\"1000\">und das angenehme Bewegungsgef\u00fchl wiederherzustellen.<\/p>\n<\/li>\n<\/ul>\n<p data-start=\"1002\" data-end=\"1071\"><strong data-start=\"1002\" data-end=\"1031\">Schnellere \u201eAufladung\u201c<\/strong><br data-start=\"1031\" data-end=\"1034\">Regelm\u00e4\u00dfige, kurze Regenerationsarbeit kann:<\/p>\n<ul data-start=\"1072\" data-end=\"1216\">\n<li data-start=\"1072\" data-end=\"1123\">\n<p data-start=\"1074\" data-end=\"1123\">die Durchblutung in den betroffenen Bereichen verbessern,<\/p>\n<\/li>\n<li data-start=\"1124\" data-end=\"1162\">\n<p data-start=\"1126\" data-end=\"1162\">die Entspannung der Muskeln f\u00f6rdern,<\/p>\n<\/li>\n<li data-start=\"1163\" data-end=\"1216\">\n<p data-start=\"1165\" data-end=\"1216\">und Ihren K\u00f6rper auf die n\u00e4chste Belastung vorbereiten.<\/p>\n<\/li>\n<\/ul>\n<p data-start=\"1218\" data-end=\"1281\"><strong data-start=\"1218\" data-end=\"1249\">Ganzk\u00f6rper-Anwendbarkeit<\/strong><br data-start=\"1249\" data-end=\"1252\">Das Regenerationspaket ist geeignet f\u00fcr:<\/p>\n<ul data-start=\"1282\" data-end=\"1387\">\n<li data-start=\"1282\" data-end=\"1318\">\n<p data-start=\"1284\" data-end=\"1318\">Unterk\u00f6rper (Waden, Oberschenkel, Ges\u00e4\u00df),<\/p>\n<\/li>\n<li data-start=\"1319\" data-end=\"1337\">\n<p data-start=\"1321\" data-end=\"1337\">R\u00fccken und Schulterg\u00fcrtel,<\/p>\n<\/li>\n<li data-start=\"1338\" data-end=\"1387\">\n<p data-start=\"1340\" data-end=\"1387\">sowie f\u00fcr eine allgemeine Ganzk\u00f6rper-Mobilisierung.<\/p>\n<\/li>\n<\/ul>\n","protected":false},"excerpt":{"rendered":"<p>Mit dem Regenerationspaket haben Sie alles, was Sie brauchen, um chronische Muskelschmerzen zu behandeln, sich mit einer wohltuenden Massage zu verw\u00f6hnen oder sogar kleinere Verletzungen zu rehabilitieren. Mit dem Regenerationspaket erhalten Sie all das: <\/p>\n<ul>\n<li>Helix<\/li>\n<li>Achse<\/li>\n<li>Rod<\/li>\n<li>Recovery Rounds<\/li>\n<li>Micro Rounds<\/li>\n<li>Neuro-Ball<\/li>\n<li>Centre<\/li>\n<\/ul>\n","protected":false},"featured_media":244542,"comment_status":"open","ping_status":"closed","template":"","meta":[],"product_brand":[279],"product_cat":[173],"product_tag":[176,170,177,174,175,172],"class_list":{"0":"post-238507","1":"product","2":"type-product","3":"status-publish","4":"has-post-thumbnail","6":"product_brand-rad","7":"product_cat-smr-pakete","8":"product_tag-foam-roller-de","9":"product_tag-massage-ball-de","10":"product_tag-massage-rolle-de","11":"product_tag-massage-rolle","12":"product_tag-muskelentspannung","13":"product_tag-rehabilitation-de","15":"first","16":"instock","17":"taxable","18":"shipping-taxable","19":"purchasable","20":"product-type-woosb"},"_links":{"self":[{"href":"https:\/\/radroller.hu\/de\/wp-json\/wp\/v2\/product\/238507","targetHints":{"allow":["GET"]}}],"collection":[{"href":"https:\/\/radroller.hu\/de\/wp-json\/wp\/v2\/product"}],"about":[{"href":"https:\/\/radroller.hu\/de\/wp-json\/wp\/v2\/types\/product"}],"replies":[{"embeddable":true,"href":"https:\/\/radroller.hu\/de\/wp-json\/wp\/v2\/comments?post=238507"}],"wp:featuredmedia":[{"embeddable":true,"href":"https:\/\/radroller.hu\/de\/wp-json\/wp\/v2\/media\/244542"}],"wp:attachment":[{"href":"https:\/\/radroller.hu\/de\/wp-json\/wp\/v2\/media?parent=238507"}],"wp:term":[{"taxonomy":"product_brand","embeddable":true,"href":"https:\/\/radroller.hu\/de\/wp-json\/wp\/v2\/product_brand?post=238507"},{"taxonomy":"product_cat","embeddable":true,"href":"https:\/\/radroller.hu\/de\/wp-json\/wp\/v2\/product_cat?post=238507"},{"taxonomy":"product_tag","embeddable":true,"href":"https:\/\/radroller.hu\/de\/wp-json\/wp\/v2\/product_tag?post=238507"}],"curies":[{"name":"wp","href":"https:\/\/api.w.org\/{rel}","templated":true}]}}