{"id":238502,"date":"2020-07-09T16:37:08","date_gmt":"2020-07-09T14:37:08","guid":{"rendered":"https:\/\/radroller.hu\/termek\/lotus-2\/"},"modified":"2025-12-30T23:00:37","modified_gmt":"2025-12-30T22:00:37","slug":"lotus","status":"publish","type":"product","link":"https:\/\/radroller.hu\/de\/produkt\/lotus\/","title":{"rendered":"Yoga-Paket"},"content":{"rendered":"<p data-start=\"355\" data-end=\"570\">Das <strong data-start=\"357\" data-end=\"372\">Yoga-Paket<\/strong> enth\u00e4lt erg\u00e4nzende Tools, die <strong data-start=\"420\" data-end=\"477\">sanft, aber effektiv Ihre Yogapraxis unterst\u00fctzen<\/strong> \u2013 sei es beim Aufw\u00e4rmen, f\u00fcr Stabilit\u00e4t w\u00e4hrend der Posen oder f\u00fcr entspannende, regenerative Arbeit. Dieses Paket ersetzt Yoga nicht, sondern <strong data-start=\"616\" data-end=\"640\">vertieft Ihre Praxis<\/strong>: Es hilft Ihnen, Ihren K\u00f6rper besser zu sp\u00fcren, pr\u00e4ziser mit den Geweben zu arbeiten und sich sicherer weiterzuentwickeln. <\/p>\n<h3 data-start=\"757\" data-end=\"795\">Was tr\u00e4gt es zu Ihrer Yogapraxis bei?<\/h3>\n<p data-start=\"797\" data-end=\"995\"><strong data-start=\"797\" data-end=\"840\">Sanfte Mobilisierung vor und nach den Posen<\/strong><br data-start=\"840\" data-end=\"843\">Die Tools des Pakets erm\u00f6glichen die Vorbereitung von Muskeln und Bindegewebe vor der Praxis sowie die <strong data-start=\"945\" data-end=\"981\">bewusste Entspannung und Regeneration<\/strong> am Ende der Stunde.<\/p>\n<p data-start=\"997\" data-end=\"1055\"><strong data-start=\"997\" data-end=\"1027\">Stabilit\u00e4t und Unterst\u00fctzung<\/strong><br data-start=\"1027\" data-end=\"1030\">Mit dem RAD Block:<\/p>\n<ul data-start=\"1056\" data-end=\"1191\">\n<li data-start=\"1056\" data-end=\"1096\">\n<p data-start=\"1058\" data-end=\"1096\">k\u00f6nnen Posen sicherer gehalten werden,<\/p>\n<\/li>\n<li data-start=\"1097\" data-end=\"1128\">\n<p data-start=\"1099\" data-end=\"1128\">\u00dcberlastung kann reduziert werden,<\/p>\n<\/li>\n<li data-start=\"1129\" data-end=\"1191\">\n<p data-start=\"1131\" data-end=\"1191\">ist es einfacher, Gleichgewicht und die richtige K\u00f6rperhaltung zu finden.<\/p>\n<\/li>\n<\/ul>\n<p data-start=\"1193\" data-end=\"1249\"><strong data-start=\"1193\" data-end=\"1221\">Tiefe ohne Zwang<\/strong><br data-start=\"1221\" data-end=\"1224\">Die RAD Tools helfen dabei:<\/p>\n<ul data-start=\"1250\" data-end=\"1397\">\n<li data-start=\"1250\" data-end=\"1303\">\n<p data-start=\"1252\" data-end=\"1303\">verspannte Bereiche (H\u00fcfte, Oberschenkel, R\u00fccken) zu lockern,<\/p>\n<\/li>\n<li data-start=\"1304\" data-end=\"1347\">\n<p data-start=\"1306\" data-end=\"1347\">den Bewegungsumfang schrittweise zu erh\u00f6hen,<\/p>\n<\/li>\n<li data-start=\"1348\" data-end=\"1397\">\n<p data-start=\"1350\" data-end=\"1397\">ohne sich in eine Pose \u201ehineinzuzwingen\u201c.<\/p>\n<\/li>\n<\/ul>\n","protected":false},"excerpt":{"rendered":"<p><bdo dir=\"ltr\"><span class=\"formula-content\"><span class=\" default-formula-text-color\" dir=\"auto\">Erreich bisher unerreichte Flexibilit\u00e4t mit diesem speziell f\u00fcr Yogis entwickelten Paket. Das Yoga-Paket ist die perfekte Wahl, um Ihr volles Potenzial zu entfesseln.   <\/span><span class=\"number\" dir=\"auto\">Inhalt des Pakets:<\/span><\/span><\/bdo><\/p>\n<ul>\n<li>Roller ()<\/li>\n<li>Rounds<\/li>\n<li>Neuro-Ball<\/li>\n<li>Recovery Rounds<\/li>\n<li>Micro Rounds<\/li>\n<li>Centre<\/li>\n<li>Block<\/li>\n<\/ul>\n","protected":false},"featured_media":244535,"comment_status":"open","ping_status":"closed","template":"","meta":[],"product_brand":[279],"product_cat":[173],"product_tag":[176,170,177,174,175,172],"class_list":{"0":"post-238502","1":"product","2":"type-product","3":"status-publish","4":"has-post-thumbnail","6":"product_brand-rad","7":"product_cat-smr-pakete","8":"product_tag-foam-roller-de","9":"product_tag-massage-ball-de","10":"product_tag-massage-rolle-de","11":"product_tag-massage-rolle","12":"product_tag-muskelentspannung","13":"product_tag-rehabilitation-de","15":"first","16":"onbackorder","17":"taxable","18":"shipping-taxable","19":"purchasable","20":"product-type-woosb"},"_links":{"self":[{"href":"https:\/\/radroller.hu\/de\/wp-json\/wp\/v2\/product\/238502","targetHints":{"allow":["GET"]}}],"collection":[{"href":"https:\/\/radroller.hu\/de\/wp-json\/wp\/v2\/product"}],"about":[{"href":"https:\/\/radroller.hu\/de\/wp-json\/wp\/v2\/types\/product"}],"replies":[{"embeddable":true,"href":"https:\/\/radroller.hu\/de\/wp-json\/wp\/v2\/comments?post=238502"}],"wp:featuredmedia":[{"embeddable":true,"href":"https:\/\/radroller.hu\/de\/wp-json\/wp\/v2\/media\/244535"}],"wp:attachment":[{"href":"https:\/\/radroller.hu\/de\/wp-json\/wp\/v2\/media?parent=238502"}],"wp:term":[{"taxonomy":"product_brand","embeddable":true,"href":"https:\/\/radroller.hu\/de\/wp-json\/wp\/v2\/product_brand?post=238502"},{"taxonomy":"product_cat","embeddable":true,"href":"https:\/\/radroller.hu\/de\/wp-json\/wp\/v2\/product_cat?post=238502"},{"taxonomy":"product_tag","embeddable":true,"href":"https:\/\/radroller.hu\/de\/wp-json\/wp\/v2\/product_tag?post=238502"}],"curies":[{"name":"wp","href":"https:\/\/api.w.org\/{rel}","templated":true}]}}