{"id":238499,"date":"2020-11-23T09:48:31","date_gmt":"2020-11-23T08:48:31","guid":{"rendered":"https:\/\/radroller.hu\/termek\/neuro-ball-2\/"},"modified":"2026-03-26T13:20:10","modified_gmt":"2026-03-26T12:20:10","slug":"neuro-ball","status":"publish","type":"product","link":"https:\/\/radroller.hu\/de\/produkt\/neuro-ball\/","title":{"rendered":"RAD Neuro Ball"},"content":{"rendered":"<p>Ein kleiner Schritt f\u00fcr deine F\u00fc\u00dfe, aber ein gro\u00dfer Sprung f\u00fcr deine Muskeln. Der neue Neuro Ball stimuliert mithilfe innovativer Sensoraktivierungstechnologie Tausende von Nerven in F\u00fc\u00dfen und H\u00e4nden und erweckt so die tiefen Muskeln unseres K\u00f6rpers zum Leben. Dank seines einzigartigen Designs und seiner extremen Vielseitigkeit ist er der ideale Begleiter, um deine Muskeln zu aktivieren. Der RAD Neuro Ball hilft Ihnen zu erkennen, wie viel Spannung sich in Ihren F\u00fc\u00dfen und H\u00e4nden verbirgt, und f\u00f6rdert durch die Stimulation dieser Bereiche maximale Entspannung.<\/p>\n<div class=\"product-short-description\">\n<p>Dieser Massageball aus 100% medizinischem Silikon kann geteilt werden, damit du ihn verwenden kannst:<\/p>\n<ul>\n<li>Zusammen, als komplette Massagekugel<\/li>\n<li>Als zwei getrennte Hemisph\u00e4ren<\/li>\n<li>Als Triggerpunkt-Handler mit dem kleinen Ball im Inneren.<\/li>\n<\/ul>\n<p>Der Neuro Ball ist nicht nur ein einfacher stacheliger Massageball: Seine Besonderheit liegt in seiner wissenschaftlich entwickelten Textur.<\/p>\n<p>Diese spezielle Oberfl\u00e4che:<br \/>\n\u2713 Bietet eine tiefe myofasziale Massage<br \/>\n\u2713 Aktiviert die Nervenrezeptoren<br \/>\n\u2713 Stimuliert die Sinne<\/p>\n<p><strong>Bonus:<\/strong> Im Inneren des Neuro Balls befindet sich ein steiferer <a href=\"https:\/\/radroller.hu\/de\/produkt\/micro-rounds\/\">Micro Round<\/a> zur punktuellen Muskelentspannung, um kleine Muskeln in den Beinen und Armen zu trainieren.<\/p>\n<\/div>\n","protected":false},"excerpt":{"rendered":"<p>Ein kleiner Schritt f\u00fcr deine F\u00fc\u00dfe, aber ein gro\u00dfer Sprung f\u00fcr deine Muskeln. Der neue Neuro Ball nutzt die innovative Naboso\u00ae-Sensoraktivierungstechnologie, um Tausende von Nerven in deinen F\u00fc\u00dfen und H\u00e4nden zu stimulieren und so die Tiefenmuskulatur deines K\u00f6rpers zum Leben zu erwecken. Sein einzigartiges Design und seine extreme Vielseitigkeit machen ihn zum idealen Begleiter, um deine Muskeln zu aktivieren. Der Neuro Ball hilft dir, die Verspannungen in deinen Beinen und Armen zu erkennen und stimuliert diese Bereiche f\u00fcr maximale Entspannung.   <\/p>\n","protected":false},"featured_media":247349,"comment_status":"open","ping_status":"closed","template":"","meta":[],"product_brand":[],"product_cat":[168],"product_tag":[170,172,169,171],"class_list":{"0":"post-238499","1":"product","2":"type-product","3":"status-publish","4":"has-post-thumbnail","6":"product_cat-massageballe","7":"product_tag-massage-ball-de","8":"product_tag-rehabilitation-de","9":"product_tag-smr-de","10":"product_tag-unlock","12":"first","13":"instock","14":"taxable","15":"shipping-taxable","16":"purchasable","17":"product-type-simple"},"_links":{"self":[{"href":"https:\/\/radroller.hu\/de\/wp-json\/wp\/v2\/product\/238499","targetHints":{"allow":["GET"]}}],"collection":[{"href":"https:\/\/radroller.hu\/de\/wp-json\/wp\/v2\/product"}],"about":[{"href":"https:\/\/radroller.hu\/de\/wp-json\/wp\/v2\/types\/product"}],"replies":[{"embeddable":true,"href":"https:\/\/radroller.hu\/de\/wp-json\/wp\/v2\/comments?post=238499"}],"wp:featuredmedia":[{"embeddable":true,"href":"https:\/\/radroller.hu\/de\/wp-json\/wp\/v2\/media\/247349"}],"wp:attachment":[{"href":"https:\/\/radroller.hu\/de\/wp-json\/wp\/v2\/media?parent=238499"}],"wp:term":[{"taxonomy":"product_brand","embeddable":true,"href":"https:\/\/radroller.hu\/de\/wp-json\/wp\/v2\/product_brand?post=238499"},{"taxonomy":"product_cat","embeddable":true,"href":"https:\/\/radroller.hu\/de\/wp-json\/wp\/v2\/product_cat?post=238499"},{"taxonomy":"product_tag","embeddable":true,"href":"https:\/\/radroller.hu\/de\/wp-json\/wp\/v2\/product_tag?post=238499"}],"curies":[{"name":"wp","href":"https:\/\/api.w.org\/{rel}","templated":true}]}}