{"id":246531,"date":"2025-04-28T13:35:35","date_gmt":"2025-04-28T11:35:35","guid":{"rendered":"https:\/\/radroller.hu\/ausbildung\/rad-mobility-2-2\/"},"modified":"2025-04-28T13:35:35","modified_gmt":"2025-04-28T11:35:35","slug":"rad-mobility-2-2","status":"publish","type":"page","link":"https:\/\/radroller.hu\/de\/ausbildung\/rad-mobility-2-2\/","title":{"rendered":"RAD Mobility 2"},"content":{"rendered":"","protected":false},"excerpt":{"rendered":"<p>Myofasziale Selbstmassage und Mobilisation. Grundstufe. Erfahren Sie, wie Sie die neuesten wissenschaftlichen Erkenntnisse \u00fcber das Nervensystem, die Muskeln, die Faszien, die Bewegung, die Mobilisierung und die Stabilisierungs\u00fcbungen in Ihr eigenes Leben oder das Ihrer Kunden, in Ihre Trainingspl\u00e4ne oder Ihre Therapie integrieren k\u00f6nnen.<\/p>\n","protected":false},"author":2,"featured_media":0,"parent":238781,"menu_order":0,"comment_status":"closed","ping_status":"closed","template":"page-blank.php","meta":{"footnotes":""},"class_list":["post-246531","page","type-page","status-publish","hentry"],"_links":{"self":[{"href":"https:\/\/radroller.hu\/de\/wp-json\/wp\/v2\/pages\/246531","targetHints":{"allow":["GET"]}}],"collection":[{"href":"https:\/\/radroller.hu\/de\/wp-json\/wp\/v2\/pages"}],"about":[{"href":"https:\/\/radroller.hu\/de\/wp-json\/wp\/v2\/types\/page"}],"author":[{"embeddable":true,"href":"https:\/\/radroller.hu\/de\/wp-json\/wp\/v2\/users\/2"}],"replies":[{"embeddable":true,"href":"https:\/\/radroller.hu\/de\/wp-json\/wp\/v2\/comments?post=246531"}],"version-history":[{"count":0,"href":"https:\/\/radroller.hu\/de\/wp-json\/wp\/v2\/pages\/246531\/revisions"}],"up":[{"embeddable":true,"href":"https:\/\/radroller.hu\/de\/wp-json\/wp\/v2\/pages\/238781"}],"wp:attachment":[{"href":"https:\/\/radroller.hu\/de\/wp-json\/wp\/v2\/media?parent=246531"}],"curies":[{"name":"wp","href":"https:\/\/api.w.org\/{rel}","templated":true}]}}