{"id":246526,"date":"2025-04-28T13:35:31","date_gmt":"2025-04-28T11:35:31","guid":{"rendered":"https:\/\/radroller.hu\/ausbildung\/rad-mobility-master-coach-2\/"},"modified":"2025-04-28T13:35:39","modified_gmt":"2025-04-28T11:35:39","slug":"rad-mobility-master-coach-2","status":"publish","type":"page","link":"https:\/\/radroller.hu\/de\/ausbildung\/rad-mobility-master-coach-2\/","title":{"rendered":"RAD Mobility Master Coach"},"content":{"rendered":"\n\n  <div class=\"banner has-hover\" id=\"banner-847640100\">\n          <div class=\"banner-inner fill\">\n        <div class=\"banner-bg fill\" >\n            <img loading=\"lazy\" decoding=\"async\" width=\"1000\" height=\"1000\" src=\"https:\/\/radroller.hu\/wp-content\/uploads\/2020\/02\/Roller_Density_1000x.jpg\" class=\"bg attachment-original size-original\" alt=\"RAD Roller Unterarm SMR\" title=\"\">                        <div class=\"overlay\"><\/div>            \n                    <\/div>\n\t\t\n        <div class=\"banner-layers container\">\n            <div class=\"fill banner-link\"><\/div>            \n\n   <div id=\"text-box-384518549\" class=\"text-box banner-layer x5 md-x5 lg-x5 y50 md-y50 lg-y50 res-text\">\n                                <div class=\"text-box-content text dark\">\n              \n              <div class=\"text-inner text-left\">\n                  \n\n<h2 class=\"uppercase\"><strong>RAD MOBILITY MASTER COACH<\/strong><\/h2>\n<h3>Nur f\u00fcr Profis. Niveau des Ausbilders. <\/h3>\n<p><span style=\"font-size: 120%;\">F\u00fcr Fachleute, die das RAD-Konzept in gr\u00f6\u00dferem Umfang als P\u00e4dagogen einsetzen m\u00f6chten. Wir werden tiefer in die Bewegungsanalyse, die Anatomie, die von der RAD empfohlenen SMR-Techniken sowie Mobilisierungs- und Stabilisierungs\u00fcbungen eintauchen.<\/span><\/p>\n<a href=\"https:\/\/radroller.hu\/de\/ausbildung\/rad-mobility-1-2\/\" class=\"button primary\" style=\"border-radius:10px;\">\n\t\t<span>RAD MOBILITY 1<\/span>\n\t<\/a>\n\n\n<a href=\"https:\/\/radroller.hu\/de\/ausbildung\/rad-mobility-2-2\/\" class=\"button primary\" style=\"border-radius:10px;\">\n\t\t<span>RAD MOBILITY 2<\/span>\n\t<\/a>\n\n\n\n              <\/div>\n           <\/div>\n                            \n<style>\n#text-box-384518549 {\n  width: 87%;\n}\n#text-box-384518549 .text-box-content {\n  font-size: 100%;\n}\n@media (min-width:550px) {\n  #text-box-384518549 {\n    width: 90%;\n  }\n}\n@media (min-width:850px) {\n  #text-box-384518549 {\n    width: 69%;\n  }\n}\n<\/style>\n    <\/div>\n \n\n        <\/div>\n      <\/div>\n\n            \n<style>\n#banner-847640100 {\n  padding-top: 500px;\n}\n#banner-847640100 .overlay {\n  background-color: rgba(0, 0, 0, 0.39);\n}\n#banner-847640100 .banner-bg img {\n  object-position: 49% 85%;\n}\n<\/style>\n  <\/div>\n\n\n<div class=\"row align-center\"  id=\"row-1477481614\">\n\n\n\t<div id=\"col-297653295\" class=\"col small-12 large-12\"  >\n\t\t\t\t<div class=\"col-inner\"  >\n\t\t\t\n\t\t\t\n\n\t<div class=\"img has-hover x md-x lg-x y md-y lg-y\" id=\"image_1036724252\">\n\t\t\t\t\t\t\t\t<div class=\"img-inner dark\" >\n\t\t\t<img loading=\"lazy\" decoding=\"async\" width=\"1200\" height=\"289\" src=\"https:\/\/radroller.hu\/wp-content\/uploads\/internation_certifications.jpg\" class=\"attachment-original size-original\" alt=\"\" srcset=\"https:\/\/radroller.hu\/wp-content\/uploads\/internation_certifications.jpg 1200w, https:\/\/radroller.hu\/wp-content\/uploads\/internation_certifications-600x145.jpg 600w, https:\/\/radroller.hu\/wp-content\/uploads\/internation_certifications-768x185.jpg 768w, https:\/\/radroller.hu\/wp-content\/uploads\/internation_certifications-610x147.jpg 610w, https:\/\/radroller.hu\/wp-content\/uploads\/internation_certifications-1080x260.jpg 1080w, https:\/\/radroller.hu\/wp-content\/uploads\/internation_certifications-500x120.jpg 500w, https:\/\/radroller.hu\/wp-content\/uploads\/internation_certifications-190x46.jpg 190w, https:\/\/radroller.hu\/wp-content\/uploads\/internation_certifications-374x90.jpg 374w\" sizes=\"auto, (max-width: 1200px) 100vw, 1200px\" title=\"\">\t\t\t\t\t\t\n\t\t\t\t\t<\/div>\n\t\t\t\t\t\t\t\t\n<style>\n#image_1036724252 {\n  width: 100%;\n}\n<\/style>\n\t<\/div>\n\t\n\n\n\t\t<\/div>\n\t\t\t\t\t<\/div>\n\n\t\n\n<\/div>\n\n\t<section class=\"section\" id=\"section_1448313148\">\n\t\t<div class=\"section-bg fill\" >\n\t\t\t\t\t\t\t\t\t<div class=\"section-bg-overlay absolute fill\"><\/div>\n\t\t\t\n\n\t\t<\/div>\n\n\t\t\n\n\t\t<div class=\"section-content relative\">\n\t\t\t\n\n<div class=\"row row-large align-middle\"  id=\"row-218690986\">\n\n\n\t<div id=\"col-1240481990\" class=\"col medium-6 small-12 large-6\"  >\n\t\t\t\t<div class=\"col-inner\"  >\n\t\t\t\n\t\t\t\n\n\t<div class=\"img has-hover x md-x lg-x y md-y lg-y\" id=\"image_524482863\">\n\t\t<a class=\"\" href=\"\/oktatas\/rad-mobility-kepzesek\" >\t\t\t\t\t\t<div class=\"img-inner dark\" >\n\t\t\t<img loading=\"lazy\" decoding=\"async\" width=\"800\" height=\"730\" src=\"https:\/\/radroller.hu\/wp-content\/uploads\/pf-fd3af200-RM-Page3-Edited.webp\" class=\"attachment-original size-original\" alt=\"\" srcset=\"https:\/\/radroller.hu\/wp-content\/uploads\/pf-fd3af200-RM-Page3-Edited.webp 800w, https:\/\/radroller.hu\/wp-content\/uploads\/pf-fd3af200-RM-Page3-Edited-768x701.webp 768w, https:\/\/radroller.hu\/wp-content\/uploads\/pf-fd3af200-RM-Page3-Edited-600x548.webp 600w\" sizes=\"auto, (max-width: 800px) 100vw, 800px\" title=\"\">\t\t\t\t\t\t\n\t\t\t\t\t<\/div>\n\t\t\t\t\t\t<\/a>\t\t\n<style>\n#image_524482863 {\n  width: 100%;\n}\n<\/style>\n\t<\/div>\n\t\n\n\n\t\t<\/div>\n\t\t\t\t\t<\/div>\n\n\t\n\n\t<div id=\"col-1145063895\" class=\"col medium-6 small-12 large-6\"  >\n\t\t\t\t<div class=\"col-inner text-left\"  >\n\t\t\t\n\t\t\t\n\n<p>Setzen Sie sich an die Spitze und leiten Sie Ihre eigenen Kurse und Workshops mit RAD! Im Master-Coach-Kurs tauchen Sie gemeinsam mit Gleichgesinnten in die Anatomie, die myofaszialen Ketten und die mobilisierenden und stabilisierenden \u00dcbungen ein und lernen anhand von Beispielen aus dem wirklichen Leben, wie Sie nachhaltig etwas bewirken k\u00f6nnen und, was ebenso wichtig ist, wie Sie dieses Wissen weitergeben k\u00f6nnen. Wir sorgen daf\u00fcr, dass Sie das gesamte RAD-Schulungsmaterial sicher anwenden k\u00f6nnen und r\u00fcsten Sie mit dem Wissen aus, das Sie brauchen, um sich an verschiedene Zielgruppen anzupassen und Ihre Botschaft effektiv zu vermitteln.  <\/p>\n<p>Die folgenden Themen werden besprochen:<\/p>\n<ul class=\"sc-gSQGeZ iOAir pf-163_\" data-pf-type=\"List\">\n<li class=\"sc-lbhJmS gRgzMw pf-164_\" data-pf-type=\"List.Item\"><span class=\"sc-ZOsLE HTdit pf-166_\" data-pf-type=\"Text\">Wir werden das RAD-Schulungsmaterial im Detail durchgehen, damit Sie Ihren eigenen Kurs durchf\u00fchren k\u00f6nnen.<\/span><\/li>\n<li class=\"sc-lbhJmS gRgzMw pf-167_\" data-pf-type=\"List.Item\"><span class=\"sc-ZOsLE HTdit pf-169_\" data-pf-type=\"Text\">Bew\u00e4hrte Tipps und Tricks, damit Ihr Training ein voller Erfolg wird.<\/span><\/li>\n<li class=\"sc-lbhJmS gRgzMw pf-170_\" data-pf-type=\"List.Item\"><span class=\"sc-ZOsLE HTdit pf-172_\" data-pf-type=\"Text\">Detailliertes Verst\u00e4ndnis der Wissenschaft hinter den verschiedenen myofaszialen Techniken, einschlie\u00dflich der anatomischen und physiologischen Mechanismen.<\/span><\/li>\n<li class=\"sc-lbhJmS gRgzMw pf-173_\" data-pf-type=\"List.Item\"><span class=\"sc-ZOsLE HTdit pf-175_\" data-pf-type=\"Text\">Wir diskutieren, wie verschiedene K\u00f6rperteile die Qualit\u00e4t verschiedener Bewegungsmuster beeinflussen.<\/span><\/li>\n<li class=\"sc-lbhJmS gRgzMw pf-176_\" data-pf-type=\"List.Item\"><span class=\"sc-ZOsLE HTdit pf-178_\" data-pf-type=\"Text\">Welche Fragen Sie Ihren Kursteilnehmern zum RAD-Lehrplan stellen sollten, um sie zu kritischem Denken anzuregen.<\/span><\/li>\n<li class=\"sc-lbhJmS gRgzMw pf-179_\" data-pf-type=\"List.Item\"><span class=\"sc-ZOsLE HTdit pf-181_\" data-pf-type=\"Text\">Was sollten Sie als Ausbilder anders machen als als Anwender der Techniken und welche Techniken sind in diesem Fall zu empfehlen.<\/span><\/li>\n<li class=\"sc-lbhJmS gRgzMw pf-182_\" data-pf-type=\"List.Item\"><span class=\"sc-ZOsLE HTdit pf-184_\" data-pf-type=\"Text\">Schaffen Sie lernerzentrierte Praktiken &#8211; mit mindestens drei Lernpr\u00e4ferenzen, die auf der Theorie der Erwachsenenbildung basieren.<\/span><\/li>\n<\/ul>\n<a href=\"#jelentkezes\" class=\"button secondary\" style=\"border-radius:10px;\">\n\t\t<span>ANWENDEN<\/span>\n\t<\/a>\n\n\n\n\t\t<\/div>\n\t\t\t\t\t<\/div>\n\n\t\n\n<\/div>\n\n\t\t<\/div>\n\n\t\t\n<style>\n#section_1448313148 {\n  padding-top: 0px;\n  padding-bottom: 0px;\n}\n#section_1448313148 .section-bg-overlay {\n  background-color: rgba(255, 255, 255, 0.85);\n}\n@media (min-width:850px) {\n  #section_1448313148 {\n    padding-top: 30px;\n    padding-bottom: 30px;\n  }\n}\n<\/style>\n\t<\/section>\n\t\n\n\t<section class=\"section\" id=\"section_22389712\">\n\t\t<div class=\"section-bg fill\" >\n\t\t\t\t\t\t\t\t\t\n\t\t\t\n\n\t\t<\/div>\n\n\t\t\n\n\t\t<div class=\"section-content relative\">\n\t\t\t\n\n<div class=\"row row-large row-full-width align-center\"  id=\"row-1061915387\">\n\n\n\t<div id=\"col-1178855261\" class=\"col medium-6 small-12 large-4\"  >\n\t\t\t\t<div class=\"col-inner text-center dark\"  >\n\t\t\t\n\t\t\t\n\n\t<div class=\"img has-hover x md-x lg-x y md-y lg-y\" id=\"image_2029349870\">\n\t\t\t\t\t\t\t\t<div class=\"img-inner dark\" >\n\t\t\t<img loading=\"lazy\" decoding=\"async\" width=\"979\" height=\"1250\" src=\"https:\/\/radroller.hu\/wp-content\/uploads\/kevin_hendry.webp\" class=\"attachment-original size-original\" alt=\"\" srcset=\"https:\/\/radroller.hu\/wp-content\/uploads\/kevin_hendry.webp 979w, https:\/\/radroller.hu\/wp-content\/uploads\/kevin_hendry-768x981.webp 768w, https:\/\/radroller.hu\/wp-content\/uploads\/kevin_hendry-600x766.webp 600w\" sizes=\"auto, (max-width: 979px) 100vw, 979px\" title=\"\">\t\t\t\t\t\t\n\t\t\t\t\t<\/div>\n\t\t\t\t\t\t\t\t\n<style>\n#image_2029349870 {\n  width: 86%;\n}\n@media (min-width:550px) {\n  #image_2029349870 {\n    width: 54%;\n  }\n}\n<\/style>\n\t<\/div>\n\t\n\n<h3>UNSER TRAINER IM JAHR 2023: KEVIN HENDRY<\/h3>\n<p>Kevin ist der Direktor f\u00fcr Bildung bei RAD Roller. Er ist Kinesiologe, Krafttrainer und Osteopath (Spezialist f\u00fcr Erkrankungen des Bewegungsapparats).  Neben seiner Praxis und dem Coaching arbeitet er auch mit professionellen NHL-, NCAA- und CFL-Spielern sowie mit Athleten der kanadischen Nationalmannschaft. Er hat auf 6 Kontinenten in mehr als 30 L\u00e4ndern unterrichtet und gecoacht. In ihrer Privatpraxis ist sie daf\u00fcr bekannt, dass sie die Prinzipien der Osteopathie und Kinesiologie mit ihrer Erfahrung im Krafttraining und ihrem ganzheitlichen Ansatz kombiniert, um lebensver\u00e4ndernde Ergebnisse f\u00fcr ihre Patienten zu erzielen.<\/p>\n\n\t\t<\/div>\n\t\t\t\t\t<\/div>\n\n\t\n\n\t<div id=\"col-802763464\" class=\"col medium-6 small-12 large-4\"  >\n\t\t\t\t<div class=\"col-inner text-center dark\"  >\n\t\t\t\n\t\t\t\n\n\t<div class=\"img has-hover x md-x lg-x y md-y lg-y\" id=\"image_247538547\">\n\t\t\t\t\t\t\t\t<div class=\"img-inner dark\" >\n\t\t\t<img loading=\"lazy\" decoding=\"async\" width=\"1365\" height=\"1365\" src=\"https:\/\/radroller.hu\/wp-content\/uploads\/edu_1.jpg\" class=\"attachment-original size-original\" alt=\"RAD Education 3\" srcset=\"https:\/\/radroller.hu\/wp-content\/uploads\/edu_1.jpg 1365w, https:\/\/radroller.hu\/wp-content\/uploads\/edu_1-600x600.jpg 600w, https:\/\/radroller.hu\/wp-content\/uploads\/edu_1-100x100.jpg 100w, https:\/\/radroller.hu\/wp-content\/uploads\/edu_1-768x768.jpg 768w, https:\/\/radroller.hu\/wp-content\/uploads\/edu_1-610x610.jpg 610w, https:\/\/radroller.hu\/wp-content\/uploads\/edu_1-1080x1080.jpg 1080w, https:\/\/radroller.hu\/wp-content\/uploads\/edu_1-500x500.jpg 500w, https:\/\/radroller.hu\/wp-content\/uploads\/edu_1-60x60.jpg 60w, https:\/\/radroller.hu\/wp-content\/uploads\/edu_1-90x90.jpg 90w\" sizes=\"auto, (max-width: 1365px) 100vw, 1365px\" title=\"\">\t\t\t\t\t\t\n\t\t\t\t\t<\/div>\n\t\t\t\t\t\t\t\t\n<style>\n#image_247538547 {\n  width: 86%;\n}\n@media (min-width:550px) {\n  #image_247538547 {\n    width: 70%;\n  }\n}\n@media (min-width:850px) {\n  #image_247538547 {\n    width: 69%;\n  }\n}\n<\/style>\n\t<\/div>\n\t\n\n<h3>MEHR DETAILS \u00dcBER DEN KURS<\/h3>\n<div class=\"et_pb_module et_pb_text et_pb_text_8 et_pb_text_align_left et_pb_bg_layout_light\">\n<div class=\"et_pb_text_inner\">\n<ul>\n<li style=\"text-align: left;\"><strong>Dauer:<\/strong> 4 Stunden (RM-1, RM-2 und RM-MC insgesamt: 22 Stunden &#8211; 3 Tage)<\/li>\n<li style=\"text-align: left;\"><strong>Preis:<\/strong> 250.000 Ft (Ratenzahlung m\u00f6glich)<\/li>\n<li style=\"text-align: left;\"><strong>Preis f\u00fcr RM-1, RM-2 und RM-MC zusammen:<\/strong> 400.000 HUF (Ratenzahlung m\u00f6glich)<\/li>\n<li style=\"text-align: left;\"><strong>Im Preis inbegriffen: <\/strong>RAD All-in Kit (wenn Sie sich f\u00fcr RM-1, RM-2 und RM-MC zusammen angemeldet haben), gedruckte Notizen, Online-Pr\u00fcfung, <strong>M\u00f6glichkeit, Ihren eigenen Kurs durchzuf\u00fchren<\/strong><\/li>\n<li style=\"text-align: left;\"><strong>Akkreditiert:<\/strong> Nein (laufend)<\/li>\n<li style=\"text-align: left;\"><strong>Um sich zu bewerben, m\u00fcssen Sie<\/strong> RAD Mobility 1 und Mobility 2 (RM-1 und RM-2) abgeschlossen haben und \u00fcber eine berufliche Qualifikation verf\u00fcgen.<\/li>\n<li style=\"text-align: left;\"><strong>Pr\u00fcfung:<\/strong> Ja (online)<\/li>\n<li style=\"text-align: left;\"><strong>Empfohlene Zielgruppe:<\/strong> Trainer, Physiotherapeuten, \u00c4rzte, Manualtherapeuten<\/li>\n<li style=\"text-align: left;\"><strong>N\u00e4chster Termin und Ort:<\/strong> TBA Budapest<\/li>\n<li style=\"text-align: left;\"><strong>Der Kurs ist nur f\u00fcr min. 4 Personen sind erforderlich, um sich anzumelden<\/strong><\/li>\n<\/ul>\n<\/div>\n<\/div>\n\n\t\t<\/div>\n\t\t\t\t\t<\/div>\n\n\t\n\n\n<style>\n#row-1061915387 > .col > .col-inner {\n  padding: 50px 0px 0px 0px;\n}\n<\/style>\n<\/div>\n\n\t\t<\/div>\n\n\t\t\n<style>\n#section_22389712 {\n  padding-top: 0px;\n  padding-bottom: 0px;\n  background-color: #54c0e8;\n}\n<\/style>\n\t<\/section>\n\t\n<div class=\"row\"  id=\"row-2020030294\">\n\n\n\t<div id=\"col-357943128\" class=\"col small-12 large-12\"  >\n\t\t\t\t<div class=\"col-inner\"  >\n\t\t\t\n\t\t\t\n\n<span class=\"scroll-to\" data-label=\"Scroll to: #jelentkezes\" data-bullet=\"true\" data-link=\"#jelentkezes\" data-title=\"ANWENDEN\"><a name=\"jelentkezes\"><\/a><\/span>\n\n<h2>VORREGISTRIERUNG F\u00dcR EINEN KURS<\/h2>\n\n\n<div class=\"wpcf7 no-js\" id=\"wpcf7-f243159-o1\" lang=\"hu-HU\" dir=\"ltr\" data-wpcf7-id=\"243159\">\n<div class=\"screen-reader-response\"><p role=\"status\" aria-live=\"polite\" aria-atomic=\"true\"><\/p> <ul><\/ul><\/div>\n<form action=\"\/de\/wp-json\/wp\/v2\/pages\/246526#wpcf7-f243159-o1\" method=\"post\" class=\"wpcf7-form init\" aria-label=\"Kapcsolatfelv\u00e9teli \u0171rlap\" novalidate=\"novalidate\" data-status=\"init\">\n<fieldset class=\"hidden-fields-container\"><input type=\"hidden\" name=\"_wpcf7\" value=\"243159\" \/><input type=\"hidden\" name=\"_wpcf7_version\" value=\"6.1.5\" \/><input type=\"hidden\" name=\"_wpcf7_locale\" value=\"hu_HU\" \/><input type=\"hidden\" name=\"_wpcf7_unit_tag\" value=\"wpcf7-f243159-o1\" \/><input type=\"hidden\" name=\"_wpcf7_container_post\" value=\"0\" \/><input type=\"hidden\" name=\"_wpcf7_posted_data_hash\" value=\"\" \/>\n<\/fieldset>\n<p><label> N\u00e9v<br \/>\n<span class=\"wpcf7-form-control-wrap\" data-name=\"your-name\"><input size=\"40\" maxlength=\"400\" class=\"wpcf7-form-control wpcf7-text wpcf7-validates-as-required\" autocomplete=\"name\" aria-required=\"true\" aria-invalid=\"false\" value=\"\" type=\"text\" name=\"your-name\" \/><\/span> <\/label>\n<\/p>\n<p><label> E-mail c\u00edm<br \/>\n<span class=\"wpcf7-form-control-wrap\" data-name=\"your-email\"><input size=\"40\" maxlength=\"400\" class=\"wpcf7-form-control wpcf7-email wpcf7-validates-as-required wpcf7-text wpcf7-validates-as-email\" autocomplete=\"email\" aria-required=\"true\" aria-invalid=\"false\" value=\"\" type=\"email\" name=\"your-email\" \/><\/span> <\/label>\n<\/p>\n<p><label> Telefonsz\u00e1m <span class=\"wpcf7-form-control-wrap\" data-name=\"tel-741\"><input size=\"40\" maxlength=\"400\" class=\"wpcf7-form-control wpcf7-tel wpcf7-validates-as-required wpcf7-text wpcf7-validates-as-tel\" aria-required=\"true\" aria-invalid=\"false\" value=\"\" type=\"tel\" name=\"tel-741\" \/><\/span> <\/label>\n<\/p>\n<p><label> V\u00e1lassz tanfolyam t\u00edpust:<br \/>\n<span class=\"wpcf7-form-control-wrap\" data-name=\"tanfolyam-tipus\"><select class=\"wpcf7-form-control wpcf7-select wpcf7-validates-as-required\" aria-required=\"true\" aria-invalid=\"false\" name=\"tanfolyam-tipus\"><option value=\"RAD Mobility 1+2\">RAD Mobility 1+2<\/option><option value=\"RAD Mobility 1\">RAD Mobility 1<\/option><option value=\"RAD Mobility 2\">RAD Mobility 2<\/option><option value=\"RAD Mobility Master Coach\">RAD Mobility Master Coach<\/option><option value=\"RAD Mobility 1+2+MC\">RAD Mobility 1+2+MC<\/option><\/select><\/span> <\/label>\n<\/p>\n<p><label> \u00dczenet (nem k\u00f6telez\u0151)<br \/>\n<span class=\"wpcf7-form-control-wrap\" data-name=\"your-message\"><textarea cols=\"40\" rows=\"10\" maxlength=\"2000\" class=\"wpcf7-form-control wpcf7-textarea\" aria-invalid=\"false\" name=\"your-message\"><\/textarea><\/span> <\/label>\n<\/p>\n<p>[recaptcha]\n<\/p>\n<p><div class=\"cf7-cf-turnstile\" style=\"margin-top: 0px; margin-bottom: -15px;\"> <div id=\"cf-turnstile-cf7-1547974873\" class=\"cf-turnstile\" data-sitekey=\"0x4AAAAAABS6COSBeVfRmPQq\" data-theme=\"light\" data-language=\"auto\" data-size=\"normal\" data-retry=\"auto\" data-retry-interval=\"1000\" data-refresh-expired=\"auto\" data-refresh-timeout=\"auto\" data-action=\"contact-form-7\" data-callback=\"turnstileCF7Callback\" data-appearance=\"interaction-only\"><\/div> <script>document.addEventListener(\"DOMContentLoaded\", function() { setTimeout(function(){ var e=document.getElementById(\"cf-turnstile-cf7-1547974873\"); if(e&&!e.innerHTML.trim()){turnstile.render(e, {sitekey:\"0x4AAAAAABS6COSBeVfRmPQq\"});} }, 200); });<\/script> <style>#cf-turnstile-cf7-1547974873 iframe { margin-bottom: 15px; }<\/style> <style>#cf-turnstile-cf7-1547974873 { margin-left: -15px; }<\/style> <script>document.addEventListener(\"DOMContentLoaded\",function(){document.querySelectorAll('.wpcf7-form').forEach(function(e){e.addEventListener('submit',function(){if(document.getElementById('cf-turnstile-cf7-1547974873')){setTimeout(function(){turnstile.reset('#cf-turnstile-cf7-1547974873');},1000)}})})});<\/script> <\/div><br\/><input class=\"wpcf7-form-control wpcf7-submit has-spinner\" type=\"submit\" value=\"Bek\u00fcld\u00e9s\" \/>\n<\/p>\n<p>Ez az \u0171rlap Akismetet haszn\u00e1l a spam cs\u00f6kkent\u00e9se \u00e9rdek\u00e9ben. <a target=\"_blank\" rel=\"nofollow noopener\" href=\"https:\/\/akismet.com\/privacy\/\">Ismerje meg, hogyan dolgoztatnak fel az adatai.<\/a>\n<\/p><p style=\"display: none !important;\" class=\"akismet-fields-container\" data-prefix=\"_wpcf7_ak_\"><label>&#916;<textarea name=\"_wpcf7_ak_hp_textarea\" cols=\"45\" rows=\"8\" maxlength=\"100\"><\/textarea><\/label><input type=\"hidden\" id=\"ak_js_1\" name=\"_wpcf7_ak_js\" value=\"127\"\/><script type=\"text\/javascript\">\n\/* <![CDATA[ *\/\ndocument.getElementById( \"ak_js_1\" ).setAttribute( \"value\", ( new Date() ).getTime() );\n\/* ]]> *\/\n<\/script>\n<\/p><div class=\"wpcf7-response-output\" aria-hidden=\"true\"><\/div>\n<\/form>\n<\/div>\n\n\n\n\t\t<\/div>\n\t\t\t\t\t<\/div>\n\n\t\n\n<\/div>\n\n","protected":false},"excerpt":{"rendered":"<p>Myofasziale Selbstmassage und Mobilisation. Grundstufe. Erfahren Sie, wie Sie die neuesten wissenschaftlichen Erkenntnisse \u00fcber das Nervensystem, die Muskeln, die Faszien, die Bewegung, die Mobilisierung und die Stabilisierungs\u00fcbungen in Ihr eigenes Leben oder das Ihrer Kunden, in Ihre Trainingspl\u00e4ne oder Ihre Therapie integrieren k\u00f6nnen.<\/p>\n","protected":false},"author":2,"featured_media":0,"parent":238781,"menu_order":0,"comment_status":"closed","ping_status":"closed","template":"page-blank.php","meta":{"footnotes":""},"class_list":["post-246526","page","type-page","status-publish","hentry"],"_links":{"self":[{"href":"https:\/\/radroller.hu\/de\/wp-json\/wp\/v2\/pages\/246526","targetHints":{"allow":["GET"]}}],"collection":[{"href":"https:\/\/radroller.hu\/de\/wp-json\/wp\/v2\/pages"}],"about":[{"href":"https:\/\/radroller.hu\/de\/wp-json\/wp\/v2\/types\/page"}],"author":[{"embeddable":true,"href":"https:\/\/radroller.hu\/de\/wp-json\/wp\/v2\/users\/2"}],"replies":[{"embeddable":true,"href":"https:\/\/radroller.hu\/de\/wp-json\/wp\/v2\/comments?post=246526"}],"version-history":[{"count":0,"href":"https:\/\/radroller.hu\/de\/wp-json\/wp\/v2\/pages\/246526\/revisions"}],"up":[{"embeddable":true,"href":"https:\/\/radroller.hu\/de\/wp-json\/wp\/v2\/pages\/238781"}],"wp:attachment":[{"href":"https:\/\/radroller.hu\/de\/wp-json\/wp\/v2\/media?parent=246526"}],"curies":[{"name":"wp","href":"https:\/\/api.w.org\/{rel}","templated":true}]}}