{"id":238771,"date":"2021-05-03T14:44:50","date_gmt":"2021-05-03T12:44:50","guid":{"rendered":"https:\/\/radroller.hu\/seien-sie-unser-partner\/"},"modified":"2025-12-20T19:42:51","modified_gmt":"2025-12-20T18:42:51","slug":"partner-werden","status":"publish","type":"page","link":"https:\/\/radroller.hu\/de\/partner-werden\/","title":{"rendered":"WERDE UNSER PARTNER"},"content":{"rendered":"\n<p>Werde unser Partner!<\/p>\n<p>Du m\u00f6chtest unsere Produkte vertreiben? Oder welche in deinem Fitnessstudio vorr\u00e4tig halten? M\u00f6chtest du deine Arbeit als Physiotherapeut, Masseur oder Personal Trainer um eine neue Ressource erweitern? Oder gefallen dir einfach unsere Produkte und du willst uns bei Veranstaltungen oder auf der Rennstrecke vertreten?   <\/p>\n<p>BFour Innovative Tools Kft. der exklusive Distributor von <strong>RAD<\/strong>-Produkten in Mitteleuropa. Wir glauben, dass unsere Produkte die besten ihrer Art sind, was sie in Verbindung mit einer lebenslangen Garantie und einem professionellen, von Physiotherapeuten unterst\u00fctzten Kundenservice zu einer attraktiven Alternative zu anderen \u00e4hnlichen Produkten macht. Wenn du ebenfalls dieser Ansicht bist und denkst, dass du Partner werden m\u00f6chtest, kontaktiere uns telefonisch oder gleich \u00fcber das Formular.   <\/p>\n<p>Unsere verschiedenen Partnerschaftsprogramme sind so konzipiert, dass sie attraktive Gesch\u00e4ftsm\u00f6glichkeiten vom kleinsten bis zum gr\u00f6\u00dften Unternehmen bieten. Egal, ob du selbst\u00e4ndiger Physiotherapeut, Yogalehrer oder Sportler bist oder mehrere Fitnessstudios und Webshops besitzt &#8211; wir sind sicher, dass wir dir ein Angebot machen k\u00f6nnen, mit dem du zufrieden sein wirst. <\/p>\n\n","protected":false},"excerpt":{"rendered":"<p>Attraktive Partnerangebote zur F\u00f6rderung von RAD-Produkten von den kleinsten bis zu den gr\u00f6\u00dften.<\/p>\n","protected":false},"author":2,"featured_media":0,"parent":0,"menu_order":0,"comment_status":"closed","ping_status":"closed","template":"page-blank.php","meta":{"footnotes":""},"class_list":["post-238771","page","type-page","status-publish","hentry"],"_links":{"self":[{"href":"https:\/\/radroller.hu\/de\/wp-json\/wp\/v2\/pages\/238771","targetHints":{"allow":["GET"]}}],"collection":[{"href":"https:\/\/radroller.hu\/de\/wp-json\/wp\/v2\/pages"}],"about":[{"href":"https:\/\/radroller.hu\/de\/wp-json\/wp\/v2\/types\/page"}],"author":[{"embeddable":true,"href":"https:\/\/radroller.hu\/de\/wp-json\/wp\/v2\/users\/2"}],"replies":[{"embeddable":true,"href":"https:\/\/radroller.hu\/de\/wp-json\/wp\/v2\/comments?post=238771"}],"version-history":[{"count":0,"href":"https:\/\/radroller.hu\/de\/wp-json\/wp\/v2\/pages\/238771\/revisions"}],"wp:attachment":[{"href":"https:\/\/radroller.hu\/de\/wp-json\/wp\/v2\/media?parent=238771"}],"curies":[{"name":"wp","href":"https:\/\/api.w.org\/{rel}","templated":true}]}}