{"id":238734,"date":"2021-05-03T14:39:10","date_gmt":"2021-05-03T12:39:10","guid":{"rendered":"https:\/\/radroller.hu\/agb\/"},"modified":"2025-07-03T09:09:30","modified_gmt":"2025-07-03T07:09:30","slug":"agb","status":"publish","type":"page","link":"https:\/\/radroller.hu\/de\/agb\/","title":{"rendered":"AGB"},"content":{"rendered":"\n<h1>Allgemeine Vertragsbedingungen<\/h1>\n<h3>Informationen zu Versand, Zahlung und Garantie, Unternehmensdaten.<\/h3>\n<p>Willkommen bei den Allgemeinen Gesch\u00e4ftsbedingungen des Webshops RAD Roller Ungarn. Bitte lesen Sie die folgenden Informationen sorgf\u00e4ltig durch, bevor Sie eine Bestellung aufgeben. Mit der Nutzung dieser Website erkl\u00e4ren Sie sich mit den folgenden Bedingungen einverstanden. Wenn Sie Fragen haben, kontaktieren Sie uns bitte unter <a href=\"mailto:info@radroller.hu\">info@radroller.hu<\/a>. Die AGB k\u00f6nnen von Zeit zu Zeit aktualisiert werden. Die ge\u00e4nderten Bedingungen gelten nur f\u00fcr Auftr\u00e4ge, die nach der \u00c4nderung erteilt werden. Wenn du m\u00f6chtest, dass wir alle deine pers\u00f6nlichen Daten aus unserem System l\u00f6schen, wende dich bitte an <a href=\"mailto:info@radroller.hu\">info@radroller.hu.<\/a><\/p>\n<p>Letzter Termin f\u00fcr die \u00c4nderung der AGB: 3. Juli 2025. <\/p>\n<h2>Preise<\/h2>\n<p><b><\/b>In unserem Webshop wird der Bruttopreis der Produkte angegeben, d.h. unsere Preise enthalten die gesetzlich vorgeschriebene Mehrwertsteuer. (Unsere Preise sind Festpreise, von denen wir keine weiteren Rabatte gew\u00e4hren, mit Ausnahme von Werbeaktionen und Coupon-Aktionen, die auf dem Produktdatenblatt oder an anderer Stelle angegeben sind). <\/p>\n<h2>Produkte und Dienstleistungen, die du kaufen kannst<\/h2>\n<p>Unsere Produktpalette umfasst Gesundheits-, Sport- und Freizeitprodukte sowie Schulungen f\u00fcr Einzelpersonen. Die Produkte und, im Falle von Schulungen, die Tickets f\u00fcr die Teilnahme k\u00f6nnen in unserem Webshop erworben werden. <\/p>\n<p>Die auf den Produktdatenbl\u00e4ttern gezeigten Bilder k\u00f6nnen von den tats\u00e4chlichen abweichen, in manchen F\u00e4llen dienen sie nur der Illustration. Wir k\u00f6nnen nicht f\u00fcr unangek\u00fcndigte \u00c4nderungen der technischen Spezifikationen durch den Hersteller oder aus Gr\u00fcnden, die au\u00dferhalb seiner Kontrolle liegen, verantwortlich gemacht werden. <\/p>\n<p>Die Produkte, die wir verkaufen, heilen keine Krankheiten. Bitte konsultiere deinen Arzt \/ Physiotherapeuten, bevor du sie verwendest. Verwende sie wie vorgesehen und verantwortungsbewusst!    <\/p>\n<h2>Wie bestellen?<\/h2>\n<ul>\n<li>Lege das Produkt, das du kaufen m\u00f6chtest, in den Einkaufswagen<\/li>\n<li>Wenn du keine weiteren Produkte kaufen m\u00f6chtest, \u00fcberpr\u00fcfe die Anzahl der Artikel, die du kaufen m\u00f6chtest. Du kannst das Produkt in deinem Einkaufswagen l\u00f6schen, indem du auf die Schaltfl\u00e4che &#8222;x&#8220; neben dem Produkt klickst. Wenn du die Menge, die du kaufen m\u00f6chtest, \u00e4nderst, klicke auf die Schaltfl\u00e4che &#8222;Warenkorb aktualisieren&#8220;, nachdem du die Menge ge\u00e4ndert hast.  <\/li>\n<li>Wenn du einen Coupon hast, kannst du ihn verwenden, indem du ihn in das Feld &#8222;Coupon Code&#8220; eingibst und auf die Schaltfl\u00e4che &#8222;Coupon anwenden&#8220; klickst.<\/li>\n<li>W\u00e4hlen Sie eine Liefermethode.<\/li>\n<li>An der Express-Kasse klickst du auf die Schaltfl\u00e4che &#8222;JETZT KAUFEN&#8220;, um sofort \u00fcber den einfachsten Weg zu bezahlen (Apple Pay \/ Google Pay) oder deine Kreditkarte \u00fcber Stripe zu verwenden, je nach deinem System und Browser.<\/li>\n<li>Nachdem du auf die Schaltfl\u00e4che &#8222;Zur Kasse gehen&#8220; geklickt hast, kannst du auf der Kassenseite deine Zahlungsmethode ausw\u00e4hlen und die Liefermethode \u00e4ndern.<\/li>\n<li>Auf der Kassenseite kannst du deine Versand-\/Rechnungsdaten und dein Login eingeben. Wenn du bereits registriert bist, kannst du dich einloggen (wichtig: Du musst nicht registriert sein, um eine Bestellung aufzugeben!).  <\/li>\n<li>Akzeptiere unsere Allgemeinen Gesch\u00e4ftsbedingungen und unsere Datenschutzrichtlinie, indem du die K\u00e4stchen anklickst, nachdem du sie gelesen hast.<\/li>\n<li>Nach Eingabe Ihrer Daten k\u00f6nnen Sie Ihre Bestellung durch Klicken auf die Schaltfl\u00e4che &#8222;Bestellung abschicken&#8220; abschicken. Mit dem Absenden einer Bestellung akzeptieren Sie den Inhalt dieses Dokuments. Bevor Sie jedoch bestellen, \u00fcberpr\u00fcfen Sie bitte die eingegebenen Daten noch einmal! Sobald du deine Bestellung abgeschickt hast, kannst du die Bestelldaten \u00e4ndern, indem du unseren Kundenservice kontaktierst<a href=\"mailto:info@wimoov.shop\">(info@radroller.hu)<\/a>.<\/li>\n<li>Nachdem du deine Bestellung abgeschickt hast, erh\u00e4ltst du eine Best\u00e4tigung \u00fcber den Eingang der Bestellung in unserem System an die von dir angegebene E-Mail Adresse.<\/li>\n<li>Wir werden deine Bestellung immer per E-Mail best\u00e4tigen! Wenn du keine E-Mail erhalten hast, kann es sein, dass sie im Junkmail gelandet ist oder von einer automatisch gesendeten Nachricht zu uns zur\u00fcckgeprallt ist. <\/li>\n<\/ul>\n<p><i>*Das Versenden einer Bestellung ist ohne Registrierung m\u00f6glich! Wenn du dich registrieren m\u00f6chtest, kannst du dich als registrierter Nutzer anmelden und deine Bestellung sofort abschicken, ohne Versand- und Rechnungsdaten einzugeben, deine Bestellungen verfolgen und deine Rechnungen herunterladen! Es ist wichtig, dass du sicherstellst, dass die von dir eingegebenen Informationen korrekt sind, da das Produkt auf der Grundlage deiner Angaben in Rechnung gestellt und versandt wird. Du musst dich einmalig registrieren und brauchst diesen Schritt bei zuk\u00fcnftigen Eink\u00e4ufen nicht mehr zu tun.   <\/i><\/p>\n<p>Bitte achte darauf, dass du genaue Kontaktdaten angibst.  <strong>Wenn die E-Mail-Adresse nicht korrekt ist, k\u00f6nnen wir Ihnen keine Empfangsbest\u00e4tigung f\u00fcr Ihre Bestellung schicken. Wenn Sie die Best\u00e4tigung nicht in Ihrem Posteingang finden, pr\u00fcfen Sie die SPAM &#8211; Junk-Mail-Ordner.<\/strong>  Wir k\u00f6nnen dich nicht kontaktieren, wenn die Telefonnummer falsch ist. Ungenaue oder unvollst\u00e4ndige Kontaktdaten k\u00f6nnen es unm\u00f6glich machen, Ihre Bestellung zu erf\u00fcllen.<\/p>\n<h2>Bearbeitung von Auftr\u00e4gen<\/h2>\n<p>Bestellungen werden von Montag bis Donnerstag bearbeitet, in der Regel innerhalb von 1 bis 2 Arbeitstagen nach Versand der Bestellbest\u00e4tigung per E-Mail.<\/p>\n<p>Wir behalten uns das Recht vor, bereits best\u00e4tigte Auftr\u00e4ge ganz oder teilweise abzulehnen. Eine Teilerf\u00fcllung findet nur nach R\u00fccksprache mit dem Kunden statt! Wenn der Kaufpreis des Produkts im Voraus bezahlt wurde, wird der Betrag in diesem Fall nat\u00fcrlich an den Absender zur\u00fcckerstattet. Wenn du nach dem Absenden der Bestellung keine Best\u00e4tigung an die angegebene E-Mail-Adresse erh\u00e4ltst, empfehlen wir dir, den SPAM-Ordner in deinem Mailsystem zu \u00fcberpr\u00fcfen. Wenn du keine Best\u00e4tigung erhalten hast, kontaktiere uns bitte \u00fcber die angegebenen Kontaktdaten.    <\/p>\n<h2>Lieferbedingungen<\/h2>\n<p>Bestellungen aus unserem Webshop werden durch den Kurierdienst GLS im In- und Ausland ausgeliefert. Pakete werden innerhalb von 1-5 Werktagen nach Auftragsbest\u00e4tigung zugestellt, tags\u00fcber zwischen 8 und 17 Uhr. Wenn Sie in dieser Zeit nicht zu Hause sind, ist es ratsam, eine Arbeitsadresse als Lieferadresse anzugeben (falls vorhanden). Wenn du bei der Bestellung deine Telefonnummer angegeben hast, kontaktiert dich der Kurierdienst vor der Zustellung oder schickt dir eine SMS, um dich an der Paketstation\/dem Paketautomaten abzugeben.<\/p>\n<p>Bitte inspiziere das Paket, bevor der Kurier es ausliefert, und wenn du einen Schaden feststellst, bitte um einen Bericht und nimm die Lieferung nicht an.<\/p>\n<h2>Versandkosten<\/h2>\n\n\n<table border=\"1\" cellpadding=\"10\" cellspacing=\"0\">\n  <thead>\n    <tr>\n      <th>Liefermethode<\/th>\n      <th>Hauszustellung<\/th>\n      <th>Paketannahmestelle \/ Paketautomat<\/th>\n      <th>Kostenlose Lieferung<\/th>\n    <\/tr>\n  <\/thead>\n  <tbody>\n    <tr>\n      <td><strong>Ungarn<\/strong><\/td>\n      <td>2 390 Ft<\/td>\n      <td>1 890 Ft<\/td>\n      <td>\u00dcber 40 000 Ft<\/td>\n    <\/tr>\n    <tr>\n      <td><strong>International<\/strong><\/td>\n<td>10,5 EUR<\/td>\n<td>9,5 EUR<\/td>\n<td>\u00dcber 200 EUR<\/td>\n    <\/tr>\n  <\/tbody>\n<\/table>\n\n<p><strong>Wichtig: Du musst die kostenlose Versandart im Reiter Warenkorb ausw\u00e4hlen!<\/strong><\/p>\n<p>Zus\u00e4tzlich zu den Lieferkosten fallen keine Bearbeitungs- oder Verpackungskosten an &#8211; f\u00fcr die Nachnahme wird jedoch eine zus\u00e4tzliche Geb\u00fchr erhoben.<\/p>\n<p>Bitte beachte, dass du mit dem Absenden deiner Bestellung zur Zahlung verpflichtet bist. Es mag offensichtlich erscheinen, aber bitte bestelle nur, wenn du die Geb\u00fchr bezahlen kannst! Das Paket wird erst ausgeliefert, wenn die Zahlung erfolgt ist.  <\/p>\n<h2>Zahlungsbedingungen<\/h2>\n<p>Du hast die folgenden Zahlungsm\u00f6glichkeiten:<\/p>\n<ul>\n<li><br>S<strong>tripe | Bezahlen mit Kreditkarte, Google Pay oder Apple Pay \u00fcber Stripe.<\/strong> In diesem Fall k\u00f6nnen die Kreditkartendaten in der Online-Shop-Oberfl\u00e4che eingegeben werden, aber die Online-Kreditkartenzahlungen erfolgen \u00fcber Stripe. Die Kreditkartendaten werden auch in diesem Fall nicht an den H\u00e4ndler (d.h. an uns) gesendet! Die in der Webshop-Oberfl\u00e4che eingegebenen Daten werden \u00fcber einen verschl\u00fcsselten Kanal direkt an Stripe \u00fcbertragen, ohne gespeichert zu werden. F\u00fcr weitere Informationen \u00fcber Stripe,<a href=\"https:\/\/stripe.com\/en-hu\" target=\"_blank\" rel=\"noopener\">klicke hier.<\/a>    <\/li>\n<li><strong>Paypal | Fizet\u00e9s bankk\u00e1rty\u00e1val vagy Paypal egyenleggel<\/strong><br>A PayPal a vil\u00e1gon az egyik legelterjedtebb m\u00f3dszer a biztons\u00e1gos online fizet\u00e9shez. A tranzakci\u00f3 sor\u00e1n a PayPal weblapoldal\u00e1ra ir\u00e1ny\u00edtunk, amin titkos\u00edt\u00e1ssal v\u00e9dett tranzakci\u00f3n kereszt\u00fcl fizethetsz. Hatalmas el\u0151nye, hogy a web\u00e1ruh\u00e1z (ebben az esetben mi) a k\u00e1rtya, illetve a m\u00f6g\u00f6tte \u00e1ll\u00f3 sz\u00e1mla adatainak, sz\u00e1m\u00e1nak, lej\u00e1rati d\u00e1tum\u00e1nak semmilyen form\u00e1ban nem ker\u00fcl birtok\u00e1ba, abba betekint\u00e9st nem nyer. B\u0151vebb inform\u00e1ci\u00f3t a PayPalr\u00f3l <a title=\"Weitere Informationen \u00fcber das PayPal-System\" href=\"https:\/\/www.paypal.com\" target=\"_blank\" rel=\"noopener noreferrer\">itt<\/a> tal\u00e1lsz.   <\/li>\n<li><strong>Nachnahme<\/strong><br>Bei der Nachnahme muss der Gesamtbetrag der Bestellung &#8211; das\/die Produkt(e) und die Liefergeb\u00fchr &#8211; bei Erhalt des Pakets an den Kurier bezahlt werden. Der zu zahlende Endbetrag ist in der Bestellzusammenfassung und im Lieferbest\u00e4tigungsschreiben angegeben. Du kannst den Kurier mit Bargeld oder Karte bezahlen. Zus\u00e4tzliche Geb\u00fchr f\u00fcr Nachnahme: 350 HUF. <\/li>\n<li><br>V<strong>orkasse<\/strong> Wenn du per Vorkasse zahlen m\u00f6chtest, w\u00e4hle bitte bei der Bestellung die entsprechende Liefer-\/Zahlungsart aus! Wenn du dich f\u00fcr die Zahlung per Vorkasse entscheidest, schicken wir dir nach der Bearbeitung der Bestellung eine Zahlungsbest\u00e4tigung mit dem zu zahlenden Bruttogesamtbetrag und unserer Kontonummer. Sobald wir die Zahlung erhalten haben, werden wir die bestellten Produkte an den Kurier \u00fcbergeben.  <\/li>\n<\/ul>\n<p>Unser Unternehmen verwendet elektronische Rechnungen, d.h. sie werden nach Lieferung und Bezahlung per E-Mail verschickt.<\/p>\n<h2>Produktgarantie<\/h2>\n<p>RAD Roller Produkte: <strong>lebenslange Garantie<\/strong>. Sollte ein RAD-Produkt jemals ausfallen (<strong>und es handelt sich um einen Herstellungsfehler und das Produkt befindet sich noch in der Produktion<\/strong>), werden wir das defekte Produkt ersetzen. Sollten Sie zu den wenigen Personen geh\u00f6ren, die ein Produkt mit einem Fabrikationsfehler erhalten haben, setzen Sie sich bitte <a href=\"mailto:info@radroller.hu\">umgehend<\/a>mit uns in Verbindung, damit Sie m\u00f6glichst wenige Tage ohne RAD verbringen m\u00fcssen.  <\/p>\n<p>F\u00fcr andere Marken: gem\u00e4\u00df den geltenden Gesetzen.<\/p>\n<h2>Das Recht auf R\u00fccktritt\/K\u00fcndigung<\/h2>\n<p>Laut Gesetz hast du 14 Tage Zeit, um diesen Vertrag ohne Angabe von Gr\u00fcnden zu widerrufen, aber du hast 30 Tage Zeit, um dies zu tun, wenn du auf radroller.hu kaufst.<\/p>\n<p>Die R\u00fccktritts-\/Widerrufsfrist betr\u00e4gt 30 Tage ab dem Datum des Erhalts des Produkts.<\/p>\n<p>Siehe Details auf der n\u00e4chsten Seite: <a href=\"https:\/\/radroller.hu\/de\/wiederruf\/\">R\u00dcCKGABE<\/a><\/p>\n<h3>Rechtliche Auswirkungen des R\u00fccktritts\/der Stornierung<\/h3>\n<p>Wenn du diesen Vertrag widerrufst, erstatten wir dir zu unserem gro\u00dfen Bedauern alle von dir gezahlten Gegenleistungen einschlie\u00dflich der Bef\u00f6rderungskosten unverz\u00fcglich und sp\u00e4testens binnen 14 Tagen nach Eingang deiner Widerrufserkl\u00e4rung zur\u00fcck. F\u00fcr diese R\u00fcckzahlung verwenden wir dasselbe Zahlungsmittel, das du bei der urspr\u00fcnglichen Transaktion eingesetzt hast, es sei denn, mit dir wurde ausdr\u00fccklich etwas anderes vereinbart; in keinem Fall werden dir wegen dieser R\u00fcckzahlung Entgelte berechnet. Wir k\u00f6nnen die R\u00fcckzahlung verweigern, bis wir das Produkt zur\u00fcckerhalten haben oder bis du den Nachweis erbracht hast, dass du es zur\u00fcckgesandt hast, je nachdem, welches der fr\u00fchere Zeitpunkt ist.  <\/p>\n<p>Sie haben die Waren unverz\u00fcglich, sp\u00e4testens jedoch innerhalb von 14 Tagen nach dem Datum Ihrer Widerrufserkl\u00e4rung, an uns zur\u00fcckzusenden oder zu \u00fcbergeben. Die Frist ist gewahrt, wenn Sie das Produkt vor Ablauf der 14-t\u00e4gigen Frist absenden. Weitere Informationen findest du auf der Seite <a href=\"https:\/\/radroller.hu\/de\/wiederruf\/\">R\u00fccksendungen<\/a>.<\/p>\n<p>Du kannst nur dann f\u00fcr die Wertminderung eines Produkts haftbar gemacht werden, wenn sie durch eine Nutzung verursacht wurde, die \u00fcber das hinausgeht, was zur Feststellung der Art, der Eigenschaften und der Funktionsweise des Produkts erforderlich ist.<\/p>\n<h2>Datenschutzerkl\u00e4rung &#8211; Kurzversion<\/h2>\n<p>Die Daten des Webshops, der unter der Domain radroller.hu betrieben wird, stammen von BFour Innovative Tools Kft. (Data Management Notification Number: NAIH-119595\/2017.) Die Bereitstellung der Daten ist freiwillig und bedarf der Zustimmung des Betroffenen. Die Bereitstellung und Verarbeitung der Daten ist f\u00fcr die Erf\u00fcllung des Auftrages notwendig, um die Trennung von Auftr\u00e4gen und die Identifizierung von deren Inhalt zu gew\u00e4hrleisten. Der Datenverwalter verarbeitet und speichert die gelieferten Daten in \u00dcbereinstimmung mit dem Gesetz CVIII von 2001. Sie tut ihr M\u00f6glichstes, um deren Sicherheit und Integrit\u00e4t zu gew\u00e4hrleisten und handelt in \u00dcbereinstimmung mit den Bestimmungen des Gesetzes LXII von 1992 \u00fcber den Schutz personenbezogener Daten und die Weitergabe von Daten von \u00f6ffentlichem Interesse. Die angegebenen Versanddaten werden von unserem Partner GLS General Logistics Systems Hungary Csomag-Logisztikai Kft. verwendet. f\u00fcr die Zustellung des Pakets abgerufen werden.<\/p>\n<p>Daten, die f\u00fcr den Versand und die Erfassung der Bestellung angegeben werden m\u00fcssen: Name, E-Mail-Adresse, Telefonnummer, Postleitzahl, Ort, Stra\u00dfe, Hausnummer, Stockwerk, T\u00fcr<\/p>\n<p>Bei unterschiedlichen Versand- und Rechnungsadressen k\u00f6nnen diese Informationen getrennt f\u00fcr Rechnung und Versand angegeben werden.<\/p>\n<p>Nachdem du deine Bestellung aufgegeben hast, erh\u00e4ltst du von uns einige E-Mails \u00fcber \u00c4nderungen am Status deiner Bestellung, deines Kontos und der Produktverfolgung. Damit wollen wir dein Kundenerlebnis verbessern. Wenn du unseren Newsletter nicht abonniert hast, erh\u00e4ltst du nach einem Monat nach deinem Kauf keine weiteren E-Mails mehr von uns. Wenn du denkst, dass das zu viel f\u00fcr dich ist, findest du am Ende jedes Briefes eine Option zum Abbestellen.   <\/p>\n<p>Daten, die bei der Registrierung anzugeben sind (die Registrierung ist nicht erforderlich, um im Online-Shop einzukaufen, aber durch die Registrierung kannst du deine Bestellungen sp\u00e4ter abrufen, du kannst die Produkte einfach nachbestellen. Die bei der Registrierung angegebenen Daten werden gespeichert, bis du ihre L\u00f6schung verlangst): E-Mail-Adresse, zu verwendendes Passwort, Name, Telefonnummer, Postleitzahl, Ort, Stra\u00dfe, Hausnummer, Stockwerk, T\u00fcr<\/p>\n<p>Die folgenden Daten werden f\u00fcr Bestellungen, die mit einem registrierten Konto verbunden sind, aufgezeichnet &#8211; gespeichert -:<\/p>\n<ul>\n<li>fr\u00fchere Eink\u00e4ufe (ID, Bestelldatum, Gesamtbetrag, Bestellstatus, Liste der bestellten Produkte)<\/li>\n<li>Lieblingsprodukte (wenn du dich registriert hast, nachdem du Produkte eingegeben und favorisiert hast)<\/li>\n<li>Anmeldedaten f\u00fcr die Registrierung (Passwort verschl\u00fcsselt), M\u00f6glichkeit zur \u00c4nderung der Rechnungs- und Versanddaten, zuvor angegebene Daten<\/li>\n<\/ul>\n<p>Daten, die f\u00fcr das Newsletter-Abonnement angegeben werden m\u00fcssen: Name, E-Mail Adresse<\/p>\n<p>Auf den Seiten des Webshops k\u00f6nnen Sie sich f\u00fcr unseren Newsletter anmelden. Die Anmeldung ist nur mit einer echten E-Mail-Adresse m\u00f6glich. Nach dem Absenden des Abonnements sendet das System einen Best\u00e4tigungslink (Webadresse) an die von Ihnen angegebene E-Mail-Adresse, der angeklickt werden kann, um das Abonnement zu best\u00e4tigen oder zu validieren. Mit dem Anklicken der Best\u00e4tigungs-Webadresse erkl\u00e4ren Sie sich mit dem Erhalt von Newslettern einverstanden. Die angegebenen Daten werden von BFour Innovative Tools Ltd. vertraulich behandelt und nicht an Dritte weitergegeben. Sie k\u00f6nnen sich von unserem Newsletter abmelden, indem Sie auf den Abmelde-Button am Ende jedes Briefes klicken, den wir Ihnen schicken, oder indem Sie sich an unseren Kundenservice wenden. Nach Anklicken des Abmelde-Buttons im Brief werden die E-Mail-Adresse und alle zugeh\u00f6rigen Daten sofort aus dem Verteiler gel\u00f6scht. Innerhalb von 3 Arbeitstagen im Falle einer Aufforderung zur L\u00f6schung von Daten \u00fcber unsere Kundenservice-Kontaktdaten. BFour Innovative Tools Kft. versendeten Newsletter ist informativ: Er macht Sie auf aktuelle Aktionen, Informationen und Artikel aufmerksam, die f\u00fcr den Inhalt der Website relevant sind. BFour Innovative Tools Ltd. wird die angegebenen Daten nicht an Dritte weitergeben und auch keine Angebote von Dritten an die angegebene E-Mail Adresse liefern. BFour Innovative Tools Kft. die vom Sendinblue Nachrichtensystem verwendet werden. Die Richtlinie zur Datenverwaltung ist zu finden unter: <a href=\"https:\/\/www.sendinblue.com\/legal\/privacypolicy\/\" target=\"_blank\" rel=\"noopener\">https:\/\/sendinblue.com\/legal\/privacypolicy\/<\/a><\/p>\n<p>Unsere ausf\u00fchrlichen Datenschutzbestimmungen finden Sie hier: <a href=\"https:\/\/radroller.hu\/de\/hinweis-zum-datenschutz\/\">https:\/\/radroller.hu\/adatkezelesi-tajekoztato\/<\/a><\/p>\n<h3>Statistische Daten<\/h3>\n<p>W\u00e4hrend des Besuchs des Webshops werden technische Informationen zu statistischen Zwecken aufgezeichnet (IP-Adresse, Dauer des Besuchs usw.). BFour Innovative Tools Ltd. gibt diese Daten nur in gesetzlich begr\u00fcndeten und belegten F\u00e4llen an die Beh\u00f6rden weiter. Das von BFour Innovative Tools Ltd. verwendete Statistik-Tool ist Google Analytics. Die Datenverwaltungsrichtlinien von Google Analytics findest du unter<a href=\"https:\/\/www.google.com\/intl\/hu\/policies\/privacy\/\" target=\"_blank\" rel=\"noopener\"> https:\/\/www.google.com\/intl\/hu\/policies\/privacy\/.<\/a>       <\/p>\n<h3>Cookies (Kekse)<\/h3>\n<p>Zur Nutzung des Dienstes m\u00fcssen Cookies aktiviert sein. Wenn Sie die Verwendung von Cookies nicht zulassen m\u00f6chten, k\u00f6nnen Sie diese in den Einstellungen Ihres Browsers deaktivieren (Einstellungen). Wenn Cookies deaktiviert sind, k\u00f6nnen bestimmte Aspekte des Dienstes teilweise oder vollst\u00e4ndig unbrauchbar sein. Ein Cookie ist eine Datei, die von dem Server, der die Website bedient, an den Browser des Benutzers gesendet und auf dem Computer des Benutzers gespeichert wird. In dem Cookie werden keine pers\u00f6nlichen Daten gespeichert. Im Cookie gespeicherte Daten: Warenkorbinhalt, Session-ID. Die im Cookie gespeicherte Sitzungskennung wird bis zum Schlie\u00dfen der Seite gespeichert, alle weiteren Daten werden gespeichert, bis der Benutzer sie in seinem Browser l\u00f6scht. Mehr Details hier: <a href=\"https:\/\/radroller.hu\/de\/hinweis-zum-datenschutz\/\">https:\/\/radroller.hu\/adatkezelesi-tajekoztato\/<\/a><\/p>\n<h3>Details zur Bestellung<\/h3>\n<p>Die w\u00e4hrend des Bestellvorgangs erfassten Daten werden von BFour Innovative Tools Ltd. zur Erf\u00fcllung der Bestellung verwendet. Die Daten der Rechnung, die von jedem IT-System aus der auf den Seiten des Webshops aufgegebenen Bestellung generiert werden, werden zusammen mit den w\u00e4hrend des Bestellvorgangs angegebenen Daten erfasst und f\u00fcr den im geltenden Rechnungslegungsgesetz festgelegten Zeitraum (5 Jahre) gespeichert. Du kannst jederzeit die L\u00f6schung oder \u00c4nderung deiner Daten verlangen, indem du an info@radroller.hu schreibst oder dich an einen unserer Kundendienstkontakte wendest. Die Daten werden innerhalb von 10 Arbeitstagen nach Eingang der Anfrage gel\u00f6scht. Fehler bei der Dateneingabe k\u00f6nnen korrigiert werden, bevor der Auftrag gesendet wird. Nach dem Absenden Ihrer Bestellung k\u00f6nnen Sie die Korrektur von Eingabefehlern \u00fcber unseren Kundenservice anfordern.<\/p>\n<h3>Du hast einen Rechtsanspruch<\/h3>\n<p><br>Nationale Beh\u00f6rde f\u00fcr Datenschutz und Informationsfreiheit Postanschrift: 1530 Budapest, Pf.: 5. | Adresse: 1125 Budapest Szil\u00e1gyi Erzs\u00e9bet fasor 22\/c | Telefon: +36 (1) 391-1400 | Fax: +36 (1) 391-1410 | URL<a href=\"https:\/\/naih.hu\/\" target=\"_blank\" rel=\"noopener\">: https:\/\/naih.hu<\/a><\/p>\n<h2>Andere Informationen<\/h2>\n<p><span style=\"font-weight: 400;\">Deine Bestellung gilt nur dann als angenommen, wenn du die Felder auf der Website zum Zeitpunkt der Registrierung oder Bestellung vollst\u00e4ndig und mit echten Daten ausgef\u00fcllt hast. Wir k\u00f6nnen nicht f\u00fcr Sch\u00e4den haftbar gemacht werden, die daraus resultieren, dass du dies nicht getan hast, oder f\u00fcr technische Probleme, die w\u00e4hrend des Prozesses auftreten k\u00f6nnen. <\/span><\/p>\n<p><span style=\"font-weight: 400;\">Wir haften nicht f\u00fcr Sch\u00e4den, die durch Ungenauigkeiten oder Auslassungen in den Brosch\u00fcren, Beschreibungen oder Gebrauchsanweisungen der Produkte entstehen. Bei solchen Beschwerden wende dich bitte an den Hersteller des Produkts! <\/span><\/p>\n<p><span style=\"font-weight: 400;\">Die Nutzung des Webshops setzt die Kenntnis und Akzeptanz der M\u00f6glichkeiten und Grenzen des Internets voraus, insbesondere im Hinblick auf die technische Leistungsf\u00e4higkeit und eventuell auftretende Fehler. Der Betreiber des Webshops haftet nicht f\u00fcr Sch\u00e4den, die w\u00e4hrend oder als Folge des Zugriffs auf den Webshop entstehen. Es liegt in deiner Verantwortung, zu beurteilen, wie du die auf deinem Computer gespeicherten Daten vor Eindringlingen sch\u00fctzen kannst. Der Betreiber des Webshops kann nicht f\u00fcr Betr\u00fcgereien haftbar gemacht werden, die von einem Dritten zu Lasten eines Teilnehmers begangen werden.   <\/span><\/p>\n<p>Die Produkte, die wir verkaufen, werden keine deiner Krankheiten heilen. Konsultiere vor der Anwendung deinen Arzt oder Physiotherapeuten. <\/p>\n<p>Die Adresse der Online-Streitbeilegungsplattform der Europ\u00e4ischen Kommission: <a href=\"https:\/\/ec.europa.eu\/consumers\/odr\/\" target=\"_blank\" rel=\"noopener\">https:\/\/ec.europa.eu\/consumers\/odr\/<\/a><\/p>\n<h2>Betreiberdaten, Informationen<\/h2>\n<p><b><\/b><span style=\"font-weight: 400;\">Firmenname: BFour Innovative Tools Kft.<br><\/span><span style=\"font-weight: 400;\">Hauptsitz: 8900 Zalaegerszeg, Zala u. 2\/D. UNGARN 2\/7. Ungarn<br><\/span><span style=\"font-weight: 400;\">Reklamationsbearbeitung Adresse: 8900 Zalaegerszeg, Zala u. 2\/D. UNGARN 2\/7. Ungarn<br><\/span><span style=\"font-weight: 400;\">Steuernummer: 25801918-2-20<br><\/span><span style=\"font-weight: 400;\">Unternehmensregistrierungsnummer: 20-09-075338<br><\/span><span style=\"font-weight: 400;\">Ausstellendes Gericht, Dokumentenb\u00fcro: Registergericht des Bezirks Zala<br><\/span><span style=\"font-weight: 400;\">Registrierungsnummer f\u00fcr die Datenverwaltung: NAIH-119595\/2017<br><\/span><span style=\"font-weight: 400;\">Vertragssprache: Ungarisch<br><\/span><span style=\"font-weight: 400;\">Elektronische Postadresse:<a href=\"mailto:info@radroller.hu\">info@radroller.hu<br><\/a><\/span><span style=\"font-weight: 400;\">Kontakt per Telefon: <a href=\"tel:+36205191520\">+36205191520<br><\/a><\/span><span style=\"font-weight: 400;\">Du kannst es pers\u00f6nlich abholen: 8900 Zalaegerszeg, J\u00f3kai u. 14. &#8211;<br><\/span><span style=\"font-weight: 400;\">Bestellungen werden von Montag bis Donnerstag bearbeitet: 8-19 Stunden<br><\/span><span style=\"font-weight: 400;\">Durchschnittliche Bearbeitungszeit in Arbeitstagen: 3 Tage<br><\/span><span style=\"font-weight: 400;\">Webshop-Domain: radroller.hu<\/span><\/p>\n<p><span style=\"font-weight: 400;\">Name des Versandpartners: GLS General Logistics Systems Hungary Csomag-Logisztikai Kft.<br><\/span>Lageranbieter: T\u00e1rhely.eu Kft. 1144 Budapest, Orm\u00e1ns\u00e1g u.  4. X. 241. support@tarhely.eu <\/p>\n\n","protected":false},"excerpt":{"rendered":"","protected":false},"author":2,"featured_media":0,"parent":0,"menu_order":0,"comment_status":"closed","ping_status":"closed","template":"","meta":{"footnotes":""},"class_list":["post-238734","page","type-page","status-publish","hentry"],"_links":{"self":[{"href":"https:\/\/radroller.hu\/de\/wp-json\/wp\/v2\/pages\/238734","targetHints":{"allow":["GET"]}}],"collection":[{"href":"https:\/\/radroller.hu\/de\/wp-json\/wp\/v2\/pages"}],"about":[{"href":"https:\/\/radroller.hu\/de\/wp-json\/wp\/v2\/types\/page"}],"author":[{"embeddable":true,"href":"https:\/\/radroller.hu\/de\/wp-json\/wp\/v2\/users\/2"}],"replies":[{"embeddable":true,"href":"https:\/\/radroller.hu\/de\/wp-json\/wp\/v2\/comments?post=238734"}],"version-history":[{"count":0,"href":"https:\/\/radroller.hu\/de\/wp-json\/wp\/v2\/pages\/238734\/revisions"}],"wp:attachment":[{"href":"https:\/\/radroller.hu\/de\/wp-json\/wp\/v2\/media?parent=238734"}],"curies":[{"name":"wp","href":"https:\/\/api.w.org\/{rel}","templated":true}]}}